{"id":12573,"date":"2025-01-01T13:05:28","date_gmt":"2025-01-01T12:05:28","guid":{"rendered":"https:\/\/projectes.xtec.cat\/memoriaieducacio\/?page_id=12573"},"modified":"2025-01-26T19:56:41","modified_gmt":"2025-01-26T18:56:41","slug":"arvid-harnack-institut-ramon-turro-i-darder","status":"publish","type":"page","link":"https:\/\/projectes.xtec.cat\/memoriaieducacio\/activitats\/dia-internacional-victimes-de-lholocaust\/2025-b\/arvid-harnack-institut-ramon-turro-i-darder\/","title":{"rendered":"Arvid Harnack (Institut Ramon Turr\u00f3 i Darder)"},"content":{"rendered":"<table style=\"border-collapse: collapse; width: 100%;\">\n<tbody>\n<tr>\n<td style=\"width: 31.2676%;\"><strong>Cita<\/strong><\/p>\n<h6>\u201cSi els darrers mesos vaig aconseguir la for\u00e7a per mantenir-me ser\u00e8 \u00e9s perqu\u00e8 sento un fort vincle amb tot el que hi ha de bo i bell en aquest m\u00f3n\u201d.<\/h6>\n<p>1942, carta la seva dona, Mildred Harnack<\/p>\n<p>&nbsp;<\/p>\n<p><a href=\"https:\/\/projectes.xtec.cat\/memoriaieducacio\/wp-content\/uploads\/usu2168\/2025\/01\/Arvid-Harnack_535x378.jpg\"><img loading=\"lazy\" decoding=\"async\" class=\"alignleft size-full wp-image-12574\" src=\"https:\/\/projectes.xtec.cat\/memoriaieducacio\/wp-content\/uploads\/usu2168\/2025\/01\/Arvid-Harnack_535x378.jpg\" alt=\"\" width=\"535\" height=\"378\" srcset=\"https:\/\/projectes.xtec.cat\/memoriaieducacio\/wp-content\/uploads\/usu2168\/2025\/01\/Arvid-Harnack_535x378.jpg 535w, https:\/\/projectes.xtec.cat\/memoriaieducacio\/wp-content\/uploads\/usu2168\/2025\/01\/Arvid-Harnack_535x378-300x212.jpg 300w\" sizes=\"auto, (max-width: 535px) 100vw, 535px\" \/><\/a><\/p>\n<p>&nbsp;<\/p>\n<p>&nbsp;<\/p>\n<p>&nbsp;<\/p>\n<p>&nbsp;<\/p>\n<p>&nbsp;<\/p>\n<p>&nbsp;<\/p>\n<p>&nbsp;<\/p>\n<p>&nbsp;<\/p>\n<p>&nbsp;<\/td>\n<td style=\"width: 68.7324%;\"><strong>Narraci\u00f3<\/strong><\/p>\n<h4 style=\"text-align: center;\">Arvid Harnack<\/h4>\n<p>22 de desembre de 1942, Berl\u00edn<\/p>\n<p>Aquest \u00e9s el meu \u00faltim dia. M\u2019han condemnat per tra\u00efci\u00f3, per\u00f2 no em penedeixo de res. No podia quedar-me quiet mentre el meu pa\u00eds es convertia en una m\u00e0quina de terror, odi i destrucci\u00f3. El nazisme no nom\u00e9s ha destru\u00eft Alemanya, sin\u00f3 que ha portat el m\u00f3n a una guerra cruel i injustificada. No podia mirar cap a una altra banda, havia de fer alguna cosa per evitar-ho.<\/p>\n<p>Vaig con\u00e8ixer la Mildred a la Universitat de Wisconsin, als Estats Units, cap als anys 20 del segle XX. Va ser una casualitat. Ella em va enamorar de seguida: era una dona intel\u00b7ligent, amb un gran inter\u00e8s per la pol\u00edtica. Les nostres converses, al principi sobre temes acad\u00e8mics, es van centrar en la situaci\u00f3 d\u2019Alemanya i els ideals de llibertat. Amb el temps, vam comen\u00e7ar a estar junts, no nom\u00e9s per la connexi\u00f3 que ten\u00edem a l\u2019hora de pensar, sin\u00f3 per la for\u00e7a del nostre comprom\u00eds. La meva dona em va inspirar per lluitar pels nostres ideals, i aix\u00ed va comen\u00e7ar la nostra hist\u00f2ria.<\/p>\n<p>Amb la Mildred, vam decidir lluitar. No era f\u00e0cil, per\u00f2 era necessari. Des de la Rote Kapelle, una xarxa de resist\u00e8ncia clandestina formada per tot aquell que s\u2019oposava al r\u00e8gim, vam recopilar informaci\u00f3, vam salvar vides i vam denunciar les atrocitats d\u2019aquest r\u00e8gim. Cada reuni\u00f3, cada missatge que vam enviar a la Uni\u00f3 Sovi\u00e8tica o als aliats, significava un risc, per\u00f2 tamb\u00e9 una esperan\u00e7a. Sab\u00edem que, per petita que fos, la nostra acci\u00f3 podia marcar la difer\u00e8ncia.<\/p>\n<p>Ara, mentre s\u2019acosta el final, penso en totes les persones que vam aconseguir salvar i en les que no vam poder ajudar. Penso en la Mildred i desitjo que tingui una oportunitat de viure lliure i continuar lluitant. Tot el que hem fet ho hem fet per amor a la veritat, la just\u00edcia, la humanitat i la llibertat, perqu\u00e8<br \/>\nno t\u00e9 sentit un m\u00f3n sense llibertat.<\/p>\n<p>Els nazis poden executar-me, per\u00f2 no podran destruir les idees ni el coratge de tots els qui s\u2019hi oposen. La just\u00edcia sempre acaba arribant, i la llibertat triomfa sobre la tirania.<\/p>\n<p>Si avui puc afrontar la mort amb serenitat, \u00e9s perqu\u00e8 sento un lligam profund amb tot all\u00f2 que hi ha de bo i bell en aquest m\u00f3n. Aquest lligam \u00e9s el que m\u2019ha donat la for\u00e7a per continuar fins al final. S\u00e9 que la meva lluita no va ser en va. S\u00e9 que la nostra resist\u00e8ncia mai no ser\u00e0 oblidada.<\/p>\n<p>Arvid Harnack<\/td>\n<\/tr>\n<\/tbody>\n<\/table>\n<p><strong>Fitxa<\/strong><\/p>\n<p><strong>Relateu breument l\u2019acci\u00f3 per fer un futur millor\u00a0<\/strong><\/p>\n<p>Arvid Harnack va ser un membre destacat de la resist\u00e8ncia alemanya contra el r\u00e8gim nazi, durant la Segona Guerra Mundial. Formava part del cercle conegut com a Rote Kapelle (l\u2019Orquestra Roja), un grup d\u2019espionatge que s\u2019oposava als nazis. Amb la seva feina, va ajudar a salvar moltes persones, inclosos alguns jueus perseguits pels nazis. Harnack va compartir informaci\u00f3 valuosa amb la Uni\u00f3 Sovi\u00e8tica i els Estats Units d\u2019Am\u00e8rica, sobre els plans militars alemanys, la qual cosa va ser fonamental per als aliats. A m\u00e9s, juntament amb la seva esposa Mildred, va facilitar la fugida i l\u2019amagatall de jueus i altres persones perseguides pel nazisme. Tamb\u00e9 va ajudar a distribuir propaganda que denunciava les atrocitats del r\u00e8gim i conscienciava sobre l\u2019Holocaust.<\/p>\n<p><strong>On va passar?<\/strong><\/p>\n<p>Arvid Harnack va fer aquesta resist\u00e8ncia a Berl\u00edn (Alemanya).<\/p>\n<p><strong>Qui la va protagonitzar?<\/strong><\/p>\n<p>La missi\u00f3 de la Rote Kapelle era recollir informaci\u00f3 als Pa\u00efsos Baixos, Fran\u00e7a, Su\u00efssa i Alemanya. El cercle d\u2019espies tenia tres branques importants: la xarxa francesa, la belga, l\u2019holandesa, la xarxa de Berl\u00edn i el Cercle de Lucy, que operava a la segura i neutral Su\u00efssa. Tamb\u00e9 hi va haver una xarxa japonesa. Aquests grups van aportar informaci\u00f3 priorit\u00e0riament als sovi\u00e8tics, per\u00f2 tamb\u00e9 en van compartir amb els aliats anglesos.<\/p>\n<p>Arvid Harnack, va n\u00e9ixer el 24 de maig de 1901, a Darmstadt. Va estudiar a la universitat de Jena i el 1926-28 va obtenir una beca per estudiar dret a Madison, Wisconsin. L\u2019any 1931 va fer el doctorat a Giessen, amb una tesi sobre el marxisme als Estats Units d\u2019Am\u00e8rica. Harnack era economista, jurista i militant de la resist\u00e8ncia. El 7 de setembre de 1942 va ser arrestat i el van executar al 22 de desembre del mateix any.<\/p>\n<p><strong>A qui va afectar?<\/strong><\/p>\n<p>La missi\u00f3 de la Rote Kapelle va afectar principalment l\u2019Alemanya nazi i els aliats, durant la Segona Guerra Mundial. Va patir la repressi\u00f3 i detenci\u00f3 de civils a les zones ocupades pels nazis; a m\u00e9s, va ser determinant per al desenlla\u00e7 de la guerra.<\/p>\n<p><strong>Quan va passar?<\/strong> <strong>En quin context pol\u00edtic-social?<\/strong><\/p>\n<p>La missi\u00f3 de la Rote Kapelle va comen\u00e7ar el 1939, durant el r\u00e8gim nazi a Alemanya. Els nazis van arribar al poder el 1933 i van establir una dictadura totalit\u00e0ria. La Segona Guerra Mundial va comen\u00e7ar el 1939, amb la invasi\u00f3 de Pol\u00f2nia. Arvid Harnack, a m\u00e9s de passar informaci\u00f3, va participar en sabotatges durant la guerra.<\/p>\n<p><strong>Per qu\u00e8?<\/strong><\/p>\n<p>Arvid Harnack va estudiar a la Universitat de Wisconsin, on va adquirir idees properes al comunisme. En tornar a Alemanya, va formar un grup d\u2019intel\u00b7lectuals que compartien un inter\u00e8s com\u00fa amb la Uni\u00f3 Sovi\u00e8tica. Va formar part del Ministeri d\u2019Economia, on va preveure el col\u00b7lapse de l\u2019Alemanya nazi. \u00c9s aqu\u00ed on va col\u00b7laborar amb els agents sovi\u00e8tics aportant-los informaci\u00f3, ja que repudiava tot el que representava el nazisme.<\/p>\n<p><strong>Qu\u00e8 en penseu d\u2019aquesta acci\u00f3?<\/strong><\/p>\n<p>L\u2019acci\u00f3 d\u2019Arvid Harnack va ser molt valenta i molt important. Si ell i la seva esposa no haguessin fet tot el que van fer, segurament moltes persones perseguides pel r\u00e8gim nazi haurien mort o no haurien pogut escapar. A m\u00e9s, compartir informaci\u00f3 sobre els plans dels nazis amb els aliats va ajudar a guanyar la guerra i aturar les atrocitats del nazisme. Per a nosaltres, aquest exemple \u00e9s important perqu\u00e8 ens ensenya que, fins i tot en moments molt dif\u00edcils i amb molt de perill, hi ha persones que tenen la for\u00e7a i el coratge per fer el que \u00e9s correcte. Si aquesta acci\u00f3 no s\u2019hagu\u00e9s donat, potser la guerra hauria durat m\u00e9s temps o els nazis haurien fet m\u00e9s mal encara. Aquesta hist\u00f2ria ens sembla molt inspiradora: veure com una persona, fins i tot sabent que ho podia perdre tot, va decidir ajudar altres persones i lluitar contra la injust\u00edcia.<\/p>\n<p><a href=\"https:\/\/projectes.xtec.cat\/memoriaieducacio\/wp-content\/uploads\/usu2168\/2025\/01\/aevidHarnack2_425x277.jpg\"><img loading=\"lazy\" decoding=\"async\" class=\"size-full wp-image-12575 aligncenter\" src=\"https:\/\/projectes.xtec.cat\/memoriaieducacio\/wp-content\/uploads\/usu2168\/2025\/01\/aevidHarnack2_425x277.jpg\" alt=\"\" width=\"425\" height=\"277\" srcset=\"https:\/\/projectes.xtec.cat\/memoriaieducacio\/wp-content\/uploads\/usu2168\/2025\/01\/aevidHarnack2_425x277.jpg 425w, https:\/\/projectes.xtec.cat\/memoriaieducacio\/wp-content\/uploads\/usu2168\/2025\/01\/aevidHarnack2_425x277-300x196.jpg 300w\" sizes=\"auto, (max-width: 425px) 100vw, 425px\" \/><\/a><\/p>\n","protected":false},"excerpt":{"rendered":"<p>Cita<br \/>\n\u201cSi els darrers mesos vaig aconseguir la for\u00e7a per mantenir-me ser\u00e8 \u00e9s perqu\u00e8 sento un fort vincle amb tot el que hi ha de bo i bell en aquest m\u00f3n\u201d.<br \/>\n1942, carta la seva dona, Mildred Harnack<br \/>\n&nbsp;<br \/>\n<a href=\"https:\/\/projectes.xtec.cat\/memoriaieducacio\/wp-content\/uploads\/usu2168\/2025\/01\/Arvid-Harnack_535x378.jpg\"><\/a><br \/>\n&nbsp;<br \/>\n&nbsp;<br \/>\n&nbsp;<br \/>\n&nbsp;<br \/>\n&nbsp;<br \/>\n&nbsp;<br \/>\n&nbsp;<br \/>\n&nbsp;<br \/>\n&nbsp;<br \/>\nNarraci\u00f3<br \/>\nArvid Harnack<br \/>\n22 de desembre de 1942, Berl\u00edn<br \/>\nAquest \u00e9s el&hellip;  <a href=\"https:\/\/projectes.xtec.cat\/memoriaieducacio\/activitats\/dia-internacional-victimes-de-lholocaust\/2025-b\/arvid-harnack-institut-ramon-turro-i-darder\/\" title=\"Read Arvid Harnack (Institut Ramon Turr\u00f3 i Darder)\">Llegeix m\u00e9s\u00bb<\/a><\/p>\n","protected":false},"author":3,"featured_media":0,"parent":11942,"menu_order":0,"comment_status":"closed","ping_status":"closed","template":"page-templates\/side-menu.php","meta":{"_bbp_topic_count":0,"_bbp_reply_count":0,"_bbp_total_topic_count":0,"_bbp_total_reply_count":0,"_bbp_voice_count":0,"_bbp_anonymous_reply_count":0,"_bbp_topic_count_hidden":0,"_bbp_reply_count_hidden":0,"_bbp_forum_subforum_count":0,"footnotes":""},"class_list":["post-12573","page","type-page","status-publish","hentry"],"post_mailing_queue_ids":[],"_links":{"self":[{"href":"https:\/\/projectes.xtec.cat\/memoriaieducacio\/wp-json\/wp\/v2\/pages\/12573","targetHints":{"allow":["GET"]}}],"collection":[{"href":"https:\/\/projectes.xtec.cat\/memoriaieducacio\/wp-json\/wp\/v2\/pages"}],"about":[{"href":"https:\/\/projectes.xtec.cat\/memoriaieducacio\/wp-json\/wp\/v2\/types\/page"}],"author":[{"embeddable":true,"href":"https:\/\/projectes.xtec.cat\/memoriaieducacio\/wp-json\/wp\/v2\/users\/3"}],"replies":[{"embeddable":true,"href":"https:\/\/projectes.xtec.cat\/memoriaieducacio\/wp-json\/wp\/v2\/comments?post=12573"}],"version-history":[{"count":7,"href":"https:\/\/projectes.xtec.cat\/memoriaieducacio\/wp-json\/wp\/v2\/pages\/12573\/revisions"}],"predecessor-version":[{"id":12955,"href":"https:\/\/projectes.xtec.cat\/memoriaieducacio\/wp-json\/wp\/v2\/pages\/12573\/revisions\/12955"}],"up":[{"embeddable":true,"href":"https:\/\/projectes.xtec.cat\/memoriaieducacio\/wp-json\/wp\/v2\/pages\/11942"}],"wp:attachment":[{"href":"https:\/\/projectes.xtec.cat\/memoriaieducacio\/wp-json\/wp\/v2\/media?parent=12573"}],"curies":[{"name":"wp","href":"https:\/\/api.w.org\/{rel}","templated":true}]}}