{"id":12906,"date":"2025-01-24T16:55:49","date_gmt":"2025-01-24T15:55:49","guid":{"rendered":"https:\/\/projectes.xtec.cat\/memoriaieducacio\/?page_id=12906"},"modified":"2025-02-07T12:48:14","modified_gmt":"2025-02-07T11:48:14","slug":"per-un-futur-millor-manresa-27-de-gener-de-2025","status":"publish","type":"page","link":"https:\/\/projectes.xtec.cat\/memoriaieducacio\/activitats\/dia-internacional-victimes-de-lholocaust\/2025-b\/per-un-futur-millor-manresa-27-de-gener-de-2025\/","title":{"rendered":"Per un futur millor. Manresa, 27 de gener de 2025"},"content":{"rendered":"<table style=\"border-collapse: collapse; width: 100%;\">\n<tbody>\n<tr>\n<td style=\"width: 50%;\"><a href=\"https:\/\/projectes.xtec.cat\/memoriaieducacio\/wp-content\/uploads\/usu2168\/2025\/01\/Perunfuturmillor_Manresa_2025_800x1131.jpg\"><img loading=\"lazy\" decoding=\"async\" class=\"wp-image-12908 aligncenter\" src=\"https:\/\/projectes.xtec.cat\/memoriaieducacio\/wp-content\/uploads\/usu2168\/2025\/01\/Perunfuturmillor_Manresa_2025_800x1131-724x1024.jpg\" alt=\"\" width=\"549\" height=\"776\" srcset=\"https:\/\/projectes.xtec.cat\/memoriaieducacio\/wp-content\/uploads\/usu2168\/2025\/01\/Perunfuturmillor_Manresa_2025_800x1131-724x1024.jpg 724w, https:\/\/projectes.xtec.cat\/memoriaieducacio\/wp-content\/uploads\/usu2168\/2025\/01\/Perunfuturmillor_Manresa_2025_800x1131-212x300.jpg 212w, https:\/\/projectes.xtec.cat\/memoriaieducacio\/wp-content\/uploads\/usu2168\/2025\/01\/Perunfuturmillor_Manresa_2025_800x1131-768x1086.jpg 768w, https:\/\/projectes.xtec.cat\/memoriaieducacio\/wp-content\/uploads\/usu2168\/2025\/01\/Perunfuturmillor_Manresa_2025_800x1131.jpg 800w\" sizes=\"auto, (max-width: 549px) 100vw, 549px\" \/><\/a><\/td>\n<td style=\"width: 50%;\">\n<h1 style=\"text-align: center;\"><b>Programa\u00a0<\/b><\/h1>\n<p><b>9.30h<\/b> <span style=\"font-weight: 400;\">Arribada a Manresa. Punt d\u2019arribada: Pla\u00e7a Espanya\u00a0<\/span><\/p>\n<p><span style=\"font-weight: 400;\">Benvinguda i coneixen\u00e7a de Manresa a c\u00e0rrec de l\u2019alumnat de la ciutat.\u00a0<\/span><\/p>\n<p><span style=\"font-weight: 400;\">Possibilitat de visitar:<\/span><\/p>\n<ul>\n<li style=\"font-weight: 400;\" aria-level=\"1\"><span style=\"font-weight: 400;\">Al pati del Kursaal: exposici\u00f3 <\/span><span style=\"font-weight: 400;\">l\u2019exposici\u00f3 \u201c<\/span><b>Els republicans als camps de concentraci\u00f3 nazis<\/b><span style=\"font-weight: 400;\">\u201d, en record i homenatge a Joaquim Amat-Piniella, produ\u00efda pel Memorial Democr\u00e0tic i comissariada per l\u2019Associaci\u00f3 Mem\u00f2ria i Hist\u00f2ria de Manresa<\/span><\/li>\n<li style=\"font-weight: 400;\" aria-level=\"1\"><span style=\"font-weight: 400;\">Refugi antiaeri de l&#8217;escola Renaixen\u00e7a, al carrer del Canonge Muntany\u00e0.<\/span><\/li>\n<\/ul>\n<p><b>10:30<\/b> <span style=\"font-weight: 400;\">Acte <\/span><b>Per un futur millor<\/b><span style=\"font-weight: 400;\">. Lloc: Teatre Kursaal.\u00a0<\/span><\/p>\n<ol>\n<li style=\"font-weight: 400;\" aria-level=\"2\"><span style=\"font-weight: 400;\">Interpretaci\u00f3 coral (INS Manresa Sis)*<\/span><\/li>\n<li style=\"font-weight: 400;\" aria-level=\"2\"><span style=\"font-weight: 400;\">Benvinguda per part de les conductores<\/span><\/li>\n<li style=\"font-weight: 400;\" aria-level=\"2\"><span style=\"font-weight: 400;\">Parlaments de l&#8217;<\/span><span style=\"font-weight: 400;\">Il\u00b7lm. Sr. Marc Aloy i Gu\u00e0rdia, alcalde de Manresa i de l&#8217;<\/span><span style=\"font-weight: 400;\">Hble. Sr. Ramon Espadaler Parcerisas, conseller de Just\u00edcia i Qualitat democr\u00e0tica de la Generalitat de Catalunya<\/span><\/li>\n<li style=\"font-weight: 400;\" aria-level=\"2\"><span style=\"font-weight: 400;\">Interpretaci\u00f3 coral (INS Manresa Sis)*<\/span><\/li>\n<li style=\"font-weight: 400;\" aria-level=\"2\"><span style=\"font-weight: 400;\">Presentaci\u00f3 dels personatges i les frases escollides per part de l\u2019alumnat de cada centre<\/span><\/li>\n<li style=\"font-weight: 400;\" aria-level=\"2\"><span style=\"font-weight: 400;\">Presentaci\u00f3 del mural de Lily Brick\u00a0<\/span><\/li>\n<li style=\"font-weight: 400;\" aria-level=\"2\"><span style=\"font-weight: 400;\">Interpretaci\u00f3 coral (INS Manresa Sis)*<\/span><\/li>\n<\/ol>\n<p><span style=\"font-weight: 400;\">*Un grup coral de l&#8217;INS Manresa 6 interpretar\u00e0 tres can\u00e7ons interpretades per Las Cantaderas (Olvidadas) sobre can\u00e7ons que van cantar dones a Ravensbr\u00fcck.<\/span><\/p>\n<p><b>12.30h<\/b> <span style=\"font-weight: 400;\">Visita al mural de Lily Brick al carrer de la Mel. Foto de grup.<\/span><\/td>\n<\/tr>\n<tr>\n<td style=\"width: 50%;\"><a href=\"https:\/\/projectes.xtec.cat\/memoriaieducacio\/wp-content\/uploads\/usu2168\/2025\/02\/Manresa2025_800x533.jpg\"><img loading=\"lazy\" decoding=\"async\" class=\"alignleft size-full wp-image-13030\" src=\"https:\/\/projectes.xtec.cat\/memoriaieducacio\/wp-content\/uploads\/usu2168\/2025\/02\/Manresa2025_800x533.jpg\" alt=\"\" width=\"800\" height=\"533\" srcset=\"https:\/\/projectes.xtec.cat\/memoriaieducacio\/wp-content\/uploads\/usu2168\/2025\/02\/Manresa2025_800x533.jpg 800w, https:\/\/projectes.xtec.cat\/memoriaieducacio\/wp-content\/uploads\/usu2168\/2025\/02\/Manresa2025_800x533-300x200.jpg 300w, https:\/\/projectes.xtec.cat\/memoriaieducacio\/wp-content\/uploads\/usu2168\/2025\/02\/Manresa2025_800x533-768x512.jpg 768w\" sizes=\"auto, (max-width: 800px) 100vw, 800px\" \/><\/a><\/td>\n<td style=\"width: 50%;\">\n<h1 style=\"text-align: center;\"><a href=\"https:\/\/projectes.xtec.cat\/memoriaieducacio\/wp-content\/uploads\/usu2168\/2025\/02\/Manresamural2025_800x533.jpg\"><img loading=\"lazy\" decoding=\"async\" class=\"alignleft size-full wp-image-13032\" src=\"https:\/\/projectes.xtec.cat\/memoriaieducacio\/wp-content\/uploads\/usu2168\/2025\/02\/Manresamural2025_800x533.jpg\" alt=\"\" width=\"800\" height=\"533\" srcset=\"https:\/\/projectes.xtec.cat\/memoriaieducacio\/wp-content\/uploads\/usu2168\/2025\/02\/Manresamural2025_800x533.jpg 800w, https:\/\/projectes.xtec.cat\/memoriaieducacio\/wp-content\/uploads\/usu2168\/2025\/02\/Manresamural2025_800x533-300x200.jpg 300w, https:\/\/projectes.xtec.cat\/memoriaieducacio\/wp-content\/uploads\/usu2168\/2025\/02\/Manresamural2025_800x533-768x512.jpg 768w\" sizes=\"auto, (max-width: 800px) 100vw, 800px\" \/><\/a><b><\/b><\/h1>\n<\/td>\n<\/tr>\n<\/tbody>\n<\/table>\n","protected":false},"excerpt":{"rendered":"<p><a href=\"https:\/\/projectes.xtec.cat\/memoriaieducacio\/wp-content\/uploads\/usu2168\/2025\/01\/Perunfuturmillor_Manresa_2025_800x1131.jpg\"><\/a><\/p>\n<p>Programa\u00a0<br \/>\n9.30h Arribada a Manresa. Punt d\u2019arribada: Pla\u00e7a Espanya\u00a0<br \/>\nBenvinguda i coneixen\u00e7a de Manresa a c\u00e0rrec de l\u2019alumnat de la ciutat.\u00a0<br \/>\nPossibilitat de visitar:<\/p>\n<ul>\n<li style=\"font-weight: 400;\" aria-level=\"1\">Al pati del Kursaal: exposici\u00f3 l\u2019exposici\u00f3 \u201cEls republicans als camps de concentraci\u00f3 nazis\u201d, en record i homenatge a Joaquim Amat-Piniella, produ\u00efda&hellip;  <a href=\"https:\/\/projectes.xtec.cat\/memoriaieducacio\/activitats\/dia-internacional-victimes-de-lholocaust\/2025-b\/per-un-futur-millor-manresa-27-de-gener-de-2025\/\" title=\"Read Per un futur millor. Manresa, 27 de gener de 2025\">Llegeix m\u00e9s\u00bb<\/a><br \/>\n","protected":false},"author":3,"featured_media":0,"parent":11942,"menu_order":0,"comment_status":"closed","ping_status":"closed","template":"page-templates\/side-menu.php","meta":{"_bbp_topic_count":0,"_bbp_reply_count":0,"_bbp_total_topic_count":0,"_bbp_total_reply_count":0,"_bbp_voice_count":0,"_bbp_anonymous_reply_count":0,"_bbp_topic_count_hidden":0,"_bbp_reply_count_hidden":0,"_bbp_forum_subforum_count":0,"footnotes":""},"class_list":["post-12906","page","type-page","status-publish","hentry"],"post_mailing_queue_ids":[],"_links":{"self":[{"href":"https:\/\/projectes.xtec.cat\/memoriaieducacio\/wp-json\/wp\/v2\/pages\/12906","targetHints":{"allow":["GET"]}}],"collection":[{"href":"https:\/\/projectes.xtec.cat\/memoriaieducacio\/wp-json\/wp\/v2\/pages"}],"about":[{"href":"https:\/\/projectes.xtec.cat\/memoriaieducacio\/wp-json\/wp\/v2\/types\/page"}],"author":[{"embeddable":true,"href":"https:\/\/projectes.xtec.cat\/memoriaieducacio\/wp-json\/wp\/v2\/users\/3"}],"replies":[{"embeddable":true,"href":"https:\/\/projectes.xtec.cat\/memoriaieducacio\/wp-json\/wp\/v2\/comments?post=12906"}],"version-history":[{"count":6,"href":"https:\/\/projectes.xtec.cat\/memoriaieducacio\/wp-json\/wp\/v2\/pages\/12906\/revisions"}],"predecessor-version":[{"id":13033,"href":"https:\/\/projectes.xtec.cat\/memoriaieducacio\/wp-json\/wp\/v2\/pages\/12906\/revisions\/13033"}],"up":[{"embeddable":true,"href":"https:\/\/projectes.xtec.cat\/memoriaieducacio\/wp-json\/wp\/v2\/pages\/11942"}],"wp:attachment":[{"href":"https:\/\/projectes.xtec.cat\/memoriaieducacio\/wp-json\/wp\/v2\/media?parent=12906"}],"curies":[{"name":"wp","href":"https:\/\/api.w.org\/{rel}","templated":true}]}}