{"id":12979,"date":"2025-02-01T10:23:03","date_gmt":"2025-02-01T09:23:03","guid":{"rendered":"https:\/\/projectes.xtec.cat\/memoriaieducacio\/?page_id=12979"},"modified":"2025-05-26T12:31:22","modified_gmt":"2025-05-26T10:31:22","slug":"situacions-daprenentatge","status":"publish","type":"page","link":"https:\/\/projectes.xtec.cat\/memoriaieducacio\/materials\/situacions-daprenentatge\/","title":{"rendered":"Situacions d&#8217;Aprenentatge"},"content":{"rendered":"<h3>Situacions d&#8217;Aprenentatge realitzades pel professorat assistent a la jornada sobre &#8220;Les Transicions de la Dictadura a la Democr\u00e0cia a Espanya, It\u00e0lia i Portugal&#8221;<\/h3>\n<ul>\n<li>Daniel Cortijo: &#8220;<a href=\"https:\/\/drive.google.com\/file\/d\/1S6XcVHl4aAbOVbyJ7f9R0afmcYONg8AI\/view?usp=sharing\">Els altres catalans d&#8217;ara i d&#8217;abans<\/a>&#8220;<\/li>\n<li>Alba Mart\u00ednez: &#8220;<a href=\"https:\/\/drive.google.com\/file\/d\/1DSJr0HxFBE8wXxpb4Gk7WuhMx7vo3WPD\/view?usp=sharing\">La vida sota el franquisme. Transici\u00f3 espanyola en un marc de repressi\u00f3<\/a>&#8220;<\/li>\n<li>\u00c0ngel Gasol: &#8220;<a href=\"https:\/\/drive.google.com\/file\/d\/1Y5Xky2A8GCcSWx0jjZWSzUtjMm9hDN4O\/view?usp=sharing\">Colonialisme abans i colonialisme ara: tenim avui a l\u2019aula pres\u00e8ncia de colonialisme?<\/a>&#8220;<\/li>\n<li>Arnau Zapata: &#8220;<a href=\"https:\/\/drive.google.com\/file\/d\/1PN4sTUJUqlJOyLxT2WB63QgO6FT0XUn5\/view?usp=sharing\">La transici\u00f3 espanyola<\/a>&#8220;<\/li>\n<li>Carles Baeza Llaneras: <a href=\"https:\/\/drive.google.com\/file\/d\/1MsSzN0SPRLT-F5kA31Y2laTQMxWAsgjX\/view?usp=sharing\">&#8220;La repressi\u00f3 estudiantil&#8221;<\/a><\/li>\n<li>Carles Gil: &#8220;<a href=\"https:\/\/drive.google.com\/file\/d\/1h8JVqeoSb4fOZjw7bwMU2kFAAjYbpvQz\/view?usp=sharing\">Debatem al voltant de la transici\u00f3!<\/a>&#8220;<\/li>\n<li>Carolina Luna Figuera: &#8220;<a href=\"https:\/\/drive.google.com\/file\/d\/1uSNJfe9r8qUEKcoJWaISCKQ18DHxSxRo\/view?usp=sharing\">Silenciades, els fonaments de la nostra societat<\/a>&#8220;<\/li>\n<li>Daniel Rueda Mu\u00f1oz: &#8220;<a href=\"https:\/\/drive.google.com\/file\/d\/1wPE0CTK9xFRzvRKf7tX0tWiU4oPyvelI\/view?usp=sharing\">Proposta de situaci\u00f3 d&#8217;aprenentatge sobre la mem\u00f2ria hist\u00f2rica<\/a>&#8220;<\/li>\n<li>D\u00eddac Rubio: &#8220;<a href=\"https:\/\/drive.google.com\/file\/d\/1Ae6PJo2ncHq0IqQ9F2dgqamQDaPpLPmz\/view?usp=sharing\">La Transici\u00f3 Democr\u00e0tica. Un proc\u00e9s exemplar?<\/a>&#8220;<\/li>\n<li>Daniel Duque: &#8220;<a href=\"https:\/\/drive.google.com\/file\/d\/1hbEBxh7nKQthUDN6vblP9pgmhNZxjJCe\/view?usp=sharing\">La mort de Luigi Trastulli<\/a>&#8220;<\/li>\n<li>Eduard Ortu\u00f1o: &#8220;<a href=\"https:\/\/drive.google.com\/file\/d\/1oY43PAU6P-CPdWbmJ3gQdVt-CWTjSrVQ\/view?usp=sharing\">Quines esperances va despertar la transici\u00f3? Cal un nou proc\u00e9s de transici\u00f3?<\/a>&#8220;<\/li>\n<li>Francisca S\u00e1nchez: &#8220;<a href=\"https:\/\/drive.google.com\/file\/d\/1nzhvei5fvPa__0b10NZqHQkFmLfld7Mo\/view?usp=sharing\">La TRANSICI\u00d3 familiar<\/a>&#8220;<\/li>\n<li>Gemma Ajenjo: &#8220;<a href=\"https:\/\/drive.google.com\/file\/d\/158KqPjUaBSkNco575kmSKL5cM0KtsYTV\/view?usp=sharing\">Dels silencis a les urnes: La transici\u00f3 democr\u00e0tica espanyola<\/a>&#8220;<\/li>\n<li>Guillermo Rojo: &#8220;<a href=\"https:\/\/drive.google.com\/file\/d\/1CuP-bgl2869k-R-g7aWTM-l05FoMdyUI\/view?usp=sharing\">Els moviments socials a la Transici\u00f3: la veu del carrer en la construcci\u00f3 de la democr\u00e0cia<\/a>&#8220;<\/li>\n<li>Jonathan P\u00e9rez Herrera: &#8220;<a href=\"https:\/\/drive.google.com\/file\/d\/1IGsbu4qUkgbav3p_7jlElolxxf5doFiI\/view?usp=sharing\">Quin fou el paper dels moviments ve\u00efnals durant la transici\u00f3?<\/a>&#8220;<\/li>\n<li>Jordi Creus: &#8220;<a href=\"https:\/\/drive.google.com\/file\/d\/1r5iQg_3wycG6F_VsxWpPuaHdLOxrtkKn\/view?usp=sharing\">Els Carbonell &#8211; Berm\u00fadez a trav\u00e9s de la hist\u00f2ria recent \/ Els Cojocaru a trav\u00e9s de la hist\u00f2ria recent \/ Els Fedoryshyn a trav\u00e9s de la hist\u00f2ria recent<\/a>&#8220;<\/li>\n<li>Marta Mulero: &#8220;<a href=\"https:\/\/drive.google.com\/file\/d\/1IvxKsaTidSuxoiDqjLhlH2eNAQl_gVHY\/view?usp=sharing\">La Transici\u00f3 Democr\u00e0tica a Espanya: una conquesta obrera? el cas de Roca Radiadores<\/a>&#8220;<\/li>\n<li>Montserrat Nicolau Bargall\u00f3: &#8220;<a href=\"https:\/\/drive.google.com\/file\/d\/1wlOXXZ1eoCQRtVxV95GZ2NE6_T_ZbpS4\/view?usp=sharing\">Els vaixells de l\u2019exili: la literatura com a font hist\u00f2rica<\/a>&#8220;<\/li>\n<li>Nadia Casado Gancedo: &#8220;<a href=\"https:\/\/drive.google.com\/file\/d\/11Wvy7McHvPFUdkNy9z7a2wEeQM7u_3KE\/view?usp=sharing\">L\u2019Espanya antidemocr\u00e0tica<\/a>&#8220;<\/li>\n<li>Noli Cabezas: &#8220;<a href=\"https:\/\/drive.google.com\/file\/d\/1Guhhf0cgnJ02pLDU6vFbOa4-HE4p1OM6\/view?usp=sharing\">Els vaixells de l\u2019exili: guerra, dictadura i Transici\u00f3<\/a>&#8220;<\/li>\n<li>N\u00faria Garc\u00eda Alegre: &#8220;<a href=\"https:\/\/drive.google.com\/file\/d\/10gB3R5NFS1z3raPyWtgasJHgjIb-quWC\/view?usp=sharing\">Proposta de Situaci\u00f3 d&#8217;Aprenentatge de la Transici\u00f3 Espanyola<\/a>&#8220;<\/li>\n<li>N\u00faria Hoyo G\u00f3mez: &#8220;<a href=\"https:\/\/drive.google.com\/file\/d\/1J22VPKk569u_5lUxyMtKLkjZlI6YuBXu\/view?usp=sharing\">Paper de la dona dins dels moviments ve\u00efnals. Per qu\u00e8 sempre surten ells a les fotos?<\/a>&#8220;<\/li>\n<li>Pau Salvado Novell: &#8220;<a href=\"https:\/\/drive.google.com\/file\/d\/1DhBqVhorFcxUrme1wwg8CXUxqiJmhdEu\/view?usp=sharing\">Viol\u00e8ncia a la Transici\u00f3<\/a>\u201d<\/li>\n<li>Pilar Mart\u00edn de la Fuente: &#8220;<a href=\"https:\/\/drive.google.com\/file\/d\/1Hmov9K5wTrFjymSICs918KULr8WH1qvZ\/view?usp=sharing\">Qu\u00e8 amaga la frase \u201c LA CALLE ES MIA\u201d?<\/a>&#8220;<\/li>\n<li>S\u00f2nia Grau Llobet: &#8220;&#8221;<a href=\"https:\/\/drive.google.com\/file\/d\/1IyRAcrtjU08IGUUGggEUPqdz1WLoUuDe\/view?usp=sharing\">La Transici\u00f3 Espanyola: El cam\u00ed cap a la democr\u00e0cia<\/a>&#8220;<\/li>\n<li>VM Bedolla: &#8220;<a href=\"https:\/\/drive.google.com\/file\/d\/1Um7mYIpOz7TYL5YsIj8CsYdJ3R4OlnTX\/view?usp=sharing\">Mem\u00f2ria viva: Una via per entendre el per\u00edode de la transici\u00f3 espanyola<\/a>&#8220;<\/li>\n<li>Xavier Cort\u00e9s Nadal: &#8220;<a href=\"https:\/\/drive.google.com\/file\/d\/13veJSmtAdfeFv1Hs5qMhM2ili89IHY3p\/view?usp=sharing\">Eren aplicats els drets humans a l\u2019Espanya del r\u00e8gim franquista?<\/a>&#8220;<\/li>\n<\/ul>\n","protected":false},"excerpt":{"rendered":"<p>Situacions d&#8217;Aprenentatge realitzades pel professorat assistent a la jornada sobre &#8220;Les Transicions de la Dictadura a la Democr\u00e0cia a Espanya, It\u00e0lia i Portugal&#8221;<\/p>\n<ul>\n<li>Daniel Cortijo: &#8220;<a href=\"https:\/\/drive.google.com\/file\/d\/1S6XcVHl4aAbOVbyJ7f9R0afmcYONg8AI\/view?usp=sharing\">Els altres catalans d&#8217;ara i d&#8217;abans<\/a>&#8220;<\/li>\n<li>Alba Mart\u00ednez: &#8220;<a href=\"https:\/\/drive.google.com\/file\/d\/1DSJr0HxFBE8wXxpb4Gk7WuhMx7vo3WPD\/view?usp=sharing\">La vida sota el franquisme. Transici\u00f3 espanyola en un marc de repressi\u00f3<\/a>&#8220;<\/li>\n<li>\u00c0ngel&hellip;  <a href=\"https:\/\/projectes.xtec.cat\/memoriaieducacio\/materials\/situacions-daprenentatge\/\" title=\"Read Situacions d&#8217;Aprenentatge\">Llegeix m\u00e9s\u00bb<\/a><br \/>\n","protected":false},"author":3,"featured_media":0,"parent":8263,"menu_order":60,"comment_status":"closed","ping_status":"closed","template":"page-templates\/side-menu.php","meta":{"_bbp_topic_count":0,"_bbp_reply_count":0,"_bbp_total_topic_count":0,"_bbp_total_reply_count":0,"_bbp_voice_count":0,"_bbp_anonymous_reply_count":0,"_bbp_topic_count_hidden":0,"_bbp_reply_count_hidden":0,"_bbp_forum_subforum_count":0,"footnotes":""},"class_list":["post-12979","page","type-page","status-publish","hentry"],"post_mailing_queue_ids":[],"_links":{"self":[{"href":"https:\/\/projectes.xtec.cat\/memoriaieducacio\/wp-json\/wp\/v2\/pages\/12979","targetHints":{"allow":["GET"]}}],"collection":[{"href":"https:\/\/projectes.xtec.cat\/memoriaieducacio\/wp-json\/wp\/v2\/pages"}],"about":[{"href":"https:\/\/projectes.xtec.cat\/memoriaieducacio\/wp-json\/wp\/v2\/types\/page"}],"author":[{"embeddable":true,"href":"https:\/\/projectes.xtec.cat\/memoriaieducacio\/wp-json\/wp\/v2\/users\/3"}],"replies":[{"embeddable":true,"href":"https:\/\/projectes.xtec.cat\/memoriaieducacio\/wp-json\/wp\/v2\/comments?post=12979"}],"version-history":[{"count":2,"href":"https:\/\/projectes.xtec.cat\/memoriaieducacio\/wp-json\/wp\/v2\/pages\/12979\/revisions"}],"predecessor-version":[{"id":13020,"href":"https:\/\/projectes.xtec.cat\/memoriaieducacio\/wp-json\/wp\/v2\/pages\/12979\/revisions\/13020"}],"up":[{"embeddable":true,"href":"https:\/\/projectes.xtec.cat\/memoriaieducacio\/wp-json\/wp\/v2\/pages\/8263"}],"wp:attachment":[{"href":"https:\/\/projectes.xtec.cat\/memoriaieducacio\/wp-json\/wp\/v2\/media?parent=12979"}],"curies":[{"name":"wp","href":"https:\/\/api.w.org\/{rel}","templated":true}]}}