{"id":13078,"date":"2025-02-21T12:00:21","date_gmt":"2025-02-21T11:00:21","guid":{"rendered":"https:\/\/projectes.xtec.cat\/memoriaieducacio\/?page_id=13078"},"modified":"2026-02-26T09:33:57","modified_gmt":"2026-02-26T08:33:57","slug":"activitats-comissio-brigades-internacionals","status":"publish","type":"page","link":"https:\/\/projectes.xtec.cat\/memoriaieducacio\/activitats\/activitats-comissio-brigades-internacionals\/","title":{"rendered":"Comissi\u00f3 Solidaritat Internacional"},"content":{"rendered":"<table style=\"border-collapse: collapse; width: 100%; height: 1857px;\">\n<tbody>\n<tr>\n<td style=\"width: 50.2721%; text-align: center;\" colspan=\"2\">\n<h1 style=\"text-align: left;\">2025-2026<\/h1>\n<\/td>\n<\/tr>\n<tr>\n<td style=\"width: 50.2721%; text-align: center;\" colspan=\"2\">\n<h6 style=\"text-align: left;\">(12 de febrer)<\/h6>\n<h6 class=\"style-scope ytd-watch-metadata\" style=\"text-align: left;\">La mem\u00f2ria antifeixista en el context pol\u00edtic actual: nous ressons a les aules i als carrers<\/h6>\n<p style=\"text-align: left;\">Confer\u00e8ncia de Sebastiaan Faber\u00a0 (Professor d&#8217;Estudis Hisp\u00e0nics. Oberlin College, Ohio)<\/p>\n<p><a href=\"https:\/\/www.youtube.com\/watch?v=YVs_Sl0GLE0\"><img loading=\"lazy\" decoding=\"async\" class=\"size-full wp-image-13962 aligncenter\" src=\"https:\/\/projectes.xtec.cat\/memoriaieducacio\/wp-content\/uploads\/usu2168\/2026\/02\/sebatiaanfaber_800.jpg\" alt=\"\" width=\"800\" height=\"451\" srcset=\"https:\/\/projectes.xtec.cat\/memoriaieducacio\/wp-content\/uploads\/usu2168\/2026\/02\/sebatiaanfaber_800.jpg 800w, https:\/\/projectes.xtec.cat\/memoriaieducacio\/wp-content\/uploads\/usu2168\/2026\/02\/sebatiaanfaber_800-300x169.jpg 300w, https:\/\/projectes.xtec.cat\/memoriaieducacio\/wp-content\/uploads\/usu2168\/2026\/02\/sebatiaanfaber_800-768x433.jpg 768w\" sizes=\"auto, (max-width: 800px) 100vw, 800px\" \/><\/a><\/p>\n<p>(V\u00eddeo de la sessi\u00f3)<\/p>\n<h6 style=\"text-align: left;\"><\/h6>\n<p>&nbsp;<\/p>\n<p>&nbsp;<\/td>\n<\/tr>\n<tr style=\"height: 97px;\">\n<td style=\"width: 50.2721%; text-align: center; height: 97px;\" colspan=\"2\">\n<h1 style=\"text-align: left;\">2024-2025 (Comissi\u00f3 Brigades Internacionals)<\/h1>\n<\/td>\n<\/tr>\n<tr style=\"height: 97px;\">\n<td style=\"width: 50.2721%; text-align: center; height: 97px;\" rowspan=\"2\">\n<h6 style=\"text-align: left;\">(18 de febrer)<\/h6>\n<h6 style=\"text-align: left;\">\u00a0Brigades Internacionals i Multiling\u00fcisme. Recursos did\u00e0ctics per recuperar la mem\u00f2ria dels brigadistes<\/h6>\n<h6 style=\"text-align: left;\"><\/h6>\n<p style=\"text-align: left;\">A c\u00e0rrec de Lourdes Prades, cap del CRAI Biblioteca Pavell\u00f3 de la Rep\u00fablica i responsable del portal SIDBRINT (cercador de brigadistes internacionals de la UB), i Ramon Naya, coautor amb Lourdes Prades del llibre Multilinguismo y pedagogias en las Brigadas Internacionales i editor de la revista Ebre 38<\/p>\n<p style=\"text-align: left;\">Materials de la sessi\u00f3:<\/p>\n<table style=\"border-collapse: collapse; width: 100%;\">\n<tbody>\n<tr>\n<td style=\"width: 50%;\">\n<h6>Presentaci\u00f3 de la xerrada<\/h6>\n<p><a href=\"https:\/\/drive.google.com\/file\/d\/1cq_un13MmoiCINdWPh4gdzKSLHz1wTrW\/view?usp=sharing\"><img loading=\"lazy\" decoding=\"async\" class=\"alignleft size-full wp-image-13081\" src=\"https:\/\/projectes.xtec.cat\/memoriaieducacio\/wp-content\/uploads\/usu2168\/2025\/02\/pptBIimultilinguisme_450x319.jpg\" alt=\"\" width=\"450\" height=\"319\" srcset=\"https:\/\/projectes.xtec.cat\/memoriaieducacio\/wp-content\/uploads\/usu2168\/2025\/02\/pptBIimultilinguisme_450x319.jpg 450w, https:\/\/projectes.xtec.cat\/memoriaieducacio\/wp-content\/uploads\/usu2168\/2025\/02\/pptBIimultilinguisme_450x319-300x213.jpg 300w\" sizes=\"auto, (max-width: 450px) 100vw, 450px\" \/><\/a><\/td>\n<td style=\"width: 50%;\">\n<h6>Resum<a href=\"https:\/\/drive.google.com\/file\/d\/1Z0zudaYEIWogXVNv8DB5q4iRgLVcU9kX\/view?usp=sharing\"><img loading=\"lazy\" decoding=\"async\" class=\"alignleft size-full wp-image-13082\" src=\"https:\/\/projectes.xtec.cat\/memoriaieducacio\/wp-content\/uploads\/usu2168\/2025\/02\/resumBIimultilinguisme_450x319.jpg\" alt=\"\" width=\"450\" height=\"319\" srcset=\"https:\/\/projectes.xtec.cat\/memoriaieducacio\/wp-content\/uploads\/usu2168\/2025\/02\/resumBIimultilinguisme_450x319.jpg 450w, https:\/\/projectes.xtec.cat\/memoriaieducacio\/wp-content\/uploads\/usu2168\/2025\/02\/resumBIimultilinguisme_450x319-300x213.jpg 300w\" sizes=\"auto, (max-width: 450px) 100vw, 450px\" \/><\/a><\/h6>\n<\/td>\n<\/tr>\n<tr>\n<td style=\"width: 50%;\">\n<h6>Portal SIDBRINT<a href=\"https:\/\/sidbrint.ub.edu\/\"><img loading=\"lazy\" decoding=\"async\" class=\"alignleft size-full wp-image-13083\" src=\"https:\/\/projectes.xtec.cat\/memoriaieducacio\/wp-content\/uploads\/usu2168\/2025\/02\/websidbrint_450x319.jpg\" alt=\"\" width=\"450\" height=\"319\" srcset=\"https:\/\/projectes.xtec.cat\/memoriaieducacio\/wp-content\/uploads\/usu2168\/2025\/02\/websidbrint_450x319.jpg 450w, https:\/\/projectes.xtec.cat\/memoriaieducacio\/wp-content\/uploads\/usu2168\/2025\/02\/websidbrint_450x319-300x213.jpg 300w\" sizes=\"auto, (max-width: 450px) 100vw, 450px\" \/><\/a><\/h6>\n<\/td>\n<td style=\"width: 50%;\">\n<h6>Llibre <a href=\"https:\/\/publicaciones.uca.es\/hablamos-diferentes-idiomas-pero-una-misma-lengua-multilinguismo-y-pedagogias-en-las-brigadas-internacionales\/\"><img loading=\"lazy\" decoding=\"async\" class=\"wp-image-13084 aligncenter\" src=\"https:\/\/projectes.xtec.cat\/memoriaieducacio\/wp-content\/uploads\/usu2168\/2025\/02\/Llibre-BIymultilinguismo_450x636.jpg\" alt=\"\" width=\"176\" height=\"249\" srcset=\"https:\/\/projectes.xtec.cat\/memoriaieducacio\/wp-content\/uploads\/usu2168\/2025\/02\/Llibre-BIymultilinguismo_450x636.jpg 450w, https:\/\/projectes.xtec.cat\/memoriaieducacio\/wp-content\/uploads\/usu2168\/2025\/02\/Llibre-BIymultilinguismo_450x636-212x300.jpg 212w\" sizes=\"auto, (max-width: 176px) 100vw, 176px\" \/><\/a><\/h6>\n<\/td>\n<\/tr>\n<\/tbody>\n<\/table>\n<p>&nbsp;<\/p>\n<p>&nbsp;<\/p>\n<p>&nbsp;<\/p>\n<p>&nbsp;<\/p>\n<p>&nbsp;<\/p>\n<p>&nbsp;<\/p>\n<p>&nbsp;<\/p>\n<p>&nbsp;<\/p>\n<p>&nbsp;<\/p>\n<p>&nbsp;<\/p>\n<p>&nbsp;<\/p>\n<p>&nbsp;<\/p>\n<p>&nbsp;<\/p>\n<p>&nbsp;<\/p>\n<p>&nbsp;<\/p>\n<p>&nbsp;<\/p>\n<p>&nbsp;<\/p>\n<p>&nbsp;<\/p>\n<p>&nbsp;<\/p>\n<p>&nbsp;<\/p>\n<p>&nbsp;<\/p>\n<p>&nbsp;<\/p>\n<p>&nbsp;<\/p>\n<p>&nbsp;<\/p>\n<p>&nbsp;<\/p>\n<p>&nbsp;<\/p>\n<p>&nbsp;<\/p>\n<p>&nbsp;<\/td>\n<td style=\"width: 49.7279%; text-align: left; height: 1760px;\" rowspan=\"2\">\n<p style=\"text-align: center;\"><strong>Recursos<\/strong><\/p>\n<p><b>Cercadors de Brigadistes i fonts prim\u00e0ries online:\u00a0<\/b><\/p>\n<p><span style=\"font-weight: 400;\">Cercador general UB: <\/span><a href=\"https:\/\/sidbrint.ub.edu\/\"><span style=\"font-weight: 400;\">https:\/\/sidbrint.ub.edu\/<\/span><\/a><\/p>\n<p><span style=\"font-weight: 400;\">Cercador brigadistes USA: <\/span><a href=\"https:\/\/alba-valb.org\/volunteer-directory\/\"><span style=\"font-weight: 400;\">https:\/\/alba-valb.org\/volunteer-directory\/<\/span><\/a><\/p>\n<p><span style=\"font-weight: 400;\">Cercador brigadistes brit\u00e0nics: <\/span><a href=\"https:\/\/international-brigades.org.uk\/uncategorized\/the-volunteers\/\"><span style=\"font-weight: 400;\">https:\/\/international-brigades.org.uk\/uncategorized\/the-volunteers\/<\/span><\/a><\/p>\n<p><span style=\"font-weight: 400;\">Cercador de brigadistes canadencs: <\/span><a href=\"https:\/\/spanishcivilwar.ca\/volunteers\"><span style=\"font-weight: 400;\">https:\/\/spanishcivilwar.ca\/volunteers<\/span><\/a><\/p>\n<p><span style=\"font-weight: 400;\">Associaci\u00f3 brigadistes francesos: <\/span><a href=\"http:\/\/acer-aver.com\/\"><span style=\"font-weight: 400;\">http:\/\/acer-aver.com\/<\/span><\/a><\/p>\n<p><span style=\"font-weight: 400;\">Associaci\u00f3 brigadistes italians: <\/span><a href=\"https:\/\/www.aicvas.org\/\"><span style=\"font-weight: 400;\">https:\/\/www.aicvas.org\/<\/span><\/a><\/p>\n<p><span style=\"font-weight: 400;\">Biografies brigadistes Pa\u00efsos Baixos: <\/span><a href=\"https:\/\/spanjestrijders.nl\/\"><span style=\"font-weight: 400;\">https:\/\/spanjestrijders.nl\/<\/span><\/a><\/p>\n<p><span style=\"font-weight: 400;\">Biografies brigadistes alemanys:<\/span><a href=\"https:\/\/www.kfsr.info\/?lang=en\"><span style=\"font-weight: 400;\">https:\/\/www.kfsr.info\/?lang=en<\/span><\/a><\/p>\n<p><span style=\"font-weight: 400;\">Centre de documentaci\u00f3 de la resist\u00e8ncia austr\u00edaca:<\/span><a href=\"https:\/\/www.doew.at\/\"><span style=\"font-weight: 400;\">https:\/\/www.doew.at\/<\/span><\/a><span style=\"font-weight: 400;\">\u00a0<\/span><\/p>\n<p><span style=\"font-weight: 400;\">Biografies de brigadistes i llistats del Centre d&#8217;Estudis de les Brigades Internacionals d&#8217;Albacete (CEDOBI): <\/span><a href=\"https:\/\/cedobi.iealbacetenses.com\/brigadistas\/\"><span style=\"font-weight: 400;\">https:\/\/cedobi.iealbacetenses.com\/brigadistas\/<\/span><\/a><\/p>\n<p><span style=\"font-weight: 400;\">Arxiu de l&#8217;era sovi\u00e8tica, secci\u00f3 Brigades Internacionals (documentaci\u00f3 sobre brigadistes): <\/span><a href=\"https:\/\/sovdoc.rusarchives.ru\/sections\/organizations\/cards\/95156\/childs\"><span style=\"font-weight: 400;\">https:\/\/sovdoc.rusarchives.ru\/sections\/organizations\/cards\/95156\/childs<\/span><\/a><\/p>\n<p><span style=\"font-weight: 400;\">Arxius de la Brigada Lincoln de la Universitat de Nova York (Tamiment Library): <\/span><a href=\"https:\/\/guides.nyu.edu\/tamimentlibrary\/alba\"><span style=\"font-weight: 400;\">https:\/\/guides.nyu.edu\/tamimentlibrary\/alba<\/span><\/a><\/p>\n<p><b>Propostes did\u00e0ctiques:<\/b><\/p>\n<p><span style=\"font-weight: 400;\">Gran Bretanya: <\/span><a href=\"https:\/\/international-brigades.org.uk\/uncategorized\/teaching-resource-pack\/\"><span style=\"font-weight: 400;\">https:\/\/international-brigades.org.uk\/uncategorized\/teaching-resource-pack\/<\/span><\/a><\/p>\n<p><span style=\"font-weight: 400;\">Estats Units:\u00a0\u00a0<\/span><a href=\"https:\/\/alba-valb.org\/education\/\"><span style=\"font-weight: 400;\">https:\/\/alba-valb.org\/education\/<\/span><\/a><\/p>\n<p><span style=\"font-weight: 400;\">Canad\u00e1:\u00a0<\/span><a href=\"https:\/\/spanishcivilwar.ca\/teaching-modules\"><span style=\"font-weight: 400;\">https:\/\/spanishcivilwar.ca\/teaching-modules<\/span><\/a><\/p>\n<p><span style=\"font-weight: 400;\">Dossier did\u00e0ctic projecte Solidarity Park (disponible en catal\u00e0 i en angl\u00e8s):<\/span><\/p>\n<p><a href=\"https:\/\/solidaritypark.com\/2021\/12\/22\/dossier-didacticprojecte-solidarity-park\/\"><span style=\"font-weight: 400;\">https:\/\/solidaritypark.com\/2021\/12\/22\/dossier-didacticprojecte-solidarity-park\/<\/span><\/a><\/p>\n<p><span style=\"font-weight: 400;\">Camp d&#8217;aprenentatge a l&#8217;Espluga de Francol\u00ed: <\/span><a href=\"https:\/\/serveiseducatius.xtec.cat\/cda-monestirs\/les-brigades-internacionals-a-lalberg-jaume-i\/\"><span style=\"font-weight: 400;\">https:\/\/serveiseducatius.xtec.cat\/cda-monestirs\/les-brigades-internacionals-a-lalberg-jaume-i\/<\/span><\/a><\/p>\n<p><span style=\"font-weight: 400;\">Castell de Castelldefels: <\/span><a href=\"https:\/\/castelldecastelldefels.com\/ca\/visites-escolars\/\"><span style=\"font-weight: 400;\">https:\/\/castelldecastelldefels.com\/ca\/visites-escolars\/<\/span><\/a><\/p>\n<p><b>Altres webs d&#8217;inter\u00e8s:\u00a0<\/b><\/p>\n<p><span style=\"font-weight: 400;\">Amical Brigades Catalunya: <\/span><a href=\"https:\/\/amicalbrigadesinternacionalscat.blogspot.com\/\"><span style=\"font-weight: 400;\">https:\/\/amicalbrigadesinternacionalscat.blogspot.com\/<\/span><\/a><\/p>\n<p><span style=\"font-weight: 400;\">Associaci\u00f3 Solidarity Park: <\/span><a href=\"https:\/\/solidaritypark.com\/\"><span style=\"font-weight: 400;\">https:\/\/solidaritypark.com\/<\/span><\/a><\/p>\n<p><span style=\"font-weight: 400;\">La Voz Ahogada projecte esc\u00e8nic: <\/span><a href=\"https:\/\/www.lavozahogada.com\/es\/produccions\"><span style=\"font-weight: 400;\">https:\/\/www.lavozahogada.com\/es\/produccions<\/span><\/a><\/p>\n<p><span style=\"font-weight: 400;\">Murs de Bitacola: <\/span><a href=\"https:\/\/mursdebitacola.com\/portfolio_category\/brigades-internacionals\/\"><span style=\"font-weight: 400;\">https:\/\/mursdebitacola.com\/portfolio_category\/brigades-internacionals\/<\/span><\/a><\/p>\n<p><span style=\"font-weight: 400;\">Cooperativa Porta de la Hist\u00f2ria: <\/span><a href=\"https:\/\/pdlhistoria.wordpress.com\/\"><span style=\"font-weight: 400;\">https:\/\/pdlhistoria.wordpress.com\/<\/span><\/a><\/p>\n<p><span style=\"font-weight: 400;\">Dia Orwell organitzat pel CCCB: <\/span><a href=\"https:\/\/www.cccb.org\/ca\/projectes\/fitxa\/dia-orwell\/212868\"><span style=\"font-weight: 400;\">https:\/\/www.cccb.org\/ca\/projectes\/fitxa\/dia-orwell\/212868<\/span><\/a><\/p>\n<p><span style=\"font-weight: 400;\">Ruta Orwell: <\/span><a href=\"https:\/\/itineraplus.com\/tours\/ruta-george-orwell-2-2\/\"><span style=\"font-weight: 400;\">https:\/\/itineraplus.com\/tours\/ruta-george-orwell-2-2\/<\/span><\/a><\/p>\n<p><span style=\"font-weight: 400;\">Ruta per visitar el monument dels brigadistes a la Serra de P\u00e0ndols (tamb\u00e9 fan rutes per instituts): <\/span><a href=\"https:\/\/terraenlla.com\/ca\/eldinardelabatalladelebre\/\"><span style=\"font-weight: 400;\">https:\/\/terraenlla.com\/ca\/eldinardelabatalladelebre\/<\/span><\/a><\/p>\n<p>&nbsp;<\/p>\n<p>&nbsp;<\/p>\n<p>&nbsp;<\/p>\n<p>&nbsp;<\/p>\n<p>&nbsp;<\/p>\n<p>&nbsp;<\/p>\n<p>&nbsp;<\/p>\n<p>&nbsp;<\/p>\n<p>&nbsp;<\/p>\n<p>&nbsp;<\/td>\n<\/tr>\n<\/tbody>\n<\/table>\n<p>&nbsp;<\/p>\n","protected":false},"excerpt":{"rendered":"<p>2025-2026<\/p>\n<p>(12 de febrer)<br \/>\nLa mem\u00f2ria antifeixista en el context pol\u00edtic actual: nous ressons a les aules i als carrers<br \/>\nConfer\u00e8ncia de Sebastiaan Faber\u00a0 (Professor d&#8217;Estudis Hisp\u00e0nics. Oberlin College, Ohio)<br \/>\n<a href=\"https:\/\/www.youtube.com\/watch?v=YVs_Sl0GLE0\"><\/a><br \/>\n(V\u00eddeo de la sessi\u00f3)<\/p>\n<p>&nbsp;<br \/>\n&nbsp;<\/p>\n<p>2024-2025 (Comissi\u00f3 Brigades Internacionals)<\/p>\n<p>(18 de febrer)<br \/>\n\u00a0Brigades Internacionals i Multiling\u00fcisme. Recursos did\u00e0ctics per recuperar la mem\u00f2ria&hellip;  <a href=\"https:\/\/projectes.xtec.cat\/memoriaieducacio\/activitats\/activitats-comissio-brigades-internacionals\/\" title=\"Read Comissi\u00f3 Solidaritat Internacional\">Llegeix m\u00e9s\u00bb<\/a><\/p>\n","protected":false},"author":3,"featured_media":0,"parent":8565,"menu_order":11,"comment_status":"closed","ping_status":"closed","template":"page-templates\/side-menu.php","meta":{"_bbp_topic_count":0,"_bbp_reply_count":0,"_bbp_total_topic_count":0,"_bbp_total_reply_count":0,"_bbp_voice_count":0,"_bbp_anonymous_reply_count":0,"_bbp_topic_count_hidden":0,"_bbp_reply_count_hidden":0,"_bbp_forum_subforum_count":0,"footnotes":""},"class_list":["post-13078","page","type-page","status-publish","hentry"],"post_mailing_queue_ids":[],"_links":{"self":[{"href":"https:\/\/projectes.xtec.cat\/memoriaieducacio\/wp-json\/wp\/v2\/pages\/13078","targetHints":{"allow":["GET"]}}],"collection":[{"href":"https:\/\/projectes.xtec.cat\/memoriaieducacio\/wp-json\/wp\/v2\/pages"}],"about":[{"href":"https:\/\/projectes.xtec.cat\/memoriaieducacio\/wp-json\/wp\/v2\/types\/page"}],"author":[{"embeddable":true,"href":"https:\/\/projectes.xtec.cat\/memoriaieducacio\/wp-json\/wp\/v2\/users\/3"}],"replies":[{"embeddable":true,"href":"https:\/\/projectes.xtec.cat\/memoriaieducacio\/wp-json\/wp\/v2\/comments?post=13078"}],"version-history":[{"count":6,"href":"https:\/\/projectes.xtec.cat\/memoriaieducacio\/wp-json\/wp\/v2\/pages\/13078\/revisions"}],"predecessor-version":[{"id":13982,"href":"https:\/\/projectes.xtec.cat\/memoriaieducacio\/wp-json\/wp\/v2\/pages\/13078\/revisions\/13982"}],"up":[{"embeddable":true,"href":"https:\/\/projectes.xtec.cat\/memoriaieducacio\/wp-json\/wp\/v2\/pages\/8565"}],"wp:attachment":[{"href":"https:\/\/projectes.xtec.cat\/memoriaieducacio\/wp-json\/wp\/v2\/media?parent=13078"}],"curies":[{"name":"wp","href":"https:\/\/api.w.org\/{rel}","templated":true}]}}