{"id":13129,"date":"2025-04-03T19:51:34","date_gmt":"2025-04-03T17:51:34","guid":{"rendered":"https:\/\/projectes.xtec.cat\/memoriaieducacio\/?page_id=13129"},"modified":"2025-04-08T18:28:48","modified_gmt":"2025-04-08T16:28:48","slug":"holocaust-as-a-starting-point-seminari-catalunya-portugal","status":"publish","type":"page","link":"https:\/\/projectes.xtec.cat\/memoriaieducacio\/activitats\/holocaust-as-a-starting-point-seminari-catalunya-portugal\/","title":{"rendered":"Holocaust as a Starting Point (Seminari Catalunya-Portugal)"},"content":{"rendered":"<p><b>Seminari Catalunya-Portugal en el marc del programa internacional &#8220;Holocaust as a Starting Point&#8221; (HSP), desenvolupat des del 2015 pel M\u00e9morial de la Shoah de Par\u00eds, en partenariat amb el Departament d&#8217;Educaci\u00f3 i Formaci\u00f3 Professional, el Memorial Democr\u00e0tic de Catalunya, EUROM i MemoShoah (Lisboa, 21-13 mar\u00e7 2025).<\/b><\/p>\n<p style=\"text-align: justify;\">El progra<a href=\"https:\/\/projectes.xtec.cat\/memoriaieducacio\/wp-content\/uploads\/usu2168\/2025\/04\/WhatsApp-Image-2025-03-28-at-12.16.51-1.jpg\"><img loading=\"lazy\" decoding=\"async\" class=\"alignleft wp-image-13140\" src=\"https:\/\/projectes.xtec.cat\/memoriaieducacio\/wp-content\/uploads\/usu2168\/2025\/04\/WhatsApp-Image-2025-03-28-at-12.16.51-1.jpg\" alt=\"\" width=\"408\" height=\"230\" srcset=\"https:\/\/projectes.xtec.cat\/memoriaieducacio\/wp-content\/uploads\/usu2168\/2025\/04\/WhatsApp-Image-2025-03-28-at-12.16.51-1.jpg 800w, https:\/\/projectes.xtec.cat\/memoriaieducacio\/wp-content\/uploads\/usu2168\/2025\/04\/WhatsApp-Image-2025-03-28-at-12.16.51-1-300x169.jpg 300w, https:\/\/projectes.xtec.cat\/memoriaieducacio\/wp-content\/uploads\/usu2168\/2025\/04\/WhatsApp-Image-2025-03-28-at-12.16.51-1-768x433.jpg 768w\" sizes=\"auto, (max-width: 408px) 100vw, 408px\" \/><\/a>ma HSP proporciona formaci\u00f3 anual a uns 500 docents es d&#8217;una perspectiva regional i transnacional, fomentant l&#8217;actualitzaci\u00f3 de coneixements te\u00f2rics i pr\u00e0ctics aix\u00ed com l&#8217;intercanvi d&#8217;experi\u00e8ncies.<\/p>\n<p style=\"text-align: justify;\">Alhora, aquests docents tenen l&#8217;oportunitat de rebre suport pedag\u00f2gic per desenvolupar propostes did\u00e0ctiques per afrontar l&#8217;augment de l&#8217;antisemitisme i la discriminaci\u00f3 envers diferents col\u00b7lectius. Partint de l&#8217;Holocaust, els docents poden establir relacions dial\u00f2giques amb altres problem\u00e0tiques contempor\u00e0nies i confrontar relats memorial\u00edstics divergents.<\/p>\n<p style=\"text-align: justify;\"><a href=\"https:\/\/projectes.xtec.cat\/memoriaieducacio\/wp-content\/uploads\/usu2168\/2025\/04\/WhatsApp-Image-2025-03-28-at-12.14.23.jpg\"><img loading=\"lazy\" decoding=\"async\" class=\"wp-image-13147 alignright\" src=\"https:\/\/projectes.xtec.cat\/memoriaieducacio\/wp-content\/uploads\/usu2168\/2025\/04\/WhatsApp-Image-2025-03-28-at-12.14.23.jpg\" alt=\"\" width=\"352\" height=\"199\" srcset=\"https:\/\/projectes.xtec.cat\/memoriaieducacio\/wp-content\/uploads\/usu2168\/2025\/04\/WhatsApp-Image-2025-03-28-at-12.14.23.jpg 800w, https:\/\/projectes.xtec.cat\/memoriaieducacio\/wp-content\/uploads\/usu2168\/2025\/04\/WhatsApp-Image-2025-03-28-at-12.14.23-300x169.jpg 300w, https:\/\/projectes.xtec.cat\/memoriaieducacio\/wp-content\/uploads\/usu2168\/2025\/04\/WhatsApp-Image-2025-03-28-at-12.14.23-768x433.jpg 768w\" sizes=\"auto, (max-width: 352px) 100vw, 352px\" \/><\/a>Enguany ha tingut lloc a Lisboa un dels seminaris del programa HSP, amb 30 educadors catalans i portuguesos (professoraci\u00f3 d&#8217;educaci\u00f3 secund\u00e0ria i educadors d&#8217;entitats memorial\u00edstiques i universit\u00e0ries). Aquesta formaci\u00f3, adre\u00e7ada a professorat amb coneixements avan\u00e7ats en l&#8217;educaci\u00f3 sobre l&#8217;Holocaust, ha perm\u00e8s tractar en profunditat temes com les rutes d&#8217;escapament de jueus que fugien del nazisme i tamb\u00e9 la situaci\u00f3 espec\u00edfica de les dones (la viol\u00e8ncia de g\u00e8nere dins l&#8217;Holocaust i els conflictes b\u00e8l.lics i la resist\u00e8ncia en clau femenina).<\/p>\n<p style=\"text-align: justify;\"><a href=\"https:\/\/projectes.xtec.cat\/memoriaieducacio\/wp-content\/uploads\/usu2168\/2025\/04\/WhatsApp-Image-2025-03-28-at-12.13.35-1.jpg\"><img loading=\"lazy\" decoding=\"async\" class=\"alignleft wp-image-13153\" src=\"https:\/\/projectes.xtec.cat\/memoriaieducacio\/wp-content\/uploads\/usu2168\/2025\/04\/WhatsApp-Image-2025-03-28-at-12.13.35-1.jpg\" alt=\"\" width=\"334\" height=\"188\" srcset=\"https:\/\/projectes.xtec.cat\/memoriaieducacio\/wp-content\/uploads\/usu2168\/2025\/04\/WhatsApp-Image-2025-03-28-at-12.13.35-1.jpg 799w, https:\/\/projectes.xtec.cat\/memoriaieducacio\/wp-content\/uploads\/usu2168\/2025\/04\/WhatsApp-Image-2025-03-28-at-12.13.35-1-300x169.jpg 300w, https:\/\/projectes.xtec.cat\/memoriaieducacio\/wp-content\/uploads\/usu2168\/2025\/04\/WhatsApp-Image-2025-03-28-at-12.13.35-1-768x433.jpg 768w\" sizes=\"auto, (max-width: 334px) 100vw, 334px\" \/><\/a>Com a cloenda de la formaci\u00f3, ha tingut lloc una visita guiada al <a href=\"https:\/\/www.museudoaljube.pt\/\">Museu do Aljube<\/a>, un espai muse\u00edstic que ha perm\u00e8s als participants con\u00e8ixer l&#8217;abast de la viol\u00e8ncia durant el r\u00e8gim dictatorial de Salazar a Portugal i el paper de la resist\u00e8ncia, aix\u00ed com les vulnerabilitats de la democr\u00e0cia.<\/p>\n<p>&nbsp;<\/p>\n<p style=\"text-align: justify;\"><a href=\"https:\/\/projectes.xtec.cat\/memoriaieducacio\/wp-content\/uploads\/usu2168\/2025\/04\/WhatsApp-Image-2025-03-28-at-12.18.19.jpg\"><img loading=\"lazy\" decoding=\"async\" class=\"wp-image-13150 alignright\" src=\"https:\/\/projectes.xtec.cat\/memoriaieducacio\/wp-content\/uploads\/usu2168\/2025\/04\/WhatsApp-Image-2025-03-28-at-12.18.19.jpg\" alt=\"\" width=\"418\" height=\"188\" srcset=\"https:\/\/projectes.xtec.cat\/memoriaieducacio\/wp-content\/uploads\/usu2168\/2025\/04\/WhatsApp-Image-2025-03-28-at-12.18.19.jpg 800w, https:\/\/projectes.xtec.cat\/memoriaieducacio\/wp-content\/uploads\/usu2168\/2025\/04\/WhatsApp-Image-2025-03-28-at-12.18.19-300x135.jpg 300w, https:\/\/projectes.xtec.cat\/memoriaieducacio\/wp-content\/uploads\/usu2168\/2025\/04\/WhatsApp-Image-2025-03-28-at-12.18.19-768x346.jpg 768w\" sizes=\"auto, (max-width: 418px) 100vw, 418px\" \/><\/a>El desenvolupament d&#8217;aquest seminari ha estat possible gr\u00e0cies al suport econ\u00f2mic de la <a href=\"https:\/\/www.claimscon.org\/\">Claims Conference<\/a>.<\/p>\n<div style=\"text-align: justify;\"><\/div>\n<p>&nbsp;<\/p>\n<p>&nbsp;<\/p>\n<div style=\"text-align: justify;\">\n<hr \/>\n<hr \/>\n<h2>Seminaris HSP anteriors:<\/h2>\n<\/div>\n<table style=\"height: 252px; width: 97.7989%;\">\n<tbody>\n<tr style=\"height: 252px;\">\n<td style=\"height: 252px; width: 37.6611%;\"><strong>HSP. 2022<\/strong><\/p>\n<p>&nbsp;<\/p>\n<p><a href=\"https:\/\/projectes.xtec.cat\/memoriaieducacio\/activitats\/cursos\/the-holocaust-as-a-starting-point-17-18-i-19-de-marc-de-2022\/\"><img loading=\"lazy\" decoding=\"async\" class=\"alignleft size-full wp-image-10019\" src=\"https:\/\/projectes.xtec.cat\/memoriaieducacio\/wp-content\/uploads\/usu2168\/2022\/09\/HSP_march_2022.png\" alt=\"\" width=\"929\" height=\"459\" srcset=\"https:\/\/projectes.xtec.cat\/memoriaieducacio\/wp-content\/uploads\/usu2168\/2022\/09\/HSP_march_2022.png 929w, https:\/\/projectes.xtec.cat\/memoriaieducacio\/wp-content\/uploads\/usu2168\/2022\/09\/HSP_march_2022-300x148.png 300w, https:\/\/projectes.xtec.cat\/memoriaieducacio\/wp-content\/uploads\/usu2168\/2022\/09\/HSP_march_2022-768x379.png 768w\" sizes=\"auto, (max-width: 929px) 100vw, 929px\" \/><\/a><\/td>\n<td style=\"height: 252px; width: 29.6333%;\"><strong>HSP. 2021<\/strong><\/p>\n<p><a href=\"https:\/\/projectes.xtec.cat\/memoriaieducacio\/activitats\/cursos\/the-holocaust-as-a-starting-point-03-06-16-i-17-maig-2021\/\"><img loading=\"lazy\" decoding=\"async\" class=\"alignleft size-full wp-image-10021\" src=\"https:\/\/projectes.xtec.cat\/memoriaieducacio\/wp-content\/uploads\/usu2168\/2022\/09\/HSP_may_2020_.jpg\" alt=\"\" width=\"601\" height=\"487\" srcset=\"https:\/\/projectes.xtec.cat\/memoriaieducacio\/wp-content\/uploads\/usu2168\/2022\/09\/HSP_may_2020_.jpg 601w, https:\/\/projectes.xtec.cat\/memoriaieducacio\/wp-content\/uploads\/usu2168\/2022\/09\/HSP_may_2020_-300x243.jpg 300w\" sizes=\"auto, (max-width: 601px) 100vw, 601px\" \/><\/a><\/td>\n<td style=\"height: 252px; width: 69.2631%;\"><strong>HSP. 2020<\/strong><\/p>\n<p>&nbsp;<\/p>\n<p><a href=\"https:\/\/projectes.xtec.cat\/memoriaieducacio\/activitats\/cursos\/the-holocaust-as-a-starting-point-13-14-16-i-17-novembre-2020\/\"><img loading=\"lazy\" decoding=\"async\" class=\"alignleft size-large wp-image-9061\" src=\"https:\/\/projectes.xtec.cat\/memoriaieducacio\/wp-content\/uploads\/usu2168\/2020\/11\/TheHolocaustasastartingpoint-1024x302.png\" alt=\"\" width=\"1024\" height=\"302\" srcset=\"https:\/\/projectes.xtec.cat\/memoriaieducacio\/wp-content\/uploads\/usu2168\/2020\/11\/TheHolocaustasastartingpoint-1024x302.png 1024w, https:\/\/projectes.xtec.cat\/memoriaieducacio\/wp-content\/uploads\/usu2168\/2020\/11\/TheHolocaustasastartingpoint-300x88.png 300w, https:\/\/projectes.xtec.cat\/memoriaieducacio\/wp-content\/uploads\/usu2168\/2020\/11\/TheHolocaustasastartingpoint-768x226.png 768w, https:\/\/projectes.xtec.cat\/memoriaieducacio\/wp-content\/uploads\/usu2168\/2020\/11\/TheHolocaustasastartingpoint.png 1676w\" sizes=\"auto, (max-width: 1024px) 100vw, 1024px\" \/><\/a><\/p>\n<p>&nbsp;<\/td>\n<\/tr>\n<\/tbody>\n<\/table>\n","protected":false},"excerpt":{"rendered":"<p>Seminari Catalunya-Portugal en el marc del programa internacional &#8220;Holocaust as a Starting Point&#8221; (HSP), desenvolupat des del 2015 pel M\u00e9morial de la Shoah de Par\u00eds, en partenariat amb el Departament d&#8217;Educaci\u00f3 i Formaci\u00f3 Professional, el Memorial Democr\u00e0tic de Catalunya, EUROM i MemoShoah (Lisboa, 21-13 mar\u00e7&hellip;  <a href=\"https:\/\/projectes.xtec.cat\/memoriaieducacio\/activitats\/holocaust-as-a-starting-point-seminari-catalunya-portugal\/\" title=\"Read Holocaust as a Starting Point (Seminari Catalunya-Portugal)\">Llegeix m\u00e9s\u00bb<\/a><\/p>\n","protected":false},"author":3,"featured_media":0,"parent":8565,"menu_order":50,"comment_status":"closed","ping_status":"closed","template":"page-templates\/side-menu.php","meta":{"_bbp_topic_count":0,"_bbp_reply_count":0,"_bbp_total_topic_count":0,"_bbp_total_reply_count":0,"_bbp_voice_count":0,"_bbp_anonymous_reply_count":0,"_bbp_topic_count_hidden":0,"_bbp_reply_count_hidden":0,"_bbp_forum_subforum_count":0,"footnotes":""},"class_list":["post-13129","page","type-page","status-publish","hentry"],"post_mailing_queue_ids":[],"_links":{"self":[{"href":"https:\/\/projectes.xtec.cat\/memoriaieducacio\/wp-json\/wp\/v2\/pages\/13129","targetHints":{"allow":["GET"]}}],"collection":[{"href":"https:\/\/projectes.xtec.cat\/memoriaieducacio\/wp-json\/wp\/v2\/pages"}],"about":[{"href":"https:\/\/projectes.xtec.cat\/memoriaieducacio\/wp-json\/wp\/v2\/types\/page"}],"author":[{"embeddable":true,"href":"https:\/\/projectes.xtec.cat\/memoriaieducacio\/wp-json\/wp\/v2\/users\/3"}],"replies":[{"embeddable":true,"href":"https:\/\/projectes.xtec.cat\/memoriaieducacio\/wp-json\/wp\/v2\/comments?post=13129"}],"version-history":[{"count":7,"href":"https:\/\/projectes.xtec.cat\/memoriaieducacio\/wp-json\/wp\/v2\/pages\/13129\/revisions"}],"predecessor-version":[{"id":13138,"href":"https:\/\/projectes.xtec.cat\/memoriaieducacio\/wp-json\/wp\/v2\/pages\/13129\/revisions\/13138"}],"up":[{"embeddable":true,"href":"https:\/\/projectes.xtec.cat\/memoriaieducacio\/wp-json\/wp\/v2\/pages\/8565"}],"wp:attachment":[{"href":"https:\/\/projectes.xtec.cat\/memoriaieducacio\/wp-json\/wp\/v2\/media?parent=13129"}],"curies":[{"name":"wp","href":"https:\/\/api.w.org\/{rel}","templated":true}]}}