{"id":13185,"date":"2025-04-14T12:05:08","date_gmt":"2025-04-14T10:05:08","guid":{"rendered":"https:\/\/projectes.xtec.cat\/memoriaieducacio\/?page_id=13185"},"modified":"2025-05-21T10:15:10","modified_gmt":"2025-05-21T08:15:10","slug":"activitats-comissio-tardofranquisme","status":"publish","type":"page","link":"https:\/\/projectes.xtec.cat\/memoriaieducacio\/activitats\/activitats-comissio-tardofranquisme\/","title":{"rendered":"Comissi\u00f3 Tardofranquisme"},"content":{"rendered":"<table style=\"border-collapse: collapse; width: 100%; height: 6520px;\">\n<tbody>\n<tr style=\"height: 33px;\">\n<td style=\"width: 50%; height: 33px;\" colspan=\"2\"><strong>2024-2025<\/strong><\/td>\n<\/tr>\n<tr style=\"height: 118px;\">\n<td style=\"width: 50%; height: 118px;\" colspan=\"2\">(29 de mar\u00e7) Recorregut per llocs de mem\u00f2ria de Matar\u00f3<\/p>\n<p><em>Activitat conjunta de la comissi\u00f3 de Tardofranquisme i de la comissi\u00f3 de Brigades Internacionals que segueix un itinerari per Matar\u00f3 de f\u00e0briques destacades de la lluita obrera antifranquista, d&#8217;espais de mem\u00f2ria durant la guerra civil i de senyalitzacions de mem\u00f2ria recordant persones v\u00edctimes de l&#8217;Holocaust i de la guerra civil.<\/em><\/td>\n<\/tr>\n<tr style=\"height: 795px;\">\n<td style=\"width: 50%; height: 795px;\" colspan=\"2\"><span style=\"font-weight: 400;\">El dissabte 29 de mar\u00e7 de 2025 una vuitantena de persones convocades per la Comissi\u00f3 \u201cTardofranquisme\u201d del grup DEMD (docents del grup DEMD i persones acompanyants) van poder realitzar una ruta hist\u00f2rica per espais memorials de Matar\u00f3.<\/span><\/p>\n<p><span style=\"font-weight: 400;\">Aquesta visita va ser possible gr\u00e0cies a la col\u00b7laboraci\u00f3 de les persones que integren l\u2019<\/span><a href=\"https:\/\/expresospoliticsdelfranquisme.com\/\"><span style=\"font-weight: 400;\">Associaci\u00f3 Catalana de Persones Ex-preses Pol\u00edtiques del Franquisme <\/span><\/a><span style=\"font-weight: 400;\">(ACPEPF), del <\/span><a href=\"https:\/\/www.memoriahistoricamataro.org\/\"><span style=\"font-weight: 400;\">Grup de Recerca de la Mem\u00f2ria Hist\u00f2rica de Matar\u00f3<\/span><\/a><span style=\"font-weight: 400;\"> i de l\u2019<\/span><a href=\"https:\/\/amicalbrigadesinternacionalscat.blogspot.com\/\"><span style=\"font-weight: 400;\">Amical de les Brigades Internacionals de Catalunya<\/span><\/a><span style=\"font-weight: 400;\">. La ruta va comptar tamb\u00e9 amb els testimonis directes de persones involucrades en la lluita antifranquista i\/o v\u00edctimes de la repressi\u00f3. <\/span><\/p>\n<p><span style=\"font-weight: 400;\">Punts de la visita:<\/span><\/p>\n<p><a href=\"https:\/\/www.google.com\/maps\/d\/edit?mid=1gKO7U0rVBvvk5za7X0SdAgEQbnrUGmQ&amp;usp=sharing\"><img loading=\"lazy\" decoding=\"async\" class=\"size-large wp-image-13195 aligncenter\" src=\"https:\/\/projectes.xtec.cat\/memoriaieducacio\/wp-content\/uploads\/usu2168\/2025\/04\/Sortidamataro-mapa_1437x838-1024x597.jpg\" alt=\"\" width=\"1024\" height=\"597\" srcset=\"https:\/\/projectes.xtec.cat\/memoriaieducacio\/wp-content\/uploads\/usu2168\/2025\/04\/Sortidamataro-mapa_1437x838-1024x597.jpg 1024w, https:\/\/projectes.xtec.cat\/memoriaieducacio\/wp-content\/uploads\/usu2168\/2025\/04\/Sortidamataro-mapa_1437x838-300x175.jpg 300w, https:\/\/projectes.xtec.cat\/memoriaieducacio\/wp-content\/uploads\/usu2168\/2025\/04\/Sortidamataro-mapa_1437x838-768x448.jpg 768w, https:\/\/projectes.xtec.cat\/memoriaieducacio\/wp-content\/uploads\/usu2168\/2025\/04\/Sortidamataro-mapa_1437x838.jpg 1437w\" sizes=\"auto, (max-width: 1024px) 100vw, 1024px\" \/><\/a><\/td>\n<\/tr>\n<tr style=\"height: 472px;\">\n<td style=\"width: 50%; height: 472px;\">\n<h4><span style=\"font-weight: 400;\">\u00a01. Inici de la trobada<\/span><\/h4>\n<p><a href=\"https:\/\/projectes.xtec.cat\/memoriaieducacio\/wp-content\/uploads\/usu2168\/2025\/04\/1mataro.jpg\"><img loading=\"lazy\" decoding=\"async\" class=\"wp-image-13199 aligncenter\" src=\"https:\/\/projectes.xtec.cat\/memoriaieducacio\/wp-content\/uploads\/usu2168\/2025\/04\/1mataro.jpg\" alt=\"\" width=\"527\" height=\"395\" srcset=\"https:\/\/projectes.xtec.cat\/memoriaieducacio\/wp-content\/uploads\/usu2168\/2025\/04\/1mataro.jpg 800w, https:\/\/projectes.xtec.cat\/memoriaieducacio\/wp-content\/uploads\/usu2168\/2025\/04\/1mataro-300x225.jpg 300w, https:\/\/projectes.xtec.cat\/memoriaieducacio\/wp-content\/uploads\/usu2168\/2025\/04\/1mataro-768x576.jpg 768w, https:\/\/projectes.xtec.cat\/memoriaieducacio\/wp-content\/uploads\/usu2168\/2025\/04\/1mataro-200x150.jpg 200w\" sizes=\"auto, (max-width: 527px) 100vw, 527px\" \/><\/a><\/td>\n<td style=\"width: 50%; height: 472px;\"><span style=\"font-weight: 400;\">Presentaci\u00f3 de la jornada amb Alfonso L\u00f3pez Borgo\u00f1oz (ABIC), Isabel Alonso (ACPEPF), Ramon Morales (GRHM), Pablo Morales <\/span><span style=\"font-weight: 400;\">(GRHM)\u00a0<\/span><span style=\"font-weight: 400;\">i Maria Modesta Rodr\u00edguez\u00a0<\/span><span style=\"font-weight: 400;\">(GRHM).<\/span><\/p>\n<p>Refs.:<\/p>\n<ul>\n<li><strong>ACPEPF:<\/strong> <a href=\"https:\/\/expresospoliticsdelfranquisme.com\/\"><span style=\"font-weight: 400;\">Associaci\u00f3 Catalana de Persones Ex-preses Pol\u00edtiques del Franquisme<\/span><\/a><\/li>\n<li><strong>ABIC: <\/strong><a href=\"https:\/\/amicalbrigadesinternacionalscat.blogspot.com\/\"><span style=\"font-weight: 400;\">Amical de les Brigades Internacionals de Catalunya<\/span><\/a><\/li>\n<li><strong>GRMHM:<\/strong> <a href=\"https:\/\/www.memoriahistoricamataro.org\/\"><span style=\"font-weight: 400;\">Grup de Recerca de la Mem\u00f2ria Hist\u00f2rica de Matar\u00f3<\/span><\/a><\/li>\n<\/ul>\n<p>&nbsp;<\/p>\n<p>&nbsp;<\/td>\n<\/tr>\n<tr style=\"height: 513px;\">\n<td style=\"width: 50%; height: 513px;\"><span style=\"font-weight: 400;\"> Jaume Roig, sindicalista t\u00e8xtil de CCOO, explica els origens del sindicat a Matar\u00f3 i les particularitats de diverses accions sindicals a la f\u00e0brica. Va ser un centre t\u00e8xtil destacat en la fabricaci\u00f3 de productes infantils, com els coneguts &#8220;Calcetines Beb\u00e9&#8221;. L&#8217;any 1962 tenia 222 treballadors per\u00f2 va aturar la seva producci\u00f3 a les darreries de la d\u00e8cada dels setanta.\u00a0 <\/span><\/td>\n<td style=\"width: 50%; height: 513px;\">\n<h4><span style=\"font-weight: 400;\">2. F\u00e0brica t\u00e8xtil Can Torrellas<\/span><\/h4>\n<p><a href=\"https:\/\/projectes.xtec.cat\/memoriaieducacio\/wp-content\/uploads\/usu2168\/2025\/04\/CanTorrallas.jpg\"><img loading=\"lazy\" decoding=\"async\" class=\"wp-image-13203 aligncenter\" src=\"https:\/\/projectes.xtec.cat\/memoriaieducacio\/wp-content\/uploads\/usu2168\/2025\/04\/CanTorrallas.jpg\" alt=\"\" width=\"586\" height=\"439\" srcset=\"https:\/\/projectes.xtec.cat\/memoriaieducacio\/wp-content\/uploads\/usu2168\/2025\/04\/CanTorrallas.jpg 800w, https:\/\/projectes.xtec.cat\/memoriaieducacio\/wp-content\/uploads\/usu2168\/2025\/04\/CanTorrallas-300x225.jpg 300w, https:\/\/projectes.xtec.cat\/memoriaieducacio\/wp-content\/uploads\/usu2168\/2025\/04\/CanTorrallas-768x576.jpg 768w, https:\/\/projectes.xtec.cat\/memoriaieducacio\/wp-content\/uploads\/usu2168\/2025\/04\/CanTorrallas-200x150.jpg 200w\" sizes=\"auto, (max-width: 586px) 100vw, 586px\" \/><\/a><\/td>\n<\/tr>\n<tr style=\"height: 477px;\">\n<td style=\"width: 50%; height: 477px;\">\n<h4><span style=\"font-weight: 400;\">3. Salesians de Matar\u00f3. Antic Hospital de les Brigades Internacionals<\/span><\/h4>\n<p><a href=\"https:\/\/projectes.xtec.cat\/memoriaieducacio\/wp-content\/uploads\/usu2168\/2025\/04\/JosepXaubet.jpg\"><img loading=\"lazy\" decoding=\"async\" class=\"alignleft size-full wp-image-13211\" src=\"https:\/\/projectes.xtec.cat\/memoriaieducacio\/wp-content\/uploads\/usu2168\/2025\/04\/JosepXaubet.jpg\" alt=\"\" width=\"800\" height=\"451\" srcset=\"https:\/\/projectes.xtec.cat\/memoriaieducacio\/wp-content\/uploads\/usu2168\/2025\/04\/JosepXaubet.jpg 800w, https:\/\/projectes.xtec.cat\/memoriaieducacio\/wp-content\/uploads\/usu2168\/2025\/04\/JosepXaubet-300x169.jpg 300w, https:\/\/projectes.xtec.cat\/memoriaieducacio\/wp-content\/uploads\/usu2168\/2025\/04\/JosepXaubet-768x433.jpg 768w\" sizes=\"auto, (max-width: 800px) 100vw, 800px\" \/><\/a><\/td>\n<td style=\"width: 50%; height: 477px;\"><span style=\"font-weight: 400;\">Josep Xaubet, historiador de Matar\u00f3, explicant al grup les caracter\u00edstiques de l&#8217;Hospital de les Brigades Internacionals que es va establir a l&#8217;edifici del Salesians el 1938.\u00a0 \u00a0\u00a0<\/span><\/td>\n<\/tr>\n<tr style=\"height: 465px;\">\n<td style=\"width: 50%; height: 465px;\">L&#8217;historiador Alfons L\u00f3pez Borgo\u00f1oz, davant del monument a les Brigades Internacionals, destacant les condicions de l&#8217;estada dels brigadistes a Matar\u00f3 en el context de l&#8217;etapa final de la guerra civil.<\/td>\n<td style=\"width: 50%; height: 465px;\">\n<h4><span style=\"font-weight: 400;\">4. Monument a les Brigades Internacionals<\/span><\/h4>\n<p><a href=\"https:\/\/projectes.xtec.cat\/memoriaieducacio\/wp-content\/uploads\/usu2168\/2025\/04\/AlfonsoLopez_monumentBI.jpg\"><img loading=\"lazy\" decoding=\"async\" class=\"alignleft size-full wp-image-13215\" src=\"https:\/\/projectes.xtec.cat\/memoriaieducacio\/wp-content\/uploads\/usu2168\/2025\/04\/AlfonsoLopez_monumentBI.jpg\" alt=\"\" width=\"800\" height=\"438\" srcset=\"https:\/\/projectes.xtec.cat\/memoriaieducacio\/wp-content\/uploads\/usu2168\/2025\/04\/AlfonsoLopez_monumentBI.jpg 800w, https:\/\/projectes.xtec.cat\/memoriaieducacio\/wp-content\/uploads\/usu2168\/2025\/04\/AlfonsoLopez_monumentBI-300x164.jpg 300w, https:\/\/projectes.xtec.cat\/memoriaieducacio\/wp-content\/uploads\/usu2168\/2025\/04\/AlfonsoLopez_monumentBI-768x420.jpg 768w\" sizes=\"auto, (max-width: 800px) 100vw, 800px\" \/><\/a><\/td>\n<\/tr>\n<tr style=\"height: 481px;\">\n<td style=\"width: 50%; height: 481px;\">\n<h4><span style=\"font-weight: 400;\">5. Antiga Pres\u00f3 de Matar\u00f3<\/span><\/h4>\n<p><a href=\"https:\/\/projectes.xtec.cat\/memoriaieducacio\/wp-content\/uploads\/usu2168\/2025\/04\/antigapresomataro.jpg\"><img loading=\"lazy\" decoding=\"async\" class=\"alignleft size-full wp-image-13217\" src=\"https:\/\/projectes.xtec.cat\/memoriaieducacio\/wp-content\/uploads\/usu2168\/2025\/04\/antigapresomataro.jpg\" alt=\"\" width=\"800\" height=\"456\" srcset=\"https:\/\/projectes.xtec.cat\/memoriaieducacio\/wp-content\/uploads\/usu2168\/2025\/04\/antigapresomataro.jpg 800w, https:\/\/projectes.xtec.cat\/memoriaieducacio\/wp-content\/uploads\/usu2168\/2025\/04\/antigapresomataro-300x171.jpg 300w, https:\/\/projectes.xtec.cat\/memoriaieducacio\/wp-content\/uploads\/usu2168\/2025\/04\/antigapresomataro-768x438.jpg 768w\" sizes=\"auto, (max-width: 800px) 100vw, 800px\" \/><\/a><\/td>\n<td style=\"width: 50%; height: 481px;\"><span style=\"font-weight: 400;\">Maria Modesta Rodr\u00edguez i Pablo Morales, del Grup de Recerca de la Mem\u00f2ria Hist\u00f2rica de Matar\u00f3, van ser presos pol\u00edtics en aquesta pres\u00f3. Situen el context en el que es dona la\u00a0 repressi\u00f3 pol\u00edtica del tardofranquisme i les condicions que presentava la pres\u00f3.\u00a0 \u00a0 \u00a0<\/span><\/td>\n<\/tr>\n<tr style=\"height: 526px;\">\n<td style=\"width: 50%; height: 526px;\">L&#8217;historiador V\u00edctor Ligos va presentar la figura del sindicalista Joan Peir\u00f3 Belis, militant de la CNT i ministre de la Rep\u00fablica durant la guerra, davant del que va ser el seu domicili a Matar\u00f3.<\/td>\n<td style=\"width: 50%; height: 526px;\">\n<h4><span style=\"font-weight: 400;\">6. Stolpersteine Joan Peir\u00f3 Belis<\/span><\/h4>\n<p><a href=\"https:\/\/projectes.xtec.cat\/memoriaieducacio\/wp-content\/uploads\/usu2168\/2025\/04\/Stolpersteinejoanpeiro_400x417.jpg\"><img loading=\"lazy\" decoding=\"async\" class=\" wp-image-13221 aligncenter\" src=\"https:\/\/projectes.xtec.cat\/memoriaieducacio\/wp-content\/uploads\/usu2168\/2025\/04\/Stolpersteinejoanpeiro_400x417.jpg\" alt=\"\" width=\"431\" height=\"449\" srcset=\"https:\/\/projectes.xtec.cat\/memoriaieducacio\/wp-content\/uploads\/usu2168\/2025\/04\/Stolpersteinejoanpeiro_400x417.jpg 400w, https:\/\/projectes.xtec.cat\/memoriaieducacio\/wp-content\/uploads\/usu2168\/2025\/04\/Stolpersteinejoanpeiro_400x417-288x300.jpg 288w\" sizes=\"auto, (max-width: 431px) 100vw, 431px\" \/><\/a><\/td>\n<\/tr>\n<tr style=\"height: 542px;\">\n<td style=\"width: 50%; height: 542px;\">\n<h4><span style=\"font-weight: 400;\">7. Stolpersteine Niabel Belis Miralles<\/span><\/h4>\n<p><a href=\"https:\/\/projectes.xtec.cat\/memoriaieducacio\/wp-content\/uploads\/usu2168\/2025\/04\/llambordanibelbelis_717x654.jpg\"><img loading=\"lazy\" decoding=\"async\" class=\" wp-image-13230 aligncenter\" src=\"https:\/\/projectes.xtec.cat\/memoriaieducacio\/wp-content\/uploads\/usu2168\/2025\/04\/llambordanibelbelis_717x654.jpg\" alt=\"\" width=\"510\" height=\"465\" srcset=\"https:\/\/projectes.xtec.cat\/memoriaieducacio\/wp-content\/uploads\/usu2168\/2025\/04\/llambordanibelbelis_717x654.jpg 717w, https:\/\/projectes.xtec.cat\/memoriaieducacio\/wp-content\/uploads\/usu2168\/2025\/04\/llambordanibelbelis_717x654-300x274.jpg 300w\" sizes=\"auto, (max-width: 510px) 100vw, 510px\" \/><\/a><\/td>\n<td style=\"width: 50%; height: 542px;\"><span style=\"font-weight: 400;\">Al carrer Enric prat de la Riba, n\u00fam. 15, va viure l&#8217;exiliat republic\u00e0 Naibel Belis Miralles, familiar d&#8217;en Joan Peir\u00f3. L&#8217;historiador V\u00edctor Legis el situa durant el per\u00edode de la guerra civil i la seva posterior deportaci\u00f3 als camps francesos i alemanys.\u00a0<\/span><\/td>\n<\/tr>\n<tr style=\"height: 545px;\">\n<td style=\"width: 50%; height: 545px;\">Juan Antonio Molano, antic treballador de la f\u00e0brica, i l&#8217;historiador V\u00edctor Ligos recorden la hist\u00f2ria\u00a0 de la f\u00e0brica, que fou bombardejada durant la guerra civil, les activitats sindicals durant el franquisme i la reurbanitzaci\u00f3 i transformaci\u00f3 de l&#8217;espai que ocupava en habitatges i altres serveis per a la ciutat.<\/td>\n<td style=\"width: 50%; height: 545px;\">\n<h4><span style=\"font-weight: 400;\">8. F\u00e0brica t\u00e8xtil Can Gassol<\/span><\/h4>\n<p><a href=\"https:\/\/projectes.xtec.cat\/memoriaieducacio\/wp-content\/uploads\/usu2168\/2025\/04\/fabricacangassol_800x527.jpg\"><img loading=\"lazy\" decoding=\"async\" class=\"alignleft size-full wp-image-13223\" src=\"https:\/\/projectes.xtec.cat\/memoriaieducacio\/wp-content\/uploads\/usu2168\/2025\/04\/fabricacangassol_800x527.jpg\" alt=\"\" width=\"800\" height=\"527\" srcset=\"https:\/\/projectes.xtec.cat\/memoriaieducacio\/wp-content\/uploads\/usu2168\/2025\/04\/fabricacangassol_800x527.jpg 800w, https:\/\/projectes.xtec.cat\/memoriaieducacio\/wp-content\/uploads\/usu2168\/2025\/04\/fabricacangassol_800x527-300x198.jpg 300w, https:\/\/projectes.xtec.cat\/memoriaieducacio\/wp-content\/uploads\/usu2168\/2025\/04\/fabricacangassol_800x527-768x506.jpg 768w\" sizes=\"auto, (max-width: 800px) 100vw, 800px\" \/><\/a><\/td>\n<\/tr>\n<tr style=\"height: 514px;\">\n<td style=\"width: 50%; height: 514px;\">\n<h4><span style=\"font-weight: 400;\">9. Monument Cam\u00ed del Nord<\/span><\/h4>\n<p><a href=\"https:\/\/projectes.xtec.cat\/memoriaieducacio\/wp-content\/uploads\/usu2168\/2025\/04\/camidelnord_800x493.jpg\"><img loading=\"lazy\" decoding=\"async\" class=\"alignleft size-full wp-image-13224\" src=\"https:\/\/projectes.xtec.cat\/memoriaieducacio\/wp-content\/uploads\/usu2168\/2025\/04\/camidelnord_800x493.jpg\" alt=\"\" width=\"800\" height=\"493\" srcset=\"https:\/\/projectes.xtec.cat\/memoriaieducacio\/wp-content\/uploads\/usu2168\/2025\/04\/camidelnord_800x493.jpg 800w, https:\/\/projectes.xtec.cat\/memoriaieducacio\/wp-content\/uploads\/usu2168\/2025\/04\/camidelnord_800x493-300x185.jpg 300w, https:\/\/projectes.xtec.cat\/memoriaieducacio\/wp-content\/uploads\/usu2168\/2025\/04\/camidelnord_800x493-768x473.jpg 768w\" sizes=\"auto, (max-width: 800px) 100vw, 800px\" \/><\/a><\/td>\n<td style=\"width: 50%; height: 514px;\"><span style=\"font-weight: 400;\">Pepi Barrena,\u00a0 del Grup de Recerca de la Mem\u00f2ria Hist\u00f2rica de Matar\u00f3, explica &#8220;El Cam\u00ed del Nord&#8221;, un sender que uneix la ciutat de Matar\u00f3 amb Prada de Conflent (Catalunya Nord), al llarg d\u2019una ruta de 213 quil\u00f2metres. Aquesta ruta recupera el cam\u00ed que van seguir milers d\u2019exiliats republicans al final de la Guerra Civil espanyola, entre el gener i febrer de l\u2019any 1939, fugint cap a Fran\u00e7a pel coll de Malrem.\u00a0 Va ser una\u00a0iniciativa dels Marxaires del Canig\u00f3 i dels Amics i Amigues del Cam\u00ed del Nord de la Catalunya Nord, amb el suport de l\u2019Ajuntament de Matar\u00f3 i de la UEC (Uni\u00f3 Excursionista de Catalunya). L\u2019escultura marca el punt d\u2019inici de la ruta.\u00a0\u00a0<\/span><\/td>\n<\/tr>\n<tr style=\"height: 523px;\">\n<td style=\"width: 50%; height: 523px;\">Rosa Verdalet davant la casa que havia estat la resid\u00e8ncia del seu tiet i explica la seva traject\u00f2ria durant la guerra, l&#8217;exili i la deportaci\u00f3 fins als camps de concentraci\u00f3.<\/td>\n<td style=\"width: 50%; height: 523px;\">\n<h4><span style=\"font-weight: 400;\">10. Stolpersteine Francesc Verdalet Guardiola<\/span><\/h4>\n<p><a href=\"https:\/\/projectes.xtec.cat\/memoriaieducacio\/wp-content\/uploads\/usu2168\/2025\/04\/stolpersteinefrancescverdalet.jpg\"><img loading=\"lazy\" decoding=\"async\" class=\"alignleft size-full wp-image-13226\" src=\"https:\/\/projectes.xtec.cat\/memoriaieducacio\/wp-content\/uploads\/usu2168\/2025\/04\/stolpersteinefrancescverdalet.jpg\" alt=\"\" width=\"708\" height=\"449\" srcset=\"https:\/\/projectes.xtec.cat\/memoriaieducacio\/wp-content\/uploads\/usu2168\/2025\/04\/stolpersteinefrancescverdalet.jpg 708w, https:\/\/projectes.xtec.cat\/memoriaieducacio\/wp-content\/uploads\/usu2168\/2025\/04\/stolpersteinefrancescverdalet-300x190.jpg 300w\" sizes=\"auto, (max-width: 708px) 100vw, 708px\" \/><\/a><\/td>\n<\/tr>\n<tr style=\"height: 516px;\">\n<td style=\"width: 50%; height: 516px;\">\n<h4><span style=\"font-weight: 400;\">11. Fort\u00ed n\u00fam. 6 de Matar\u00f3<\/span><\/h4>\n<p><a href=\"https:\/\/projectes.xtec.cat\/memoriaieducacio\/wp-content\/uploads\/usu2168\/2025\/04\/fortinum6_800x495.jpg\"><img loading=\"lazy\" decoding=\"async\" class=\"alignleft size-full wp-image-13227\" src=\"https:\/\/projectes.xtec.cat\/memoriaieducacio\/wp-content\/uploads\/usu2168\/2025\/04\/fortinum6_800x495.jpg\" alt=\"\" width=\"800\" height=\"495\" srcset=\"https:\/\/projectes.xtec.cat\/memoriaieducacio\/wp-content\/uploads\/usu2168\/2025\/04\/fortinum6_800x495.jpg 800w, https:\/\/projectes.xtec.cat\/memoriaieducacio\/wp-content\/uploads\/usu2168\/2025\/04\/fortinum6_800x495-300x186.jpg 300w, https:\/\/projectes.xtec.cat\/memoriaieducacio\/wp-content\/uploads\/usu2168\/2025\/04\/fortinum6_800x495-768x475.jpg 768w\" sizes=\"auto, (max-width: 800px) 100vw, 800px\" \/><\/a><\/p>\n<p>&nbsp;<\/td>\n<td style=\"width: 50%; height: 516px;\"><span style=\"font-weight: 400;\">Manel Mart\u00edn, de la\u00a0 Comissi\u00f3 de la Mem\u00f2ria Hist\u00f2rica de la Gent Gran detalla el sistema defensiu que es va establir a la costa davant els atacs per mar i aire de l&#8217;ex\u00e8rcit franquista i els seus aliats. El forti n\u00famero 6 era un niu d&#8217;ametralladores que formava part de la l\u00ednia defensiva a la platja de Matar\u00f3.\u00a0 \u00a0<\/span><\/td>\n<\/tr>\n<\/tbody>\n<\/table>\n<h4><span style=\"font-weight: 400;\">Not\u00edcies de la jornada als mitjans:<\/span><\/h4>\n<p><a href=\"https:\/\/www.tvmataro.cat\/story\/un-centenar-de-docents-es-formen-sobre-memoria-democratica-passejant-per-mataro\"><span style=\"font-weight: 400;\">https:\/\/www.tvmataro.cat\/story\/un-centenar-de-docents-es-formen-sobre-memoria-democratica-passejant-per-mataro<\/span><\/a><\/p>\n<p><a href=\"https:\/\/www.elpuntavui.cat\/societat\/article\/5-societat\/2522574-mataro-acull-una-formacio-per-a-mestres-sobre-memoria-democratica.html\"><span style=\"font-weight: 400;\">https:\/\/www.elpuntavui.cat\/societat\/article\/5-societat\/2522574-mataro-acull-una-formacio-per-a-mestres-sobre-memoria-democratica.html<\/span><\/a><\/p>\n<p><a href=\"https:\/\/amicalbrigadesinternacionalscat.blogspot.com\/2025\/04\/mataro.html\"><span style=\"font-weight: 400;\">https:\/\/amicalbrigadesinternacionalscat.blogspot.com\/2025\/04\/mataro.html<\/span><\/a><\/p>\n<p>&nbsp;<\/p>\n<h4><span style=\"font-weight: 400;\">Recursos:<\/span><\/h4>\n<ul>\n<li style=\"font-weight: 400;\" aria-level=\"1\"><a href=\"https:\/\/ghcmataro.wordpress.com\/2017\/01\/13\/lhospital-de-les-brigades-internacionals-a-mataro-1937-1938\/\"><span style=\"font-weight: 400;\">Antic Hospital de les Brigades Internacionals a Matar\u00f3<\/span><\/a><\/li>\n<li aria-level=\"1\"><a href=\"https:\/\/www.culturamataro.cat\/escultura-monument-a-les-brigades-internacionals\">Monument a les Brigades Internacionals<\/a><\/li>\n<li style=\"font-weight: 400;\" aria-level=\"1\"><a href=\"https:\/\/catalunyaplural.cat\/ca\/cronica-de-la-repressio-franquista-50-anys-despres-el-cas-dels-13-de-mataro\/\"><span style=\"font-weight: 400;\">Sindicalisme i repressi\u00f3 a Matar\u00f3: Ramon Morales<\/span><\/a><\/li>\n<li style=\"font-weight: 400;\" aria-level=\"1\"><a href=\"https:\/\/www.culturamataro.cat\/memoria-historica-preso-de-mataro\"><span style=\"font-weight: 400;\">Pres\u00f3 de Matar\u00f3<\/span><\/a><\/li>\n<li style=\"font-weight: 400;\" aria-level=\"1\"><a href=\"https:\/\/ca.wikiloc.com\/rutes-senderisme\/ruta-stolpersteiner-orden-cronologico-mataro-190441128\"><span style=\"font-weight: 400;\">Stolpersteiner (plural) de Matar\u00f3<\/span><\/a><\/li>\n<li style=\"font-weight: 400;\" aria-level=\"1\"><a href=\"https:\/\/www.lavanguardia.com\/local\/maresme\/20200920\/483582488835\/adoquin-stolpersteine-joan-peiro-mataro-victima-nazismo.html\"><span style=\"font-weight: 400;\">Stolpersteine dedicat a Joan Peir\u00f3<\/span><\/a><\/li>\n<li style=\"font-weight: 400;\" aria-level=\"1\"><a href=\"https:\/\/www.culturamataro.cat\/escultura-el-cami-del-nord\"><span style=\"font-weight: 400;\">Monument Cam\u00ed del Nord<\/span><\/a><\/li>\n<\/ul>\n<p>&nbsp;<\/p>\n<p>&nbsp;<\/p>\n","protected":false},"excerpt":{"rendered":"<p>2024-2025<\/p>\n<p>(29 de mar\u00e7) Recorregut per llocs de mem\u00f2ria de Matar\u00f3<br \/>\nActivitat conjunta de la comissi\u00f3 de Tardofranquisme i de la comissi\u00f3 de Brigades Internacionals que segueix un itinerari per Matar\u00f3 de f\u00e0briques destacades de la lluita obrera antifranquista, d&#8217;espais de mem\u00f2ria durant la guerra civil i&hellip;  <a href=\"https:\/\/projectes.xtec.cat\/memoriaieducacio\/activitats\/activitats-comissio-tardofranquisme\/\" title=\"Read Comissi\u00f3 Tardofranquisme\">Llegeix m\u00e9s\u00bb<\/a><\/p>\n","protected":false},"author":3,"featured_media":0,"parent":8565,"menu_order":12,"comment_status":"closed","ping_status":"closed","template":"page-templates\/side-menu.php","meta":{"_bbp_topic_count":0,"_bbp_reply_count":0,"_bbp_total_topic_count":0,"_bbp_total_reply_count":0,"_bbp_voice_count":0,"_bbp_anonymous_reply_count":0,"_bbp_topic_count_hidden":0,"_bbp_reply_count_hidden":0,"_bbp_forum_subforum_count":0,"footnotes":""},"class_list":["post-13185","page","type-page","status-publish","hentry"],"post_mailing_queue_ids":[],"_links":{"self":[{"href":"https:\/\/projectes.xtec.cat\/memoriaieducacio\/wp-json\/wp\/v2\/pages\/13185","targetHints":{"allow":["GET"]}}],"collection":[{"href":"https:\/\/projectes.xtec.cat\/memoriaieducacio\/wp-json\/wp\/v2\/pages"}],"about":[{"href":"https:\/\/projectes.xtec.cat\/memoriaieducacio\/wp-json\/wp\/v2\/types\/page"}],"author":[{"embeddable":true,"href":"https:\/\/projectes.xtec.cat\/memoriaieducacio\/wp-json\/wp\/v2\/users\/3"}],"replies":[{"embeddable":true,"href":"https:\/\/projectes.xtec.cat\/memoriaieducacio\/wp-json\/wp\/v2\/comments?post=13185"}],"version-history":[{"count":6,"href":"https:\/\/projectes.xtec.cat\/memoriaieducacio\/wp-json\/wp\/v2\/pages\/13185\/revisions"}],"predecessor-version":[{"id":13307,"href":"https:\/\/projectes.xtec.cat\/memoriaieducacio\/wp-json\/wp\/v2\/pages\/13185\/revisions\/13307"}],"up":[{"embeddable":true,"href":"https:\/\/projectes.xtec.cat\/memoriaieducacio\/wp-json\/wp\/v2\/pages\/8565"}],"wp:attachment":[{"href":"https:\/\/projectes.xtec.cat\/memoriaieducacio\/wp-json\/wp\/v2\/media?parent=13185"}],"curies":[{"name":"wp","href":"https:\/\/api.w.org\/{rel}","templated":true}]}}