{"id":13284,"date":"2025-05-09T10:49:32","date_gmt":"2025-05-09T08:49:32","guid":{"rendered":"https:\/\/projectes.xtec.cat\/memoriaieducacio\/?page_id=13284"},"modified":"2025-10-16T11:33:32","modified_gmt":"2025-10-16T09:33:32","slug":"franquisme","status":"publish","type":"page","link":"https:\/\/projectes.xtec.cat\/memoriaieducacio\/recursos\/franquisme\/","title":{"rendered":"Franquisme"},"content":{"rendered":"<table style=\"text-align: center; border-collapse: collapse; border-color: #888888; border-width: 1px; width: 96.6642%; height: 507px;\" border=\"1\" cellspacing=\"0\">\n<tbody>\n<tr style=\"height: 48px;\">\n<td style=\"width: 11.2268%; height: 48px;\"><b>Webs<\/b><\/td>\n<td style=\"width: 26.7503%; height: 48px;\"><a href=\"https:\/\/www.diba.cat\/ca\/web\/exposicions\/-\/segur-que-tomba\">Segur que tomba. Els moviments i accions de lluita antifranquista (1960-1975)<\/a><\/td>\n<td style=\"width: 17.3577%; height: 48px;\"><a href=\"https:\/\/espanaenlibertad.gob.es\/\">Espa\u00f1a en libertad. 50 a\u00f1os<\/a><\/td>\n<td style=\"width: 15.9596%; height: 48px;\"><\/td>\n<td style=\"width: 12.4931%; height: 48px;\"><\/td>\n<td style=\"width: 151.204%; height: 48px;\"><\/td>\n<\/tr>\n<tr style=\"height: 32px;\">\n<td style=\"width: 11.2268%; height: 32px;\"><\/td>\n<td style=\"width: 26.7503%; height: 32px;\"><a href=\"https:\/\/www.youtube.com\/watch?v=7W1eG8Rb0Yo\">Campos sin memoria<\/a><\/td>\n<td style=\"width: 17.3577%; height: 32px;\"><\/td>\n<td style=\"width: 15.9596%; height: 32px;\"><\/td>\n<td style=\"width: 12.4931%; height: 32px;\"><\/td>\n<td style=\"width: 151.204%; height: 32px;\"><\/td>\n<\/tr>\n<tr style=\"height: 32px;\">\n<td style=\"width: 11.2268%; height: 32px;\"><\/td>\n<td style=\"width: 26.7503%; height: 32px;\"><\/td>\n<td style=\"width: 17.3577%; height: 32px;\"><\/td>\n<td style=\"width: 15.9596%; height: 32px;\"><\/td>\n<td style=\"width: 12.4931%; height: 32px;\"><\/td>\n<td style=\"width: 151.204%; height: 32px;\"><\/td>\n<\/tr>\n<tr style=\"height: 32px;\">\n<td style=\"width: 11.2268%; height: 32px;\"><\/td>\n<td style=\"width: 26.7503%; height: 32px;\"><\/td>\n<td style=\"width: 17.3577%; height: 32px;\"><\/td>\n<td style=\"width: 15.9596%; height: 32px;\"><\/td>\n<td style=\"width: 12.4931%; height: 32px;\"><\/td>\n<td style=\"width: 151.204%; height: 32px;\"><\/td>\n<\/tr>\n<tr style=\"height: 50px;\">\n<td style=\"width: 11.2268%; height: 50px;\"><b>Propostes did\u00e0ctiques<\/b><\/td>\n<td style=\"width: 26.7503%; height: 50px;\"><\/td>\n<td style=\"width: 17.3577%; height: 50px;\"><\/td>\n<td style=\"width: 15.9596%; height: 50px;\"><\/td>\n<td style=\"width: 12.4931%; height: 50px;\"><\/td>\n<td style=\"width: 151.204%; height: 50px;\"><\/td>\n<\/tr>\n<tr style=\"height: 32px;\">\n<td style=\"width: 11.2268%; height: 32px;\"><\/td>\n<td style=\"width: 26.7503%; height: 32px;\"><\/td>\n<td style=\"width: 17.3577%; height: 32px;\"><\/td>\n<td style=\"width: 15.9596%; height: 32px;\"><\/td>\n<td style=\"width: 12.4931%; height: 32px;\"><\/td>\n<td style=\"width: 151.204%; height: 32px;\"><\/td>\n<\/tr>\n<tr style=\"height: 50px;\">\n<td style=\"width: 11.2268%; height: 50px;\"><b><br \/>\nFonts documentals<\/b><\/td>\n<td style=\"width: 26.7503%; height: 50px;\"><\/td>\n<td style=\"width: 17.3577%; height: 50px;\"><\/td>\n<td style=\"width: 15.9596%; height: 50px;\"><\/td>\n<td style=\"width: 12.4931%; height: 50px;\"><\/td>\n<td style=\"width: 151.204%; height: 50px;\"><\/td>\n<\/tr>\n<tr style=\"height: 50px;\">\n<td style=\"width: 11.2268%; height: 50px;\"><\/td>\n<td style=\"width: 26.7503%; height: 50px;\"><\/td>\n<td style=\"width: 17.3577%; height: 50px;\"><\/td>\n<td style=\"width: 15.9596%; height: 50px;\"><\/td>\n<td style=\"width: 12.4931%; height: 50px;\"><\/td>\n<td style=\"width: 151.204%; height: 50px;\"><\/td>\n<\/tr>\n<tr style=\"height: 101px;\">\n<td style=\"width: 11.2268%; text-align: center; height: 101px;\"><strong>Llibres<\/strong><\/td>\n<td style=\"width: 26.7503%; height: 101px;\">\n<p class=\"display-4 text-center page-title\" style=\"text-align: left;\"><a href=\"https:\/\/www.cepc.gob.es\/sites\/default\/files\/2024-01\/a-1172-la-transicion-espanola-en-las-aulas-accesible.pdf\">La Transici\u00f3n espa\u00f1ola en las aulas. Historia y memoria en la ense\u00f1anza secundaria<\/a><\/p>\n<p>Andrea Tappi y Javier T\u00e9bar Hurtado (dir.) . Pr\u00f3logo de Andreu Mayayo i Artal<\/td>\n<td style=\"width: 17.3577%; height: 101px;\"><\/td>\n<td style=\"width: 15.9596%; height: 101px;\"><\/td>\n<td style=\"width: 12.4931%; height: 101px;\"><\/td>\n<td style=\"width: 151.204%; height: 101px;\"><\/td>\n<\/tr>\n<tr style=\"height: 32px;\">\n<td style=\"width: 11.2268%; height: 32px;\"><\/td>\n<td style=\"width: 26.7503%; height: 32px;\"><\/td>\n<td style=\"width: 17.3577%; height: 32px;\"><\/td>\n<td style=\"width: 15.9596%; height: 32px;\"><\/td>\n<td style=\"width: 12.4931%; height: 32px;\"><\/td>\n<td style=\"width: 151.204%; height: 32px;\"><\/td>\n<\/tr>\n<tr style=\"height: 16px;\">\n<td style=\"width: 11.2268%; height: 16px;\"><b>Altres<\/b><\/td>\n<td style=\"width: 26.7503%; height: 16px;\"><\/td>\n<td style=\"width: 17.3577%; height: 16px;\"><\/td>\n<td style=\"width: 15.9596%; height: 16px;\"><\/td>\n<td style=\"width: 12.4931%; height: 16px;\"><\/td>\n<td style=\"width: 151.204%; height: 16px;\"><\/td>\n<\/tr>\n<tr style=\"height: 32px;\">\n<td style=\"width: 11.2268%; height: 32px;\"><\/td>\n<td style=\"width: 26.7503%; height: 32px;\"><\/td>\n<td style=\"width: 17.3577%; height: 32px;\"><\/td>\n<td style=\"width: 15.9596%; height: 32px;\"><\/td>\n<td style=\"width: 12.4931%; height: 32px;\"><\/td>\n<td style=\"width: 151.204%; height: 32px;\"><\/td>\n<\/tr>\n<\/tbody>\n<\/table>\n<p>&nbsp;<\/p>\n","protected":false},"excerpt":{"rendered":"<p>Webs<br \/>\n<a href=\"https:\/\/www.diba.cat\/ca\/web\/exposicions\/-\/segur-que-tomba\">Segur que tomba. Els moviments i accions de lluita antifranquista (1960-1975)<\/a><br \/>\n<a href=\"https:\/\/espanaenlibertad.gob.es\/\">Espa\u00f1a en libertad. 50 a\u00f1os<\/a><\/p>\n<p><a href=\"https:\/\/www.youtube.com\/watch?v=7W1eG8Rb0Yo\">Campos sin memoria<\/a><\/p>\n<p>Propostes did\u00e0ctiques<\/p>\n<p>Fonts documentals<\/p>\n<p>Llibres<\/p>\n<p><a href=\"https:\/\/www.cepc.gob.es\/sites\/default\/files\/2024-01\/a-1172-la-transicion-espanola-en-las-aulas-accesible.pdf\">La Transici\u00f3n espa\u00f1ola en las aulas. Historia y memoria en la ense\u00f1anza secundaria<\/a><br \/>\nAndrea Tappi y Javier T\u00e9bar Hurtado (dir.) . Pr\u00f3logo de Andreu&hellip;  <a href=\"https:\/\/projectes.xtec.cat\/memoriaieducacio\/recursos\/franquisme\/\" title=\"Read Franquisme\">Llegeix m\u00e9s\u00bb<\/a><\/p>\n","protected":false},"author":3,"featured_media":0,"parent":8657,"menu_order":30,"comment_status":"closed","ping_status":"closed","template":"page-templates\/side-menu.php","meta":{"_bbp_topic_count":0,"_bbp_reply_count":0,"_bbp_total_topic_count":0,"_bbp_total_reply_count":0,"_bbp_voice_count":0,"_bbp_anonymous_reply_count":0,"_bbp_topic_count_hidden":0,"_bbp_reply_count_hidden":0,"_bbp_forum_subforum_count":0,"footnotes":""},"class_list":["post-13284","page","type-page","status-publish","hentry"],"post_mailing_queue_ids":[],"_links":{"self":[{"href":"https:\/\/projectes.xtec.cat\/memoriaieducacio\/wp-json\/wp\/v2\/pages\/13284","targetHints":{"allow":["GET"]}}],"collection":[{"href":"https:\/\/projectes.xtec.cat\/memoriaieducacio\/wp-json\/wp\/v2\/pages"}],"about":[{"href":"https:\/\/projectes.xtec.cat\/memoriaieducacio\/wp-json\/wp\/v2\/types\/page"}],"author":[{"embeddable":true,"href":"https:\/\/projectes.xtec.cat\/memoriaieducacio\/wp-json\/wp\/v2\/users\/3"}],"replies":[{"embeddable":true,"href":"https:\/\/projectes.xtec.cat\/memoriaieducacio\/wp-json\/wp\/v2\/comments?post=13284"}],"version-history":[{"count":5,"href":"https:\/\/projectes.xtec.cat\/memoriaieducacio\/wp-json\/wp\/v2\/pages\/13284\/revisions"}],"predecessor-version":[{"id":13636,"href":"https:\/\/projectes.xtec.cat\/memoriaieducacio\/wp-json\/wp\/v2\/pages\/13284\/revisions\/13636"}],"up":[{"embeddable":true,"href":"https:\/\/projectes.xtec.cat\/memoriaieducacio\/wp-json\/wp\/v2\/pages\/8657"}],"wp:attachment":[{"href":"https:\/\/projectes.xtec.cat\/memoriaieducacio\/wp-json\/wp\/v2\/media?parent=13284"}],"curies":[{"name":"wp","href":"https:\/\/api.w.org\/{rel}","templated":true}]}}