{"id":13556,"date":"2025-09-02T12:03:23","date_gmt":"2025-09-02T10:03:23","guid":{"rendered":"https:\/\/projectes.xtec.cat\/memoriaieducacio\/?page_id=13556"},"modified":"2025-09-24T17:55:19","modified_gmt":"2025-09-24T15:55:19","slug":"oferta-formativa-grups-demd-2025-2026","status":"publish","type":"page","link":"https:\/\/projectes.xtec.cat\/memoriaieducacio\/el-projecte\/oferta-formativa-grups-demd-2025-2026\/","title":{"rendered":"Oferta formativa grups DEMD 2025-2026"},"content":{"rendered":"<p><strong>INSCRIPCI\u00d3 DE DOCENTS ALS GRUPS I SEMINARIS DE MEM\u00d2RIA DEMD<\/strong><\/p>\n<p style=\"padding-left: 280px;\"><strong>&#8211; Cliqueu sobre codi i nom de l&#8217;activitat de cada grup per accedir al cercador d&#8217;activitats. Poseu el codi de l&#8217;activitat\u00a0 per obtenir informaci\u00f3 del grup i per fer la inscripci\u00f3 quan comenci el per\u00edode d&#8217;inscripci\u00f3<\/strong><\/p>\n<p style=\"padding-left: 280px;\"><strong>&#8211; La inscripci\u00f3\u00a0 estar\u00e0 activa a partir del 5 de setembre i fins al 21 de setembre<\/strong><\/p>\n<hr \/>\n<p><strong>Grup de treball general<\/strong>:\u00a0 \u00a0 \u00a0 \u00a0 \u00a0 \u00a0 \u00a0 <span style=\"color: #993300;\"><strong>GRUP DEMD (Exili, Deportaci\u00f3 i Holocaust)<\/strong><\/span><\/p>\n<p style=\"padding-left: 240px;\"><em><strong>Codi i nom de l&#8217;activitat<\/strong><\/em>:\u00a0 \u00a0 \u00a0 \u00a0 \u00a0 \u00a0 \u00a0 \u00a0 \u00a0 \u00a0<a href=\"https:\/\/xtec.gencat.cat\/ca\/formacio\/info-general\/cercador-activitats\/\">9002400557 Grup de treball DEMD (Exili, Deportaci\u00f3 i Holocaust)<\/a><\/p>\n<p style=\"padding-left: 240px;\"><em><strong>\u00c0mbit:<\/strong><\/em> Per als docents de centres de Barcelona i comarques properes per\u00f2 tamb\u00e9 per als docents de qualsevol lloc de Catalunya que no tingui un grup de mem\u00f2ria proper de la xarxa DEMD.<\/p>\n<h5>\u00a0 \u00a0 \u00a0 \u00a0 El termini d&#8217;inscripci\u00f3 d&#8217;aquest Grup general\u00a0 (codi 9002400557) s&#8217;ha ampliat fins al 13 d&#8217;octubre<\/h5>\n<hr \/>\n<p><strong>Xarxa territorial de grups de mem\u00f2ria DEMD<\/strong>:<\/p>\n<table style=\"border-collapse: collapse; width: 100%;\">\n<tbody>\n<tr>\n<td style=\"width: 50%;\">&nbsp;<\/p>\n<p style=\"padding-left: 80px;\"><span style=\"color: #993300;\"><strong>Exili, Deportaci\u00f3 i Holocaust (Alt Empord\u00e0)<\/strong><\/span><\/p>\n<p style=\"padding-left: 80px; text-align: left;\"><em><strong>Codi i nom de l&#8217;activitat<\/strong><\/em>:<\/p>\n<p style=\"padding-left: 80px; text-align: left;\"><a href=\"https:\/\/xtec.gencat.cat\/ca\/formacio\/info-general\/cercador-activitats\/\">5011301501 Exili, Deportaci\u00f3 i Holocaust (Alt Empord\u00e0) (XI)<\/a><\/p>\n<p style=\"padding-left: 80px; text-align: left;\"><em><strong>\u00c0mbit:<\/strong><\/em> Centres de l&#8217;Alt Empord\u00e0<\/p>\n<p>&nbsp;<\/td>\n<td style=\"width: 50%;\">\n<p style=\"padding-left: 120px;\"><span style=\"color: #993300;\"><strong>Grup DEMD Lleida<\/strong><\/span><\/p>\n<p style=\"padding-left: 120px;\"><em><strong>Codi i nom de l&#8217;activitat<\/strong><\/em>:<\/p>\n<p style=\"padding-left: 120px;\"><a href=\"https:\/\/xtec.gencat.cat\/ca\/formacio\/info-general\/cercador-activitats\/\">6092111609 DEMD &#8211; Lleida Exili, deportaci\u00f3, Holocaust <\/a><\/p>\n<p style=\"padding-left: 120px;\"><em><strong>\u00c0mbit:<\/strong><\/em> Centres de Lleida i comarques properes<\/p>\n<p>&nbsp;<\/td>\n<\/tr>\n<tr>\n<td style=\"width: 50%;\">&nbsp;<\/p>\n<p style=\"padding-left: 80px;\"><span style=\"color: #993300;\"><strong>Grup DEMD Ebre<\/strong><\/span><\/p>\n<p style=\"padding-left: 80px;\"><em><strong>Codi i nom de l&#8217;activitat<\/strong><\/em>:<\/p>\n<p style=\"padding-left: 80px;\"><a href=\"https:\/\/xtec.gencat.cat\/ca\/formacio\/info-general\/cercador-activitats\/\">8060201806 Mem\u00f2ria DEMD &#8211; Ebre (Exili, Deportaci\u00f3, Holocaust)<\/a><\/p>\n<p style=\"padding-left: 80px;\"><em><strong>\u00c0mbit:<\/strong><\/em> Centres de\u00a0 les comarques de Terres de l&#8217;Ebre<\/p>\n<p>&nbsp;<\/td>\n<td style=\"width: 50%;\">\n<p style=\"padding-left: 120px;\"><span style=\"color: #993300;\"><strong>Grup DEMD Camp de Tarragona<\/strong><\/span><\/p>\n<p style=\"padding-left: 120px;\"><em><strong>Codi i nom de l&#8217;activitat<\/strong><\/em>:<\/p>\n<p style=\"padding-left: 120px;\"><a href=\"https:\/\/xtec.gencat.cat\/ca\/formacio\/info-general\/cercador-activitats\/\">7000010507 Grup DEMD<\/a><\/p>\n<p style=\"padding-left: 120px;\"><em><strong>\u00c0mbit:<\/strong><\/em> Centres deTarragona i comarques properes<\/p>\n<p>&nbsp;<\/td>\n<\/tr>\n<tr>\n<td style=\"width: 50%;\">&nbsp;<\/p>\n<p style=\"padding-left: 80px;\"><span style=\"color: #993300;\"><strong>Grup ICSVO-DEMD Vall\u00e8s Oriental<\/strong><\/span><\/p>\n<p style=\"padding-left: 80px;\"><em><strong>Codi i nom de l&#8217;activitat<\/strong><\/em>:<\/p>\n<p style=\"padding-left: 80px;\"><a href=\"https:\/\/xtec.gencat.cat\/ca\/formacio\/info-general\/cercador-activitats\/\">A130451A13 ICSVO-DEMD (Internet i les Ci\u00e8ncies socials al Vall\u00e8s Oriental &#8211; Dep. Educaci\u00f3 Memorial Democr\u00e0tic)<\/a><\/p>\n<p style=\"padding-left: 80px;\"><em><strong>\u00a0\u00c0mbit:<\/strong><\/em> Centres del Vall\u00e8s Oriental<\/p>\n<p>&nbsp;<\/td>\n<td style=\"width: 50%;\">\n<p style=\"padding-left: 80px;\"><span style=\"color: #993300;\"><strong>Projecte Manresa-Mauthausen &#8211; DEMD Bages<\/strong><\/span><\/p>\n<p style=\"padding-left: 80px;\"><em><strong>Codi i nom de l&#8217;activitat<\/strong><\/em>:<\/p>\n<p style=\"padding-left: 80px;\"><a href=\"https:\/\/xtec.gencat.cat\/ca\/formacio\/info-general\/cercador-activitats\/\">B020121B02 Projecte Manresa-Mauthausen (grup DEMD &#8211; Departament d&#8217;Educaci\u00f3 \/ Memorial Democr\u00e0tic)<\/a><\/p>\n<p style=\"padding-left: 80px;\"><em><strong>\u00c0mbit:<\/strong><\/em> Centres del Bages<\/p>\n<\/td>\n<\/tr>\n<tr>\n<td style=\"width: 50%;\">\n<p style=\"padding-left: 120px;\"><span style=\"color: #993300;\"><strong>Grup DEMD Pallars<\/strong><\/span><\/p>\n<p style=\"padding-left: 120px;\"><em><strong>Codi i nom de l&#8217;activitat<\/strong><\/em>:<\/p>\n<p style=\"padding-left: 120px;\"><a href=\"https:\/\/xtec.gencat.cat\/ca\/formacio\/info-general\/cercador-activitats\/\">6150311615 Grup DEMD &#8211; Pallars (Exili, deportaci\u00f3, Holocaust)<\/a><\/p>\n<p style=\"padding-left: 120px;\"><em><strong>\u00c0mbit:<\/strong><\/em> Centres dels Pallars<\/p>\n<\/td>\n<td style=\"width: 50%;\">&nbsp;<\/p>\n<p style=\"padding-left: 80px;\"><span style=\"color: #993300;\"><strong>Grup DEMD Garraf-Pened\u00e8s<\/strong><\/span><\/p>\n<p style=\"padding-left: 80px;\"><em><strong>Codi i nom de l&#8217;activitat<\/strong><\/em>:<\/p>\n<p style=\"padding-left: 80px;\"><a href=\"https:\/\/xtec.gencat.cat\/ca\/formacio\/info-general\/cercador-activitats\/\">2081191208\u00a0 Projecte Buchenwald &#8211; Grup DEMD Garraf-Pened\u00e8s<\/a><\/p>\n<p style=\"padding-left: 80px;\"><em><strong>\u00a0\u00c0mbit:<\/strong><\/em> Centres del Garraf i comarques properes<\/p>\n<p>&nbsp;<\/td>\n<\/tr>\n<tr>\n<td style=\"width: 50%;\">\n<p style=\"padding-left: 120px;\"><span style=\"color: #993300;\"><strong>Grup DEMD Giron\u00e8s<\/strong><\/span><\/p>\n<p style=\"padding-left: 120px;\"><em><strong>Codi i nom de l&#8217;activitat<\/strong><\/em>:<\/p>\n<p style=\"padding-left: 120px;\">\u00a0Exili, Deportaci\u00f3 i Holocaust (Giron\u00e8s)<\/p>\n<p style=\"padding-left: 120px;\"><em><strong>\u00a0\u00c0mbit:<\/strong><\/em> Centres de Girona i comarques properes<\/p>\n<\/td>\n<td style=\"width: 50%;\">&nbsp;<\/p>\n<p style=\"padding-left: 120px;\"><span style=\"color: #993300;\"><strong>Grup DEMD Garrotxa<\/strong><\/span><\/p>\n<p style=\"padding-left: 120px;\"><em><strong>Codi i nom de l&#8217;activitat<\/strong><\/em>:<\/p>\n<p style=\"padding-left: 120px;\"><a href=\"https:\/\/xtec.gencat.cat\/ca\/formacio\/info-general\/cercador-activitats\/\">5040271504\u00a0 Mem\u00f2ria Hist\u00f2rica. Exili, Deportaci\u00f3 i Holocaust (Garrotxa III)<\/a><\/p>\n<p style=\"padding-left: 120px;\"><em><strong>\u00a0\u00c0mbit:<\/strong><\/em> Centres de la Garrotxa<\/p>\n<p>&nbsp;<\/td>\n<\/tr>\n<tr>\n<td style=\"width: 50%;\">\n<p style=\"padding-left: 120px;\"><span style=\"color: #993300;\"><strong>Grup DEMD Pla de l&#8217;Estany<\/strong><\/span><\/p>\n<p style=\"padding-left: 120px;\"><em><strong>Codi i nom de l&#8217;activitat<\/strong><\/em>:<\/p>\n<p style=\"padding-left: 120px;\"><a href=\"https:\/\/xtec.gencat.cat\/ca\/formacio\/info-general\/cercador-activitats\/\">5061151506 El passat en com\u00fa: mem\u00f2ria hist\u00f2rica i di\u00e0leg intergeneracional<\/a><\/p>\n<p style=\"padding-left: 120px;\"><em><strong>\u00a0\u00c0mbit:<\/strong><\/em> Centres del Pla de l&#8217;Estany<\/p>\n<p style=\"padding-left: 80px;\"><span style=\"color: #993300;\"><strong>\u00a0<\/strong><\/span><\/p>\n<\/td>\n<td style=\"width: 50%;\">\n<p style=\"padding-left: 120px;\"><span style=\"color: #993300;\"><strong>\u00a0<\/strong><\/span><\/p>\n<\/td>\n<\/tr>\n<\/tbody>\n<\/table>\n<p>&nbsp;<\/p>\n<p>&nbsp;<\/p>\n<p>&nbsp;<\/p>\n<p>&nbsp;<\/p>\n<p>&nbsp;<\/p>\n<p>&nbsp;<\/p>\n","protected":false},"excerpt":{"rendered":"<p>INSCRIPCI\u00d3 DE DOCENTS ALS GRUPS I SEMINARIS DE MEM\u00d2RIA DEMD<br \/>\n&#8211; Cliqueu sobre codi i nom de l&#8217;activitat de cada grup per accedir al cercador d&#8217;activitats. Poseu el codi de l&#8217;activitat\u00a0 per obtenir informaci\u00f3 del grup i per fer la inscripci\u00f3 quan comenci el per\u00edode d&#8217;inscripci\u00f3<br \/>\n&#8211;&hellip;  <a href=\"https:\/\/projectes.xtec.cat\/memoriaieducacio\/el-projecte\/oferta-formativa-grups-demd-2025-2026\/\" title=\"Read Oferta formativa grups DEMD 2025-2026\">Llegeix m\u00e9s\u00bb<\/a><\/p>\n","protected":false},"author":3,"featured_media":0,"parent":806,"menu_order":40,"comment_status":"closed","ping_status":"closed","template":"page-templates\/side-menu.php","meta":{"_bbp_topic_count":0,"_bbp_reply_count":0,"_bbp_total_topic_count":0,"_bbp_total_reply_count":0,"_bbp_voice_count":0,"_bbp_anonymous_reply_count":0,"_bbp_topic_count_hidden":0,"_bbp_reply_count_hidden":0,"_bbp_forum_subforum_count":0,"footnotes":""},"class_list":["post-13556","page","type-page","status-publish","hentry"],"post_mailing_queue_ids":[],"_links":{"self":[{"href":"https:\/\/projectes.xtec.cat\/memoriaieducacio\/wp-json\/wp\/v2\/pages\/13556","targetHints":{"allow":["GET"]}}],"collection":[{"href":"https:\/\/projectes.xtec.cat\/memoriaieducacio\/wp-json\/wp\/v2\/pages"}],"about":[{"href":"https:\/\/projectes.xtec.cat\/memoriaieducacio\/wp-json\/wp\/v2\/types\/page"}],"author":[{"embeddable":true,"href":"https:\/\/projectes.xtec.cat\/memoriaieducacio\/wp-json\/wp\/v2\/users\/3"}],"replies":[{"embeddable":true,"href":"https:\/\/projectes.xtec.cat\/memoriaieducacio\/wp-json\/wp\/v2\/comments?post=13556"}],"version-history":[{"count":7,"href":"https:\/\/projectes.xtec.cat\/memoriaieducacio\/wp-json\/wp\/v2\/pages\/13556\/revisions"}],"predecessor-version":[{"id":13613,"href":"https:\/\/projectes.xtec.cat\/memoriaieducacio\/wp-json\/wp\/v2\/pages\/13556\/revisions\/13613"}],"up":[{"embeddable":true,"href":"https:\/\/projectes.xtec.cat\/memoriaieducacio\/wp-json\/wp\/v2\/pages\/806"}],"wp:attachment":[{"href":"https:\/\/projectes.xtec.cat\/memoriaieducacio\/wp-json\/wp\/v2\/media?parent=13556"}],"curies":[{"name":"wp","href":"https:\/\/api.w.org\/{rel}","templated":true}]}}