{"id":13750,"date":"2025-11-25T18:21:06","date_gmt":"2025-11-25T17:21:06","guid":{"rendered":"https:\/\/projectes.xtec.cat\/memoriaieducacio\/?page_id=13750"},"modified":"2025-11-28T20:30:29","modified_gmt":"2025-11-28T19:30:29","slug":"acte-50-anys","status":"publish","type":"page","link":"https:\/\/projectes.xtec.cat\/memoriaieducacio\/activitats\/acte-50-anys\/","title":{"rendered":"Acte  &#8220;50 anys de la lluita per la recuperaci\u00f3 de les llibertats. Per un futur millor&#8221;"},"content":{"rendered":"<p><a href=\"https:\/\/projectes.xtec.cat\/memoriaieducacio\/wp-content\/uploads\/usu2168\/2025\/11\/ActeParninfUB_900x506.jpg\"><img loading=\"lazy\" decoding=\"async\" class=\"size-full wp-image-13748 aligncenter\" src=\"https:\/\/projectes.xtec.cat\/memoriaieducacio\/wp-content\/uploads\/usu2168\/2025\/11\/ActeParninfUB_900x506.jpg\" alt=\"\" width=\"900\" height=\"506\" srcset=\"https:\/\/projectes.xtec.cat\/memoriaieducacio\/wp-content\/uploads\/usu2168\/2025\/11\/ActeParninfUB_900x506.jpg 900w, https:\/\/projectes.xtec.cat\/memoriaieducacio\/wp-content\/uploads\/usu2168\/2025\/11\/ActeParninfUB_900x506-300x169.jpg 300w, https:\/\/projectes.xtec.cat\/memoriaieducacio\/wp-content\/uploads\/usu2168\/2025\/11\/ActeParninfUB_900x506-768x432.jpg 768w\" sizes=\"auto, (max-width: 900px) 100vw, 900px\" \/><\/a><\/p>\n<p>El 7 de novembre de 2025 al Paranimf de la Universitat de Barcelona, el Memorial Democr\u00e0tic i el Departament de Just\u00edcia i Qualitat Democr\u00e0tica, conjuntament amb el Departament d\u2019Educaci\u00f3 i Formaci\u00f3 Professional, han organitzat l\u2019acte institucional \u201c<strong>1975-2025. La recuperaci\u00f3 dels drets i les llibertats democr\u00e0tiques; la construcci\u00f3 d\u2019un futur millor<\/strong>\u201d.<\/p>\n<p>L\u2019esdeveniment commemora el 50\u00e8 aniversari del final de la dictadura franquista i reconeix el paper del moviment antifranquista en la recuperaci\u00f3 de les llibertats democr\u00e0tiques, aix\u00ed com la transmissi\u00f3 d\u2019aquest llegat a les noves generacions.<\/p>\n<p>El mes de novembre de 1975 es produ\u00efa un punt d\u2019inflexi\u00f3 en el moviment antifranquista. La mort del dictador Francisco Franco va comportar una acceleraci\u00f3 en el proc\u00e9s de lluita per a la restituci\u00f3 democr\u00e0tica que havia comen\u00e7at uns anys abans. Concretament, com a gran fita, el 7 de novembre de 1971 s\u2019havia fundat a la clandestinitat l\u2019Assemblea de Catalunya. Una plataforma que recollia les aspiracions de les formacions pol\u00edtiques opositores i de bona part de la societat civil catalana favorables a un canvi democr\u00e0tic.<\/p>\n<h5><strong>L\u2019alumnat, protagonista de la mem\u00f2ria democr\u00e0tica<\/strong><\/h5>\n<p>L\u2019acte posa el focus en la implicaci\u00f3 de les persones joves en la preservaci\u00f3 de la mem\u00f2ria hist\u00f2rica. Alumnes de sis centres educatius de Catalunya han treballat conjuntament amb membres d\u2019associacions memorialistes per reflexionar sobre les diferents formes de lluita durant el franquisme.<\/p>\n<p>A partir del di\u00e0leg amb testimonis reals, l\u2019alumnat esdev\u00e9 portaveu de la diversitat de l\u2019antifranquisme i ret homenatge a les persones que van fer possible el progr\u00e9s democr\u00e0tic i la fi de la dictadura.<\/p>\n<p>Els centres participants, les tem\u00e0tiques treballades, els testimonis participants i els textos elaborats per cada centre han estat:<\/p>\n<table style=\"border-collapse: collapse; width: 100%;\">\n<tbody>\n<tr>\n<td style=\"width: 33.3333%;\">\n<h5 style=\"text-align: center;\"><strong>Institut-Escola Arts<\/strong> de Barcelona<\/h5>\n<p style=\"text-align: center;\">\u00a0La lluita estudiantil.<\/p>\n<p style=\"text-align: center;\">Testimoni de Carlota Falgueras<\/p>\n<p style=\"text-align: center;\">Text: <a href=\"https:\/\/drive.google.com\/file\/d\/1TtH0nXLN-M3Y4-31p9wXA-9X9a4OlngF\/view?usp=sharing\"><strong>Estudiants antifranquistes<\/strong><\/a><\/p>\n<\/td>\n<td style=\"width: 33.3333%;\">\n<h5 style=\"text-align: center;\"><strong>Institut Vila de Gr\u00e0cia<\/strong> de Barcelona<\/h5>\n<p style=\"text-align: center;\">La lluita de g\u00e8nere i LGTBIQ+<\/p>\n<p style=\"text-align: center;\">Testimoni de Lola Mayoral<\/p>\n<p style=\"text-align: center;\">Text: <a href=\"https:\/\/drive.google.com\/file\/d\/1hx4p4pi_3ZtFJkdEbUxd5hYFrmKZs7Mh\/view?usp=sharing\"><strong>Hereus i hereves de les que van lluitar<\/strong><\/a><\/p>\n<\/td>\n<td style=\"width: 33.3333%;\">\n<h5 style=\"text-align: center;\"><strong>Institut Montserrat Roig<\/strong> de Terrassa<\/h5>\n<p style=\"text-align: center;\">La lluita pol\u00edtica<\/p>\n<p style=\"text-align: center;\">Testimoni de Dom\u00e8nec Mart\u00ednez<\/p>\n<p style=\"text-align: center;\">Text: <a href=\"https:\/\/drive.google.com\/file\/d\/1YHFNkYrx91xGUavyZ8EZ1oHbU56Golt4\/view?usp=sharing\"><strong>Homenatge a la Lluita Pol\u00edtica<\/strong><\/a><\/p>\n<\/td>\n<\/tr>\n<tr>\n<td style=\"width: 33.3333%;\">\n<h5 style=\"text-align: center;\"><strong>Institut Merc\u00e8 Rodoreda<\/strong>\u00a0de l\u2019Hospitalet de Llobregat<\/h5>\n<p style=\"text-align: center;\">La lluita ve\u00efnal<\/p>\n<p style=\"text-align: center;\">Testimoni de Conxita S\u00e1nchez<\/p>\n<p style=\"text-align: center;\">Text: <a href=\"https:\/\/drive.google.com\/file\/d\/1YNd8CKqJfyutpmOFPTzvbwLjqmLdJCRh\/view?usp=sharing\"><strong>Moviment ve\u00efnal durant el tardofranquisme<\/strong><\/a><\/p>\n<\/td>\n<td style=\"width: 33.3333%;\">\n<h5 style=\"text-align: center;\"><strong>Institut La Mallola<\/strong> d&#8217;Esplugues de Llobregat<\/h5>\n<p style=\"text-align: center;\">La lluita obrera<\/p>\n<p style=\"text-align: center;\">Testimoni de Carles Vallejo i Mari Carmen Romero<\/p>\n<p style=\"text-align: center;\">Text: <a href=\"https:\/\/drive.google.com\/file\/d\/1xbivhuoUm6nud8yi8keLE-DrJ5lsYx-2\/view?usp=sharing\"><b>L\u2019Antifranquisme i la Lluita Obrera: la forja de la llibertat al Baix Llobregat (1974-1976)<\/b><\/a><\/p>\n<\/td>\n<td style=\"width: 33.3333%;\">\n<h5 style=\"text-align: center;\"><strong>Institut Badalona VII<\/strong>\u00a0 de Badalona<\/h5>\n<p style=\"text-align: center;\">La lluita per la llengua i la cultura<\/p>\n<p style=\"text-align: center;\">Testimoni de Fina Pedr\u00f3s<\/p>\n<p style=\"text-align: center;\">Text: <a href=\"https:\/\/drive.google.com\/file\/d\/1iW7NRFDQXREcqyXPrRMS-Qz6ltrOQspI\/view?usp=sharing\"><strong>Llengua i cultura; constru\u00efm societat<\/strong><\/a><\/p>\n<p>&nbsp;<\/td>\n<\/tr>\n<\/tbody>\n<\/table>\n<p>L\u2019acte ha estat condu\u00eft per <strong>M\u00edriam Escurriola<\/strong> i ha comen\u00e7at amb la benvinguda del vicerector de Cultura, Mem\u00f2ria i Patrimoni de la Universitat de Barcelona, <strong>Agust\u00ed Alcoberro i Pericay<\/strong>. Despr\u00e9s han intervengut el conseller de Just\u00edcia i Qualitat Democr\u00e0tica, <strong>Ramon Espadaler i Parcerisas<\/strong>, i la consellera d\u2019Educaci\u00f3 i Formaci\u00f3 Professional,\u00a0<strong>Esther Niub\u00f3<\/strong>.<\/p>\n<p>A continuaci\u00f3, alumnes de cada centre han llegit els diversos textos sobre les tem\u00e0tiques que s&#8217;han treballat (<em>els textos es poden obrir i llegir clicant a sobre de cada t\u00edtol<\/em>)<\/p>\n<p>Finalment,<strong> Dom\u00e8nec Mart\u00ednez<\/strong>, membre del Consell de Participaci\u00f3 del Memorial Democr\u00e0tic i antic militant represalitat pel franquisme, ha intervengut abans de la cloenda de l\u2019acte, que ha anat a c\u00e0rrec del president de la Generalitat de Catalunya, <strong>Salvador Illa i Roca<\/strong>.<\/p>\n<p>La m\u00fasica ha estat a c\u00e0rrec del cantautor <strong>Pau Alabajos<\/strong>, que ha interpretat tres peces emblem\u00e0tiques: <em>Qu\u00e8 volen aquesta gent<\/em>, de Maria del Mar Bonet,\u00a0<em>Jo vinc d\u2019un silenci<\/em>, de Raimon i\u00a0<em>Assumir\u00e0s la veu d\u2019un poble<\/em>, de Vicent Andr\u00e9s Estell\u00e9s.<\/p>\n<table style=\"border-collapse: collapse; width: 100%;\">\n<tbody>\n<tr>\n<td style=\"width: 50%;\">\n<h4 style=\"text-align: center;\">IMATGES DE L&#8217;ACTE<\/h4>\n<\/td>\n<td style=\"width: 50%;\">\n<h4 style=\"text-align: center;\">V\u00cdDEO<\/h4>\n<\/td>\n<\/tr>\n<tr>\n<td style=\"width: 50%;\">\n<h4 style=\"text-align: center;\">\r\n\t<div class=\"slideshow_container slideshow_container_style-light\" style=\"height: 300px; \" data-slideshow-id=\"13763\" data-style-name=\"style-light\" data-style-version=\"2.3.1\" >\r\n\r\n\t\t\t\t\t<div class=\"slideshow_loading_icon\"><\/div>\r\n\t\t\r\n\t\t<div class=\"slideshow_content\" style=\"display: none;\">\r\n\r\n\t\t\t<div class=\"slideshow_view\">\r\n\t\t\t\t<div class=\"slideshow_slide slideshow_slide_image\">\r\n\t\t\t\t\t\t\t\t\t\t\t<img src=\"https:\/\/projectes.xtec.cat\/memoriaieducacio\/wp-content\/uploads\/usu2168\/2025\/11\/fotooficial1_-745x490-1.jpg\" alt=\"Centres participants i representants institucionals\" width=\"745\" height=\"490\" \/>\r\n\t\t\t\t\t\t\t\t\t\t<div class=\"slideshow_description_box slideshow_transparent\">\r\n\t\t\t\t\t\t<div class=\"slideshow_title\">Centres participants i representants institucionals<\/div>\t\t\t\t\t\t\t\t\t\t\t<\/div>\r\n\t\t\t\t<\/div>\r\n\r\n\t\t\t\t\t\t<div style=\"clear: both;\"><\/div><\/div><div class=\"slideshow_view\">\r\n\t\t\t\t<div class=\"slideshow_slide slideshow_slide_image\">\r\n\t\t\t\t\t\t\t\t\t\t\t<img src=\"https:\/\/projectes.xtec.cat\/memoriaieducacio\/wp-content\/uploads\/usu2168\/2025\/11\/presentacio-acte_745x450.jpg\" alt=\"presentacio acte\" width=\"745\" height=\"450\" \/>\r\n\t\t\t\t\t\t\t\t\t\t<div class=\"slideshow_description_box slideshow_transparent\">\r\n\t\t\t\t\t\t<div class=\"slideshow_title\">presentacio acte<\/div>\t\t\t\t\t\t\t\t\t\t\t<\/div>\r\n\t\t\t\t<\/div>\r\n\r\n\t\t\t\t\t\t<div style=\"clear: both;\"><\/div><\/div><div class=\"slideshow_view\">\r\n\t\t\t\t<div class=\"slideshow_slide slideshow_slide_image\">\r\n\t\t\t\t\t\t\t\t\t\t\t<img src=\"https:\/\/projectes.xtec.cat\/memoriaieducacio\/wp-content\/uploads\/usu2168\/2025\/11\/actuacio-Pau-Alabajos_650x500.jpg\" alt=\"actuacio\u0301 Pau Alabajos_650x500\" width=\"650\" height=\"500\" \/>\r\n\t\t\t\t\t\t\t\t\t\t<div class=\"slideshow_description_box slideshow_transparent\">\r\n\t\t\t\t\t\t<div class=\"slideshow_title\">actuacio\u0301 Pau Alabajos_650x500<\/div>\t\t\t\t\t\t\t\t\t\t\t<\/div>\r\n\t\t\t\t<\/div>\r\n\r\n\t\t\t\t\t\t<div style=\"clear: both;\"><\/div><\/div><div class=\"slideshow_view\">\r\n\t\t\t\t<div class=\"slideshow_slide slideshow_slide_image\">\r\n\t\t\t\t\t\t\t\t\t\t\t<img src=\"https:\/\/projectes.xtec.cat\/memoriaieducacio\/wp-content\/uploads\/usu2168\/2025\/11\/intervencio-alumnes_745x450.jpg\" alt=\"intervencio alumnes_745x450\" width=\"745\" height=\"450\" \/>\r\n\t\t\t\t\t\t\t\t\t\t<div class=\"slideshow_description_box slideshow_transparent\">\r\n\t\t\t\t\t\t<div class=\"slideshow_title\">intervencio alumnes_745x450<\/div>\t\t\t\t\t\t\t\t\t\t\t<\/div>\r\n\t\t\t\t<\/div>\r\n\r\n\t\t\t\t\t\t<div style=\"clear: both;\"><\/div><\/div><div class=\"slideshow_view\">\r\n\t\t\t\t<div class=\"slideshow_slide slideshow_slide_image\">\r\n\t\t\t\t\t\t\t\t\t\t\t<img src=\"https:\/\/projectes.xtec.cat\/memoriaieducacio\/wp-content\/uploads\/usu2168\/2025\/11\/intervencio-President-Illa_750x380.jpg\" alt=\"intervencio President Illa\" width=\"750\" height=\"380\" \/>\r\n\t\t\t\t\t\t\t\t\t\t<div class=\"slideshow_description_box slideshow_transparent\">\r\n\t\t\t\t\t\t<div class=\"slideshow_title\">intervencio President Illa<\/div>\t\t\t\t\t\t\t\t\t\t\t<\/div>\r\n\t\t\t\t<\/div>\r\n\r\n\t\t\t\t\t\t<div style=\"clear: both;\"><\/div><\/div>\r\n\t\t<\/div>\r\n\r\n\t\t<div class=\"slideshow_controlPanel slideshow_transparent\" style=\"display: none;\"><ul><li class=\"slideshow_togglePlay\" data-play-text=\"Visualitza\" data-pause-text=\"Pausa\"><\/li><\/ul><\/div>\r\n\r\n\t\t<div class=\"slideshow_button slideshow_previous slideshow_transparent\" role=\"button\" data-previous-text=\"Anterior\" style=\"display: none;\"><\/div>\r\n\t\t<div class=\"slideshow_button slideshow_next slideshow_transparent\" role=\"button\" data-next-text=\"Seg\u00fcent\" style=\"display: none;\"><\/div>\r\n\r\n\t\t<div class=\"slideshow_pagination\" style=\"display: none;\" data-go-to-text=\"V\u00e9s a la diapositiva\"><div class=\"slideshow_pagination_center\"><\/div><\/div>\r\n\r\n\t\t<!-- WordPress Slideshow Version 2.3.1 -->\r\n\r\n\t\t\t<\/div>\r\n\r\n<\/h4>\n<\/td>\n<td style=\"width: 50%;\">\n<h4 style=\"text-align: center;\"><a href=\"https:\/\/www.youtube.com\/live\/HqMKykDbJoY?si=6gIhRdFwV66sfMPN\"><img loading=\"lazy\" decoding=\"async\" class=\"size-full wp-image-13737 aligncenter\" src=\"https:\/\/projectes.xtec.cat\/memoriaieducacio\/wp-content\/uploads\/usu2168\/2025\/11\/acte1975-2025_-600x322-1.jpg\" alt=\"\" width=\"600\" height=\"322\" srcset=\"https:\/\/projectes.xtec.cat\/memoriaieducacio\/wp-content\/uploads\/usu2168\/2025\/11\/acte1975-2025_-600x322-1.jpg 600w, https:\/\/projectes.xtec.cat\/memoriaieducacio\/wp-content\/uploads\/usu2168\/2025\/11\/acte1975-2025_-600x322-1-300x161.jpg 300w\" sizes=\"auto, (max-width: 600px) 100vw, 600px\" \/><\/a><\/h4>\n<\/td>\n<\/tr>\n<\/tbody>\n<\/table>\n","protected":false},"excerpt":{"rendered":"<p><a href=\"https:\/\/projectes.xtec.cat\/memoriaieducacio\/wp-content\/uploads\/usu2168\/2025\/11\/ActeParninfUB_900x506.jpg\"><\/a><br \/>\nEl 7 de novembre de 2025 al Paranimf de la Universitat de Barcelona, el Memorial Democr\u00e0tic i el Departament de Just\u00edcia i Qualitat Democr\u00e0tica, conjuntament amb el Departament d\u2019Educaci\u00f3 i Formaci\u00f3 Professional, han organitzat l\u2019acte institucional \u201c1975-2025. La recuperaci\u00f3 dels drets i les llibertats&hellip;  <a href=\"https:\/\/projectes.xtec.cat\/memoriaieducacio\/activitats\/acte-50-anys\/\" title=\"Read Acte  &#8220;50 anys de la lluita per la recuperaci\u00f3 de les llibertats. Per un futur millor&#8221;\">Llegeix m\u00e9s\u00bb<\/a><\/p>\n","protected":false},"author":3,"featured_media":0,"parent":8565,"menu_order":0,"comment_status":"closed","ping_status":"closed","template":"page-templates\/side-menu.php","meta":{"_bbp_topic_count":0,"_bbp_reply_count":0,"_bbp_total_topic_count":0,"_bbp_total_reply_count":0,"_bbp_voice_count":0,"_bbp_anonymous_reply_count":0,"_bbp_topic_count_hidden":0,"_bbp_reply_count_hidden":0,"_bbp_forum_subforum_count":0,"footnotes":""},"class_list":["post-13750","page","type-page","status-publish","hentry"],"post_mailing_queue_ids":[],"_links":{"self":[{"href":"https:\/\/projectes.xtec.cat\/memoriaieducacio\/wp-json\/wp\/v2\/pages\/13750","targetHints":{"allow":["GET"]}}],"collection":[{"href":"https:\/\/projectes.xtec.cat\/memoriaieducacio\/wp-json\/wp\/v2\/pages"}],"about":[{"href":"https:\/\/projectes.xtec.cat\/memoriaieducacio\/wp-json\/wp\/v2\/types\/page"}],"author":[{"embeddable":true,"href":"https:\/\/projectes.xtec.cat\/memoriaieducacio\/wp-json\/wp\/v2\/users\/3"}],"replies":[{"embeddable":true,"href":"https:\/\/projectes.xtec.cat\/memoriaieducacio\/wp-json\/wp\/v2\/comments?post=13750"}],"version-history":[{"count":7,"href":"https:\/\/projectes.xtec.cat\/memoriaieducacio\/wp-json\/wp\/v2\/pages\/13750\/revisions"}],"predecessor-version":[{"id":13778,"href":"https:\/\/projectes.xtec.cat\/memoriaieducacio\/wp-json\/wp\/v2\/pages\/13750\/revisions\/13778"}],"up":[{"embeddable":true,"href":"https:\/\/projectes.xtec.cat\/memoriaieducacio\/wp-json\/wp\/v2\/pages\/8565"}],"wp:attachment":[{"href":"https:\/\/projectes.xtec.cat\/memoriaieducacio\/wp-json\/wp\/v2\/media?parent=13750"}],"curies":[{"name":"wp","href":"https:\/\/api.w.org\/{rel}","templated":true}]}}