{"id":13827,"date":"2026-01-23T17:23:46","date_gmt":"2026-01-23T16:23:46","guid":{"rendered":"https:\/\/projectes.xtec.cat\/memoriaieducacio\/?page_id=13827"},"modified":"2026-02-18T18:02:17","modified_gmt":"2026-02-18T17:02:17","slug":"dia-internacional-en-memoria-de-les-victimes-de-lholocaust-2026","status":"publish","type":"page","link":"https:\/\/projectes.xtec.cat\/memoriaieducacio\/activitats\/dia-internacional-victimes-de-lholocaust\/dia-internacional-en-memoria-de-les-victimes-de-lholocaust-2026\/","title":{"rendered":"2026"},"content":{"rendered":"<table style=\"border-collapse: collapse; width: 100%;\">\n<tbody>\n<tr>\n<td style=\"width: 50%;\"><a href=\"https:\/\/projectes.xtec.cat\/memoriaieducacio\/wp-content\/uploads\/usu2168\/2026\/01\/Cartell-Acte-Llotja-Lleida-2026_800x1124.jpg\"><img loading=\"lazy\" decoding=\"async\" class=\" wp-image-13821 aligncenter\" src=\"https:\/\/projectes.xtec.cat\/memoriaieducacio\/wp-content\/uploads\/usu2168\/2026\/01\/Cartell-Acte-Llotja-Lleida-2026_800x1124-729x1024.jpg\" alt=\"\" width=\"377\" height=\"530\" srcset=\"https:\/\/projectes.xtec.cat\/memoriaieducacio\/wp-content\/uploads\/usu2168\/2026\/01\/Cartell-Acte-Llotja-Lleida-2026_800x1124-729x1024.jpg 729w, https:\/\/projectes.xtec.cat\/memoriaieducacio\/wp-content\/uploads\/usu2168\/2026\/01\/Cartell-Acte-Llotja-Lleida-2026_800x1124-214x300.jpg 214w, https:\/\/projectes.xtec.cat\/memoriaieducacio\/wp-content\/uploads\/usu2168\/2026\/01\/Cartell-Acte-Llotja-Lleida-2026_800x1124-768x1079.jpg 768w, https:\/\/projectes.xtec.cat\/memoriaieducacio\/wp-content\/uploads\/usu2168\/2026\/01\/Cartell-Acte-Llotja-Lleida-2026_800x1124.jpg 800w\" sizes=\"auto, (max-width: 377px) 100vw, 377px\" \/><\/a><\/td>\n<td style=\"width: 50%;\">\n<h1>Acte en mem\u00f2ria a les v\u00edctimes de l\u2019Holocaust:\u00a0Unint Generacions<\/h1>\n<p>&nbsp;<\/p>\n<h6><strong>Departament de Just\u00edcia i Qualitat Democr\u00e0tica \u2013 Memorial Democr\u00e0tic<\/strong><br \/>\n<strong>Departament d\u2019Educaci\u00f3 i Formaci\u00f3 Professional<\/strong><br \/>\n<strong>Oficina del Parlament Europeu de Barcelona<\/strong><br \/>\n<strong>Paeria de Lleida<\/strong><\/h6>\n<p>&nbsp;<\/p>\n<p><strong>Data: Dilluns 26\/01\/2026<\/strong><\/p>\n<p><strong>Horari: 10.30h-13.00h<\/strong><\/p>\n<p><strong>Lloc: Teatre la Llotja, avinguda de Tortosa, 6-8. Lleida<\/strong><\/td>\n<\/tr>\n<\/tbody>\n<\/table>\n<h2>QU\u00c8 ES COMMEMORA?<\/h2>\n<p>El 27 de gener es commemora l\u2019alliberament del camp d\u2019Auschwitz-Birkenau i es recorda a les v\u00edctimes de l\u2019Holocaust. En aquest sentit, des del Memorial Democr\u00e0tic i el Departament d\u2019Educaci\u00f3 i Formaci\u00f3 Professional es promou el treball amb els centres educatius d\u2019arreu de Catalunya amb l\u2019elaboraci\u00f3 d\u2019un projecte que cada any canvia de lema a fi de treballar-ho a l\u2019aula. Aquest 2026 es tracta d\u2019<a href=\"https:\/\/hmd.org.uk\/hmd-theme-2026\/\"><strong>Unir Generacions<\/strong><\/a>.<\/p>\n<p>Es planteja que l\u2019alumnat busqui informaci\u00f3 sobre persones deportades responent a les seg\u00fcents preguntes: <em>Qui era? Qu\u00e8 li va passar? Per qu\u00e8 cal recordar-lo avui?<\/em> <em>Com se\u2019l recorda?<\/em><\/p>\n<p>Amb les conclusions desenvolupades per cada centre, fruit d\u2019aquest treball previ, es proposa la seva participaci\u00f3 a l\u2019acte central.<\/p>\n<h2>ON ES FA L&#8217;ACTE CONJUNT?<\/h2>\n<p>Aquest any unint-nos a l\u2019Oficina del Parlament Europeu de Barcelona amb la seva xarxa d\u2019escoles ambaixadores i a la Paeria de Lleida, l\u2019acte tindr\u00e0 lloc al Teatre La Llotja de Lleida i comptar\u00e0 amb la participaci\u00f3 d\u2019una vintena de centres educatius\u00a0 i uns 700 estudiants.<\/p>\n<p>L\u2019 acte central a la Llotja es complementa amb el treball art\u00edstic de l\u2019elaboraci\u00f3 d\u2019un mural a prop del teatre, a la rotonda que uneix l\u2019avinguda del Segre amb l\u2019avinguda de Tortosa, sota el pont de Pr\u00edncep de Viana. El mural de 14 metres de llarg per 5 metres d\u2019al\u00e7ada ser\u00e0 ideat i produ\u00eft per l\u2019artista Miquel Wert (Barcelona, 1982).<\/p>\n<h2>PER QU\u00c8 UNINT GENERACIONS?<\/h2>\n<p>Unint Generacions \u00e9s una crida a l&#8217;acci\u00f3. Un recordatori que la responsabilitat del record no acaba amb els supervivents: continua viu a trav\u00e9s dels seus fills, els seus n\u00e9ts i a trav\u00e9s de tots nosaltres.<\/p>\n<p>Aquest tema ens anima a tots a involucrar-nos activament amb el passat: escoltar, aprendre i portar endavant aquestes lli\u00e7ons. Fent-ho, constru\u00efm un pont entre la mem\u00f2ria i l&#8217;acci\u00f3, entre la hist\u00f2ria i l&#8217;esperan\u00e7a per al futur.<\/p>\n<h2 style=\"text-align: center;\">PROGRAMA\u00a0 \u00a0 \u00a0 \u00a0 \u00a0 \u00a0 \u00a0 \u00a0 \u00a0 \u00a0 \u00a0(<a href=\"https:\/\/projectes.xtec.cat\/memoriaieducacio\/activitats\/dia-internacional-victimes-de-lholocaust\/dia-internacional-en-memoria-de-les-victimes-de-lholocaust-2026\/2026-2\/\">IMATGES DE LA JORNADA<\/a>)<\/h2>\n<p style=\"text-align: left;\">\u00a0 \u00a0 \u00a0 \u00a0 \u00a0 \u00a0 \u00a0 \u00a0 \u00a0 \u00a0 10.30h Obertura de l\u2019acte a c\u00e0rrec de la coral de l\u2019INS Josep Lladonosa<\/p>\n<p style=\"text-align: left;\">\u00a0 \u00a0 \u00a0 \u00a0 \u00a0 \u00a0 \u00a0 \u00a0 \u00a0 \u00a010.35h Presentaci\u00f3 de l\u2019acte i intervenci\u00f3 dels representants\u00a0 institucionals<\/p>\n<p style=\"text-align: left;\">\u00a0 \u00a0 \u00a0 \u00a0 \u00a0 \u00a0 \u00a0 \u00a0 \u00a0 10.50h Di\u00e0leg-conversa \u201cMem\u00f2ria hist\u00f2rica a les xarxes socials\u201d amb la historiadora Maria Mayayo i en Jaume Asens, diputat al Parlament Europeu, moderat per la periodista Pili Garcia.<\/p>\n<p style=\"text-align: left;\">\u00a0 \u00a0 \u00a0 \u00a0 \u00a0 \u00a0 \u00a0 \u00a0 \u00a011.30h Presentaci\u00f3 del treball a l\u2019aula fet pels diversos centres sobre deportats de la seva localitat<\/p>\n<p style=\"text-align: left;\">\u00a0 \u00a0 \u00a0 \u00a0 \u00a0 \u00a0 \u00a0 \u00a0 12.15h Presentaci\u00f3 del mural a c\u00e0rrec de l\u2019artista Miquel Wert<\/p>\n<p style=\"text-align: left;\">\u00a0 \u00a0 \u00a0 \u00a0 \u00a0 \u00a0 \u00a0 \u00a0 12.45h Inauguraci\u00f3 del mural commemoratiu<\/p>\n<h2 style=\"text-align: center;\">CENTRES PARTICIPANTS &#8211; TREBALL SOBRE DEPORTATS<\/h2>\n<table class=\" aligncenter\" style=\"border-collapse: collapse; width: 61.5913%; height: 859px;\">\n<tbody>\n<tr style=\"height: 60px;\">\n<td style=\"width: 18.4287%; height: 60px;\">\n<h6>NOM CENTRE<\/h6>\n<\/td>\n<td style=\"width: 12.4817%; height: 60px;\">\n<h6>MUNICIPI CENTRE<\/h6>\n<\/td>\n<td style=\"width: 39.3129%; height: 60px;\">\n<h6>PERSONES DEPORTADES<\/h6>\n<\/td>\n<\/tr>\n<tr style=\"height: 32px;\">\n<td style=\"width: 18.4287%; height: 32px;\">Institut Escola Arts<\/td>\n<td style=\"width: 12.4817%; height: 32px;\">Barcelona<\/td>\n<td style=\"width: 39.3129%; height: 32px;\"><a href=\"https:\/\/drive.google.com\/file\/d\/1gG3JVshVFeBm_HgwpEK0mSRFkkvZrl1Z\/view?usp=sharing\">Francesc Boix<\/a><\/td>\n<\/tr>\n<tr style=\"height: 32px;\">\n<td style=\"width: 18.4287%; height: 32px;\">Institut Merc\u00e8 Rodoreda<\/td>\n<td style=\"width: 12.4817%; height: 32px;\">L&#8217;Hospitalet de Llobregat<\/td>\n<td style=\"width: 39.3129%; height: 32px;\"><a href=\"https:\/\/drive.google.com\/file\/d\/1bEC2V7ylyJBy5PyN5PbABfUjlDsWsey8\/view?usp=sharing\">F\u00e9lix Quesada Herrer\u00edas<\/a><\/td>\n<\/tr>\n<tr style=\"height: 32px;\">\n<td style=\"width: 18.4287%; height: 32px;\">Institut La Mallola<\/td>\n<td style=\"width: 12.4817%; height: 32px;\">Esplugues de LLobregat<\/td>\n<td style=\"width: 39.3129%; height: 32px;\"><a href=\"https:\/\/drive.google.com\/file\/d\/1y8CpjI3FYqwgzZjY_1MonClbJIGKUakF\/view?usp=sharing\">Benet Triquell Triquell<\/a><\/td>\n<\/tr>\n<tr style=\"height: 32px;\">\n<td style=\"width: 18.4287%; height: 32px;\">Col\u00b7legi Mare de D\u00e9u de la Merc\u00e8<\/td>\n<td style=\"width: 12.4817%; height: 32px;\">Sant Feliu de Llobregat<\/td>\n<td style=\"width: 39.3129%; height: 32px;\"><a href=\"https:\/\/drive.google.com\/file\/d\/1GKBvZl8NVL2crOMiDwWM_-yYcXtVXJWd\/view?usp=sharing\">Vicente Riaza Casas<\/a><\/td>\n<\/tr>\n<tr style=\"height: 32px;\">\n<td style=\"width: 18.4287%; height: 32px;\">Institut Ramon Turr\u00f3 i Darder<\/td>\n<td style=\"width: 12.4817%; height: 32px;\">Malgrat de Mar<\/td>\n<td style=\"width: 39.3129%; height: 32px;\"><a href=\"https:\/\/drive.google.com\/file\/d\/1E0kqW5ibl1gzglX05MZuAeFYdhX0242T\/view?usp=sharing\">Emili Tovar Mart\u00ednez<\/a>,\u00a0 <a href=\"https:\/\/drive.google.com\/file\/d\/1vok5HLEypLjgxBjq5kF4mcidjIJuvTnq\/view?usp=sharing\">Antonio Rios Egea<\/a> i <a href=\"https:\/\/drive.google.com\/file\/d\/1lnXfIXJhqZFPqlDFGq8R0lCwudJxgdUi\/view?usp=sharing\">Jaume Turon Gibert<\/a><\/td>\n<\/tr>\n<tr style=\"height: 31px;\">\n<td style=\"width: 18.4287%; height: 31px;\">Institut Dertosa<\/td>\n<td style=\"width: 12.4817%; height: 31px;\">Tortosa<\/td>\n<td style=\"width: 39.3129%; height: 31px;\"><a href=\"https:\/\/drive.google.com\/file\/d\/1o7bZjcnUkHVANVg3-szuNQMzOg--wwJU\/view?usp=sharing\">Joaquim Roca i Fava<\/a><\/td>\n<\/tr>\n<tr style=\"height: 32px;\">\n<td style=\"width: 18.4287%; height: 32px;\">Institut Els Alfacs<\/td>\n<td style=\"width: 12.4817%; height: 32px;\">La R\u00e0pita<\/td>\n<td style=\"width: 39.3129%; height: 32px;\"><a href=\"https:\/\/drive.google.com\/file\/d\/1xlX40wEP3vLyJdCSxCH-0hTSD-7QRxAI\/view?usp=sharing\">Francisco Cera Castell\u00e0<\/a><\/td>\n<\/tr>\n<tr style=\"height: 32px;\">\n<td style=\"width: 18.4287%; height: 32px;\">Institut de Flix<\/td>\n<td style=\"width: 12.4817%; height: 32px;\">Flix<\/td>\n<td style=\"width: 39.3129%; height: 32px;\"><a href=\"https:\/\/drive.google.com\/file\/d\/1BhUxaub2pbz3lRva7vU6EEjhTr9uM5wG\/view?usp=sharing\">Tom\u00e0s Pujol Llecha<\/a>, <a href=\"https:\/\/drive.google.com\/file\/d\/1jFVNsLFO6h_MuUhQqaEtcSikHVJeZUv2\/view?usp=sharing\">Amaro Castellv\u00ed Blanch<\/a> i <a href=\"https:\/\/drive.google.com\/file\/d\/13CMwzp2q-qpnoxDEipes3-Z56fcMzJCR\/view?usp=sharing\">Carles Antoni Alentorn Tarrag\u00f3<\/a><\/td>\n<\/tr>\n<tr style=\"height: 32px;\">\n<td style=\"width: 18.4287%; height: 32px;\">Institut Ramon Berenguer IV<\/td>\n<td style=\"width: 12.4817%; height: 32px;\">Amposta<\/td>\n<td style=\"width: 39.3129%; height: 32px;\"><a href=\"https:\/\/drive.google.com\/file\/d\/1VXoYHcoO5js56xilj00Y6XkeKGpwIlrd\/view?usp=sharing\">Joaquim Tar\u00edn Mart\u00ednez<\/a><\/td>\n<\/tr>\n<tr style=\"height: 32px;\">\n<td style=\"width: 18.4287%; height: 32px;\">Institut Roquetes<\/td>\n<td style=\"width: 12.4817%; height: 32px;\">Roquetes<\/td>\n<td style=\"width: 39.3129%; height: 32px;\"><a href=\"https:\/\/drive.google.com\/file\/d\/1Sf4swptqv-r4CjftpU4jx0Dy5bIa2LD_\/view?usp=sharing\">Tom\u00e0s Salaet Artiola<\/a><\/td>\n<\/tr>\n<tr style=\"height: 32px;\">\n<td style=\"width: 18.4287%; height: 32px;\">Institut Caparrella<\/td>\n<td style=\"width: 12.4817%; height: 32px;\">Lleida<\/td>\n<td style=\"width: 39.3129%; height: 32px;\"><a href=\"https:\/\/drive.google.com\/file\/d\/1Bbzsb7skFLWaZhIM2oH6XmNX4r8XwvSB\/view?usp=sharing\">Dolors Casadell\u00e0 Puig<\/a> i <a href=\"https:\/\/drive.google.com\/file\/d\/1-ObwNH2lMuK0Vj51g0p2_hrUlhJhPXMg\/view?usp=sharing\">Carmelo Carrera Botines<\/a><\/td>\n<\/tr>\n<tr style=\"height: 32px;\">\n<td style=\"width: 18.4287%; height: 32px;\">Institut Escola Oliana<\/td>\n<td style=\"width: 12.4817%; height: 32px;\">Oliana<\/td>\n<td style=\"width: 39.3129%; height: 32px;\">Bonaventura Aix\u00e0s Obiols<\/td>\n<\/tr>\n<tr style=\"height: 32px;\">\n<td style=\"width: 18.4287%; height: 32px;\">Institut Almenar<\/td>\n<td style=\"width: 12.4817%; height: 32px;\">Almenar<\/td>\n<td style=\"width: 39.3129%; height: 32px;\"><a href=\"https:\/\/drive.google.com\/file\/d\/1HZkznoHTL0v8VxoykXQhVWP3B9Dtywrf\/view?usp=sharing\">Josep Agust\u00ed Subils<\/a>, <a href=\"https:\/\/drive.google.com\/file\/d\/1WMUYCk3Xk1CA46xk-p8w_YRpuBVkCvYu\/view?usp=sharing\">Josep Sanjuan Cuc\u00f3, <\/a><a href=\"https:\/\/drive.google.com\/file\/d\/1nTNheX2b7NACkPIMfYVgBqA-3ofZS-q2\/view?usp=sharing\">Jaume Casas Ma\u00fcll<\/a> i <a href=\"https:\/\/drive.google.com\/file\/d\/1kOR6lYKi5nmbsiHwhFHg0BKWvvVYhDGo\/view?usp=sharing\">Pau Segu\u00e9s Boncompte<\/a><\/td>\n<\/tr>\n<tr style=\"height: 32px;\">\n<td style=\"width: 18.4287%; height: 32px;\">Institut Josep Vallverd\u00fa<\/td>\n<td style=\"width: 12.4817%; height: 32px;\">Borges Blanques<\/td>\n<td style=\"width: 39.3129%; height: 32px;\"><a href=\"https:\/\/drive.google.com\/file\/d\/1OrSCK2rXPml0foVqmegSR3X8o46Dkc8K\/view?usp=sharing\">Coloma Ser\u00f3 Costa<\/a> i <a href=\"https:\/\/drive.google.com\/file\/d\/1lA2BJkhRxljFREOoLVemiVSqP0dGt-s3\/view?usp=sharing\">Josep Sans Sumalla<\/a><\/td>\n<\/tr>\n<tr style=\"height: 32px;\">\n<td style=\"width: 18.4287%; height: 32px;\">Institut La Plana<\/td>\n<td style=\"width: 12.4817%; height: 32px;\">Vic<\/td>\n<td style=\"width: 39.3129%; height: 32px;\"><a href=\"https:\/\/drive.google.com\/file\/d\/1NjxwnKxEF_vLxqUI8V-TiB-RkwHFTkGW\/view?usp=sharing\">Joaquim Franquesa Vidal<\/a><\/td>\n<\/tr>\n<tr style=\"height: 32px;\">\n<td style=\"width: 18.4287%; height: 32px;\">Institut Tremp<\/td>\n<td style=\"width: 12.4817%; height: 32px;\">Tremp<\/td>\n<td style=\"width: 39.3129%; height: 32px;\"><a href=\"https:\/\/drive.google.com\/file\/d\/1a_uWfo_SUTyOpWi3jQAt_Pp4_uULAyD0\/view?usp=sharing\">Generosa Cortina<\/a><\/td>\n<\/tr>\n<tr style=\"height: 32px;\">\n<td style=\"width: 18.4287%; height: 32px;\">Institut de la Pobla de Segur<\/td>\n<td style=\"width: 12.4817%; height: 32px;\">La Pobla de Segur<\/td>\n<td style=\"width: 39.3129%; height: 32px;\"><a href=\"https:\/\/drive.google.com\/file\/d\/1SPQFhF810vJ0asER3iWcDCGtqHX2PecG\/view?usp=sharing\">Conxita Grang\u00e9 i Beleta<\/a><\/td>\n<\/tr>\n<tr style=\"height: 32px;\">\n<td style=\"width: 18.4287%; height: 32px;\">Insitut Joan Sol\u00e0<\/td>\n<td style=\"width: 12.4817%; height: 32px;\">Torrefarrera (Lleida)<\/td>\n<td style=\"width: 39.3129%; height: 32px;\"><a href=\"https:\/\/drive.google.com\/file\/d\/1k47Oq0I-jkvILojYybrhrqIYQukHoaQO\/view?usp=sharing\">Bonaventura Bacard\u00ed Casals<\/a><\/td>\n<\/tr>\n<tr style=\"height: 32px;\">\n<td style=\"width: 18.4287%; height: 32px;\">Insitut Torre Vicens<\/td>\n<td style=\"width: 12.4817%; height: 32px;\">Lleida<\/td>\n<td style=\"width: 39.3129%; height: 32px;\"><a href=\"https:\/\/drive.google.com\/file\/d\/1u7JQWbqQ8TyjppOiveuo6xeteXZQPfZH\/view?usp=sharing\">Francesc Pau G\u00f3mez<\/a><\/td>\n<\/tr>\n<tr style=\"height: 32px;\">\n<td style=\"width: 18.4287%; height: 32px;\">Institut M\u00e0rius Torres<\/td>\n<td style=\"width: 12.4817%; height: 32px;\">Lleida<\/td>\n<td style=\"width: 39.3129%; height: 32px;\"><a href=\"https:\/\/drive.google.com\/file\/d\/1mDdv3HzF38o3OfgqTvPNPdTCECt6qGOp\/view?usp=sharing\">Agust\u00ed Borr\u00e0s, Carolina Navarra,<\/a> <a href=\"https:\/\/drive.google.com\/file\/d\/1_UPRjQ7206oi4vbjMwmfxQFgWoW9Hl5L\/view?usp=sharing\">Jos\u00e9 Arest\u00e9 Roig\u00e9<\/a> i <a href=\"https:\/\/drive.google.com\/file\/d\/1TMtKumk9STe0DLkGffICVA6RGnupMMnE\/view?usp=sharing\">Manuel Pifarr\u00e9<\/a><\/td>\n<\/tr>\n<tr style=\"height: 32px;\">\n<td style=\"width: 18.4287%; height: 32px;\">Institut Manuel de Montsuar<\/td>\n<td style=\"width: 12.4817%; height: 32px;\">Lleida<\/td>\n<td style=\"width: 39.3129%;\"><\/td>\n<\/tr>\n<tr style=\"height: 32px;\">\n<td style=\"width: 18.4287%; height: 32px;\">Institut Maria Rubies<\/td>\n<td style=\"width: 12.4817%; height: 32px;\">Lleida<\/td>\n<td style=\"width: 39.3129%;\"><\/td>\n<\/tr>\n<tr style=\"height: 32px;\">\n<td style=\"width: 18.4287%; height: 32px;\">Institut Josep Lladonosa<\/td>\n<td style=\"width: 12.4817%; height: 32px;\">Lleida<\/td>\n<td style=\"width: 39.3129%; height: 32px;\"><\/td>\n<\/tr>\n<tr style=\"height: 32px;\">\n<td style=\"width: 18.4287%; height: 32px;\">Col\u00b7legi El Carme<\/td>\n<td style=\"width: 12.4817%; height: 32px;\">Lleida<\/td>\n<td style=\"width: 39.3129%; height: 32px;\"><\/td>\n<\/tr>\n<tr style=\"height: 32px;\">\n<td style=\"width: 18.4287%; height: 32px;\">Institut Guind\u00e0vols<\/td>\n<td style=\"width: 12.4817%; height: 32px;\">Lleida<\/td>\n<td style=\"width: 39.3129%; height: 32px;\"><\/td>\n<\/tr>\n<\/tbody>\n<\/table>\n<p>&nbsp;<\/p>\n<p>&nbsp;<\/p>\n<p>&nbsp;<\/p>\n<p>&nbsp;<\/p>\n<p>&nbsp;<\/p>\n<p>&nbsp;<\/p>\n<h2 style=\"text-align: center;\">ACTES DES DELS CENTRES<\/h2>\n<table class=\" aligncenter\" style=\"border-collapse: collapse; width: 61.2319%; height: 110px;\">\n<tbody>\n<tr style=\"height: 60px;\">\n<td style=\"width: 13.2529%; height: 60px;\">\n<h6>NOM CENTRE<\/h6>\n<\/td>\n<td style=\"width: 9.64968%; height: 60px;\">\n<h6>MUNICIPI CENTRE<\/h6>\n<\/td>\n<td style=\"width: 47.3207%; height: 60px;\">\n<h6>ACTE COMMEMORATIU<\/h6>\n<\/td>\n<\/tr>\n<tr style=\"height: 32px;\">\n<td style=\"width: 13.2529%; height: 32px;\">Institut Ramon Turr\u00f3 i Darder<\/td>\n<td style=\"width: 9.64968%; height: 32px;\">Malgrat de Mar<\/td>\n<td style=\"width: 47.3207%;\">\n<p class=\"entry-title\"><a href=\"https:\/\/agora.xtec.cat\/iesmalgrat\/general\/lalumnat-del-nostre-institut-recupera-la-memoria-dels-malgratencs-deportats-als-camps-nazis\/\">L\u2019alumnat del nostre institut recupera la mem\u00f2ria dels malgratencs deportats als camps nazis<\/a><\/p>\n<p class=\"mb-3\"><a href=\"https:\/\/www.onamalgrat.cat\/news\/els-alumnes-de-linstitut-ramon-turro-fan-homenatge-a-les-victimes-malgratenques-de-lholocaust\">Els alumnes de l\u2019Institut Ramon Turr\u00f3 fan homenatge a les v\u00edctimes malgratenques de l\u2019Holocaust<\/a><\/p>\n<\/td>\n<\/tr>\n<\/tbody>\n<\/table>\n<p>&nbsp;<\/p>\n<p>&nbsp;<\/p>\n","protected":false},"excerpt":{"rendered":"<p><a href=\"https:\/\/projectes.xtec.cat\/memoriaieducacio\/wp-content\/uploads\/usu2168\/2026\/01\/Cartell-Acte-Llotja-Lleida-2026_800x1124.jpg\"><\/a><\/p>\n<p>Acte en mem\u00f2ria a les v\u00edctimes de l\u2019Holocaust:\u00a0Unint Generacions<br \/>\n&nbsp;<br \/>\nDepartament de Just\u00edcia i Qualitat Democr\u00e0tica \u2013 Memorial Democr\u00e0tic<br \/>\nDepartament d\u2019Educaci\u00f3 i Formaci\u00f3 Professional<br \/>\nOficina del Parlament Europeu de Barcelona<br \/>\nPaeria de Lleida<br \/>\n&nbsp;<br \/>\nData: Dilluns 26\/01\/2026<br \/>\nHorari: 10.30h-13.00h<br \/>\nLloc: Teatre la Llotja, avinguda de Tortosa, 6-8. Lleida<\/p>\n<p>QU\u00c8 ES COMMEMORA?<br \/>\nEl 27 de gener&hellip;  <a href=\"https:\/\/projectes.xtec.cat\/memoriaieducacio\/activitats\/dia-internacional-victimes-de-lholocaust\/dia-internacional-en-memoria-de-les-victimes-de-lholocaust-2026\/\" title=\"Read 2026\">Llegeix m\u00e9s\u00bb<\/a><\/p>\n","protected":false},"author":3,"featured_media":0,"parent":8489,"menu_order":0,"comment_status":"closed","ping_status":"closed","template":"page-templates\/side-menu.php","meta":{"_bbp_topic_count":0,"_bbp_reply_count":0,"_bbp_total_topic_count":0,"_bbp_total_reply_count":0,"_bbp_voice_count":0,"_bbp_anonymous_reply_count":0,"_bbp_topic_count_hidden":0,"_bbp_reply_count_hidden":0,"_bbp_forum_subforum_count":0,"footnotes":""},"class_list":["post-13827","page","type-page","status-publish","hentry"],"post_mailing_queue_ids":[],"_links":{"self":[{"href":"https:\/\/projectes.xtec.cat\/memoriaieducacio\/wp-json\/wp\/v2\/pages\/13827","targetHints":{"allow":["GET"]}}],"collection":[{"href":"https:\/\/projectes.xtec.cat\/memoriaieducacio\/wp-json\/wp\/v2\/pages"}],"about":[{"href":"https:\/\/projectes.xtec.cat\/memoriaieducacio\/wp-json\/wp\/v2\/types\/page"}],"author":[{"embeddable":true,"href":"https:\/\/projectes.xtec.cat\/memoriaieducacio\/wp-json\/wp\/v2\/users\/3"}],"replies":[{"embeddable":true,"href":"https:\/\/projectes.xtec.cat\/memoriaieducacio\/wp-json\/wp\/v2\/comments?post=13827"}],"version-history":[{"count":7,"href":"https:\/\/projectes.xtec.cat\/memoriaieducacio\/wp-json\/wp\/v2\/pages\/13827\/revisions"}],"predecessor-version":[{"id":13973,"href":"https:\/\/projectes.xtec.cat\/memoriaieducacio\/wp-json\/wp\/v2\/pages\/13827\/revisions\/13973"}],"up":[{"embeddable":true,"href":"https:\/\/projectes.xtec.cat\/memoriaieducacio\/wp-json\/wp\/v2\/pages\/8489"}],"wp:attachment":[{"href":"https:\/\/projectes.xtec.cat\/memoriaieducacio\/wp-json\/wp\/v2\/media?parent=13827"}],"curies":[{"name":"wp","href":"https:\/\/api.w.org\/{rel}","templated":true}]}}