{"id":306,"date":"2015-11-24T18:02:44","date_gmt":"2015-11-24T17:02:44","guid":{"rendered":"http:\/\/projectes.xtec.cat\/memoriaieducacio\/?page_id=306"},"modified":"2026-02-20T20:57:57","modified_gmt":"2026-02-20T19:57:57","slug":"equip","status":"publish","type":"page","link":"https:\/\/projectes.xtec.cat\/memoriaieducacio\/el-projecte\/equip\/","title":{"rendered":"Organitzaci\u00f3"},"content":{"rendered":"<div>\n<div>\n<div>\n<div>\n<div>\n<pre><\/pre>\n<\/div>\n<\/div>\n<\/div>\n<\/div>\n<\/div>\n<p>La xarxa de grups de treballs <strong>DEMD (Exili, Deportaci\u00f3 i Holocaust)<\/strong> s&#8217;est\u00e9n per tot el territori catal\u00e0 i durant aquest curs 2025-2026 est\u00e0 coordinada per t\u00e8cnics docents del Departement d&#8217;Educaci\u00f3 i de Formaci\u00f3 Professional (del Servei de Curr\u00edculum de Secund\u00e0ria i Batxillerat\u00a0 i del CESIRE (Direcci\u00f3 General d&#8217;Innovaci\u00f3, Digitalitzaci\u00f3, Curr\u00edculum i Lleng\u00fces del Departament d&#8217;Educaci\u00f3 i de Formaci\u00f3 Professional. Via Augusta, 202-226. 08021 Barcelona) i del Servei Educatiu del Memorial Democr\u00e0tic (Direcci\u00f3 General de Mem\u00f2ria Democr\u00e0tica del Departament de Just\u00edcia, Drets i Mem\u00f2ria. Carrer del Foc, 57. 08038 Barcelona).<\/p>\n<p>Aquesta coordinaci\u00f3 s&#8217;encarrega de la planificaci\u00f3 general del grup general i emmarca les activitats dels professorat dins del Pla de Formaci\u00f3 del Departament d&#8217;Educaci\u00f3 i de Formaci\u00f3 Professional.\u00a0 A m\u00e9s a m\u00e9s del grup general, quan s&#8217;organitza un grup de professorat en una localitzaci\u00f3 determinada, aquest s&#8217;organitza de manera aut\u00f2noma amb el suport del CRP m\u00e9s proper i de les institucions i entitats memorialistes de la zona que ho consideren.<\/p>\n<p>L&#8217;equip t\u00e8cnic del Departament d&#8217;Educaci\u00f3 i de formaci\u00f3 Professional fa el seguiment i la certificaci\u00f3 de les activitats realitzades pel professorat del grup general i dels grups territorials se n&#8217;ocupen els equips t\u00e8cnics del CRP corresponent.<\/p>\n<p>L&#8217;organitzaci\u00f3 del grup de treballl general es concreta\u00a0 en:<\/p>\n<ul style=\"list-style-type: square;\">\n<li>Reunions generals:\n<ol>\n<li style=\"list-style-type: none;\">\n<ol>\n<li style=\"list-style-type: none;\">\n<ul>\n<li>Inici de curs (Planificaci\u00f3 general (29 d&#8217;octubre)<\/li>\n<li>2a sessi\u00f3 (26 de novembre)<\/li>\n<li>3a sessi\u00f3 (25 de febrer)<\/li>\n<li>4a sessi\u00f3 (20 de maig)<\/li>\n<li>Final de curs (Jornada d&#8217;Experi\u00e8ncies Did\u00e0ctiques de Mem\u00f2ria Hist\u00f2rica (1 de juliol)<\/li>\n<\/ul>\n<\/li>\n<\/ol>\n<\/li>\n<\/ol>\n<\/li>\n<\/ul>\n<ul>\n<li>Comissions permanents Departament d&#8217;Educaci\u00f3 i de Formaci\u00f3 Professional i Memorial Democr\u00e0tic:\n<ul>\n<li>Comissi\u00f3 T\u00e8cnica:\u00a0 T\u00e8cniques docents del Departament d&#8217;Educaci\u00f3 i\u00a0 equip t\u00e8cnic del Servei Educatiu del Memorial Democr\u00e0tic<\/li>\n<li>Club de lectura: Literatura i mem\u00f2ria.<\/li>\n<\/ul>\n<\/li>\n<li>Comissions tem\u00e0tiques:\n<ul>\n<li>Comissi\u00f3 tem\u00e0tica &#8220;Feminisme i Lluita LGTBIQ+&#8221;<\/li>\n<li>Comissi\u00f3 tem\u00e0tica &#8220;Tardofranquisme i Transici\u00f3&#8221;<\/li>\n<li>Comissi\u00f3 tem\u00e0tica &#8220;Solidaritat Internacional&#8221;<\/li>\n<\/ul>\n<\/li>\n<\/ul>\n<div><\/div>\n<ul>\n<li>Xarxa grups de treball DEMD territorials:<\/li>\n<\/ul>\n<ul>\n<li style=\"list-style-type: none;\">\n<ul>\n<li style=\"list-style-type: none;\">\n<ul>\n<li><a href=\"https:\/\/projectes.xtec.cat\/memoriaieducacio\/\">Grup DEMD (Exili, Deportaci\u00f3 i Holocaust) general<\/a><\/li>\n<li><a href=\"https:\/\/sites.google.com\/a\/xtec.cat\/exili-deportacio-holocaust\/\">Grup d&#8217;Exili, Deportaci\u00f3 i Holocaust de l&#8217;Alt Empord\u00e0 (Grup DEMD Alt Empord\u00e0)<\/a><\/li>\n<li><a href=\"https:\/\/sites.google.com\/xtec.cat\/memoria-secundaria-lleida\/inici\">Crup DEMD Lleida<\/a><\/li>\n<li><a href=\"https:\/\/sites.google.com\/xtec.cat\/portes-de-la-memoria\/inici\">Grup DEMD Ebre<\/a><\/li>\n<li><a href=\"https:\/\/sites.google.com\/view\/demd-tarragona\/inici?authuser=0\">Grup DEMD Camp de Tarragona<\/a><\/li>\n<li><a href=\"https:\/\/sites.google.com\/view\/icsvodemd\/inici?authuser=0\">Grup ICSVO-DEMD<\/a> Vall\u00e8s Oriental<\/li>\n<li><a href=\"https:\/\/sites.google.com\/inspeguera.cat\/curs-demd-bages\/inici?pli=1\">Grup Projecte Manresa-Mauthausen \/ DEMD Bages<\/a><\/li>\n<li>DEMD Pallars<\/li>\n<li><a href=\"https:\/\/projectebuchenwald.blogspot.com\/\">Grup DEMD Garraf-Pened\u00e8s<\/a><\/li>\n<li>DEMD Giron\u00e8s<\/li>\n<li>Grup Mem\u00f2ria hist\u00f2rica &#8211; DEMD Garrotxa<\/li>\n<li>Grup DEMD Pla de l&#8217;Estany<\/li>\n<\/ul>\n<\/li>\n<\/ul>\n<\/li>\n<\/ul>\n","protected":false},"excerpt":{"rendered":"<p>La xarxa de grups de treballs DEMD (Exili, Deportaci\u00f3 i Holocaust) s&#8217;est\u00e9n per tot el territori catal\u00e0 i durant aquest curs 2025-2026 est\u00e0 coordinada per t\u00e8cnics docents del Departement d&#8217;Educaci\u00f3 i de Formaci\u00f3 Professional (del Servei de Curr\u00edculum de Secund\u00e0ria i Batxillerat\u00a0 i del CESIRE&hellip;  <a href=\"https:\/\/projectes.xtec.cat\/memoriaieducacio\/el-projecte\/equip\/\" title=\"Read Organitzaci\u00f3\">Llegeix m\u00e9s\u00bb<\/a><\/p>\n","protected":false},"author":1,"featured_media":0,"parent":806,"menu_order":20,"comment_status":"closed","ping_status":"closed","template":"page-templates\/side-menu.php","meta":{"_bbp_topic_count":0,"_bbp_reply_count":0,"_bbp_total_topic_count":0,"_bbp_total_reply_count":0,"_bbp_voice_count":0,"_bbp_anonymous_reply_count":0,"_bbp_topic_count_hidden":0,"_bbp_reply_count_hidden":0,"_bbp_forum_subforum_count":0,"footnotes":""},"class_list":["post-306","page","type-page","status-publish","hentry"],"post_mailing_queue_ids":[],"_links":{"self":[{"href":"https:\/\/projectes.xtec.cat\/memoriaieducacio\/wp-json\/wp\/v2\/pages\/306","targetHints":{"allow":["GET"]}}],"collection":[{"href":"https:\/\/projectes.xtec.cat\/memoriaieducacio\/wp-json\/wp\/v2\/pages"}],"about":[{"href":"https:\/\/projectes.xtec.cat\/memoriaieducacio\/wp-json\/wp\/v2\/types\/page"}],"author":[{"embeddable":true,"href":"https:\/\/projectes.xtec.cat\/memoriaieducacio\/wp-json\/wp\/v2\/users\/1"}],"replies":[{"embeddable":true,"href":"https:\/\/projectes.xtec.cat\/memoriaieducacio\/wp-json\/wp\/v2\/comments?post=306"}],"version-history":[{"count":6,"href":"https:\/\/projectes.xtec.cat\/memoriaieducacio\/wp-json\/wp\/v2\/pages\/306\/revisions"}],"predecessor-version":[{"id":13976,"href":"https:\/\/projectes.xtec.cat\/memoriaieducacio\/wp-json\/wp\/v2\/pages\/306\/revisions\/13976"}],"up":[{"embeddable":true,"href":"https:\/\/projectes.xtec.cat\/memoriaieducacio\/wp-json\/wp\/v2\/pages\/806"}],"wp:attachment":[{"href":"https:\/\/projectes.xtec.cat\/memoriaieducacio\/wp-json\/wp\/v2\/media?parent=306"}],"curies":[{"name":"wp","href":"https:\/\/api.w.org\/{rel}","templated":true}]}}