{"id":797,"date":"2015-11-28T21:06:57","date_gmt":"2015-11-28T20:06:57","guid":{"rendered":"http:\/\/projectes.xtec.cat\/memoriaieducacio\/?page_id=797"},"modified":"2025-10-24T16:34:02","modified_gmt":"2025-10-24T14:34:02","slug":"presentacio","status":"publish","type":"page","link":"https:\/\/projectes.xtec.cat\/memoriaieducacio\/el-projecte\/presentacio\/","title":{"rendered":"Presentaci\u00f3"},"content":{"rendered":"<p><a href=\"https:\/\/projectes.xtec.cat\/memoriaieducacio\/wp-content\/uploads\/usu2168\/2025\/10\/mapa_DEMD_2025-2026.jpg\"><img loading=\"lazy\" decoding=\"async\" class=\"alignleft  wp-image-13649\" src=\"https:\/\/projectes.xtec.cat\/memoriaieducacio\/wp-content\/uploads\/usu2168\/2025\/10\/mapa_DEMD_2025-2026.jpg\" alt=\"\" width=\"627\" height=\"591\" srcset=\"https:\/\/projectes.xtec.cat\/memoriaieducacio\/wp-content\/uploads\/usu2168\/2025\/10\/mapa_DEMD_2025-2026.jpg 903w, https:\/\/projectes.xtec.cat\/memoriaieducacio\/wp-content\/uploads\/usu2168\/2025\/10\/mapa_DEMD_2025-2026-300x282.jpg 300w, https:\/\/projectes.xtec.cat\/memoriaieducacio\/wp-content\/uploads\/usu2168\/2025\/10\/mapa_DEMD_2025-2026-768x723.jpg 768w\" sizes=\"auto, (max-width: 627px) 100vw, 627px\" \/><\/a><\/p>\n<p>El grup de treball <strong>DEMD (Exili, Deportaci\u00f3 i Holocaust)<\/strong> \u00e9s el resultat de la col\u00b7laboraci\u00f3 des de 2008 entre el Departament d&#8217;Educaci\u00f3 i el Memorial Democr\u00e0tic que es va concretar el 2011 quan un grup de professors i de professores van expressar el seu inter\u00e8s en formar un grup de treball per reflexionar sobre aquests temes i sobretot de com\u00a0 treballar-los amb alumnes.<\/p>\n<p>Des del primer moment el grup de treball es va crear amb la finalitat de que l&#8217;ensenyament sobre l&#8217;exili i la deportaci\u00f3 generats pels conflictes b\u00e8l\u00b7lics, i l\u2019Holocaust i els genocidis massius han de formar part com a tema\u00a0 expl\u00edcitament curricular i interdisciplinari de l\u2019educaci\u00f3 al nostre pa\u00eds, aix\u00ed com la transmissi\u00f3 i reflexi\u00f3 sobre la mem\u00f2ria democr\u00e0tica. Cap pa\u00eds pot oblidar el que ha constru\u00eft el seu present per tal de construir un futur millor i com a forma, en aquest cas, de prevenci\u00f3.<\/p>\n<p>L\u2019alumnat dels diversos nivells educatius, ha de con\u00e8ixer i reflexionar sobre els conflictes i genocidis que ens han afectat directament: les terribles conseq\u00fc\u00e8ncies de la Guerra civil i de la Segona guerra mundial, del feixisme i del nacionalsocialisme.\u00a0En el nostre cas concret, una de les conseq\u00fc\u00e8ncies de la nostra Guerra Civil, l\u2019exili republic\u00e0, desemboc\u00e0 en altres conseq\u00fc\u00e8ncia del conflicte mundial\u00a0 de la II Guerra Mundial, la deportaci\u00f3, els camps d\u2019extermini i l\u2019Holocaust, que protagonitzaren i patiren ciutadans i ciutadanes catalans.<\/p>\n<p>L\u2019ensenyament sobre l\u2019exili, la deportaci\u00f3 i l\u2019Holocaust habitualment es tracta a l&#8217;educaci\u00f3 secund\u00e0ria des de l&#8217;\u00e0mbit social per\u00f2 tamb\u00e9 des de la vessant de desenvolupament personal i ciutad\u00e0. El curr\u00edculum actual, \u00e9s prou obert perqu\u00e8 puguem dedicar un espai de temps important i tant transcendental per a qualsevol moment hist\u00f2ric.<\/p>\n<div><\/div>\n","protected":false},"excerpt":{"rendered":"<p><a href=\"https:\/\/projectes.xtec.cat\/memoriaieducacio\/wp-content\/uploads\/usu2168\/2025\/10\/mapa_DEMD_2025-2026.jpg\"><\/a><br \/>\nEl grup de treball DEMD (Exili, Deportaci\u00f3 i Holocaust) \u00e9s el resultat de la col\u00b7laboraci\u00f3 des de 2008 entre el Departament d&#8217;Educaci\u00f3 i el Memorial Democr\u00e0tic que es va concretar el 2011 quan un grup de professors i de professores van expressar el seu&hellip;  <a href=\"https:\/\/projectes.xtec.cat\/memoriaieducacio\/el-projecte\/presentacio\/\" title=\"Read Presentaci\u00f3\">Llegeix m\u00e9s\u00bb<\/a><\/p>\n","protected":false},"author":1,"featured_media":0,"parent":806,"menu_order":10,"comment_status":"closed","ping_status":"closed","template":"page-templates\/side-menu.php","meta":{"_bbp_topic_count":0,"_bbp_reply_count":0,"_bbp_total_topic_count":0,"_bbp_total_reply_count":0,"_bbp_voice_count":0,"_bbp_anonymous_reply_count":0,"_bbp_topic_count_hidden":0,"_bbp_reply_count_hidden":0,"_bbp_forum_subforum_count":0,"footnotes":""},"class_list":["post-797","page","type-page","status-publish","hentry"],"post_mailing_queue_ids":[],"_links":{"self":[{"href":"https:\/\/projectes.xtec.cat\/memoriaieducacio\/wp-json\/wp\/v2\/pages\/797","targetHints":{"allow":["GET"]}}],"collection":[{"href":"https:\/\/projectes.xtec.cat\/memoriaieducacio\/wp-json\/wp\/v2\/pages"}],"about":[{"href":"https:\/\/projectes.xtec.cat\/memoriaieducacio\/wp-json\/wp\/v2\/types\/page"}],"author":[{"embeddable":true,"href":"https:\/\/projectes.xtec.cat\/memoriaieducacio\/wp-json\/wp\/v2\/users\/1"}],"replies":[{"embeddable":true,"href":"https:\/\/projectes.xtec.cat\/memoriaieducacio\/wp-json\/wp\/v2\/comments?post=797"}],"version-history":[{"count":7,"href":"https:\/\/projectes.xtec.cat\/memoriaieducacio\/wp-json\/wp\/v2\/pages\/797\/revisions"}],"predecessor-version":[{"id":13650,"href":"https:\/\/projectes.xtec.cat\/memoriaieducacio\/wp-json\/wp\/v2\/pages\/797\/revisions\/13650"}],"up":[{"embeddable":true,"href":"https:\/\/projectes.xtec.cat\/memoriaieducacio\/wp-json\/wp\/v2\/pages\/806"}],"wp:attachment":[{"href":"https:\/\/projectes.xtec.cat\/memoriaieducacio\/wp-json\/wp\/v2\/media?parent=797"}],"curies":[{"name":"wp","href":"https:\/\/api.w.org\/{rel}","templated":true}]}}