{"id":8512,"date":"2020-06-14T00:21:01","date_gmt":"2020-06-13T22:21:01","guid":{"rendered":"https:\/\/projectes.xtec.cat\/memoriaieducacio\/?page_id=8512"},"modified":"2026-01-27T10:24:55","modified_gmt":"2026-01-27T09:24:55","slug":"2019-2","status":"publish","type":"page","link":"https:\/\/projectes.xtec.cat\/memoriaieducacio\/activitats\/dia-internacional-victimes-de-lholocaust\/2019-2\/","title":{"rendered":"2019"},"content":{"rendered":"<div style=\"font-weight: bold; display: block; text-align: center; margin-right: auto; margin-left: auto;\"><span style=\"font-size: xx-large; background-color: transparent; color: #990000;\">DIA INTERNACIONAL EN MEM\u00d2RIA DE\u00a0<\/span><span style=\"font-size: xx-large; background-color: transparent; color: #990000;\">LES V\u00cdCTIMES DE L&#8217;HOLOCAUST<\/span><\/div>\n<div style=\"font-weight: bold; display: block; text-align: center; margin-right: auto; margin-left: auto;\"><span style=\"color: #990000; font-size: xx-large;\">\u00a0I DE PREVENCI\u00d3 DE CRIMS CONTRA LA HUMANITAT\u00a0 2019<\/span><\/div>\n<div style=\"font-weight: bold; display: block; text-align: center; margin-right: auto; margin-left: auto;\"><\/div>\n<div style=\"font-weight: bold; display: block; text-align: center; margin-right: auto; margin-left: auto;\">\n<p>&nbsp;<\/p>\n<div style=\"display: block; text-align: center; margin-right: auto; margin-left: auto;\"><a href=\"https:\/\/sites.google.com\/a\/xtec.cat\/gtexilideportacioholocaust\/agenda-1\/imatge2%20-600X600.jpg?attredirects=0\"><img decoding=\"async\" src=\"https:\/\/sites.google.com\/a\/xtec.cat\/gtexilideportacioholocaust\/agenda-1\/imatge2%20-600X600.jpg\" border=\"0\" \/><\/a><\/div>\n<p>&nbsp;<\/p>\n<\/div>\n<blockquote style=\"margin: 0 0 0 40px; border: none; padding: 0px;\">\n<blockquote style=\"margin: 0 0 0 40px; border: none; padding: 0px;\">\n<blockquote style=\"margin: 0 0 0 40px; border: none; padding: 0px;\">\n<blockquote style=\"margin: 0 0 0 40px; border: none; padding: 0px;\">\n<blockquote style=\"margin: 0 0 0 40px; border: none; padding: 0px;\">\n<blockquote style=\"margin: 0 0 0 40px; border: none; padding: 0px;\">\n<blockquote style=\"margin: 0 0 0 40px; border: none; padding: 0px;\">\n<blockquote style=\"margin: 0 0 0 40px; border: none; padding: 0px;\">\n<blockquote style=\"margin: 0 0 0 40px; border: none; padding: 0px;\">\n<blockquote style=\"margin: 0 0 0 40px; border: none; padding: 0px;\">\n<blockquote style=\"margin: 0 0 0 40px; border: none; padding: 0px;\">\n<div style=\"text-align: center; display: block;\">\n<div style=\"display: block; text-align: center; margin-right: auto; margin-left: auto;\">\n<div style=\"font-weight: bold; display: block; text-align: center; margin-right: auto; margin-left: auto;\">\n<p>&nbsp;<\/p>\n<div style=\"text-align: left; display: block; margin-right: auto; margin-left: auto;\"><span style=\"font-size: small; color: #000000; background-color: transparent; font-weight: normal;\">Autora: Meritxell Torremorell. INS Caparrella<\/span><\/div>\n<p>&nbsp;<\/p>\n<\/div>\n<\/div>\n<\/div>\n<\/blockquote>\n<\/blockquote>\n<\/blockquote>\n<\/blockquote>\n<\/blockquote>\n<\/blockquote>\n<\/blockquote>\n<\/blockquote>\n<\/blockquote>\n<\/blockquote>\n<\/blockquote>\n<div><\/div>\n<div>\n<p>&nbsp;<\/p>\n<table style=\"border-collapse: collapse; border-color: #888888; border-width: 1px;\" border=\"1\" cellspacing=\"0\">\n<tbody>\n<tr>\n<td style=\"text-align: center; width: 393px; height: 54px;\">\u00a0<b>ACTE A BARCELONA<\/b><\/td>\n<td style=\"text-align: center; width: 410px; height: 54px;\">\u00a0<b>ACTE A LLEIDA<\/b><\/td>\n<td style=\"text-align: center; width: 311px; height: 54px;\">\u00a0<b>ACTE A LA JONQUERA<\/b><\/td>\n<td style=\"text-align: center; width: 335px; height: 54px;\">\u00a0<b>ACTE A AMPOSTA<\/b><\/td>\n<\/tr>\n<tr>\n<td style=\"width: 393px; height: 27px;\">\u00a0<span style=\"font-weight: normal;\">DATA:<\/span><b>\u00a025 de gener de 2019<\/b><\/td>\n<td style=\"width: 410px; height: 27px;\">\u00a0<span style=\"font-weight: normal;\">DATA: <\/span>25 de gener de 2019<\/td>\n<td style=\"width: 311px; height: 27px;\">\u00a0<span style=\"font-weight: normal;\">DATA: <\/span>28 de gener de 2019<\/td>\n<td style=\"width: 335px; height: 27px;\">\u00a0<span style=\"font-weight: normal;\">DATA: <\/span>25 de gener de 2019<\/td>\n<\/tr>\n<tr>\n<td style=\"width: 393px; height: 27px;\">\u00a0<span style=\"font-weight: normal;\">LLOC:<\/span> Auditori del conservatori del Liceu<br \/>\n(Nou de la Rambla, 88. Barcelona)<\/td>\n<td style=\"width: 410px; height: 27px;\">\u00a0<span style=\"font-weight: normal;\">LLOC: <\/span>Teatre de l&#8217;Escorxador<\/td>\n<td style=\"width: 311px; height: 27px;\">\u00a0<span style=\"font-weight: normal;\">LLOC:<\/span> Sala La Societat i MUME<\/td>\n<td style=\"width: 335px; height: 27px;\">\u00a0<span style=\"font-weight: normal;\">LLOC:\u00a0<\/span> INS Ramon Berenguer IV i Museu Terres de l&#8217;Ebre<\/td>\n<\/tr>\n<tr>\n<td style=\"width: 393px; height: 27px;\">\n<div style=\"color: #666666; font-family: OpenSansRegular,Helvetica,Arial,sans-serif; font-size: 14px; font-weight: 400;\">\n<p dir=\"ltr\" style=\"margin: 0px 0px 10px; padding-left: 30px;\">10.30 Inici de l&#8217;acte<\/p>\n<p dir=\"ltr\" style=\"margin: 0px 0px 10px; padding-left: 30px;\">10.50 Curmetratge: Silence (1998). Dirigit per Sylvie Bringas i Orly Yadin, basat en l\u2019escrit &#8220;A trav\u00e9s del silenci&#8221; de Noa Ain i Tana Ross.<\/p>\n<\/div>\n<div style=\"color: #666666; font-family: OpenSansRegular,Helvetica,Arial,sans-serif; font-size: 14px; font-weight: 400;\">\n<p dir=\"ltr\" style=\"margin: 0px 0px 10px; padding-left: 30px;\">11.00 Participaci\u00f3 dels estudiants. Lectures que han preparat els diversos centres participants.<\/p>\n<\/div>\n<div style=\"color: #666666; font-family: OpenSansRegular,Helvetica,Arial,sans-serif; font-size: 14px; font-weight: 400;\">\n<p dir=\"ltr\" style=\"margin: 0px 0px 10px; padding-left: 30px;\">11.35 Confer\u00e8ncia de Guillem Calaforra, traductor del diari de Janina Hescheles, Amb ulls d&#8217;una nena de 12 anys.<\/p>\n<\/div>\n<div style=\"color: #666666; font-family: OpenSansRegular,Helvetica,Arial,sans-serif; font-size: 14px; font-weight: 400;\">\n<p dir=\"ltr\" style=\"margin: 0px 0px 10px; padding-left: 30px;\">12.00 Commemoraci\u00f3. Actuaci\u00f3 de Tamara Precek<\/p>\n<\/div>\n<div style=\"color: #666666; font-family: OpenSansRegular,Helvetica,Arial,sans-serif; font-size: 14px; font-weight: 400;\">\n<p dir=\"ltr\" style=\"margin: 0px 0px 10px; padding-left: 30px;\">12.20 Fi de l\u2019acte<\/p>\n<\/div>\n<\/td>\n<td style=\"width: 410px; height: 27px;\">\n<blockquote style=\"margin: 0 0 0 40px; border: none; padding: 0px;\">\n<p style=\"margin: 0px 0px 10px; color: #666666; font-family: OpenSansRegular,Helvetica,Arial,sans-serif; font-size: 14px; font-weight: 400;\">\u00a0 10.00 Inici de l&#8217;acte<\/p>\n<p style=\"margin: 0px 0px 10px; color: #666666; font-family: OpenSansRegular,Helvetica,Arial,sans-serif; font-size: 14px; font-weight: 400;\">\u00a010.15 Encesa de les Espelmes del Record<\/p>\n<p style=\"margin: 0px 0px 10px; color: #666666; font-family: OpenSansRegular,Helvetica,Arial,sans-serif; font-size: 14px; font-weight: 400;\">\u00a010.45\u00a0Xerrada a c\u00e0rrec de la soci\u00f2loga de la UAB Marta Sim\u00f3 \u201cPer qu\u00e8 cal Commemorar a les V\u00edctimes de l&#8217;Holocaust i\u00a0la persecuci\u00f3 nazi, avui?&#8221;.<\/p>\n<p style=\"margin: 0px 0px 10px; color: #666666; font-family: OpenSansRegular,Helvetica,Arial,sans-serif; font-size: 14px; font-weight: 400;\">\u00a012.00\u00a0\u00a0Teatre a c\u00e0rrec de la companyia \u201cTeatre de motxilla\u201d de l\u2019INS Guind\u00e0vols, que interpretaran l\u2019obra \u201cDe Animis\u00a0Mortuorum\u201d, sota la direcci\u00f3 de Daniel Gil.<\/p>\n<p style=\"margin: 0px 0px 10px; color: #666666; font-family: OpenSansRegular,Helvetica,Arial,sans-serif; font-size: 14px; font-weight: 400;\">\u00a012.45 Cloenda de l\u2019acte i lectura de manifest<\/p>\n<p style=\"margin: 0px 0px 10px; color: #666666; font-family: OpenSansRegular,Helvetica,Arial,sans-serif; font-size: 14px; font-weight: 400;\">\u00a013.30 Fi de l&#8217;acte<\/p>\n<\/blockquote>\n<\/td>\n<td style=\"width: 311px; height: 27px;\">\n<div style=\"color: #666666; font-family: OpenSansRegular,Helvetica,Arial,sans-serif; font-size: 14px; font-weight: 400; padding-left: 30px;\">10.00 Inici de l&#8217;acte<\/div>\n<div style=\"color: #666666; font-family: OpenSansRegular,Helvetica,Arial,sans-serif; font-size: 14px; font-weight: 400; padding-left: 30px;\"><\/div>\n<div style=\"color: #666666; font-family: OpenSansRegular,Helvetica,Arial,sans-serif; font-size: 14px; font-weight: 400; padding-left: 30px;\">10.15 Confer\u00e8ncia i debat amb Dory Sontheimer, (familiar de deportats al camp de concentraci\u00f3 i extermini d\u2019Auchswitz i autora de \u2018Les set caixes\u2019 i \u2018La vuitena caixa\u2019)<\/div>\n<div style=\"color: #666666; font-family: OpenSansRegular,Helvetica,Arial,sans-serif; font-size: 14px; font-weight: 400; padding-left: 30px;\"><\/div>\n<div style=\"color: #666666; font-family: OpenSansRegular,Helvetica,Arial,sans-serif; font-size: 14px; font-weight: 400; padding-left: 30px;\">12. Visita guiada al MUME i als b\u00fanquers franquistes de 1943 de La Jonquera, Agullana i Portbou<\/div>\n<div style=\"color: #666666; font-family: OpenSansRegular,Helvetica,Arial,sans-serif; font-size: 14px; font-weight: 400; padding-left: 30px;\"><\/div>\n<div style=\"color: #666666; font-family: OpenSansRegular,Helvetica,Arial,sans-serif; font-size: 14px; font-weight: 400; padding-left: 30px;\">13.30 Fi de la trobada<\/div>\n<\/td>\n<td style=\"width: 335px; height: 27px;\">\n<div style=\"color: #666666; font-family: OpenSansRegular,Helvetica,Arial,sans-serif; font-size: 14px; font-weight: 400;\">\n<p dir=\"ltr\" style=\"margin: 0px 0px 10px; padding-left: 30px;\">12.00 Xerrada de Caflos Hen\u00e1ndez de Miguel sobe la Deportaci\u00f3 republicana a Mauthausen<\/p>\n<p dir=\"ltr\" style=\"margin: 0px 0px 10px; padding-left: 30px;\">19.00 Acte institucional i presentaci\u00f3 del projecte de ciutat \u201cPortes de mem\u00f2ria\u201d<\/p>\n<\/div>\n<div style=\"color: #666666; font-family: OpenSansRegular,Helvetica,Arial,sans-serif; font-size: 14px; font-weight: 400;\">\n<p dir=\"ltr\" style=\"margin: 0px 0px 10px; padding-left: 30px;\">19.15 Representaci\u00f3 poeticomusical a c\u00e0rrec del grup Les Lorquianes<\/p>\n<\/div>\n<div style=\"color: #666666; font-family: OpenSansRegular,Helvetica,Arial,sans-serif; font-size: 14px; font-weight: 400; padding-left: 30px;\">19.30 Confer\u00e8ncia de Carlos Hern\u00e1ndez de Miguel &#8220;Deportats als camps de concentraci\u00f3 nazi per ordre de Franco&#8221;<\/div>\n<div><\/div>\n<\/td>\n<\/tr>\n<\/tbody>\n<\/table>\n<p>&nbsp;<\/p>\n<\/div>\n<div>\n<div style=\"text-align: center; display: block;\">\n<div style=\"display: block; text-align: center; margin-right: auto; margin-left: auto;\">\n<div style=\"font-weight: bold; color: #000000; font-size: large; display: block; text-align: center; margin-right: auto; margin-left: auto;\">\n<p>&nbsp;<\/p>\n<hr \/>\n<\/div>\n<\/div>\n<\/div>\n<\/div>\n","protected":false},"excerpt":{"rendered":"<p>DIA INTERNACIONAL EN MEM\u00d2RIA DE\u00a0LES V\u00cdCTIMES DE L&#8217;HOLOCAUST<br \/>\n\u00a0I DE PREVENCI\u00d3 DE CRIMS CONTRA LA HUMANITAT\u00a0 2019<\/p>\n<p>&nbsp;<br \/>\n<a href=\"https:\/\/sites.google.com\/a\/xtec.cat\/gtexilideportacioholocaust\/agenda-1\/imatge2%20-600X600.jpg?attredirects=0\"><\/a><br \/>\n&nbsp;<\/p>\n<p>&nbsp;<br \/>\nAutora: Meritxell Torremorell. INS Caparrella<br \/>\n&nbsp;<\/p>\n<p>&nbsp;<\/p>\n<p>\u00a0ACTE A BARCELONA<br \/>\n\u00a0ACTE A LLEIDA<br \/>\n\u00a0ACTE A LA JONQUERA<br \/>\n\u00a0ACTE A AMPOSTA<\/p>\n<p>\u00a0DATA:\u00a025 de gener de 2019<br \/>\n\u00a0DATA: 25 de gener de 2019<br \/>\n\u00a0DATA: 28 de gener de 2019<br \/>\n\u00a0DATA: 25&hellip;  <a href=\"https:\/\/projectes.xtec.cat\/memoriaieducacio\/activitats\/dia-internacional-victimes-de-lholocaust\/2019-2\/\" title=\"Read 2019\">Llegeix m\u00e9s\u00bb<\/a><\/p>\n","protected":false},"author":3,"featured_media":0,"parent":8489,"menu_order":70,"comment_status":"closed","ping_status":"closed","template":"page-templates\/side-menu.php","meta":{"_bbp_topic_count":0,"_bbp_reply_count":0,"_bbp_total_topic_count":0,"_bbp_total_reply_count":0,"_bbp_voice_count":0,"_bbp_anonymous_reply_count":0,"_bbp_topic_count_hidden":0,"_bbp_reply_count_hidden":0,"_bbp_forum_subforum_count":0,"footnotes":""},"class_list":["post-8512","page","type-page","status-publish","hentry"],"post_mailing_queue_ids":[],"_links":{"self":[{"href":"https:\/\/projectes.xtec.cat\/memoriaieducacio\/wp-json\/wp\/v2\/pages\/8512","targetHints":{"allow":["GET"]}}],"collection":[{"href":"https:\/\/projectes.xtec.cat\/memoriaieducacio\/wp-json\/wp\/v2\/pages"}],"about":[{"href":"https:\/\/projectes.xtec.cat\/memoriaieducacio\/wp-json\/wp\/v2\/types\/page"}],"author":[{"embeddable":true,"href":"https:\/\/projectes.xtec.cat\/memoriaieducacio\/wp-json\/wp\/v2\/users\/3"}],"replies":[{"embeddable":true,"href":"https:\/\/projectes.xtec.cat\/memoriaieducacio\/wp-json\/wp\/v2\/comments?post=8512"}],"version-history":[{"count":2,"href":"https:\/\/projectes.xtec.cat\/memoriaieducacio\/wp-json\/wp\/v2\/pages\/8512\/revisions"}],"predecessor-version":[{"id":8981,"href":"https:\/\/projectes.xtec.cat\/memoriaieducacio\/wp-json\/wp\/v2\/pages\/8512\/revisions\/8981"}],"up":[{"embeddable":true,"href":"https:\/\/projectes.xtec.cat\/memoriaieducacio\/wp-json\/wp\/v2\/pages\/8489"}],"wp:attachment":[{"href":"https:\/\/projectes.xtec.cat\/memoriaieducacio\/wp-json\/wp\/v2\/media?parent=8512"}],"curies":[{"name":"wp","href":"https:\/\/api.w.org\/{rel}","templated":true}]}}