{"id":8581,"date":"2020-07-03T10:35:10","date_gmt":"2020-07-03T08:35:10","guid":{"rendered":"https:\/\/projectes.xtec.cat\/memoriaieducacio\/?page_id=8581"},"modified":"2023-06-19T20:27:00","modified_gmt":"2023-06-19T18:27:00","slug":"2020-2","status":"publish","type":"page","link":"https:\/\/projectes.xtec.cat\/memoriaieducacio\/activitats\/jornades-dexperiencies-didactiques\/2020-2\/","title":{"rendered":"2020"},"content":{"rendered":"<p><a href=\"https:\/\/projectes.xtec.cat\/memoriaieducacio\/wp-content\/uploads\/usu2168\/2020\/06\/VI_Jornada_ED-MH.jpg\"><img loading=\"lazy\" decoding=\"async\" class=\"size-full wp-image-8472 aligncenter\" src=\"https:\/\/projectes.xtec.cat\/memoriaieducacio\/wp-content\/uploads\/usu2168\/2020\/06\/VI_Jornada_ED-MH.jpg\" alt=\"\" width=\"670\" height=\"378\" srcset=\"https:\/\/projectes.xtec.cat\/memoriaieducacio\/wp-content\/uploads\/usu2168\/2020\/06\/VI_Jornada_ED-MH.jpg 670w, https:\/\/projectes.xtec.cat\/memoriaieducacio\/wp-content\/uploads\/usu2168\/2020\/06\/VI_Jornada_ED-MH-300x169.jpg 300w\" sizes=\"auto, (max-width: 670px) 100vw, 670px\" \/><\/a><\/p>\n<p><span style=\"font-weight: 400;\">Data de realitzaci\u00f3: 29 de juny de 2020\u00a0<\/span><br \/>\n<span style=\"font-weight: 400;\">Horari:\u00a0 de les 16.00 h a les 18.30 h<\/span><br \/>\n<span style=\"font-weight: 400;\">Realitzaci\u00f3:\u00a0 Videoconfer\u00e8ncia amb la plataforma Zoom\u00a0<\/span><br \/>\n<span style=\"font-weight: 400;\">Organitzaci\u00f3: Grup DEMD (Departament\u00a0 d\u2019Educaci\u00f3 &#8211; Memorial Democr\u00e0tic)<\/span><br \/>\n<a href=\"https:\/\/forms.gle\/7XK5VRvwCp4jQRTH8\">Formulari d&#8217;inscripci\u00f3<\/a><\/p>\n<p style=\"padding-left: 160px;\"><strong>PROGRAMA:<\/strong><br \/>\n<span style=\"font-weight: 400;\">16.00 h. Benvinguda a c\u00e0rrec de<\/span><br \/>\n<span style=\"font-weight: 400;\">\u00a0 \u00a0 \u00a0 \u00a0 \u00a0 \u00a0 \u00a0 \u00a0&#8211; Sra. Maite Aymerich. Directora General de Curr\u00edculum i Personalitzaci\u00f3.<\/span><br \/>\n<span style=\"font-weight: 400;\">\u00a0 \u00a0 \u00a0 \u00a0 \u00a0 \u00a0 \u00a0 \u00a0&#8211; Sr. Jordi Font. Director del Memorial Democr\u00e0tic.<\/span><br \/>\n<span style=\"font-weight: 400;\">16.10 h. Presentaci\u00f3 de la jornada.\u00a0<\/span><br \/>\n<span style=\"font-weight: 400;\">16.15 h. Experi\u00e8ncies i activitats del grup de treball <a href=\"https:\/\/drive.google.com\/file\/d\/1wIXLk8fVUwTP6WEspIQd0too5BnB4UOl\/view?usp=sharing\">DEMD Lleida<\/a>.\u00a0<\/span><br \/>\n<span style=\"font-weight: 400;\">16.30 h. Experi\u00e8ncies i activitats del grup de treball\u00a0 <a href=\"https:\/\/projectes.xtec.cat\/memoriaieducacio\/wp-content\/uploads\/usu2168\/2020\/08\/Presentacio\u0301-GdT-EDH-Alt-Emporda\u0300-Experie\u0300ncies-dida\u0300ctiques-1.pdf\">Exili, Deportaci\u00f3 i Holocaust Alt Emporda\u0300<\/a><\/span><br \/>\n<span style=\"font-weight: 400;\">16.45 h. Quizgame: <em>Cinema i Mem\u00f2ria, posa a prova el teu coneixement!<\/em><\/span><br \/>\n<span style=\"font-weight: 400;\">17.00 h. Experi\u00e8ncies i activitats del grup de treball<a href=\"https:\/\/drive.google.com\/open?id=1WA5a4HJdyScpT4JYRsev5KoUWLFegEU6\"> DEMD Ebre.<\/a>\u00a0<\/span><br \/>\n<span style=\"font-weight: 400;\">17.15 h. Experi\u00e8ncies i activitats del grup de treball <a href=\"https:\/\/drive.google.com\/open?id=1ZM0ox9CCFNEtf142dSM0o6XEVcPmK7kG\">DEMD Sant Cugat<\/a>.<\/span><br \/>\n<span style=\"font-weight: 400;\">17.30 h. Taller: <a href=\"https:\/\/projectes.xtec.cat\/memoriaieducacio\/wp-content\/uploads\/usu2168\/2020\/08\/Taller-cinema-i-memo\u0300ria-2.pdf\">Totes les pel\u00b7l\u00edcules valen per tractar la mem\u00f2ria hist\u00f2rica?<\/a><strong>\u00a0<\/strong><\/span><span style=\"font-weight: 400;\">A c\u00e0rrec d\u2019en Xavier Alsina <\/span><span style=\"font-weight: 400;\">i de Guila Fidel.\u00a0<\/span><br \/>\n<span style=\"font-weight: 400;\">18.00 h. Planificacions i <a href=\"https:\/\/drive.google.com\/file\/d\/1QmAe8ID85U8LvWaHqoiljSXRHnwuPYLO\/view?usp=sharing\">previsions del grup DEMD<\/a>. Espai obert. Precs i Preguntes.<\/span><br \/>\n<span style=\"font-weight: 400;\">18.30 h. Cloenda.<\/span><\/p>\n<p><b>Descripci\u00f3 de l\u2019activitat:<\/b><br \/>\n<span style=\"font-weight: 400;\">La jornada es presenta com a lloc de trobada i intercanvi d&#8217;experi\u00e8ncies did\u00e0ctiques dels diversos grups de treball DEMD i de tot el professorat interessat en els temes de mem\u00f2ria.<\/span><br \/>\n<span style=\"font-weight: 400;\">Es planteja oferir recursos i intercanviar activitats als diversos centres que han treballat temes de mem\u00f2ria hist\u00f2rica i serveix com a espai d\u2019exposici\u00f3 de l\u2019activitat realitzada pels grups de treball DEMD durant el curs escolar.<\/span><\/p>\n<p><b>Objectius:<\/b><br \/>\n<span style=\"font-weight: 400;\">&#8211; Presentar metodologies did\u00e0ctiques a partir dels temes de mem\u00f2ria en un context curr\u00edcular fonamentat en l\u2019assoliment de compet\u00e8ncies b\u00e0siques\u00a0\u00a0\u00a0\u00a0\u00a0\u00a0<\/span><br \/>\n<span style=\"font-weight: 400;\">&#8211; Posar en contacte docents de diferents territoris interessats en tem\u00e0tiques de mem\u00f2ria hist\u00f2rica.<\/span><br \/>\n<span style=\"font-weight: 400;\">&#8211; Con\u00e8ixer els espais de mem\u00f2ria a casa nostra o d\u2019altres indrets relacionats amb la hist\u00f2ria contempor\u00e0nia.<\/span><br \/>\n<span style=\"font-weight: 400;\">&#8211; Fomentar i difondre la xarxa de grups DEMD i de centres educatius\u00a0 que treballen la mem\u00f2ria.<\/span><\/p>\n<p><b>Organitzaci\u00f3 i realitzaci\u00f3:<\/b><br \/>\n<span style=\"font-weight: 400;\">L\u2019organitzaci\u00f3 de l\u2019activitat dep\u00e8n dels equips t\u00e8cnics del Servei de Curr\u00edculum de Secund\u00e0ria i Barxillerat i del Servei Educatiu del Memorial Democr\u00e0tic.\u00a0<\/span><br \/>\n<span style=\"font-weight: 400;\">En context de la situaci\u00f3 sanit\u00e0ria la realitzaci\u00f3 de la jornada ser\u00e0 en format de videoconfer\u00e8ncia virtual amb la plataforma Zoom i comptar\u00e0 amb el suport del t\u00e8cnic d\u2019equips audiovisuals del Memorial Democr\u00e0tic.<\/span><\/p>\n","protected":false},"excerpt":{"rendered":"<p><a href=\"https:\/\/projectes.xtec.cat\/memoriaieducacio\/wp-content\/uploads\/usu2168\/2020\/06\/VI_Jornada_ED-MH.jpg\"><\/a><br \/>\nData de realitzaci\u00f3: 29 de juny de 2020\u00a0<br \/>\nHorari:\u00a0 de les 16.00 h a les 18.30 h<br \/>\nRealitzaci\u00f3:\u00a0 Videoconfer\u00e8ncia amb la plataforma Zoom\u00a0<br \/>\nOrganitzaci\u00f3: Grup DEMD (Departament\u00a0 d\u2019Educaci\u00f3 &#8211; Memorial Democr\u00e0tic)<br \/>\n<a href=\"https:\/\/forms.gle\/7XK5VRvwCp4jQRTH8\">Formulari d&#8217;inscripci\u00f3<\/a><br \/>\nPROGRAMA:<br \/>\n16.00 h. Benvinguda a c\u00e0rrec de<br \/>\n\u00a0 \u00a0 \u00a0 \u00a0 \u00a0 \u00a0 \u00a0 \u00a0&#8211; Sra. Maite&hellip;  <a href=\"https:\/\/projectes.xtec.cat\/memoriaieducacio\/activitats\/jornades-dexperiencies-didactiques\/2020-2\/\" title=\"Read 2020\">Llegeix m\u00e9s\u00bb<\/a><\/p>\n","protected":false},"author":3,"featured_media":0,"parent":8553,"menu_order":60,"comment_status":"closed","ping_status":"closed","template":"page-templates\/side-menu.php","meta":{"_bbp_topic_count":0,"_bbp_reply_count":0,"_bbp_total_topic_count":0,"_bbp_total_reply_count":0,"_bbp_voice_count":0,"_bbp_anonymous_reply_count":0,"_bbp_topic_count_hidden":0,"_bbp_reply_count_hidden":0,"_bbp_forum_subforum_count":0,"footnotes":""},"class_list":["post-8581","page","type-page","status-publish","hentry"],"post_mailing_queue_ids":[],"_links":{"self":[{"href":"https:\/\/projectes.xtec.cat\/memoriaieducacio\/wp-json\/wp\/v2\/pages\/8581","targetHints":{"allow":["GET"]}}],"collection":[{"href":"https:\/\/projectes.xtec.cat\/memoriaieducacio\/wp-json\/wp\/v2\/pages"}],"about":[{"href":"https:\/\/projectes.xtec.cat\/memoriaieducacio\/wp-json\/wp\/v2\/types\/page"}],"author":[{"embeddable":true,"href":"https:\/\/projectes.xtec.cat\/memoriaieducacio\/wp-json\/wp\/v2\/users\/3"}],"replies":[{"embeddable":true,"href":"https:\/\/projectes.xtec.cat\/memoriaieducacio\/wp-json\/wp\/v2\/comments?post=8581"}],"version-history":[{"count":3,"href":"https:\/\/projectes.xtec.cat\/memoriaieducacio\/wp-json\/wp\/v2\/pages\/8581\/revisions"}],"predecessor-version":[{"id":8757,"href":"https:\/\/projectes.xtec.cat\/memoriaieducacio\/wp-json\/wp\/v2\/pages\/8581\/revisions\/8757"}],"up":[{"embeddable":true,"href":"https:\/\/projectes.xtec.cat\/memoriaieducacio\/wp-json\/wp\/v2\/pages\/8553"}],"wp:attachment":[{"href":"https:\/\/projectes.xtec.cat\/memoriaieducacio\/wp-json\/wp\/v2\/media?parent=8581"}],"curies":[{"name":"wp","href":"https:\/\/api.w.org\/{rel}","templated":true}]}}