{"id":8586,"date":"2020-07-03T11:42:06","date_gmt":"2020-07-03T09:42:06","guid":{"rendered":"https:\/\/projectes.xtec.cat\/memoriaieducacio\/?page_id=8586"},"modified":"2023-06-19T20:28:02","modified_gmt":"2023-06-19T18:28:02","slug":"2019-2","status":"publish","type":"page","link":"https:\/\/projectes.xtec.cat\/memoriaieducacio\/activitats\/jornades-dexperiencies-didactiques\/2019-2\/","title":{"rendered":"2019"},"content":{"rendered":"<div style=\"display: block; text-align: center; margin-right: auto; margin-left: auto;\"><a href=\"https:\/\/sites.google.com\/a\/xtec.cat\/gtexilideportacioholocaust\/jornades-de-memoria-democratica\/v-jornada-ed-mh\/V%20jornada%20ED%20MHimatge%20pagina%20site.jpg?attredirects=0\"><img decoding=\"async\" src=\"https:\/\/sites.google.com\/a\/xtec.cat\/gtexilideportacioholocaust\/jornades-de-memoria-democratica\/v-jornada-ed-mh\/V%20jornada%20ED%20MHimatge%20pagina%20site.jpg\" border=\"0\" \/><\/a><\/div>\n<div style=\"display: block; text-align: center; margin-right: auto; margin-left: auto;\"><span style=\"font-size: large;\">\u00a0<\/span><\/div>\n<div style=\"text-align: right; display: block; margin-right: auto; margin-left: auto;\"><span style=\"color: #3d85c6;\"><span style=\"font-size: large;\"><b><a href=\"https:\/\/aplicacions.gestioeducativa.gencat.cat\/pls\/soloas\/pk_for_mod_ins.p_for_detall_activitat?p_excloure_crp_rec=T&amp;p_codi=9000900557&amp;p_curs=2018-2019&amp;p_es_inscr=S\">INSCRIPCIONS<\/a><\/b><\/span> <\/span>(FINS 1 DE JULIOL)<\/div>\n<div style=\"display: block; text-align: center; margin-right: auto; margin-left: auto;\">\u00a0 <span style=\"color: #0000ff; font-size: xx-large;\">\u00a0 PROGRAMA<\/span><\/div>\n<div style=\"text-align: left; display: block; margin-right: auto; margin-left: auto;\"><span style=\"color: #000000; font-size: large;\">9.00 Presentaci\u00f3 de la Jornada<\/span><\/div>\n<div style=\"text-align: left; display: block; margin-right: auto; margin-left: auto;\"><span style=\"color: #000000; font-size: large; background-color: transparent;\">9.30 Activitats i projectes grups de mem\u00f2ria DEMD:<\/span><\/div>\n<div style=\"text-align: left; display: block; margin-right: auto; margin-left: auto;\"><span style=\"color: #000000; font-size: large;\">\u00a0\u00a0 \u00a0\u00a0\u00a0 \u00a0\u00a0\u00a0 \u00a0\u00a0\u00a0 \u00a0\u00a0\u00a0 \u00a0\u00a0\u00a0 \u00a0\u00a0\u00a0 \u00a0\u00a0\u00a0 \u00a0\u00a0\u00a0 \u00a0&#8211; <a href=\"goog_2036784581\">Grup<\/a><a href=\"https:\/\/docs.google.com\/a\/xtec.cat\/viewer?a=v&amp;pid=sites&amp;srcid=eHRlYy5jYXR8Z3RleGlsaWRlcG9ydGFjaW9ob2xvY2F1c3R8Z3g6ZTgzNWZlOTc2YmQyZDQy\" target=\"_blank\" rel=\"noopener noreferrer\">\u00a0DEMD<\/a><\/span><\/div>\n<div style=\"text-align: left; display: block; margin-right: auto; margin-left: auto;\"><span style=\"color: #000000; font-size: large;\">\u00a0\u00a0 \u00a0\u00a0\u00a0 \u00a0\u00a0\u00a0 \u00a0\u00a0\u00a0 \u00a0\u00a0\u00a0 \u00a0\u00a0\u00a0 \u00a0\u00a0\u00a0 \u00a0\u00a0\u00a0 \u00a0\u00a0 \u00a0 &#8211; Grup DEMD Exili, Deportaci\u00f3 i Holocaust\u00a0 (Alt Empord\u00e0)<\/span><\/div>\n<div style=\"text-align: left; display: block; margin-right: auto; margin-left: auto;\"><span style=\"color: #000000; font-size: large;\">\u00a0\u00a0 \u00a0\u00a0\u00a0 \u00a0\u00a0\u00a0 \u00a0\u00a0\u00a0 \u00a0\u00a0\u00a0 \u00a0\u00a0\u00a0 \u00a0\u00a0\u00a0 \u00a0\u00a0\u00a0 \u00a0\u00a0\u00a0 \u00a0&#8211; <a href=\"https:\/\/docs.google.com\/a\/xtec.cat\/viewer?a=v&amp;pid=sites&amp;srcid=eHRlYy5jYXR8Z3RleGlsaWRlcG9ydGFjaW9ob2xvY2F1c3R8Z3g6NDE3ODFiZmE1NDY5NWMxOA\" target=\"_blank\" rel=\"noopener noreferrer\">Grup DEMD Lleida<\/a><\/span><\/div>\n<div style=\"text-align: left; display: block; margin-right: auto; margin-left: auto;\"><span style=\"color: #000000; font-size: large;\">\u00a0\u00a0 \u00a0\u00a0\u00a0 \u00a0\u00a0\u00a0 \u00a0\u00a0\u00a0 \u00a0\u00a0\u00a0 \u00a0\u00a0\u00a0 \u00a0\u00a0\u00a0 \u00a0\u00a0\u00a0 \u00a0\u00a0\u00a0 \u00a0&#8211; <a href=\"https:\/\/docs.google.com\/a\/xtec.cat\/viewer?a=v&amp;pid=sites&amp;srcid=eHRlYy5jYXR8Z3RleGlsaWRlcG9ydGFjaW9ob2xvY2F1c3R8Z3g6MzQ4MGI3NmQwNWFlZDFhZA\" target=\"_blank\" rel=\"noopener noreferrer\">Grup DEMD Ebre<\/a><\/span><\/div>\n<div style=\"text-align: left; display: block; margin-right: auto; margin-left: auto;\"><span style=\"color: #000000; font-size: large; background-color: transparent;\">10.30 Caf\u00e8 \/ Espai social<\/span><\/div>\n<div style=\"text-align: left; display: block; margin-right: auto; margin-left: auto;\"><span style=\"color: #000000; font-size: large; background-color: transparent;\">11.00 <a href=\"https:\/\/docs.google.com\/a\/xtec.cat\/viewer?a=v&amp;pid=sites&amp;srcid=eHRlYy5jYXR8Z3RleGlsaWRlcG9ydGFjaW9ob2xvY2F1c3R8Z3g6N2Y0YmI5YTIxMzE1YTQyOQ\">G\u00e8nere i mem\u00f2ria<\/a>. <a href=\"https:\/\/docs.google.com\/a\/xtec.cat\/viewer?a=v&amp;pid=sites&amp;srcid=eHRlYy5jYXR8Z3RleGlsaWRlcG9ydGFjaW9ob2xvY2F1c3R8Z3g6MjI2ZDU2MjI3ODJhOTI0Zg\" target=\"_blank\" rel=\"noopener noreferrer\">Presentaci\u00f3 1<\/a>. <a href=\"https:\/\/docs.google.com\/a\/xtec.cat\/viewer?a=v&amp;pid=sites&amp;srcid=eHRlYy5jYXR8Z3RleGlsaWRlcG9ydGFjaW9ob2xvY2F1c3R8Z3g6MmE4YTVhZjQ3YWQwMDBhYg\" target=\"_blank\" rel=\"noopener noreferrer\">Presentaci\u00f3 2<\/a>.<\/span><\/div>\n<div style=\"text-align: left; display: block; margin-right: auto; margin-left: auto;\"><span style=\"color: #000000; font-size: large; background-color: transparent;\">11.30 Taules tem\u00e0tiques:<\/span><\/div>\n<blockquote style=\"margin: 0 0 0 40px; border: none; padding: 0px;\">\n<blockquote style=\"margin: 0 0 0 40px; border: none; padding: 0px;\">\n<blockquote style=\"margin: 0 0 0 40px; border: none; padding: 0px;\">\n<blockquote style=\"margin: 0 0 0 40px; border: none; padding: 0px;\">\n<div style=\"text-align: left; display: block; margin-right: auto; margin-left: auto;\"><span style=\"color: #000000; font-size: large;\">1- Experi\u00e8ncies de viatges<\/span><\/div>\n<\/blockquote>\n<\/blockquote>\n<\/blockquote>\n<\/blockquote>\n<blockquote style=\"margin: 0 0 0 40px; border: none; padding: 0px;\">\n<blockquote style=\"margin: 0 0 0 40px; border: none; padding: 0px;\">\n<blockquote style=\"margin: 0 0 0 40px; border: none; padding: 0px;\">\n<blockquote style=\"margin: 0 0 0 40px; border: none; padding: 0px;\">\n<div style=\"text-align: left; display: block; margin-right: auto; margin-left: auto;\"><span style=\"color: #000000; font-size: large;\">2-Continguts hist\u00f2rics: Rep\u00fablica, Guerra civil, Franquisme, Exilis. Deportacions i Holocaust\u00a0<\/span><\/div>\n<\/blockquote>\n<\/blockquote>\n<\/blockquote>\n<\/blockquote>\n<blockquote style=\"margin: 0 0 0 40px; border: none; padding: 0px;\">\n<blockquote style=\"margin: 0 0 0 40px; border: none; padding: 0px;\">\n<blockquote style=\"margin: 0 0 0 40px; border: none; padding: 0px;\">\n<blockquote style=\"margin: 0 0 0 40px; border: none; padding: 0px;\">\n<div style=\"text-align: left; display: block; margin-right: auto; margin-left: auto;\"><span style=\"color: #000000; font-size: large;\">3- Projectes i metodologies diverses<\/span><\/div>\n<\/blockquote>\n<\/blockquote>\n<\/blockquote>\n<\/blockquote>\n<div style=\"text-align: left; display: block; margin-right: auto; margin-left: auto;\"><span style=\"color: #000000; font-size: large; background-color: transparent;\">13.30 Posada en com\u00fa<\/span><\/div>\n<div style=\"text-align: left; display: block; margin-right: auto; margin-left: auto;\"><span style=\"color: #000000; font-size: large; background-color: transparent;\">14.45 Cloenda<\/span><\/div>\n<div style=\"text-align: left; display: block; margin-right: auto; margin-left: auto;\"><\/div>\n<blockquote style=\"margin: 0 0 0 40px; border: none; padding: 0px;\">\n<blockquote style=\"margin: 0 0 0 40px; border: none; padding: 0px;\">\n<div style=\"text-align: left; display: block; margin-right: auto; margin-left: auto;\"><span style=\"color: #0000ff; font-size: large;\"><b>PRESENTACIONS D&#8217;EXPERI\u00c8NCIES<\/b><\/span><\/div>\n<\/blockquote>\n<\/blockquote>\n<blockquote style=\"margin: 0 0 0 40px; border: none; padding: 0px;\">\n<blockquote style=\"margin: 0 0 0 40px; border: none; padding: 0px;\">\n<div style=\"text-align: left; display: block; margin-right: auto; margin-left: auto;\"><span style=\"font-style: normal; font-size: large;\"><b><a href=\"https:\/\/docs.google.com\/a\/xtec.cat\/viewer?a=v&amp;pid=sites&amp;srcid=eHRlYy5jYXR8Z3RleGlsaWRlcG9ydGFjaW9ob2xvY2F1c3R8Z3g6NmE3YmM2MjMxOWMwMjQ5Yw\" target=\"_blank\" rel=\"noopener noreferrer\">Vivenciar l&#8217;Holocaust<\/a><\/b> (Manoli Narv\u00e1ez. Institut Arnau Cadell, Sant Cugat del Vall\u00e8s)<\/span><\/div>\n<\/blockquote>\n<\/blockquote>\n<blockquote style=\"margin: 0 0 0 40px; border: none; padding: 0px;\">\n<blockquote style=\"margin: 0 0 0 40px; border: none; padding: 0px;\">\n<div style=\"text-align: left; display: block; margin-right: auto; margin-left: auto;\"><span style=\"font-style: normal; font-size: large;\"><b><span style=\"color: #0000ff;\"><a href=\"https:\/\/docs.google.com\/a\/xtec.cat\/viewer?a=v&amp;pid=sites&amp;srcid=eHRlYy5jYXR8Z3RleGlsaWRlcG9ydGFjaW9ob2xvY2F1c3R8Z3g6MWNhMDhhYjhjMzM1NDIzMw\" target=\"_blank\" rel=\"noopener noreferrer\">Experi\u00e8ncies sobre el valor de la mem\u00f2ria: de generaci\u00f3 en generaci\u00f3<\/a><\/span><\/b> (Xavier Alsina. Institut Arnau Cadell, Sant Cugat del Vall\u00e8s)<\/span><\/div>\n<\/blockquote>\n<\/blockquote>\n<blockquote style=\"margin: 0 0 0 40px; border: none; padding: 0px;\">\n<blockquote style=\"margin: 0 0 0 40px; border: none; padding: 0px;\">\n<div style=\"text-align: left; display: block; margin-right: auto; margin-left: auto;\"><span style=\"font-style: normal; font-size: large;\"><a href=\"https:\/\/docs.google.com\/a\/xtec.cat\/viewer?a=v&amp;pid=sites&amp;srcid=eHRlYy5jYXR8Z3RleGlsaWRlcG9ydGFjaW9ob2xvY2F1c3R8Z3g6MjFiN2FmZTk4ZWYxYmNhYw\" target=\"_blank\" rel=\"noopener noreferrer\"><b>Acte Mem\u00f2ria Hist\u00f2rica El Puig<\/b><\/a> (S\u00f2nia Torres, Institut Puig Castellar, Santa Coloma de Gramenet)<\/span><\/div>\n<\/blockquote>\n<\/blockquote>\n<blockquote style=\"margin: 0 0 0 40px; border: none; padding: 0px;\">\n<blockquote style=\"margin: 0 0 0 40px; border: none; padding: 0px;\">\n<div style=\"text-align: left; display: block; margin-right: auto; margin-left: auto;\"><span style=\"font-style: normal; font-size: large;\"><a href=\"https:\/\/docs.google.com\/a\/xtec.cat\/viewer?a=v&amp;pid=sites&amp;srcid=eHRlYy5jYXR8Z3RleGlsaWRlcG9ydGFjaW9ob2xvY2F1c3R8Z3g6MzQ2ZmQ2ODZjNDZhNzhlNQ\" target=\"_blank\" rel=\"noopener noreferrer\"><b>Joan Peir\u00f3, 1887-1942<\/b><\/a> (Francesc Isern. Institut Dom\u00e8nec Perramon, Arenys de Munt)<\/span><\/div>\n<\/blockquote>\n<\/blockquote>\n<blockquote style=\"margin: 0 0 0 40px; border: none; padding: 0px;\">\n<blockquote style=\"margin: 0 0 0 40px; border: none; padding: 0px;\">\n<div style=\"text-align: left; display: block; margin-right: auto; margin-left: auto;\"><span style=\"font-style: normal; font-size: large;\"><b><a href=\"https:\/\/sites.google.com\/xtec.cat\/stolpersteine-sabadell\/tour-virtual-exposici%C3%B3\" target=\"_blank\" rel=\"noopener noreferrer\">Tour virtual Exposici\u00f3 60 Deportats<\/a><\/b> (Marta Garriga. Institut Agust\u00ed Serra i Fontanet, Sabadell)<\/span><\/div>\n<\/blockquote>\n<\/blockquote>\n<blockquote style=\"margin: 0 0 0 40px; border: none; padding: 0px;\">\n<blockquote style=\"margin: 0 0 0 40px; border: none; padding: 0px;\">\n<div style=\"text-align: left; display: block; margin-right: auto; margin-left: auto;\"><span style=\"font-style: normal; font-size: large;\"><a href=\"https:\/\/docs.google.com\/a\/xtec.cat\/viewer?a=v&amp;pid=sites&amp;srcid=eHRlYy5jYXR8Z3RleGlsaWRlcG9ydGFjaW9ob2xvY2F1c3R8Z3g6NmZjMTc5YTlmMzU1Y2RiYg\" target=\"_blank\" rel=\"noopener noreferrer\"><b>Portes de mem\u00f2ria<\/b><\/a> (Llu\u00eds Montull i Carme Maigi. Institut Ramon Berenguer IV, Amposta)<\/span><\/div>\n<\/blockquote>\n<\/blockquote>\n<blockquote style=\"margin: 0 0 0 40px; border: none; padding: 0px;\">\n<blockquote style=\"margin: 0 0 0 40px; border: none; padding: 0px;\">\n<div style=\"text-align: left; display: block; margin-right: auto; margin-left: auto;\"><span style=\"font-style: normal; font-size: large;\"><a href=\"https:\/\/docs.google.com\/a\/xtec.cat\/viewer?a=v&amp;pid=sites&amp;srcid=eHRlYy5jYXR8Z3RleGlsaWRlcG9ydGFjaW9ob2xvY2F1c3R8Z3g6MmVhMTE3NGQyMzQxNjM4Zg\" target=\"_blank\" rel=\"noopener noreferrer\"><b>Experi\u00e8ncies Mem\u00f2ria Hist\u00f2rica<\/b><\/a> (Neus Arasa. Institut Ramon Berenguer IV, Amposta)<\/span><\/div>\n<\/blockquote>\n<\/blockquote>\n<blockquote style=\"margin: 0 0 0 40px; border: none; padding: 0px;\">\n<blockquote style=\"margin: 0 0 0 40px; border: none; padding: 0px;\">\n<div style=\"text-align: left; display: block; margin-right: auto; margin-left: auto;\"><span style=\"font-style: normal; font-size: large;\"><a href=\"https:\/\/docs.google.com\/a\/xtec.cat\/viewer?a=v&amp;pid=sites&amp;srcid=eHRlYy5jYXR8Z3RleGlsaWRlcG9ydGFjaW9ob2xvY2F1c3R8Z3g6MmZjZWE2MzgzYTdkZjU1ZQ\" target=\"_blank\" rel=\"noopener noreferrer\"><b>MHM Sant Andreu. Fort Beendronk<\/b><\/a> (Josep Torrents. Col\u00b7legi Sant Andreu, Badalona)<\/span><\/div>\n<\/blockquote>\n<\/blockquote>\n<blockquote style=\"margin: 0 0 0 40px; border: none; padding: 0px;\">\n<blockquote style=\"margin: 0 0 0 40px; border: none; padding: 0px;\">\n<div style=\"text-align: left; display: block; margin-right: auto; margin-left: auto;\"><span style=\"font-style: normal; font-size: large;\"><a href=\"https:\/\/docs.google.com\/a\/xtec.cat\/viewer?a=v&amp;pid=sites&amp;srcid=eHRlYy5jYXR8Z3RleGlsaWRlcG9ydGFjaW9ob2xvY2F1c3R8Z3g6MjVjY2I2NmVhNDczYzRmOQ\" target=\"_blank\" rel=\"noopener noreferrer\"><b>Fem Mem\u00f2ria! <\/b><\/a>(Mariona Dalmau i C\u00e8lia Pasadas. Institut Josep Brugulat, Banyoles)<\/span><\/div>\n<\/blockquote>\n<\/blockquote>\n<blockquote style=\"margin: 0 0 0 40px; border: none; padding: 0px;\">\n<blockquote style=\"margin: 0 0 0 40px; border: none; padding: 0px;\">\n<div style=\"text-align: left; display: block; margin-right: auto; margin-left: auto;\"><\/div>\n<\/blockquote>\n<\/blockquote>\n","protected":false},"excerpt":{"rendered":"<p><a href=\"https:\/\/sites.google.com\/a\/xtec.cat\/gtexilideportacioholocaust\/jornades-de-memoria-democratica\/v-jornada-ed-mh\/V%20jornada%20ED%20MHimatge%20pagina%20site.jpg?attredirects=0\"><\/a><br \/>\n\u00a0<br \/>\n<a href=\"https:\/\/aplicacions.gestioeducativa.gencat.cat\/pls\/soloas\/pk_for_mod_ins.p_for_detall_activitat?p_excloure_crp_rec=T&amp;p_codi=9000900557&amp;p_curs=2018-2019&amp;p_es_inscr=S\">INSCRIPCIONS<\/a> (FINS 1 DE JULIOL)<br \/>\n\u00a0 \u00a0 PROGRAMA<br \/>\n9.00 Presentaci\u00f3 de la Jornada<br \/>\n9.30 Activitats i projectes grups de mem\u00f2ria DEMD:<br \/>\n\u00a0\u00a0 \u00a0\u00a0\u00a0 \u00a0\u00a0\u00a0 \u00a0\u00a0\u00a0 \u00a0\u00a0\u00a0 \u00a0\u00a0\u00a0 \u00a0\u00a0\u00a0 \u00a0\u00a0\u00a0 \u00a0\u00a0\u00a0 \u00a0&#8211; <a href=\"goog_2036784581\">Grup<\/a><a href=\"https:\/\/docs.google.com\/a\/xtec.cat\/viewer?a=v&amp;pid=sites&amp;srcid=eHRlYy5jYXR8Z3RleGlsaWRlcG9ydGFjaW9ob2xvY2F1c3R8Z3g6ZTgzNWZlOTc2YmQyZDQy\" target=\"_blank\" rel=\"noopener noreferrer\">\u00a0DEMD<\/a><br \/>\n\u00a0\u00a0 \u00a0\u00a0\u00a0 \u00a0\u00a0\u00a0 \u00a0\u00a0\u00a0 \u00a0\u00a0\u00a0 \u00a0\u00a0\u00a0 \u00a0\u00a0\u00a0 \u00a0\u00a0\u00a0 \u00a0\u00a0 \u00a0 &#8211;&hellip;  <a href=\"https:\/\/projectes.xtec.cat\/memoriaieducacio\/activitats\/jornades-dexperiencies-didactiques\/2019-2\/\" title=\"Read 2019\">Llegeix m\u00e9s\u00bb<\/a><\/p>\n","protected":false},"author":3,"featured_media":0,"parent":8553,"menu_order":50,"comment_status":"closed","ping_status":"closed","template":"page-templates\/side-menu.php","meta":{"_bbp_topic_count":0,"_bbp_reply_count":0,"_bbp_total_topic_count":0,"_bbp_total_reply_count":0,"_bbp_voice_count":0,"_bbp_anonymous_reply_count":0,"_bbp_topic_count_hidden":0,"_bbp_reply_count_hidden":0,"_bbp_forum_subforum_count":0,"footnotes":""},"class_list":["post-8586","page","type-page","status-publish","hentry"],"post_mailing_queue_ids":[],"_links":{"self":[{"href":"https:\/\/projectes.xtec.cat\/memoriaieducacio\/wp-json\/wp\/v2\/pages\/8586","targetHints":{"allow":["GET"]}}],"collection":[{"href":"https:\/\/projectes.xtec.cat\/memoriaieducacio\/wp-json\/wp\/v2\/pages"}],"about":[{"href":"https:\/\/projectes.xtec.cat\/memoriaieducacio\/wp-json\/wp\/v2\/types\/page"}],"author":[{"embeddable":true,"href":"https:\/\/projectes.xtec.cat\/memoriaieducacio\/wp-json\/wp\/v2\/users\/3"}],"replies":[{"embeddable":true,"href":"https:\/\/projectes.xtec.cat\/memoriaieducacio\/wp-json\/wp\/v2\/comments?post=8586"}],"version-history":[{"count":1,"href":"https:\/\/projectes.xtec.cat\/memoriaieducacio\/wp-json\/wp\/v2\/pages\/8586\/revisions"}],"predecessor-version":[{"id":8587,"href":"https:\/\/projectes.xtec.cat\/memoriaieducacio\/wp-json\/wp\/v2\/pages\/8586\/revisions\/8587"}],"up":[{"embeddable":true,"href":"https:\/\/projectes.xtec.cat\/memoriaieducacio\/wp-json\/wp\/v2\/pages\/8553"}],"wp:attachment":[{"href":"https:\/\/projectes.xtec.cat\/memoriaieducacio\/wp-json\/wp\/v2\/media?parent=8586"}],"curies":[{"name":"wp","href":"https:\/\/api.w.org\/{rel}","templated":true}]}}