{"id":8666,"date":"2020-07-24T20:33:44","date_gmt":"2020-07-24T18:33:44","guid":{"rendered":"https:\/\/projectes.xtec.cat\/memoriaieducacio\/?page_id=8666"},"modified":"2026-02-26T13:04:36","modified_gmt":"2026-02-26T12:04:36","slug":"recursos-literatura-catalana-i-exili","status":"publish","type":"page","link":"https:\/\/projectes.xtec.cat\/memoriaieducacio\/recursos\/recursos-exili-i-deportacio\/recursos-literatura-catalana-i-exili\/","title":{"rendered":"Literatura catalana i exili"},"content":{"rendered":"<div>\n<div>\n<div>\n<div><\/div>\n<\/div>\n<\/div>\n<\/div>\n<blockquote style=\"margin: 0 0 0 0px; border: none; padding: 1px;\">\n<div>\n<table style=\"text-align: center; border-collapse: collapse; border-color: #888888; border-width: 1px;\" border=\"1\" cellspacing=\"0\">\n<tbody>\n<tr>\n<td style=\"width: 168px; height: 50px;\">\n<div style=\"text-align: left;\"><b>\u00a0<\/b><\/div>\n<div style=\"text-align: center;\"><b><br \/>\nWebs<br \/>\n<\/b><\/div>\n<\/td>\n<td style=\"width: 168px; height: 50px;\"><span style=\"font-style: normal;\"><a href=\"http:\/\/lletra.uoc.edu\/ca\/tema\/exili\">Exili<\/a><\/span><\/td>\n<td style=\"width: 169px; height: 50px;\"><span style=\"font-style: normal;\"><a href=\"http:\/\/www.topobiografies.cat\/\">Topobiografies de l&#8217;exili catal\u00e0<\/a><\/span><\/td>\n<\/tr>\n<tr>\n<td style=\"width: 168px; height: 16px;\"><\/td>\n<td style=\"width: 168px; height: 16px;\"><\/td>\n<td style=\"width: 169px; height: 16px;\"><\/td>\n<\/tr>\n<tr>\n<td style=\"width: 168px; height: 50px;\"><b>Autors<\/b><\/td>\n<td style=\"width: 168px; height: 50px;\"><a href=\"http:\/\/www1.memoria.cat\/amat\/\"><span style=\"font-style: normal;\">Joaquim Amat-Piniella<\/span><\/a><\/td>\n<td style=\"width: 169px; height: 50px;\"><a href=\"http:\/\/ca.wikipedia.org\/wiki\/Ferran_Planes_i_Vilella\"><span style=\"font-style: normal;\">Ferran Planes<\/span><\/a><\/td>\n<td><a href=\"https:\/\/www.escriptors.cat\/autors\/bartraa\"><span style=\"font-style: normal;\">Agus<\/span><span style=\"font-style: normal;\">t\u00ed Bartra<\/span><\/a><\/td>\n<td><span style=\"font-style: normal;\"><br \/>\n<a href=\"http:\/\/www.escriptors.cat\/autors\/muriaa\/pagina.php?id_sec=990\">Anna Muri\u00e0<\/a><\/span><\/td>\n<td><span style=\"font-style: normal;\"><br \/>\n<a href=\"http:\/\/www.escriptors.cat\/autors\/ribac\/pagina.php?id_sec=2121\">Carles Riba<\/a><\/span><\/td>\n<\/tr>\n<tr>\n<td style=\"width: 168px; height: 50px;\"><\/td>\n<td style=\"width: 168px; height: 50px;\"><span style=\"font-style: normal;\"><br \/>\n<a href=\"http:\/\/www.escriptors.cat\/autors\/arderiuc\/\">Clementina Arderiu<\/a><br \/>\n<\/span><\/td>\n<td style=\"width: 169px; height: 50px;\"><span style=\"font-style: normal;\"><span style=\"line-height: 20.7999992370605px;\"><br \/>\n<a href=\"http:\/\/www.anyrodoreda.cat\/\">Merc\u00e8 Rodoreda<\/a>\u00a0<\/span>\u00a0<\/span><\/td>\n<td><span style=\"font-style: normal;\"><span style=\"line-height: 20.7999992370605px;\"><br \/>\n<a href=\"http:\/\/www.escriptors.cat\/autors\/pratj\/pagina.php?id_sec=3801\">Joan Prat (Armand Obiols)<\/a><br \/>\n<\/span><\/span><\/td>\n<td><span style=\"font-style: normal;\"><span style=\"line-height: 20.7999992370605px;\"><br \/>\n<a href=\"http:\/\/www.escriptors.cat\/autors\/pamiest\/\">Teresa P\u00e0mies\u00a0<\/a><\/span>\u00a0<\/span><span style=\"font-style: normal;\"><br \/>\n<\/span><\/td>\n<td><span style=\"font-style: normal;\">\u00a0<\/span><\/td>\n<\/tr>\n<tr>\n<td style=\"width: 168px; height: 50px;\"><\/td>\n<td style=\"width: 168px; height: 50px;\"><span style=\"font-style: normal;\"><br \/>\n<a href=\"https:\/\/www.escriptors.cat\/autors\/caldersp\/biografia\">Pere Calders<\/a><\/span><\/td>\n<td style=\"width: 169px; height: 50px;\"><span style=\"font-style: normal;\"><br \/>\n<a href=\"http:\/\/www.escriptors.cat\/autors\/salesj\/\">Joan Sales<\/a><\/span><\/td>\n<td><a href=\"http:\/\/www.escriptors.cat\/autors\/artisa\/\"><span style=\"font-style: normal;\">Avel\u00b7l\u00ed Art\u00eds Gener<\/span> T\u00edsner<\/a><\/td>\n<td><span style=\"font-style: normal;\"><br \/>\n<a href=\"http:\/\/www.escriptors.cat\/autors\/benguerelx\/\">Xavier Benguerel<\/a>\u00a0<\/span><\/td>\n<td><span style=\"font-style: normal;\"><br \/>\n<a href=\"http:\/\/www.escriptors.cat\/autors\/rierallorcav\/\">Vicen\u00e7 Riera Llorca\u00a0<\/a><\/span><\/td>\n<\/tr>\n<tr>\n<td style=\"width: 168px; height: 50px;\"><\/td>\n<td style=\"width: 168px; height: 50px;\"><i><span style=\"font-style: normal;\"><br \/>\n<a href=\"http:\/\/www.escriptors.cat\/autors\/bladea\/pagina.php?id_sec=2269\">Artur Blad\u00e9<\/a><\/span><\/i><\/td>\n<td style=\"width: 169px; height: 50px;\"><i><span style=\"font-style: normal;\"><br \/>\nJoan Oliver <\/span><\/i><a href=\"http:\/\/www.escriptors.cat\/autors\/oliverj\/\">Pere Quart\u00a0<\/a><\/td>\n<td><span style=\"font-family: arial,sans-serif;\"><br \/>\n<a href=\"http:\/\/ca.wikipedia.org\/wiki\/C%C3%A8sar_August_Jordana_i_Mayans\">C\u00e8sar August Jordana<\/a><br \/>\n<\/span><\/td>\n<td><span style=\"font-family: arial,sans-serif;\"><br \/>\n<a href=\"http:\/\/www.escriptors.cat\/autors\/guansed\/pagina.php?id_sec=2681\">Dom\u00e8nec Guans\u00e9<\/a><br \/>\n<\/span><\/td>\n<td><span style=\"font-family: arial,sans-serif;\"><br \/>\n<a href=\"http:\/\/www.escriptors.cat\/autors\/trabalf\/\">Francesc Trabal <\/a><br \/>\n<\/span><\/td>\n<\/tr>\n<tr>\n<td><\/td>\n<td><a href=\"http:\/\/www.escriptors.cat\/autors\/vinyesr\/\">Ramon Vinyes<\/a><\/td>\n<td><\/td>\n<td style=\"width: 168px; height: 50px;\"><i><span style=\"font-style: normal;\">\u00a0<\/span><\/i><\/td>\n<td><\/td>\n<td><\/td>\n<td><\/td>\n<\/tr>\n<tr>\n<td style=\"width: 168px; height: 16px;\"><\/td>\n<td style=\"width: 168px; height: 16px;\"><\/td>\n<td style=\"width: 169px; height: 16px;\"><\/td>\n<td><\/td>\n<td><\/td>\n<td><\/td>\n<\/tr>\n<tr>\n<td style=\"width: 168px; height: 50px;\"><b><br \/>\nFonts documentals<\/b><\/td>\n<td style=\"width: 168px; height: 50px;\"><span style=\"font-style: normal; font-family: Arial; color: #000000; vertical-align: baseline; background-color: transparent;\"><a href=\"http:\/\/bit.ly\/1Dbtb5R\" target=\"_blank\" rel=\"nofollow noopener noreferrer\">Carles Riba &#8211; Clementina Arderiu<\/a><\/span><\/td>\n<td style=\"width: 169px; height: 50px;\"><span style=\"font-size: small;\">\u00a0<span style=\"font-style: normal; font-family: Arial; color: #000000; vertical-align: baseline; background-color: transparent;\"><br \/>\n<a href=\"http:\/\/bit.ly\/1z9UvTB\" target=\"_blank\" rel=\"nofollow noopener noreferrer\">Carles Soldevila<\/a><\/span><\/span><\/td>\n<td><span style=\"font-size: small;\">\u00a0<span style=\"font-style: normal; font-family: Arial; color: #000000; vertical-align: baseline; background-color: transparent;\"><br \/>\n<a href=\"http:\/\/bit.ly\/1sL5iA1\" target=\"_blank\" rel=\"nofollow noopener noreferrer\">C\u00e8sar August Jordana<\/a><\/span><\/span><\/td>\n<td><span style=\"font-size: small;\"><br \/>\n<span style=\"font-style: normal; font-family: Arial; color: #000000; vertical-align: baseline; background-color: transparent;\"><a href=\"http:\/\/bit.ly\/11mOVhC\" target=\"_blank\" rel=\"nofollow noopener noreferrer\">Maurici Serrahima i Bofill<\/a><\/span><\/span><\/td>\n<td><span style=\"font-size: small;\"><br \/>\n<span style=\"font-style: normal; font-family: Arial; color: #000000; vertical-align: baseline; background-color: transparent;\"><a href=\"http:\/\/bit.ly\/1sQXT1h\" target=\"_blank\" rel=\"nofollow noopener noreferrer\">Ventura Gassol<\/a><\/span><\/span><\/td>\n<\/tr>\n<tr>\n<td style=\"width: 168px; height: 16px;\"><\/td>\n<td style=\"width: 168px; height: 16px;\"><\/td>\n<td style=\"width: 169px; height: 16px;\"><\/td>\n<td><\/td>\n<td><\/td>\n<td><\/td>\n<\/tr>\n<tr>\n<td style=\"width: 168px; height: 50px;\"><b><br \/>\nExposicions\u00a0<\/b><\/td>\n<td style=\"width: 168px; height: 50px;\"><span style=\"font-size: small;\"><br \/>\n<span style=\"font-style: normal; font-family: Arial; vertical-align: baseline; background-color: transparent;\"><a href=\"http:\/\/www.cccb.org\/ca\/exposicio-literatures_de_exili-13166\" rel=\"nofollow\"><span style=\"color: #0000ff;\">Literatures de l&#8217;exili<\/span><\/a><\/span><\/span><\/td>\n<td style=\"width: 169px; height: 50px;\"><span style=\"font-size: small;\"><br \/>\n<\/span><br \/>\n<span style=\"font-size: small;\"><span style=\"font-style: normal; font-family: Arial; color: #000000; vertical-align: baseline; background-color: transparent;\"><a href=\"http:\/\/www20.gencat.cat\/docs\/CulturaDepartament\/ILC\/Documents\/Arxiu\/dossiernous%20credits.pdf\" rel=\"nofollow\">Retorn a Catalunya<\/a><\/span><\/span><\/td>\n<td><span style=\"font-size: small;\"><br \/>\n<a href=\"http:\/\/arturblade.gencat.cat\/60.html\" rel=\"nofollow\">Artur Blad\u00e9 i Desumvila 1907-1995<\/a><\/span><\/td>\n<td><\/td>\n<td><\/td>\n<\/tr>\n<tr>\n<td style=\"width: 168px; height: 16px;\"><\/td>\n<td style=\"width: 168px; height: 16px;\"><\/td>\n<td style=\"width: 169px; height: 16px;\"><\/td>\n<td><\/td>\n<td><\/td>\n<td><\/td>\n<\/tr>\n<tr>\n<td style=\"width: 168px; height: 50px;\"><b style=\"line-height: 20.7999992370605px;\"><br \/>\nPropostes did\u00e0ctiques\u00a0<\/b><\/td>\n<td style=\"width: 168px; height: 50px;\"><span style=\"font-size: small;\"><span style=\"font-style: normal; font-family: Arial; vertical-align: baseline; background-color: transparent;\"><span style=\"color: #0000ff;\"><br \/>\n<a href=\"http:\/\/www.xtec.cat\/monografics\/socials\/exili\/\" rel=\"nofollow\">Activitats did\u00e0ctiques sobre l&#8217;exili de 1939 \u00a0<\/a><\/span><\/span>\u00a0<\/span><\/td>\n<td style=\"width: 169px; height: 50px;\"><span style=\"font-size: small;\"><br \/>\n<span style=\"font-style: normal; font-family: Arial; vertical-align: baseline; background-color: transparent;\"><span style=\"color: #0000ff;\"><a href=\"http:\/\/www.edu365.cat\/eso\/muds\/catala\/literatura\/poesia\/exili\/pantalla2.htm\" rel=\"nofollow\">Les veus de l&#8217;exili (I)<\/a><\/span><\/span><\/span><\/td>\n<td><span style=\"font-size: small;\"><br \/>\n<span style=\"font-style: normal; font-family: Arial; vertical-align: baseline; background-color: transparent;\"><a href=\"http:\/\/www.xtec.cat\/alfresco\/d\/d\/workspace\/SpacesStore\/4de6fa8a-0567-46ef-b30d-4596317f66b6\/calders_alumnat.pdf\" rel=\"nofollow\">El gust per la lectura. Pere Calders<\/a><\/span><\/span><\/td>\n<td><span style=\"font-size: small;\"><br \/>\n<span style=\"font-style: normal; font-family: Arial; vertical-align: baseline; background-color: transparent;\"><a href=\"http:\/\/www.xtec.cat\/alfresco\/d\/d\/workspace\/SpacesStore\/cc17daa0-e0ce-442d-b0df-da6cb49ef47d\/Reich_2006.pdf\" rel=\"nofollow\">El gust per la lectura. K.L. Reich<\/a>.\u00a0<\/span><span style=\"font-style: normal; font-family: Arial; vertical-align: baseline; background-color: transparent;\"><a href=\"http:\/\/www.edu365.cat\/eso\/muds\/catala\/lectures\/reich\/index.htm\" rel=\"nofollow\">Proposta de lectura<\/a><\/span><\/span><\/td>\n<td><\/td>\n<\/tr>\n<tr>\n<td style=\"width: 168px; height: 50px;\"><\/td>\n<td style=\"width: 168px; height: 50px;\"><span style=\"font-size: small;\"><span style=\"font-style: normal; font-family: Arial; vertical-align: baseline; background-color: transparent;\"><br \/>\n<a href=\"http:\/\/www.xtec.cat\/alfresco\/d\/d\/workspace\/SpacesStore\/bae16051-be01-4263-9c9c-d4795bf3d7fb\/Bestiari_2002.pdf\" rel=\"nofollow\">El gust per la lectura. Pere Quart<\/a><\/span>\u00a0<\/span><\/td>\n<td style=\"width: 169px; height: 50px;\"><span style=\"font-size: small;\"><span style=\"font-style: normal; font-family: Arial; vertical-align: baseline; background-color: transparent;\"><br \/>\n<a href=\"http:\/\/www.xtec.cat\/alfresco\/d\/d\/workspace\/SpacesStore\/ebec2a03-5d6d-48a0-84cb-57a626cb9875\/contesrodoreda.pdf\" rel=\"nofollow\">El gust per la lectura. Merc\u00e8 Rodoreda<\/a><\/span>\u00a0<\/span><\/td>\n<td><span style=\"font-size: small;\"><br \/>\n<a href=\"http:\/\/www.edu365.cat\/eso\/muds\/catala\/lletresbatalles\/index.htm\" rel=\"nofollow\">Lletres de batalles<\/a><\/span><\/td>\n<td><span style=\"font-size: small;\">\u00a0<\/span><\/td>\n<td><\/td>\n<\/tr>\n<tr>\n<td style=\"width: 168px; height: 50px;\"><\/td>\n<td style=\"width: 168px; height: 50px;\"><span style=\"font-size: small;\"><br \/>\n<span style=\"font-style: normal; font-family: Arial; vertical-align: baseline; background-color: transparent;\"><a href=\"https:\/\/sites.google.com\/site\/exiliiliteratura\/\" rel=\"nofollow\"><span style=\"color: #0000ff;\">Exili republic\u00e0 i literatura catalana<\/span><\/a><\/span><\/span><\/td>\n<td style=\"width: 169px; height: 50px;\"><span style=\"font-size: small;\"><br \/>\n<span style=\"font-style: normal; font-family: Arial; vertical-align: baseline; background-color: transparent;\"><a href=\"http:\/\/www.xtec.cat\/crp-blanes\/WQRodoreda\/index.htm\" rel=\"nofollow\">Webquest Merc\u00e8 Rodoreda<\/a><\/span><\/span><\/td>\n<td><span style=\"font-size: small;\"><br \/>\n<a href=\"http:\/\/phpwebquest.org\/newphp\/webquest\/soporte_tabbed_w5.php?id_actividad=23411&amp;id_pagina=5\" rel=\"nofollow\">Seq\u00fc\u00e8ncies de Pere Calders<\/a>\u00a0<\/span><\/td>\n<td><span style=\"font-size: small;\">\u00a0<\/span><\/td>\n<td><\/td>\n<\/tr>\n<tr>\n<td style=\"width: 168px; height: 50px;\"><\/td>\n<td style=\"width: 168px; height: 50px;\"><span style=\"font-size: small;\">\u00a0<span style=\"font-style: normal; font-family: Arial; vertical-align: baseline; background-color: transparent;\"><br \/>\n<a href=\"http:\/\/www.cccb.org\/rcs_gene\/dossier.pdf\" rel=\"nofollow\"><span style=\"color: #0000ff;\">Literatures de l&#8217;exili. Dossier de treball<\/span><\/a><\/span><\/span><\/td>\n<td style=\"width: 169px; height: 50px;\"><span style=\"font-size: small;\"><br \/>\n<span style=\"font-style: normal; font-family: Arial; vertical-align: baseline; background-color: transparent;\"><a href=\"http:\/\/www.mhcat.cat\/content\/download\/...\/Dossier+Amat-Piniella+just.pdf\" rel=\"nofollow\"><span style=\"color: #0000ff;\">Dossier pedag\u00f2gic Exposici\u00f3 Amat-Piniella<\/span><\/a><\/span><\/span><\/td>\n<td><span style=\"font-size: small;\">\u00a0<span style=\"font-style: normal; font-family: Arial; vertical-align: baseline; background-color: transparent;\"><br \/>\n<a style=\"line-height: 1.6; background-color: transparent;\" href=\"http:\/\/ioc.xtec.cat\/eportafolis\/view\/artefact.php?artefact=228966&amp;view=54395\" rel=\"nofollow\"><span style=\"color: #0000ff;\">Literatura catalana: catalans a l&#8217;exili<\/span><\/a><\/span><\/span><\/td>\n<td><span style=\"font-size: small;\"><span style=\"font-style: normal; font-family: Arial; vertical-align: baseline; background-color: transparent;\"><br \/>\n<a href=\"http:\/\/www.xtec.cat\/%7Ectorres\/DENIP_2007\/pd_novela.htm\" rel=\"nofollow\">Proposta did\u00e0ctica. Fragments de novel\u00b7les<\/a>\u00a0<\/span>\u00a0<\/span><\/td>\n<td><\/td>\n<\/tr>\n<tr>\n<td style=\"width: 168px; height: 50px;\"><u>\u00a0<\/u><\/td>\n<td style=\"width: 168px; height: 50px;\"><a href=\"http:\/\/rutaexiliescriptors.wordpress.com\/\">La ruta de l&#8217;exili <\/a><\/td>\n<td style=\"width: 168px; height: 50px;\"><\/td>\n<td style=\"width: 168px; height: 50px;\"><\/td>\n<td style=\"width: 168px; height: 50px;\"><\/td>\n<td><\/td>\n<\/tr>\n<tr>\n<td style=\"width: 168px; height: 50px;\"><b>Treballs de Recerca<\/b><\/td>\n<td style=\"width: 168px; height: 50px;\"><a href=\"http:\/\/www.recercat.net\/bitstream\/handle\/2072\/216970\/PJ_20100003501.pdf?sequence=1\">La Ironia de Pere Calders<\/a><\/td>\n<td style=\"width: 169px; height: 50px;\"><a href=\"http:\/\/www.tinet.cat\/portal\/uploads\/fes_teu_aquest_desig_i_endinsa_t_al_cor_de_les_paraules_20111222143748.pdf\">Al cor de les paraules: Montserrat Abell\u00f3\u00a0<\/a><\/td>\n<td><\/td>\n<td><\/td>\n<td><\/td>\n<\/tr>\n<tr>\n<td><\/td>\n<td><\/td>\n<td><\/td>\n<td><\/td>\n<td><\/td>\n<td><\/td>\n<\/tr>\n<tr>\n<td style=\"width: 168px; height: 51px;\">\u00a0<b><br \/>\nAltres recursos<\/b><\/td>\n<td style=\"width: 168px; height: 51px;\"><span style=\"font-size: small;\"><span style=\"font-style: normal; font-family: Arial; color: #000000; vertical-align: baseline; background-color: transparent;\"><a href=\"http:\/\/www.vilaweb.cat\/www\/diariescola\/noticia?id=1571491\" rel=\"nofollow\">&#8220;Literatures de l&#8217;exili&#8221;: el testimoni dels escriptors exiliats el 1939<\/a><\/span><\/span><\/td>\n<td style=\"width: 169px; height: 51px;\"><span style=\"font-size: small;\"><span style=\"font-style: normal; font-family: Arial; color: #000000; vertical-align: baseline; background-color: transparent;\"><a href=\"http:\/\/prezi.com\/u1ccadgf0zlv\/literatura-de-la-guerra-i-de-lexili\/\" rel=\"nofollow\">Literatura de la guerra i de l&#8217;exili<\/a><\/span><\/span><\/td>\n<td><span style=\"font-size: small;\"><span style=\"font-style: normal; font-family: Arial; color: #000000; vertical-align: baseline; background-color: transparent;\"><br \/>\n<a href=\"http:\/\/crai.ub.edu\/ca\/coneix-el-crai\/biblioteques\/biblioteca-pavello\/jocs-florals\" rel=\"nofollow\">Els Jocs Florals de la literatura catalana a l&#8217;exili<\/a><\/span>\u00a0<\/span><\/td>\n<td><span style=\"font-size: small;\"><span style=\"font-style: normal; font-family: Arial; color: #000000; vertical-align: baseline; background-color: transparent;\"><br \/>\n<a href=\"http:\/\/lletra.uoc.edu\/exili\/cat\/\" rel=\"nofollow\">Catalunya des dels tr\u00f2pics<\/a><\/span><\/span><\/td>\n<td><span style=\"font-size: small;\"><span style=\"font-style: normal; font-family: Arial; color: #000000; vertical-align: baseline; background-color: transparent;\"><a href=\"http:\/\/www.vilaweb.cat\/www\/diariescola\/noticia?id=1571491\" rel=\"nofollow\">\u00a0<\/a><\/span><\/span><\/td>\n<\/tr>\n<tr>\n<td style=\"width: 168px; height: 50px;\"><\/td>\n<td style=\"width: 168px; height: 50px;\"><span style=\"font-size: small;\"><span style=\"font-style: normal; font-family: Arial; color: #000000; vertical-align: baseline; background-color: transparent;\"><a href=\"http:\/\/www.edu3.cat\/Edu3tv\/Fitxa?p_id=79967\" rel=\"nofollow\">Corrandes de l&#8217;exili. Pere Quart<\/a><\/span><\/span><\/td>\n<td style=\"width: 169px; height: 50px;\"><span style=\"font-size: small;\"><span style=\"font-style: normal; font-family: Arial; color: #000000; vertical-align: baseline; background-color: transparent;\"><a href=\"http:\/\/www.edu3.cat\/Edu3tv\/Fitxa?p_id=79967\" rel=\"nofollow\">Literatures de l&#8217;exili<\/a><\/span><\/span><\/td>\n<td>\u00a0<span style=\"font-style: normal; font-family: Arial; color: #000000; font-size: 15px; vertical-align: baseline; background-color: transparent;\"><br \/>\n<a href=\"http:\/\/www.gexel.es\/\" rel=\"nofollow\">Gexel<\/a><\/span><\/td>\n<td><a href=\"http:\/\/lletra.uoc.edu\/exili\/cat\/revistes\/quadernsdelexili\/index.html\">\u00a0Quaderns de l&#8217;exili<\/a><\/td>\n<td><a href=\"http:\/\/clubeditor.blogspot.com.es\/\">Cartes el\u00e8ctriques <\/a><\/td>\n<\/tr>\n<\/tbody>\n<\/table>\n<\/div>\n<\/blockquote>\n<div><\/div>\n","protected":false},"excerpt":{"rendered":"<p>\u00a0<\/p>\n<p>Webs<\/p>\n<p><a href=\"http:\/\/lletra.uoc.edu\/ca\/tema\/exili\">Exili<\/a><br \/>\n<a href=\"http:\/\/www.topobiografies.cat\/\">Topobiografies de l&#8217;exili catal\u00e0<\/a><\/p>\n<p>Autors<br \/>\n<a href=\"http:\/\/www1.memoria.cat\/amat\/\">Joaquim Amat-Piniella<\/a><br \/>\n<a href=\"http:\/\/ca.wikipedia.org\/wiki\/Ferran_Planes_i_Vilella\">Ferran Planes<\/a><br \/>\n<a href=\"https:\/\/www.escriptors.cat\/autors\/bartraa\">Agust\u00ed Bartra<\/a><\/p>\n<p><a href=\"http:\/\/www.escriptors.cat\/autors\/muriaa\/pagina.php?id_sec=990\">Anna Muri\u00e0<\/a><\/p>\n<p><a href=\"http:\/\/www.escriptors.cat\/autors\/ribac\/pagina.php?id_sec=2121\">Carles Riba<\/a><\/p>\n<p><a href=\"http:\/\/www.escriptors.cat\/autors\/arderiuc\/\">Clementina Arderiu<\/a><\/p>\n<p><a href=\"http:\/\/www.anyrodoreda.cat\/\">Merc\u00e8 Rodoreda<\/a>\u00a0\u00a0<\/p>\n<p><a href=\"http:\/\/www.escriptors.cat\/autors\/pratj\/pagina.php?id_sec=3801\">Joan Prat (Armand Obiols)<\/a><\/p>\n<p><a href=\"http:\/\/www.escriptors.cat\/autors\/pamiest\/\">Teresa P\u00e0mies\u00a0<\/a>\u00a0<\/p>\n<p>\u00a0<\/p>\n<p><a href=\"https:\/\/www.escriptors.cat\/autors\/caldersp\/biografia\">Pere Calders<\/a><\/p>\n<p><a href=\"http:\/\/www.escriptors.cat\/autors\/salesj\/\">Joan Sales<\/a><br \/>\n<a href=\"http:\/\/www.escriptors.cat\/autors\/artisa\/\">Avel\u00b7l\u00ed Art\u00eds Gener T\u00edsner<\/a><\/p>\n<p><a href=\"http:\/\/www.escriptors.cat\/autors\/benguerelx\/\">Xavier Benguerel<\/a>\u00a0<\/p>\n<p><a href=\"http:\/\/www.escriptors.cat\/autors\/rierallorcav\/\">Vicen\u00e7 Riera Llorca\u00a0<\/a><\/p>\n<p><a href=\"http:\/\/www.escriptors.cat\/autors\/bladea\/pagina.php?id_sec=2269\">Artur Blad\u00e9<\/a><\/p>\n<p>Joan Oliver <a href=\"http:\/\/www.escriptors.cat\/autors\/oliverj\/\">Pere Quart\u00a0<\/a><\/p>\n<p><a&hellip;  <a href=\"https:\/\/projectes.xtec.cat\/memoriaieducacio\/recursos\/recursos-exili-i-deportacio\/recursos-literatura-catalana-i-exili\/\" title=\"Read Literatura catalana i exili\">Llegeix m\u00e9s\u00bb<\/a><\/p>\n","protected":false},"author":3,"featured_media":0,"parent":8655,"menu_order":2,"comment_status":"closed","ping_status":"closed","template":"page-templates\/side-menu.php","meta":{"_bbp_topic_count":0,"_bbp_reply_count":0,"_bbp_total_topic_count":0,"_bbp_total_reply_count":0,"_bbp_voice_count":0,"_bbp_anonymous_reply_count":0,"_bbp_topic_count_hidden":0,"_bbp_reply_count_hidden":0,"_bbp_forum_subforum_count":0,"footnotes":""},"class_list":["post-8666","page","type-page","status-publish","hentry"],"post_mailing_queue_ids":[],"_links":{"self":[{"href":"https:\/\/projectes.xtec.cat\/memoriaieducacio\/wp-json\/wp\/v2\/pages\/8666","targetHints":{"allow":["GET"]}}],"collection":[{"href":"https:\/\/projectes.xtec.cat\/memoriaieducacio\/wp-json\/wp\/v2\/pages"}],"about":[{"href":"https:\/\/projectes.xtec.cat\/memoriaieducacio\/wp-json\/wp\/v2\/types\/page"}],"author":[{"embeddable":true,"href":"https:\/\/projectes.xtec.cat\/memoriaieducacio\/wp-json\/wp\/v2\/users\/3"}],"replies":[{"embeddable":true,"href":"https:\/\/projectes.xtec.cat\/memoriaieducacio\/wp-json\/wp\/v2\/comments?post=8666"}],"version-history":[{"count":4,"href":"https:\/\/projectes.xtec.cat\/memoriaieducacio\/wp-json\/wp\/v2\/pages\/8666\/revisions"}],"predecessor-version":[{"id":13990,"href":"https:\/\/projectes.xtec.cat\/memoriaieducacio\/wp-json\/wp\/v2\/pages\/8666\/revisions\/13990"}],"up":[{"embeddable":true,"href":"https:\/\/projectes.xtec.cat\/memoriaieducacio\/wp-json\/wp\/v2\/pages\/8655"}],"wp:attachment":[{"href":"https:\/\/projectes.xtec.cat\/memoriaieducacio\/wp-json\/wp\/v2\/media?parent=8666"}],"curies":[{"name":"wp","href":"https:\/\/api.w.org\/{rel}","templated":true}]}}