{"id":8776,"date":"2020-08-17T12:15:15","date_gmt":"2020-08-17T10:15:15","guid":{"rendered":"https:\/\/projectes.xtec.cat\/memoriaieducacio\/?page_id=8776"},"modified":"2023-06-19T20:26:36","modified_gmt":"2023-06-19T18:26:36","slug":"2017-2","status":"publish","type":"page","link":"https:\/\/projectes.xtec.cat\/memoriaieducacio\/activitats\/jornades-dexperiencies-didactiques\/2017-2\/","title":{"rendered":"2017"},"content":{"rendered":"<p>&nbsp;<\/p>\n<p dir=\"ltr\" style=\"line-height: 1.38; margin-top: 0pt; margin-bottom: 0pt;\"><span style=\"font-size: 11pt; font-family: Arial; color: #000000; vertical-align: baseline; white-space: pre-wrap; background-color: transparent;\"><img loading=\"lazy\" decoding=\"async\" style=\"border: none; display: block; margin-right: auto; margin-left: auto; text-align: center;\" src=\"https:\/\/lh5.googleusercontent.com\/S93rvQoTI7bQe0Mb4UPS2KYEs8UfJ-CpOunNoCuNR593BLm4iMfzwTxs5CtsIBcfQszQfB7fMRz8hRtiORmf2D4LgCgviNyTy__6cnqtLVWX4uP2m3EFUTYlD6-FS668wtCmbyQt\" width=\"602\" height=\"331\" \/><\/span><\/p>\n<p dir=\"ltr\" style=\"line-height: 1.38; margin-top: 0pt; margin-bottom: 0pt; text-align: center;\"><span style=\"font-size: medium;\"><span style=\"font-family: arial,sans-serif;\"><span style=\"color: #000000; font-weight: bold; vertical-align: baseline; white-space: pre-wrap; background-color: transparent;\">PROGRAMA<\/span><\/span><\/span><\/p>\n<div>\n<div>\n<div>\n<div>\n<div>\n<p dir=\"ltr\" style=\"line-height: 1.38; margin-top: 0pt; margin-bottom: 0pt;\"><span style=\"font-size: 11pt; font-family: Arial; color: #000000; vertical-align: baseline; white-space: pre-wrap; background-color: transparent;\">09.00 &#8211; Presentaci\u00f3 de la III Jornada d\u2019experi\u00e8ncies did\u00e0ctiques de mem\u00f2ria hist\u00f2rica<\/span><\/p>\n<p dir=\"ltr\" style=\"line-height: 1.38; margin-top: 0pt; margin-bottom: 0pt;\"><span style=\"font-size: 11pt; font-family: Arial; color: #000000; vertical-align: baseline; white-space: pre-wrap; background-color: transparent;\">09.10 &#8211; Experi\u00e8ncia &#8211; Taller: <\/span><span style=\"color: #000000; font-family: Arial; font-size: 11pt; white-space: pre-wrap; line-height: 1.38; text-indent: 36pt; background-color: transparent;\"> \u201cEl projecte de les set caixes\u201d, Institut Terra Roja de Santa Coloma de Gramanet<\/span><\/p>\n<p dir=\"ltr\" style=\"line-height: 1.38; margin-top: 0pt; margin-bottom: 0pt;\"><span style=\"font-size: 11pt; font-family: Arial; color: #000000; vertical-align: baseline; white-space: pre-wrap; background-color: transparent;\">09.40 &#8211; Experi\u00e8ncia &#8211; Viatge: <\/span><span style=\"color: #000000; font-family: Arial; font-size: 11pt; white-space: pre-wrap; line-height: 1.38; background-color: transparent;\"> Figueres &#8211; Mauthausen, Grup de treball Exili, Deportaci\u00f3 i Holocaust de l\u2019Alt Empord\u00e0<\/span><\/p>\n<p dir=\"ltr\" style=\"line-height: 1.38; margin-top: 0pt; margin-bottom: 0pt;\"><span style=\"font-size: 11pt; font-family: Arial; color: #000000; vertical-align: baseline; white-space: pre-wrap; background-color: transparent;\">10.15 &#8211; \u00a0Propostes i planificacions Grup de Mem\u00f2ria DEMD curs 2017-2018:<\/span><\/p>\n<p dir=\"ltr\" style=\"line-height: 1.38; margin-top: 0pt; margin-bottom: 0pt; margin-left: 36pt; text-indent: 36pt;\"><span style=\"font-size: 11pt; font-family: Arial; color: #000000; vertical-align: baseline; white-space: pre-wrap; background-color: transparent;\">&#8211; Previsi\u00f3 general d\u2019activitats i projectes:<\/span><\/p>\n<p dir=\"ltr\" style=\"line-height: 1.38; margin-top: 0pt; margin-bottom: 0pt; margin-left: 36pt; text-indent: 36pt;\"><span style=\"font-size: 11pt; font-family: Arial; color: #000000; vertical-align: baseline; white-space: pre-wrap; background-color: transparent;\">&#8211; Actes 27 de gener<\/span><\/p>\n<\/div>\n<\/div>\n<\/div>\n<div>\n<div>\n<div>\n<p dir=\"ltr\" style=\"line-height: 1.38; margin-top: 0pt; margin-bottom: 0pt; margin-left: 36pt; text-indent: 36pt;\"><span style=\"font-size: 11pt; font-family: Arial; color: #000000; vertical-align: baseline; white-space: pre-wrap; background-color: transparent;\">&#8211; Projecte Testimonis a l\u2019aula<\/span><\/p>\n<\/div>\n<p style=\"line-height: 1.38; margin-top: 0pt; margin-bottom: 0pt; margin-left: 36pt; text-indent: 36pt;\"><span style=\"font-size: 11pt; font-family: Arial; color: #000000; vertical-align: baseline; white-space: pre-wrap; background-color: transparent;\">&#8211; Projecte Llocs de mem\u00f2ria al MHM<br \/>\n<\/span><\/p>\n<\/div>\n<\/div>\n<\/div>\n<div>\n<div>\n<div>\n<div>\n<p dir=\"ltr\" style=\"line-height: 1.38; margin-top: 0pt; margin-bottom: 0pt; margin-left: 36pt; text-indent: 36pt;\"><span style=\"font-size: 11pt; font-family: Arial; color: #000000; vertical-align: baseline; white-space: pre-wrap; background-color: transparent;\">&#8211; Seminaris i cursos<\/span><\/p>\n<p><span style=\"font-size: 11pt; font-family: Arial; color: #000000; vertical-align: baseline; white-space: pre-wrap; background-color: transparent;\"><span style=\"white-space: pre;\"> \u00a0\u00a0 \u00a0\u00a0\u00a0 <\/span><\/span><span style=\"font-size: 11pt; font-family: Arial; color: #000000; vertical-align: baseline; white-space: pre-wrap; background-color: transparent;\">&#8211; Grup Alt Empord\u00e0<\/span><\/p>\n<p><span style=\"font-size: 11pt; font-family: Arial; color: #000000; vertical-align: baseline; white-space: pre-wrap; background-color: transparent;\"><span style=\"white-space: pre;\"> \u00a0\u00a0 \u00a0\u00a0\u00a0 \u00a0<\/span><\/span><span style=\"font-size: 11pt; font-family: Arial; color: #000000; vertical-align: baseline; white-space: pre-wrap; background-color: transparent;\">&#8211; Grup Lleida<\/span><\/p>\n<\/div>\n<\/div>\n<\/div>\n<\/div>\n<div>\n<p dir=\"ltr\" style=\"line-height: 1.38; margin-top: 0pt; margin-bottom: 0pt;\"><span style=\"font-size: 11pt; font-family: Arial; color: #000000; vertical-align: baseline; white-space: pre-wrap; background-color: transparent;\">10.45 -11.15 &#8211; Esmorzar i espai de comunicaci\u00f3 i de relaci\u00f3 <\/span><\/p>\n<p><span style=\"background-color: transparent; color: #000000; font-family: Arial; font-size: 11pt; white-space: pre-wrap;\">11.15 &#8211; Presentaci\u00f3 d\u2019experi\u00e8ncies de centre:<\/span><\/p>\n<\/div>\n<\/div>\n<div>\n<div>\n<div>\n<div>\n<div>\n<div>\n<div>\n<div>\n<p style=\"line-height: 1.38; margin-top: 0pt; margin-bottom: 0pt;\"><b><span style=\"font-size: large;\"><span style=\"font-family: Arial; color: #000000; vertical-align: baseline; white-space: pre-wrap; background-color: transparent;\">Espai A<\/span><\/span><\/b><\/p>\n<\/div>\n<p style=\"line-height: 1.38; margin-top: 0pt; margin-bottom: 0pt;\"><span style=\"font-size: medium;\"><span style=\"font-family: Arial; color: #000000; vertical-align: baseline; white-space: pre-wrap; background-color: transparent;\">1. <a href=\"https:\/\/drive.google.com\/drive\/folders\/0B3ppt72La8Y1aUUwUmdNNUp4bFE\">Exilis <\/a>(Antoni Garcia i Gerard Sardenya. Grup Exili, Deportaci\u00f3 i Holocaust Alt Empord\u00e0)<\/span><\/span><\/p>\n<\/div>\n<p style=\"line-height: 1.38; margin-top: 0pt; margin-bottom: 0pt;\"><span style=\"font-size: medium;\"><span style=\"font-family: Arial; color: #000000; vertical-align: baseline; white-space: pre-wrap; background-color: transparent;\">2. Qu\u00e8 ens diuen les imatges? No perdem el tren de la mem\u00f2ria (M. Carmen G\u00f3mez. C. Jesu\u00eftes Gr\u00e0cia &#8211; Kostka)<\/span><\/span><\/p>\n<\/div>\n<p style=\"line-height: 1.38; margin-top: 0pt; margin-bottom: 0pt;\"><span style=\"font-size: medium;\"><span style=\"font-family: Arial; color: #000000; vertical-align: baseline; white-space: pre-wrap; background-color: transparent;\">3. El sanatori Maxim Gorki (Ins Terra Roja)<\/span><br \/>\n<span style=\"font-family: Arial; color: #000000; font-style: italic; vertical-align: baseline; white-space: pre-wrap; background-color: transparent;\">4. Desterrats, aterrats, enterrats. Un projecte sobre l\u2019exili (Ins Salvador Espriu)<\/span><br \/>\n<\/span><\/p>\n<\/div>\n<div>\n<div>\n<div>\n<div>\n<div>\n<div>\n<p style=\"line-height: 1.38; margin-top: 0pt; margin-bottom: 0pt;\"><span style=\"font-size: medium;\">5. Refugiats i desterrats (Ins El Til\u00b7ler)<br \/>\n<\/span><\/p>\n<\/div>\n<\/div>\n<\/div>\n<\/div>\n<\/div>\n<\/div>\n<div>\n<div>\n<div>\n<div>\n<div>\n<div>\n<div>\n<p style=\"line-height: 1.38; margin-top: 0pt; margin-bottom: 0pt;\"><span style=\"font-size: medium;\">6. Descobrint la Mem\u00f2ria Hist\u00f2rica (I-E Lloret de Mar)<\/span><\/p>\n<\/div>\n<\/div>\n<\/div>\n<\/div>\n<\/div>\n<\/div>\n<\/div>\n<\/div>\n<div>\n<div>\n<div>\n<div>\n<div>\n<div>\n<div>\n<div>\n<p style=\"line-height: 1.38; margin-top: 0pt; margin-bottom: 0pt;\"><span style=\"font-size: medium;\">7. <a href=\"https:\/\/docs.google.com\/presentation\/d\/1n3So407w-XdGVsJByRohvF91HaIgUgX8-ooP27JfQ-c\/edit#slide=id.p4\">Maletes d&#8217;exilis<\/a> (Gerard Sardenya. Ins vilafant)<\/span><\/p>\n<\/div>\n<\/div>\n<\/div>\n<\/div>\n<\/div>\n<\/div>\n<\/div>\n<\/div>\n<\/div>\n<div>\n<div>\n<div>\n<div>\n<div>\n<div>\n<div>\n<div>\n<div>\n<div>\n<div>\n<div>\n<p style=\"line-height: 1.38; margin-top: 0pt; margin-bottom: 0pt;\"><span style=\"font-size: medium;\">8. <a href=\"https:\/\/docs.google.com\/presentation\/d\/1-S55STYrcGB5C-n5WJbd_ZEaDdn8qxI8PmCb2iv_180\/edit?ts=5950c70f#slide=id.p3\">Fugir de l&#8217;oblit <\/a>(Susana Leon. Ins La S\u00ednia)<\/span><\/p>\n<\/div>\n<\/div>\n<\/div>\n<\/div>\n<\/div>\n<\/div>\n<\/div>\n<\/div>\n<\/div>\n<\/div>\n<\/div>\n<\/div>\n<\/div>\n<div>\n<div>\n<div>\n<div>\n<div>\n<div>\n<div>\n<div>\n<div>\n<div>\n<div>\n<div>\n<div>\n<div>\n<p style=\"line-height: 1.38; margin-top: 0pt; margin-bottom: 0pt;\"><span style=\"font-size: medium;\">9. Els llocs de la mem\u00f2ria a Tarragona. (Maite Blay i Mar Lopez. Institut Pons d&#8217;Icart)<br \/>\n<\/span><\/p>\n<\/div>\n<\/div>\n<\/div>\n<\/div>\n<\/div>\n<\/div>\n<\/div>\n<\/div>\n<\/div>\n<\/div>\n<\/div>\n<\/div>\n<\/div>\n<\/div>\n<div>\n<div>\n<div>\n<div>\n<div>\n<div>\n<div>\n<div>\n<div>\n<div>\n<div>\n<div>\n<div>\n<div>\n<div>\n<div>\n<p style=\"line-height: 1.38; margin-top: 0pt; margin-bottom: 0pt;\">\n<\/div>\n<\/div>\n<\/div>\n<\/div>\n<\/div>\n<\/div>\n<\/div>\n<\/div>\n<\/div>\n<\/div>\n<div>\n<div>\n<div>\n<div>\n<div>\n<div>\n<div>\n<div>\n<div>\n<div>\n<div>\n<div>\n<p style=\"line-height: 1.38; margin-top: 0pt; margin-bottom: 0pt;\"><b><span style=\"font-size: large;\"><span style=\"font-family: Arial; color: #000000; vertical-align: baseline; white-space: pre-wrap; background-color: transparent;\">Espai B<\/span><\/span><\/b><\/p>\n<\/div>\n<\/div>\n<p style=\"line-height: 1.38; margin-top: 0pt; margin-bottom: 0pt;\"><span style=\"font-size: medium;\"><span style=\"font-family: Arial; color: #000000; vertical-align: baseline; white-space: pre-wrap; background-color: transparent;\">1. <a href=\"https:\/\/allunyament.wordpress.com\/diari-de-viatge\/curs-2016-2017\/commemoracio-a-manresans\/\">Commemoraci\u00f3 a manresans<\/a> (Xavier Valls. Ins Pius Font i Quer i Ins Llu\u00eds de Peguera)<\/span><\/span><\/p>\n<\/div>\n<p style=\"line-height: 1.38; margin-top: 0pt; margin-bottom: 0pt;\"><span style=\"font-size: medium;\"><span style=\"font-family: Arial; color: #000000; vertical-align: baseline; white-space: pre-wrap; background-color: transparent;\">2. Resistents i deportades. Les dones de Ravensbruck (Gl\u00f2ria Garcia. Ins Guind\u00e0vols)<\/span><\/span><\/p>\n<\/div>\n<p style=\"line-height: 1.38; margin-top: 0pt; margin-bottom: 0pt;\"><span style=\"font-size: medium;\"><span style=\"font-family: Arial; color: #000000; vertical-align: baseline; white-space: pre-wrap; background-color: transparent;\">3. Filming and living history (Jordi Alcal\u00e0. Ins Llu\u00eds Vives)<br \/>\n<\/span><\/span><\/p>\n<\/div>\n<p style=\"line-height: 1.38; margin-top: 0pt; margin-bottom: 0pt;\"><span style=\"font-size: medium;\"><span style=\"font-family: Arial; color: #000000; vertical-align: baseline; white-space: pre-wrap; background-color: transparent;\">4. Actes i commemoracions del Grup de Mem\u00f2ria DEMD (Exili, Deportaci\u00f3 i Holocaust) (N\u00faria Alberdi. Ins Menendez)<\/span><\/span><\/p>\n<p style=\"line-height: 1.38; margin-top: 0pt; margin-bottom: 0pt;\"><span style=\"font-size: medium;\"><span style=\"font-family: Arial; color: #000000; vertical-align: baseline; white-space: pre-wrap; background-color: transparent;\"><span style=\"font-family: Arial; color: #000000; font-style: italic; vertical-align: baseline; white-space: pre-wrap; background-color: transparent;\">5. <a href=\"https:\/\/docs.google.com\/document\/d\/1VSeqR_iFG-z9MHH13BSMHcv30F5Bsml7PsWuGql7oh4\/edit?usp=sharing\">Mijtan\u00e7ant els nostres ulls.<\/a> \u00c0lex Rigol. Ins F. de Goya)<\/span><br \/>\n<\/span><\/span><\/p>\n<\/div>\n<\/div>\n<\/div>\n<div>\n<div>\n<p style=\"line-height: 1.38; margin-top: 0pt; margin-bottom: 0pt;\"><span style=\"font-size: medium;\"><span style=\"font-family: Arial; color: #000000; vertical-align: baseline; white-space: pre-wrap; background-color: transparent;\">6. <a href=\"https:\/\/docs.google.com\/presentation\/d\/1Gvg2Tgs6DZc7fqNd1XTKOwwD95_9QYq0kj6XdAR7TXg\/edit?ts=59522302#slide=id.g1e75ff479d_0_6\">Francesc Boix als or\u00edgens de la Uni\u00f3 Europea<\/a> (Camino Lanero. IOC)<br \/>\n<\/span><\/span><\/p>\n<\/div>\n<\/div>\n<\/div>\n<\/div>\n<\/div>\n<div>\n<div>\n<div>\n<p style=\"line-height: 1.38; margin-top: 0pt; margin-bottom: 0pt;\"><span style=\"font-size: medium;\"><span style=\"font-family: Arial; color: #000000; vertical-align: baseline; white-space: pre-wrap; background-color: transparent;\">7. Crims del Roser al MHM (Gl\u00f2ria Garcia. Ins Guind\u00e0vols)<br \/>\n<\/span><\/span><\/p>\n<\/div>\n<\/div>\n<\/div>\n<\/div>\n<\/div>\n<div>\n<div>\n<div>\n<div>\n<p style=\"line-height: 1.38; margin-top: 0pt; margin-bottom: 0pt;\"><span style=\"font-size: medium;\"><span style=\"font-family: Arial; color: #000000; vertical-align: baseline; white-space: pre-wrap; background-color: transparent;\">8. <a href=\"https:\/\/sites.google.com\/a\/iesviladecavalls.cat\/memoria-historica\/\">La mem\u00f2ria hist\u00f2rica a l&#8217;institut de Viladecavalls <\/a>(Teresa Vernet i Toni Garcia. Ins de Viladecavalls)<\/span><\/span><\/p>\n<\/div>\n<\/div>\n<\/div>\n<\/div>\n<\/div>\n<\/div>\n<div>\n<div>\n<div>\n<div>\n<div>\n<p style=\"line-height: 1.38; margin-top: 0pt; margin-bottom: 0pt;\"><span style=\"font-size: medium;\"><span style=\"font-family: Arial; color: #000000; vertical-align: baseline; white-space: pre-wrap; background-color: transparent;\">9. Cajas con historia. (Olga Lopez i Jovita Pigem)<\/span><\/span><\/p>\n<\/div>\n<\/div>\n<\/div>\n<\/div>\n<\/div>\n<\/div>\n<div>\n<div>\n<div>\n<div>\n<div>\n<p style=\"line-height: 1.38; margin-top: 0pt; margin-bottom: 0pt;\"><span style=\"font-size: medium;\"><span style=\"font-family: Arial; color: #000000; vertical-align: baseline; white-space: pre-wrap; background-color: transparent;\">10. Berlin, mem\u00f2ria hist\u00f2rica i filosofia (Jovita Pigem)<br \/>\n<\/span><\/span><\/p>\n<\/div>\n<\/div>\n<\/div>\n<\/div>\n<\/div>\n<\/div>\n<\/div>\n<div>\n<div>\n<div>\n<div>\n<div>\n<div>\n<div>\n<div>\n<div>\n<div>\n<div>\n<div>\n<div><\/div>\n<\/div>\n<\/div>\n<\/div>\n<\/div>\n<\/div>\n<\/div>\n<\/div>\n<\/div>\n<\/div>\n<\/div>\n<\/div>\n<\/div>\n<\/div>\n<div>\n<div>\n<div>\n<div>\n<div>\n<div>\n<div>\n<div>\n<div><span style=\"background-color: transparent; color: #000000; font-family: Arial; font-size: 11pt; white-space: pre-wrap;\">13.15 &#8211; Recursos per als centres:<\/span><\/div>\n<\/div>\n<\/div>\n<\/div>\n<\/div>\n<\/div>\n<\/div>\n<\/div>\n<div>\n<div>\n<div>\n<div>\n<div>\n<p dir=\"ltr\" style=\"line-height: 1.38; margin-top: 0pt; margin-bottom: 0pt;\"><span style=\"font-size: 11pt; font-family: Arial; color: #000000; vertical-align: baseline; white-space: pre-wrap; background-color: transparent;\">\u00a0\u00a0 \u00a0\u00a0\u00a0 \u00a0\u00a0\u00a0 \u00a0\u00a0\u00a0 \u00a0&#8211; Projecte Base de dades de la Guerra Civil per <a href=\"https:\/\/ihr.world\/ca\">Innovaci\u00f3 i Drets Humans<\/a><\/span><\/p>\n<\/div>\n<p style=\"line-height: 1.38; margin-top: 0pt; margin-bottom: 0pt;\"><span style=\"font-size: 11pt; font-family: Arial; color: #000000; vertical-align: baseline; white-space: pre-wrap; background-color: transparent;\">\u00a0\u00a0 \u00a0\u00a0\u00a0 \u00a0\u00a0\u00a0 \u00a0\u00a0\u00a0 \u00a0&#8211; Projecte Nakeramos<\/span><\/p>\n<\/div>\n<p style=\"line-height: 1.38; margin-top: 0pt; margin-bottom: 0pt;\"><span style=\"font-size: 11pt; font-family: Arial; color: #000000; vertical-align: baseline; white-space: pre-wrap; background-color: transparent;\">\u00a0\u00a0 \u00a0\u00a0\u00a0 \u00a0\u00a0\u00a0 \u00a0\u00a0\u00a0 \u00a0&#8211; Projecte Psicologia UB<\/span><\/p>\n<\/div>\n<p style=\"line-height: 1.38; margin-top: 0pt; margin-bottom: 0pt;\"><span style=\"font-size: 11pt; font-family: Arial; color: #000000; vertical-align: baseline; white-space: pre-wrap; background-color: transparent;\">\u00a0\u00a0 \u00a0\u00a0\u00a0 \u00a0\u00a0\u00a0 \u00a0\u00a0\u00a0 \u00a0&#8211; La maleta <span style=\"font-size: medium;\">de Jana<\/span> <\/span><\/p>\n<p><span style=\"font-size: 11pt; font-family: Arial; color: #000000; vertical-align: baseline; white-space: pre-wrap; background-color: transparent;\">14.00 &#8211; Cloenda \u00a0a<\/span><span style=\"font-size: 11pt; white-space: pre-wrap; line-height: 1.38; color: #000000; font-family: Arial; background-color: transparent;\"> c\u00e0rrec del Sr<\/span><span style=\"color: #000000; font-family: Arial; font-size: 11pt; white-space: pre-wrap; line-height: 1.38; text-indent: 36pt; background-color: transparent;\">. Aleix Gabarr\u00f3 Sust, \u00a0Subdirector General d\u2019Ordenaci\u00f3 Curricular<\/span><\/p>\n<\/div>\n<div>\n<div>\n<div>\n<p>&nbsp;<\/p>\n<\/div>\n<\/div>\n<\/div>\n<\/div>\n<\/div>\n<p>&nbsp;<\/p>\n<p dir=\"ltr\" style=\"line-height: 1.38; margin-top: 0pt; margin-bottom: 0pt;\"><span style=\"color: #000000; font-family: Arial; font-size: 11pt; white-space: pre-wrap; line-height: 1.38; text-indent: 36pt; background-color: transparent;\">\u00a0<\/span><\/p>\n<p dir=\"ltr\" style=\"line-height: 1.38; margin-top: 0pt; margin-bottom: 0pt;\"><span style=\"color: #000000; font-family: Arial; font-size: 11pt; white-space: pre-wrap; line-height: 1.38; text-indent: 36pt; background-color: transparent;\"> \u00a0<\/span><\/p>\n","protected":false},"excerpt":{"rendered":"<p>&nbsp;<\/p>\n<p>PROGRAMA<\/p>\n<p>09.00 &#8211; Presentaci\u00f3 de la III Jornada d\u2019experi\u00e8ncies did\u00e0ctiques de mem\u00f2ria hist\u00f2rica<br \/>\n09.10 &#8211; Experi\u00e8ncia &#8211; Taller:  \u201cEl projecte de les set caixes\u201d, Institut Terra Roja de Santa Coloma de Gramanet<br \/>\n09.40 &#8211; Experi\u00e8ncia &#8211; Viatge:  Figueres &#8211; Mauthausen, Grup de treball Exili, Deportaci\u00f3 i&hellip;  <a href=\"https:\/\/projectes.xtec.cat\/memoriaieducacio\/activitats\/jornades-dexperiencies-didactiques\/2017-2\/\" title=\"Read 2017\">Llegeix m\u00e9s\u00bb<\/a><\/p>\n","protected":false},"author":3,"featured_media":0,"parent":8553,"menu_order":30,"comment_status":"closed","ping_status":"closed","template":"page-templates\/side-menu.php","meta":{"_bbp_topic_count":0,"_bbp_reply_count":0,"_bbp_total_topic_count":0,"_bbp_total_reply_count":0,"_bbp_voice_count":0,"_bbp_anonymous_reply_count":0,"_bbp_topic_count_hidden":0,"_bbp_reply_count_hidden":0,"_bbp_forum_subforum_count":0,"footnotes":""},"class_list":["post-8776","page","type-page","status-publish","hentry"],"post_mailing_queue_ids":[],"_links":{"self":[{"href":"https:\/\/projectes.xtec.cat\/memoriaieducacio\/wp-json\/wp\/v2\/pages\/8776","targetHints":{"allow":["GET"]}}],"collection":[{"href":"https:\/\/projectes.xtec.cat\/memoriaieducacio\/wp-json\/wp\/v2\/pages"}],"about":[{"href":"https:\/\/projectes.xtec.cat\/memoriaieducacio\/wp-json\/wp\/v2\/types\/page"}],"author":[{"embeddable":true,"href":"https:\/\/projectes.xtec.cat\/memoriaieducacio\/wp-json\/wp\/v2\/users\/3"}],"replies":[{"embeddable":true,"href":"https:\/\/projectes.xtec.cat\/memoriaieducacio\/wp-json\/wp\/v2\/comments?post=8776"}],"version-history":[{"count":2,"href":"https:\/\/projectes.xtec.cat\/memoriaieducacio\/wp-json\/wp\/v2\/pages\/8776\/revisions"}],"predecessor-version":[{"id":8778,"href":"https:\/\/projectes.xtec.cat\/memoriaieducacio\/wp-json\/wp\/v2\/pages\/8776\/revisions\/8778"}],"up":[{"embeddable":true,"href":"https:\/\/projectes.xtec.cat\/memoriaieducacio\/wp-json\/wp\/v2\/pages\/8553"}],"wp:attachment":[{"href":"https:\/\/projectes.xtec.cat\/memoriaieducacio\/wp-json\/wp\/v2\/media?parent=8776"}],"curies":[{"name":"wp","href":"https:\/\/api.w.org\/{rel}","templated":true}]}}