{"id":8813,"date":"2020-08-17T13:47:44","date_gmt":"2020-08-17T11:47:44","guid":{"rendered":"https:\/\/projectes.xtec.cat\/memoriaieducacio\/?page_id=8813"},"modified":"2026-01-23T16:47:59","modified_gmt":"2026-01-23T15:47:59","slug":"2018-2","status":"publish","type":"page","link":"https:\/\/projectes.xtec.cat\/memoriaieducacio\/activitats\/dia-internacional-victimes-de-lholocaust\/2018-2\/","title":{"rendered":"2018"},"content":{"rendered":"<div style=\"font-weight: bold; color: #000000; font-size: large; text-align: center; display: block;\">ACTES \u00a02018<\/div>\n<div><\/div>\n<div><\/div>\n<div style=\"font-weight: bold; color: #000000; font-size: large; text-align: center; display: block;\">\u00a0\u00a0 DIA INTERNACIONAL EN RECORD DE LES V\u00cdCTIMES DE L&#8217;HOLOCAUST<\/div>\n<div><\/div>\n<div style=\"font-weight: bold; color: #000000; font-size: large; text-align: center; display: block;\">I DE PREVENCI\u00d3 DE CRIMS CONTRA LA HUMANITAT<\/div>\n<div><\/div>\n<div style=\"font-weight: bold; color: #000000; font-size: large; text-align: center; display: block;\"><\/div>\n<div style=\"font-weight: bold; display: block; text-align: left;\">\n<div><\/div>\n<div>\n<table style=\"border-collapse: collapse; border-color: #888888; border-width: 1px; height: 336px;\" border=\"1\" cellspacing=\"0\">\n<tbody>\n<tr style=\"height: 336px;\">\n<td style=\"width: 460px; height: 336px;\"><strong><span style=\"font-size: large;\">26-01-2018<\/span><\/strong><\/p>\n<p><span style=\"font-size: large;\">TERRASSA (Teatre Principal)<\/span><\/p>\n<p><span style=\"font-size: large;\">10.00\u00a0 \u00a0Presentaci\u00f3 i inici de l&#8217;acte<br \/>\n10.20\u00a0 \u00a0<i>Les paraules dels testimonis<\/i> a c\u00e0rrec de les entitats memorialistes<br \/>\n10.40\u00a0 \u00a0<i>Les paraules dels estudiants<\/i> a c\u00e0rrec dels centres INS Llu\u00eds Vives, INS de Viladecavalls, INS Arnau Cadell, INS Salvador Espriu, INS XXV Olimp\u00edada, INS de Matadepera, INS Men\u00e9ndez y Pelayo, INS de Sentmenat i INS Torre del Palau.<br \/>\n11.00\u00a0 \u00a0Representaci\u00f3 teatral MAUS a c\u00e0rrec dels alumnes de batxillerat d&#8217;arts \u00a0esc\u00e8niques de l&#8217;INS de Viladecavalls i dels estudiants de l&#8217;escola de m\u00fasica CEM de Terrassa.<br \/>\n12.00\u00a0 \u00a0Les paraules amb m\u00fasica a c\u00e0rrec de Marina Rossell.<br \/>\n12.30 \u00a0 Fi d&#8217;acte<br \/>\n<\/span><\/p>\n<p>&nbsp;<\/td>\n<td style=\"width: 458px; height: 336px;\"><strong><span style=\"font-size: large;\">29-01-2018<\/span><\/strong><\/p>\n<p><span style=\"font-size: large;\">LA JONQUERA (MUME i &#8220;La Societat&#8221;)<\/span><\/p>\n<p><span style=\"font-size: large;\">10.00\u00a0\u00a0\u00a0 Inici acte<\/span><\/p>\n<p style=\"text-align: left;\"><span style=\"font-size: large;\">10.15\u00a0 <span style=\"color: #000000;\">Confer\u00e8ncia &#8220;Les set caixes&#8221; a c\u00e0rrec de Dory Sontheimer<\/span><\/span><\/p>\n<p style=\"text-align: left;\"><span style=\"color: #000000;\"><span style=\"font-size: large;\">11.45\u00a0\u00a0\u00a0 Pausa<\/span><\/span><\/p>\n<p style=\"text-align: left;\"><span style=\"color: #000000;\"><span style=\"color: #000000;\"><span style=\"font-size: large;\">12.00 \u00a0\u00a0 Documental &#8220;Las dos guerras del fot\u00f3grafo Boix&#8221;<\/span><\/span><\/span><\/p>\n<p style=\"text-align: left;\"><span style=\"color: #000000;\"><span style=\"font-size: large;\">12.45 <\/span><\/span>\u00a0\u00a0 <span style=\"font-size: large;\">Debat sobre el documental i sobre l&#8217;exposici\u00f3 fotogr\u00e0fica &#8220;Els primers trets de Francesc Boix&#8221;<\/span><\/p>\n<p style=\"text-align: left;\"><span style=\"font-size: large;\">13.30\u00a0\u00a0\u00a0 Cloenda<\/span><\/p>\n<p>&nbsp;<\/p>\n<p>&nbsp;<\/td>\n<td style=\"width: 461px; height: 336px;\"><strong><span style=\"color: #000000;\"><span style=\"font-size: large;\">30-01-2018<\/span><\/span><\/strong><\/p>\n<p><span style=\"color: #000000;\"><span style=\"font-size: large;\">LLEIDA (Teatre de l&#8217;Escorxador)<\/span><\/span><\/p>\n<p><span style=\"color: #000000;\"><span style=\"font-size: large;\">10.00\u00a0 \u00a0 Benvinguda i parlaments institucionals<\/span><\/span><\/p>\n<p><span style=\"color: #000000;\"><span style=\"font-size: large;\">10.15\u00a0 \u00a0 Encesa de les Espelmes del Record i minut de silenci musicat<\/span><\/span><\/p>\n<p><span style=\"color: #000000;\"><span style=\"font-size: large;\">10.45\u00a0 \u00a0 Confer\u00e8ncia &#8220;Les set caixes&#8221; a c\u00e0rrec de Dory Sontheimer<\/span><\/span><\/p>\n<p><span style=\"color: #000000;\"><span style=\"font-size: large;\">11.30-12.00\u00a0 \u00a0 Pausa<\/span><\/span><\/p>\n<p><span style=\"font-size: large; color: #000000; font-family: inherit; text-align: center;\">12.00\u00a0 \u00a0 Representaci\u00f3 teatral<\/span><\/p>\n<p><span style=\"color: #000000;\"><span style=\"font-size: large;\">12.50\u00a0 \u00a0 Lectura del manifest de cloenda.<br \/>\nAmb participaci\u00f3 del centres INS d&#8217;Almenar, INS Guind\u00e0vols, INS La Caparrella i INS Torre Vicens.<\/span><\/span><\/p>\n<p><span style=\"color: #000000;\"><span style=\"font-size: large;\">13.00\u00a0 \u00a0 Llan\u00e7ament de globus i comiat<\/span><\/span><\/p>\n<p>&nbsp;<\/p>\n<p>&nbsp;<\/td>\n<\/tr>\n<\/tbody>\n<\/table>\n<p><a style=\"font-size: x-large; font-family: inherit;\" href=\"http:\/\/xtec.gencat.cat\/ca\/centres\/celebracions\/2018\/holocaust\/\"><strong>Web commemoraci\u00f3 XTEC<\/strong><\/a>,<\/p>\n<p><a style=\"font-size: x-large; font-weight: bold;\" href=\"http:\/\/memoria.gencat.cat\/ca\/actualitat\/noticies\/detalls\/noticia\/Dia-Internacional-de-Commemoracio-en-Memoria-de-les-Victimes-de-lHolocaust\">Web Memorial Democr\u00e0tic<\/a>,<\/p>\n<p><strong><a style=\"font-size: x-large; background-color: transparent;\" href=\"http:\/\/www.sesegria.cat\/acte-de-commemoraci%C3%B3-del-dia-internacional-en-mem%C3%B2ria-de-les-v%C3%ADctimes-de-lholocaust-recull\">Web CRP del Segri\u00e0<\/a><\/strong><\/p>\n<\/div>\n<hr \/>\n<\/div>\n<div><\/div>\n<h4><a href=\"https:\/\/www.diarisantquirze.cat\/el-poder-de-les-paraules-acte-del-dia-internacional-de-commemoracio-a-les-victimes-de-lholocaust-i-de-prevencio-de-crims-contra-la-humanitat\">Diari Sant Quirze<\/a><\/h4>\n<div style=\"font-weight: bold; display: block; text-align: left;\">\n<h4><a href=\"https:\/\/www.facebook.com\/DiariSantQuirze\/photos\/?tab=album&amp;album_id=920991184692656\">Diari Sant Quirze &#8211; Fotos<\/a><\/h4>\n<div>\n<hr \/>\n<hr \/>\n<\/div>\n<p>&nbsp;<\/p>\n<\/div>\n","protected":false},"excerpt":{"rendered":"<p>ACTES \u00a02018<\/p>\n<p>\u00a0\u00a0 DIA INTERNACIONAL EN RECORD DE LES V\u00cdCTIMES DE L&#8217;HOLOCAUST<\/p>\n<p>I DE PREVENCI\u00d3 DE CRIMS CONTRA LA HUMANITAT<\/p>\n<p>26-01-2018<br \/>\nTERRASSA (Teatre Principal)<br \/>\n10.00\u00a0 \u00a0Presentaci\u00f3 i inici de l&#8217;acte<br \/>\n10.20\u00a0 \u00a0Les paraules dels testimonis a c\u00e0rrec de les entitats memorialistes<br \/>\n10.40\u00a0 \u00a0Les paraules dels estudiants a c\u00e0rrec dels centres INS Llu\u00eds&hellip;  <a href=\"https:\/\/projectes.xtec.cat\/memoriaieducacio\/activitats\/dia-internacional-victimes-de-lholocaust\/2018-2\/\" title=\"Read 2018\">Llegeix m\u00e9s\u00bb<\/a><\/p>\n","protected":false},"author":3,"featured_media":0,"parent":8489,"menu_order":70,"comment_status":"closed","ping_status":"closed","template":"page-templates\/side-menu.php","meta":{"_bbp_topic_count":0,"_bbp_reply_count":0,"_bbp_total_topic_count":0,"_bbp_total_reply_count":0,"_bbp_voice_count":0,"_bbp_anonymous_reply_count":0,"_bbp_topic_count_hidden":0,"_bbp_reply_count_hidden":0,"_bbp_forum_subforum_count":0,"footnotes":""},"class_list":["post-8813","page","type-page","status-publish","hentry"],"post_mailing_queue_ids":[],"_links":{"self":[{"href":"https:\/\/projectes.xtec.cat\/memoriaieducacio\/wp-json\/wp\/v2\/pages\/8813","targetHints":{"allow":["GET"]}}],"collection":[{"href":"https:\/\/projectes.xtec.cat\/memoriaieducacio\/wp-json\/wp\/v2\/pages"}],"about":[{"href":"https:\/\/projectes.xtec.cat\/memoriaieducacio\/wp-json\/wp\/v2\/types\/page"}],"author":[{"embeddable":true,"href":"https:\/\/projectes.xtec.cat\/memoriaieducacio\/wp-json\/wp\/v2\/users\/3"}],"replies":[{"embeddable":true,"href":"https:\/\/projectes.xtec.cat\/memoriaieducacio\/wp-json\/wp\/v2\/comments?post=8813"}],"version-history":[{"count":4,"href":"https:\/\/projectes.xtec.cat\/memoriaieducacio\/wp-json\/wp\/v2\/pages\/8813\/revisions"}],"predecessor-version":[{"id":9410,"href":"https:\/\/projectes.xtec.cat\/memoriaieducacio\/wp-json\/wp\/v2\/pages\/8813\/revisions\/9410"}],"up":[{"embeddable":true,"href":"https:\/\/projectes.xtec.cat\/memoriaieducacio\/wp-json\/wp\/v2\/pages\/8489"}],"wp:attachment":[{"href":"https:\/\/projectes.xtec.cat\/memoriaieducacio\/wp-json\/wp\/v2\/media?parent=8813"}],"curies":[{"name":"wp","href":"https:\/\/api.w.org\/{rel}","templated":true}]}}