{"id":8884,"date":"2020-08-18T20:20:06","date_gmt":"2020-08-18T18:20:06","guid":{"rendered":"https:\/\/projectes.xtec.cat\/memoriaieducacio\/?page_id=8884"},"modified":"2020-08-18T21:05:59","modified_gmt":"2020-08-18T19:05:59","slug":"primers-mesos-de-la-guerra-civil-a-catalunya","status":"publish","type":"page","link":"https:\/\/projectes.xtec.cat\/memoriaieducacio\/activitats\/cursos\/primers-mesos-de-la-guerra-civil-a-catalunya\/","title":{"rendered":"Primers mesos de la Guerra Civil a Catalunya (novembre 2016)"},"content":{"rendered":"<div style=\"text-align: left;\"><span style=\"line-height: 1.6; font-weight: bold; background-color: transparent; color: #0000ff; font-size: large;\">\u00a0<\/span><\/div>\n<div style=\"text-align: left;\"><span style=\"line-height: 1.6; font-weight: bold; background-color: transparent; color: #0000ff; font-size: large;\"><a href=\"https:\/\/aplicacions.gestioeducativa.gencat.cat\/pls\/soloas\/pk_for_mod_ins.p_for_detall_activitat?p_header=Selecci%F3%5Epk_for_mod_ins.p_for_form_cons_act?p_excloure_crp_rec=T&amp;p_codi=9000010557&amp;p_curs=2016-2017&amp;p_es_inscr=S\">INSCRIPCI\u00d3<\/a><\/span><span style=\"font-size: medium; line-height: 1.6; background-color: transparent; color: #000000;\"> (fins el 9 de novembre de 2016)\u00a0 \u00a0<\/span><span style=\"font-size: medium; line-height: 1.6; font-weight: bold; background-color: transparent; color: #0000ff;\">\u00a0<\/span><\/div>\n<div><\/div>\n<div>\n<div style=\"border: none; border-top: dotted windowtext 1.0pt; padding: 7.0pt 0cm 0cm 0cm;\">\n<p style=\"line-height: normal; page-break-after: avoid; border: none; padding: 0cm; margin: 6.0pt 0cm .0001pt 0cm;\"><b><span style=\"font-size: 12.0pt; font-family: Arial,sans-serif; color: #cc0000;\"><a href=\"https:\/\/sites.google.com\/a\/xtec.cat\/gtexilideportacioholocaust\/curs-primers-mesos-de-la-guerra-civil-a-catalunya\/1a-sessio-1936-l-altre-exili\">1a. sessi\u00f3: 9 de novembre<\/a>,<br \/>\ndimecres, de 16.30 a 19.30 h.<\/span><\/b><\/p>\n<p style=\"line-height: normal; page-break-after: avoid; border: none; padding: 0cm; margin: 6.0pt 0cm .0001pt 0cm;\"><b><span style=\"font-size: 8.0pt; font-family: Arial,sans-serif; color: #cc0000;\">La sessi\u00f3 tindr\u00e0 lloc a l\u2019arxiu del Pavell\u00f3 de la Rep\u00fablica (Av. del Cardenal Vidal i Barraquer, 34, Barcelona)<\/span><\/b><\/p>\n<\/div>\n<p style=\"line-height: normal; margin: 6.0pt 0cm .0001pt 0cm;\"><b><i><span style=\"font-size: 10.0pt; font-family: Arial,sans-serif;\">1936, l\u2019altre exili<\/span><\/i><\/b><b><span style=\"font-size: 10.0pt; font-family: Arial,sans-serif;\"> a c\u00e0rrec de Josep Llu\u00eds Mart\u00edn Berbois<\/span><\/b><\/p>\n<p style=\"line-height: normal; margin: 6.0pt 0cm .0001pt 0cm;\"><b><i><span style=\"font-size: 10.0pt; font-family: Arial,sans-serif;\">Consultem la documentaci\u00f3 del Pavell\u00f3 de la Rep\u00fablica<\/span><\/i><\/b><b><span style=\"font-size: 10.0pt; font-family: Arial,sans-serif;\"> a c\u00e0rrec de Judith Montserrat Argelaguet, bibliotec\u00e0ria CRAI Biblioteca Pavell\u00f3 de la Rep\u00fablica<\/span><\/b><\/p>\n<div style=\"border: none; border-top: dotted windowtext 1.0pt; padding: 9.0pt 0cm 0cm 0cm;\">\n<p style=\"line-height: normal; page-break-after: avoid; border: none; padding: 0cm; margin: 6.0pt 0cm .0001pt 0cm;\"><b><span style=\"font-size: 12.0pt; font-family: Arial,sans-serif; color: #cc0000;\"><a href=\"https:\/\/sites.google.com\/a\/xtec.cat\/gtexilideportacioholocaust\/curs-primers-mesos-de-la-guerra-civil-a-catalunya\/2a-sessio\">2a. sessi\u00f3: 16 de novembre<\/a>, dimecres,<br \/>\nde 16.00 a 19 h<\/span><\/b><\/p>\n<p style=\"line-height: normal; page-break-after: avoid; border: none; padding: 0cm; margin: 6.0pt 0cm .0001pt 0cm;\"><b><span style=\"font-size: 8.0pt; font-family: Arial,sans-serif; color: #cc0000;\">La sessi\u00f3 tindr\u00e0 lloc a la Seu del Memorial Democr\u00e0tic, carrer Peu de la Creu, 2-4<\/span><\/b><\/p>\n<\/div>\n<p style=\"line-height: normal; margin: 6.0pt 0cm .0001pt 0cm;\"><b><i><span style=\"font-size: 10.0pt; font-family: Arial,sans-serif;\">El jutge dels cementiris clandestins: Josep M. Bertran de Quintana<\/span><\/i><\/b><b><span style=\"font-size: 10.0pt; font-family: Arial,sans-serif;\"> a c\u00e0rrec d\u2019Oriol Due\u00f1as<\/span><\/b><\/p>\n<p style=\"line-height: normal; margin: 6.0pt 0cm .0001pt 0cm;\"><b><i><span style=\"font-size: 10.0pt; font-family: Arial,sans-serif;\">300<\/span><\/i><\/b><b><span style=\"font-size: 10.0pt; font-family: Arial,sans-serif;\"> _La Viol\u00e8ncia. Documental de TV3 <\/span><\/b><\/p>\n<p style=\"line-height: normal; margin: 6.0pt 0cm .0001pt 0cm;\"><b><span style=\"font-size: 10.0pt; font-family: Arial,sans-serif;\">Experi\u00e8ncia did\u00e0ctica de l\u2019Escola Sadako a c\u00e0rrec de Jordi Nomen<\/span><\/b><\/p>\n<div style=\"border: none; border-top: dotted windowtext 1.0pt; padding: 7.0pt 0cm 0cm 0cm;\">\n<p style=\"line-height: normal; page-break-after: avoid; border: none; padding: 0cm; margin: 6.0pt 0cm .0001pt 0cm;\"><b><span style=\"font-size: 12.0pt; font-family: Arial,sans-serif; color: #cc0000;\"><a href=\"https:\/\/sites.google.com\/a\/xtec.cat\/gtexilideportacioholocaust\/curs-primers-mesos-de-la-guerra-civil-a-catalunya\/3a-sessio-ruta-esceneris-de-la-guerra-civil-al-raval\">3a. Sessi\u00f3: 23 de novembre<\/a>, dimecres,<br \/>\nde 16.30 a 19.30 h<\/span><\/b><\/p>\n<p style=\"line-height: normal; page-break-after: avoid; border: none; padding: 0cm; margin: 6.0pt 0cm .0001pt 0cm;\"><b><span style=\"font-size: 8.0pt; font-family: Arial,sans-serif; color: #cc0000;\">Lloc de trobada: Seu del Memorial Democr\u00e0tic, carrer Peu de la Creu, 2-4<\/span><\/b><\/p>\n<p style=\"line-height: normal; page-break-after: avoid; border: none; padding: 0cm; margin: 6.0pt 0cm .0001pt 0cm;\"><b><span style=\"font-size: 10.0pt; font-family: Arial,sans-serif;\">Qu\u00e8 expliquem quan expliquem la Guerra Civil?<\/span><\/b><\/p>\n<p style=\"line-height: normal; page-break-after: avoid; border: none; padding: 0cm; margin: 6.0pt 0cm .0001pt 0cm;\"><b><span style=\"font-size: 10.0pt; font-family: Arial,sans-serif;\">Ruta guiada pel centre de Barcelona a c\u00e0rrec de Lloren\u00e7 Genesc\u00e0 (Caminant amb la hist\u00f2ria)<\/span><\/b><b> <\/b><\/p>\n<p style=\"line-height: normal; page-break-after: avoid; border: none; padding: 0cm; margin: 6.0pt 0cm .0001pt 0cm;\"><b><span style=\"font-size: 12.0pt; font-family: Arial,sans-serif; color: #cc0000;\">\u00a0<\/span><\/b><\/p>\n<p style=\"line-height: normal; page-break-after: avoid; border: none; padding: 0cm; margin: 6.0pt 0cm .0001pt 0cm;\"><b><span style=\"font-size: 12.0pt; font-family: Arial,sans-serif; color: #cc0000;\">4a. Sessi\u00f3: 30 de novembre,<br \/>\ndimecres, de 16.30 a 19.30 h<\/span><\/b><\/p>\n<p style=\"line-height: normal; page-break-after: avoid; border: none; padding: 0cm; margin: 6.0pt 0cm .0001pt 0cm;\"><b><span style=\"font-size: 8.0pt; font-family: Arial,sans-serif; color: #cc0000;\">La sessi\u00f3 tindr\u00e0 lloc a l\u2019Arxiu Nacional de Catalunya<\/span><\/b><\/p>\n<p style=\"line-height: normal; page-break-after: avoid; border: none; padding: 0cm; margin: 6.0pt 0cm .0001pt 0cm;\"><b><span style=\"font-size: 10.0pt; font-family: Arial,sans-serif;\">La salvaguarda del patrimoni cultural catal\u00e0 en temps de guerra. Fonts documentals de l\u2019ANC a c\u00e0rrec de Maria Utg\u00e9s de l\u2019ANC.<\/span><\/b><\/p>\n<p style=\"line-height: normal; page-break-after: avoid; border: none; padding: 0cm; margin: 6.0pt 0cm .0001pt 0cm;\"><b><span style=\"font-size: 10.0pt; font-family: Arial,sans-serif;\">Taller pr\u00e0ctic a c\u00e0rrec de Pilar Revert\u00e9, CESIRE i Servei did\u00e0ctic de l\u2019ANC.<\/span><\/b><\/p>\n<p style=\"line-height: normal; page-break-after: avoid; border: none; padding: 0cm; margin: 6.0pt 0cm .0001pt 0cm;\"><b><span style=\"font-size: 10.0pt; font-family: Arial,sans-serif;\">Com es pot incorporar el Patrimoni (en temps de guerra) a l\u2019aula a c\u00e0rrec de<\/span><\/b> <b><span style=\"font-size: 10.0pt; font-family: Arial,sans-serif;\">Joan Santacana.<\/span><\/b><\/p>\n<p style=\"line-height: normal; page-break-after: avoid; border: none; padding: 0cm; margin: 6.0pt 0cm .0001pt 0cm;\"><b><span style=\"font-size: 10.0pt; font-family: Arial,sans-serif;\">\u00a0<\/span><\/b><\/p>\n<p style=\"line-height: normal; page-break-after: avoid; border: none; padding: 0cm; margin: 6.0pt 0cm .0001pt 0cm;\"><b><span style=\"font-size: 12.0pt; font-family: Arial,sans-serif; color: #cc0000;\">5a. sessi\u00f3 (on line). Fins al 15<br \/>\nde desembre.<\/span><\/b><\/p>\n<\/div>\n<p style=\"line-height: normal; margin: 6.0pt 0cm .0001pt 0cm;\"><b><span style=\"font-size: 10.0pt; font-family: Arial,sans-serif;\">Proposta d\u2019activitat did\u00e0ctica individual o grupal.<\/span><\/b><\/p>\n<\/div>\n","protected":false},"excerpt":{"rendered":"<p>\u00a0<br \/>\n<a href=\"https:\/\/aplicacions.gestioeducativa.gencat.cat\/pls\/soloas\/pk_for_mod_ins.p_for_detall_activitat?p_header=Selecci%F3%5Epk_for_mod_ins.p_for_form_cons_act?p_excloure_crp_rec=T&amp;p_codi=9000010557&amp;p_curs=2016-2017&amp;p_es_inscr=S\">INSCRIPCI\u00d3<\/a> (fins el 9 de novembre de 2016)\u00a0 \u00a0\u00a0<\/p>\n<p><a href=\"https:\/\/sites.google.com\/a\/xtec.cat\/gtexilideportacioholocaust\/curs-primers-mesos-de-la-guerra-civil-a-catalunya\/1a-sessio-1936-l-altre-exili\">1a. sessi\u00f3: 9 de novembre<\/a>,<br \/>\ndimecres, de 16.30 a 19.30 h.<br \/>\nLa sessi\u00f3 tindr\u00e0 lloc a l\u2019arxiu del Pavell\u00f3 de la Rep\u00fablica (Av. del Cardenal Vidal i Barraquer, 34, Barcelona)<\/p>\n<p>1936, l\u2019altre exili a c\u00e0rrec de Josep Llu\u00eds&hellip;  <a href=\"https:\/\/projectes.xtec.cat\/memoriaieducacio\/activitats\/cursos\/primers-mesos-de-la-guerra-civil-a-catalunya\/\" title=\"Read Primers mesos de la Guerra Civil a Catalunya (novembre 2016)\">Llegeix m\u00e9s\u00bb<\/a><\/p>\n","protected":false},"author":3,"featured_media":0,"parent":8847,"menu_order":3,"comment_status":"closed","ping_status":"closed","template":"page-templates\/side-menu.php","meta":{"_bbp_topic_count":0,"_bbp_reply_count":0,"_bbp_total_topic_count":0,"_bbp_total_reply_count":0,"_bbp_voice_count":0,"_bbp_anonymous_reply_count":0,"_bbp_topic_count_hidden":0,"_bbp_reply_count_hidden":0,"_bbp_forum_subforum_count":0,"footnotes":""},"class_list":["post-8884","page","type-page","status-publish","hentry"],"post_mailing_queue_ids":[],"_links":{"self":[{"href":"https:\/\/projectes.xtec.cat\/memoriaieducacio\/wp-json\/wp\/v2\/pages\/8884","targetHints":{"allow":["GET"]}}],"collection":[{"href":"https:\/\/projectes.xtec.cat\/memoriaieducacio\/wp-json\/wp\/v2\/pages"}],"about":[{"href":"https:\/\/projectes.xtec.cat\/memoriaieducacio\/wp-json\/wp\/v2\/types\/page"}],"author":[{"embeddable":true,"href":"https:\/\/projectes.xtec.cat\/memoriaieducacio\/wp-json\/wp\/v2\/users\/3"}],"replies":[{"embeddable":true,"href":"https:\/\/projectes.xtec.cat\/memoriaieducacio\/wp-json\/wp\/v2\/comments?post=8884"}],"version-history":[{"count":3,"href":"https:\/\/projectes.xtec.cat\/memoriaieducacio\/wp-json\/wp\/v2\/pages\/8884\/revisions"}],"predecessor-version":[{"id":8891,"href":"https:\/\/projectes.xtec.cat\/memoriaieducacio\/wp-json\/wp\/v2\/pages\/8884\/revisions\/8891"}],"up":[{"embeddable":true,"href":"https:\/\/projectes.xtec.cat\/memoriaieducacio\/wp-json\/wp\/v2\/pages\/8847"}],"wp:attachment":[{"href":"https:\/\/projectes.xtec.cat\/memoriaieducacio\/wp-json\/wp\/v2\/media?parent=8884"}],"curies":[{"name":"wp","href":"https:\/\/api.w.org\/{rel}","templated":true}]}}