{"id":8888,"date":"2020-08-18T20:34:09","date_gmt":"2020-08-18T18:34:09","guid":{"rendered":"https:\/\/projectes.xtec.cat\/memoriaieducacio\/?page_id=8888"},"modified":"2020-08-19T08:19:23","modified_gmt":"2020-08-19T06:19:23","slug":"catalans-i-catalanes-durant-la-2a-guerra-mundial","status":"publish","type":"page","link":"https:\/\/projectes.xtec.cat\/memoriaieducacio\/activitats\/cursos\/catalans-i-catalanes-durant-la-2a-guerra-mundial\/","title":{"rendered":"Catalans i catalanes durant la 2a Guerra Mundial (abril 2015)"},"content":{"rendered":"<p>Amb motiu del 70\u00e8 aniversari de l\u2019alliberament dels camps nazis i de la fi de la II Guerra Mundial, del 75\u00e8 aniversari de l\u2019afusellament del President Companys i del centenari del naixement de la Neus Catal\u00e0, el Departament de Governaci\u00f3 i Relacions Institucionals, el Departament d\u2019Ensenyament, el Memorial Democr\u00e0tic de la Generalitat de Catalunya i el grup de treball Exili, Deportaci\u00f3 i Holocaust organitzen el curs \u201dCatalans i catalanes durant la II Guerra Mundial\u201d adre\u00e7at al professorat de secund\u00e0ria.<br \/>\nEl curs consta de tres sessions a la seu del Departament d\u2019Ensenyament (Via Augusta, 202-226) i una sortida al castell de Montju\u00efc de Barcelona.<br \/>\nTotes les pon\u00e8ncies tenen una orientaci\u00f3 pr\u00e0ctica encaminada a dotar els docents de metodologies i recursos per treballar aquest tema, aix\u00ed com tamb\u00e9 oferir propostes per\u00a0 desenvolupar els treballs de recerca.<br \/>\nEl curs tindr\u00e0 una durada de 20 h a efectes de c\u00f2mput per als certificats d\u2019assist\u00e8ncia que atorgar\u00e0 el Departament d\u2019Ensenyament al professorat que assisteixi a un m\u00ednim del 80% del curs i presenti una proposta d\u2019activitat did\u00e0ctica.<\/p>\n<table style=\"border-collapse: collapse; border-color: #888888; border-width: 3px;\" border=\"0\" cellspacing=\"3\">\n<tbody>\n<tr>\n<td style=\"text-align: center; width: 243px; height: 32px;\"><span style=\"color: #000000;\">\u00a0<span style=\"font-size: small;\"><b>1a sessi\u00f3: 8 d&#8217;abril <\/b><\/span><br \/>\n<\/span><\/td>\n<td style=\"text-align: center; width: 263px; height: 32px;\"><span style=\"color: #000000;\">\u00a02a sessi\u00f3: 15 d&#8217;abril<br \/>\n<\/span><\/td>\n<td style=\"text-align: center; width: 222px; height: 32px;\"><span style=\"color: #000000;\">\u00a03a sessi\u00f3: 18 d&#8217;abril<br \/>\n<\/span><\/td>\n<td style=\"text-align: center; width: 236px; height: 32px;\"><span style=\"color: #000000;\">\u00a04a sessi\u00f3: 22 d&#8217;abril<br \/>\n<\/span><\/td>\n<\/tr>\n<tr>\n<td style=\"width: 243px; height: 48px;\"><span style=\"color: #000000;\"><i>Cap a una segona derrota: de l&#8217;exili a l&#8217;oblit (1939-1949<\/i>). <b>Mart\u00ed Marin<\/b>. UAB<br \/>\n<\/span><\/td>\n<td style=\"width: 263px; height: 48px;\"><span style=\"color: #000000;\"><i>La resist\u00e8ncia i la deportaci\u00f3 de les dones. <\/i><b>David Serrano<\/b>. Professor Escola Pia Sabadell i URL<br \/>\n<\/span><\/td>\n<td style=\"width: 222px; height: 48px;\"><span style=\"color: #000000;\"><a href=\"https:\/\/sites.google.com\/a\/xtec.cat\/gtexilideportacioholocaust\/fotos-sortida-castell-fossar\"><i>Visita guiada al Castell de Montju\u00efc i al Fossar de la Pedrera<\/i><\/a>. <b>Oriol Due\u00f1as<\/b>. UB i Memorial Democr\u00e0tic.<br \/>\n<\/span><\/td>\n<td style=\"width: 236px; height: 48px;\"><span style=\"color: #000000;\"><i>La Casa de la Confer\u00e8ncia de Wansee<\/i>. <i>Objectius pedag\u00f2gics<\/i>. <b>Elke Gryglewski<\/b><br \/>\n<\/span><\/td>\n<\/tr>\n<tr>\n<td style=\"width: 243px; height: 48px;\"><span style=\"color: #000000;\"><i>Recursos i col\u00b7leccions de la Biblioteca Francesc-Boix<\/i>. <b>Joan Delgado<\/b>, director<br \/>\n<\/span><\/td>\n<td style=\"width: 263px; height: 48px;\"><span style=\"color: #000000;\"><i>Imatges i Arxius. Presentaci\u00f3 del film &#8220;Camins&#8221;.<\/i> <b>Jordi Algu\u00e9<\/b>. UAB<br \/>\n<\/span><br \/>\n<span style=\"color: #000000;\"><br \/>\n<\/span><\/td>\n<td style=\"width: 222px; height: 48px;\"><span style=\"color: #000000;\">\u00a0<\/span><\/td>\n<td style=\"width: 236px; height: 48px;\"><span style=\"color: #000000;\"><i>El treball pedag\u00f2gic al Memorial de Buchenwald<\/i>. <b>Pamela Castillo<\/b><br \/>\n<\/span><\/td>\n<\/tr>\n<tr>\n<td style=\"width: 243px; height: 64px;\"><span style=\"color: #000000;\"><i>Els catalans al front de l&#8217;Est durant la II GM<\/i>. <b>Marta Sim\u00f3<\/b>. UAB<br \/>\n<\/span><\/td>\n<td style=\"width: 263px; height: 64px;\"><span style=\"color: #000000;\"><i>El fons documental del Pavell\u00f3 de la Rep\u00fablica.<\/i> <b>Lourdes Prades<\/b>. UB<br \/>\n<\/span><\/td>\n<td style=\"width: 222px; height: 64px;\"><span style=\"color: #000000;\">\u00a0<\/span><\/td>\n<td style=\"width: 236px; height: 64px;\"><span style=\"color: #000000;\"><i>Pot el dret fer just\u00edcia despr\u00e9s d&#8217;un genocidi o un crim contra la humanitat?<\/i> <b>Xavier Boltaina<\/b>. UB i\u00a0 Diputaci\u00f3 de Barcelona.<\/span><\/p>\n<p><a href=\"http:\/\/video.xtec.cat\/real\/creav\/22abril2015.flv\"> V\u00eddeo de la sessi\u00f3<\/a><\/td>\n<\/tr>\n<\/tbody>\n<\/table>\n<p>45<\/p>\n<p>&nbsp;<\/p>\n","protected":false},"excerpt":{"rendered":"<p>Amb motiu del 70\u00e8 aniversari de l\u2019alliberament dels camps nazis i de la fi de la II Guerra Mundial, del 75\u00e8 aniversari de l\u2019afusellament del President Companys i del centenari del naixement de la Neus Catal\u00e0, el Departament de Governaci\u00f3 i Relacions Institucionals, el Departament&hellip;  <a href=\"https:\/\/projectes.xtec.cat\/memoriaieducacio\/activitats\/cursos\/catalans-i-catalanes-durant-la-2a-guerra-mundial\/\" title=\"Read Catalans i catalanes durant la 2a Guerra Mundial (abril 2015)\">Llegeix m\u00e9s\u00bb<\/a><\/p>\n","protected":false},"author":3,"featured_media":0,"parent":8847,"menu_order":5,"comment_status":"closed","ping_status":"closed","template":"page-templates\/side-menu.php","meta":{"_bbp_topic_count":0,"_bbp_reply_count":0,"_bbp_total_topic_count":0,"_bbp_total_reply_count":0,"_bbp_voice_count":0,"_bbp_anonymous_reply_count":0,"_bbp_topic_count_hidden":0,"_bbp_reply_count_hidden":0,"_bbp_forum_subforum_count":0,"footnotes":""},"class_list":["post-8888","page","type-page","status-publish","hentry"],"post_mailing_queue_ids":[],"_links":{"self":[{"href":"https:\/\/projectes.xtec.cat\/memoriaieducacio\/wp-json\/wp\/v2\/pages\/8888","targetHints":{"allow":["GET"]}}],"collection":[{"href":"https:\/\/projectes.xtec.cat\/memoriaieducacio\/wp-json\/wp\/v2\/pages"}],"about":[{"href":"https:\/\/projectes.xtec.cat\/memoriaieducacio\/wp-json\/wp\/v2\/types\/page"}],"author":[{"embeddable":true,"href":"https:\/\/projectes.xtec.cat\/memoriaieducacio\/wp-json\/wp\/v2\/users\/3"}],"replies":[{"embeddable":true,"href":"https:\/\/projectes.xtec.cat\/memoriaieducacio\/wp-json\/wp\/v2\/comments?post=8888"}],"version-history":[{"count":3,"href":"https:\/\/projectes.xtec.cat\/memoriaieducacio\/wp-json\/wp\/v2\/pages\/8888\/revisions"}],"predecessor-version":[{"id":8915,"href":"https:\/\/projectes.xtec.cat\/memoriaieducacio\/wp-json\/wp\/v2\/pages\/8888\/revisions\/8915"}],"up":[{"embeddable":true,"href":"https:\/\/projectes.xtec.cat\/memoriaieducacio\/wp-json\/wp\/v2\/pages\/8847"}],"wp:attachment":[{"href":"https:\/\/projectes.xtec.cat\/memoriaieducacio\/wp-json\/wp\/v2\/media?parent=8888"}],"curies":[{"name":"wp","href":"https:\/\/api.w.org\/{rel}","templated":true}]}}