{"id":8974,"date":"2020-08-20T10:58:59","date_gmt":"2020-08-20T08:58:59","guid":{"rendered":"https:\/\/projectes.xtec.cat\/memoriaieducacio\/?page_id=8974"},"modified":"2026-01-27T10:28:10","modified_gmt":"2026-01-27T09:28:10","slug":"2015-2","status":"publish","type":"page","link":"https:\/\/projectes.xtec.cat\/memoriaieducacio\/activitats\/dia-internacional-victimes-de-lholocaust\/2015-2\/","title":{"rendered":"2015"},"content":{"rendered":"<div><\/div>\n<div><\/div>\n<div><\/div>\n<div>\n<div><img decoding=\"async\" style=\"display: block; margin-right: auto; margin-left: auto; text-align: center;\" src=\"http:\/\/www.xtec.cat\/alfresco\/d\/d\/workspace\/SpacesStore\/9a7d1f81-5b19-427b-95e2-94d4e0ff090b\/holocaust_2015.png\" alt=\"\" \/><\/div>\n<p>&nbsp;<\/p>\n<p><span style=\"font-size: medium;\">Per commemorar el Dia Internacional en mem\u00f2ria de les v\u00edctimes de l&#8217;Holocaust el 27 de gener, el grup de treball Exili, Deportaci\u00f3 i Holocaust, impulsat pel Memorial Democr\u00e0tic i el Departament d&#8217;Ensenyament, ha organitzat uns actes a Barcelona i a La Jonquera aix\u00ed com unes propostes did\u00e0ctiques per a tots els centres que es proposin realitzar aquest acte.<\/span><\/p>\n<p><span style=\"font-size: medium;\">Cada any la commemoraci\u00f3 tracta un tema. Enguany \u00e9s <b>Mantenim viva la mem\u00f2ria<\/b>(<i>Keep the Memory\u00a0 Alive<\/i>).\u00a0 Aquests actes estan pensats com activitats educatives i, alhora, volen ser un acte d\u2019homenatge i mem\u00f2ria a totes aquelles persones que han estat v\u00edctimes del nacionalsocialisme i de\u00a0 r\u00e8gims totalitaris i genocides.<\/span><\/p>\n<p><span style=\"font-size: medium;\">Aquest any 2015, tanmateix, es commemoren dates importants com el\u00a0 70\u00e8 aniversari del Final de la II GM i alliberament dels camps, el 40\u00e8 aniversari de l\u2019inici del r\u00e8gim de Cambodja o el Centenari de l\u2019inici del genocidi armeni que poden ser punts de partida per con\u00e8ixer els fets hist\u00f2rics i commemorar la mem\u00f2ria de les persones v\u00edctimes dels genocidis contemporanis.<\/span><\/p>\n<p><strong><span style=\"font-size: medium;\">Acte a Barcelona\u00a0<\/span><\/strong><\/p>\n<p><strong><span style=\"font-size: medium;\">Data:\u00a0 <\/span><\/strong><span style=\"font-size: medium;\">27 de gener de 2015<\/span><\/p>\n<p><strong><span style=\"font-size: medium;\">Lloc:\u00a0 <\/span><\/strong><span style=\"font-size: medium;\">CCCB &#8211; Centre de Cultura Contempor\u00e0nia de Barcelona,\u00a0 <\/span><span style=\"font-size: medium;\">Montealegre, 5\u00a0\u00a0<\/span><\/p>\n<p><strong><span style=\"font-size: medium;\">Horari<\/span><\/strong><\/p>\n<p><span style=\"font-size: medium;\">\u00a0 \u00a0 \u00a0 \u00a0 \u00a010.30h Inici acte<\/span><\/p>\n<p style=\"margin-left: 40px;\"><span style=\"font-size: medium;\">10.35h Parlaments representants institucionals \u00a0<\/span><\/p>\n<p dir=\"ltr\" style=\"margin-left: 40px;\"><span style=\"font-size: medium;\">11.00h Presentaci\u00f3 activitats centres<\/span><\/p>\n<p dir=\"ltr\" style=\"margin-left: 40px;\"><span style=\"font-size: medium;\">11.40h Representaci\u00f3 teatral:\u00a0 <b>Himmelweg<\/b> de Juan Mayorga<\/span><\/p>\n<p dir=\"ltr\" style=\"margin-left: 40px;\"><span style=\"font-size: medium;\">13.00h Commemoraci\u00f3 i comiat<\/span><\/p>\n<p dir=\"ltr\" style=\"margin-left: 40px;\"><span style=\"font-size: medium;\">13.15h\u00a0Cloenda i fi d&#8217;acte<\/span><\/p>\n<p><strong><span style=\"font-size: medium;\">Centres participants<\/span><\/strong><\/p>\n<table border=\"1\" cellspacing=\"1\" cellpadding=\"1\">\n<tbody>\n<tr>\n<td style=\"text-align: left;\">INS de Viladecavalls<\/td>\n<\/tr>\n<tr>\n<td style=\"text-align: left;\">INS de Matadepera<\/td>\n<\/tr>\n<tr>\n<td style=\"text-align: left;\">INS Llu\u00eds Vives (Barcelona)<\/td>\n<\/tr>\n<tr>\n<td style=\"text-align: left;\">INS de Sentmenat<\/td>\n<\/tr>\n<tr>\n<td style=\"text-align: left;\">INS Can Peixauet (Sta Coloma de Gramenet)<\/td>\n<\/tr>\n<tr>\n<td style=\"text-align: left;\">INS de Corbera de LlobregatINS<\/td>\n<\/tr>\n<tr>\n<td style=\"text-align: left;\">INS Ferran Casablancas (Sabadell)<\/td>\n<\/tr>\n<tr>\n<td style=\"text-align: left;\">Col\u00b7legi Sadako (Barcelona)<\/td>\n<\/tr>\n<\/tbody>\n<\/table>\n<p><strong><span style=\"font-size: medium;\">Acte a La Jonquera<\/span><\/strong><\/p>\n<p><strong><span style=\"font-size: medium;\">Data<\/span><\/strong><\/p>\n<p style=\"margin-left: 40px;\"><span style=\"font-size: medium;\">28 de gener de 2015<\/span><\/p>\n<p><strong><span style=\"font-size: medium;\">Lloc<\/span><\/strong><\/p>\n<p style=\"margin-left: 40px;\"><span style=\"font-size: medium;\">MUME &#8211; Museu Memorial de l&#8217;Exili. C\/ Major 45-47\u00a0<\/span><\/p>\n<p><strong><span style=\"font-size: medium;\">Horari<\/span><\/strong><\/p>\n<p dir=\"ltr\" style=\"margin-left: 40px;\"><span style=\"font-size: medium;\">09.45h. Arribada dels centres a La Jonquera.<\/span><\/p>\n<p dir=\"ltr\" style=\"margin-left: 40px;\"><span style=\"font-size: medium;\">10.00h. Visita al MUME<\/span><\/p>\n<p dir=\"ltr\" style=\"margin-left: 40px;\"><span style=\"font-size: medium;\">11.00h. EsmorzarI<\/span><\/p>\n<p dir=\"ltr\" style=\"margin-left: 40px;\"><span style=\"font-size: medium;\">11.15h. Projecci\u00f3 de documentals sobre l&#8217;Holocaust<\/span><\/p>\n<p dir=\"ltr\" style=\"margin-left: 40px;\"><span style=\"font-size: medium;\">12.30h. Presentaci\u00f3 de treballs realitzats pels centres<\/span><\/p>\n<p dir=\"ltr\" style=\"margin-left: 40px;\"><span style=\"font-size: medium;\">14.00h. Cloenda i fi d\u2019acte.<\/span><\/p>\n<p><strong><span style=\"font-size: medium;\">Centres participants<\/span><\/strong><\/p>\n<table border=\"1\" cellspacing=\"1\" cellpadding=\"1\">\n<tbody>\n<tr>\n<td>INS Olivar Gran (Figueres)<\/td>\n<\/tr>\n<tr>\n<td>INS de Vilafant<\/td>\n<\/tr>\n<tr>\n<td>INS Narc\u00eds Monturiol (Figueres)<\/td>\n<\/tr>\n<tr>\n<td>INS Alexandre Deulofeu (Figueres)<\/td>\n<\/tr>\n<tr>\n<td>Col\u00b7legi Empord\u00e0-Sant Josep (Roses)<\/td>\n<\/tr>\n<tr>\n<td>INS Cendrassos (Figueres)<\/td>\n<\/tr>\n<\/tbody>\n<\/table>\n<p>&nbsp;<\/p>\n<p>&nbsp;<\/p>\n<\/div>\n","protected":false},"excerpt":{"rendered":"<p>&nbsp;<br \/>\nPer commemorar el Dia Internacional en mem\u00f2ria de les v\u00edctimes de l&#8217;Holocaust el 27 de gener, el grup de treball Exili, Deportaci\u00f3 i Holocaust, impulsat pel Memorial Democr\u00e0tic i el Departament d&#8217;Ensenyament, ha organitzat uns actes a Barcelona i a La Jonquera aix\u00ed com unes&hellip;  <a href=\"https:\/\/projectes.xtec.cat\/memoriaieducacio\/activitats\/dia-internacional-victimes-de-lholocaust\/2015-2\/\" title=\"Read 2015\">Llegeix m\u00e9s\u00bb<\/a><\/p>\n","protected":false},"author":3,"featured_media":0,"parent":8489,"menu_order":110,"comment_status":"closed","ping_status":"closed","template":"page-templates\/side-menu.php","meta":{"_bbp_topic_count":0,"_bbp_reply_count":0,"_bbp_total_topic_count":0,"_bbp_total_reply_count":0,"_bbp_voice_count":0,"_bbp_anonymous_reply_count":0,"_bbp_topic_count_hidden":0,"_bbp_reply_count_hidden":0,"_bbp_forum_subforum_count":0,"footnotes":""},"class_list":["post-8974","page","type-page","status-publish","hentry"],"post_mailing_queue_ids":[],"_links":{"self":[{"href":"https:\/\/projectes.xtec.cat\/memoriaieducacio\/wp-json\/wp\/v2\/pages\/8974","targetHints":{"allow":["GET"]}}],"collection":[{"href":"https:\/\/projectes.xtec.cat\/memoriaieducacio\/wp-json\/wp\/v2\/pages"}],"about":[{"href":"https:\/\/projectes.xtec.cat\/memoriaieducacio\/wp-json\/wp\/v2\/types\/page"}],"author":[{"embeddable":true,"href":"https:\/\/projectes.xtec.cat\/memoriaieducacio\/wp-json\/wp\/v2\/users\/3"}],"replies":[{"embeddable":true,"href":"https:\/\/projectes.xtec.cat\/memoriaieducacio\/wp-json\/wp\/v2\/comments?post=8974"}],"version-history":[{"count":4,"href":"https:\/\/projectes.xtec.cat\/memoriaieducacio\/wp-json\/wp\/v2\/pages\/8974\/revisions"}],"predecessor-version":[{"id":10342,"href":"https:\/\/projectes.xtec.cat\/memoriaieducacio\/wp-json\/wp\/v2\/pages\/8974\/revisions\/10342"}],"up":[{"embeddable":true,"href":"https:\/\/projectes.xtec.cat\/memoriaieducacio\/wp-json\/wp\/v2\/pages\/8489"}],"wp:attachment":[{"href":"https:\/\/projectes.xtec.cat\/memoriaieducacio\/wp-json\/wp\/v2\/media?parent=8974"}],"curies":[{"name":"wp","href":"https:\/\/api.w.org\/{rel}","templated":true}]}}