{"id":8989,"date":"2020-08-20T14:08:22","date_gmt":"2020-08-20T12:08:22","guid":{"rendered":"https:\/\/projectes.xtec.cat\/memoriaieducacio\/?page_id=8989"},"modified":"2026-01-27T10:28:31","modified_gmt":"2026-01-27T09:28:31","slug":"2014-2","status":"publish","type":"page","link":"https:\/\/projectes.xtec.cat\/memoriaieducacio\/activitats\/dia-internacional-victimes-de-lholocaust\/2014-2\/","title":{"rendered":"2014"},"content":{"rendered":"<p><span style=\"font-size: medium;\"><b>ACTE PER A ESTUDIANTS AMB MOTIU DEL DIA INTERNACIONAL DE COMMEMORACI\u00d3 A LES V\u00cdCTIMES DE L\u2019HOLOCAUST, 27\/01\/2014 <\/b><\/span><\/p>\n<p><i><b>Dades de l\u2019acte <\/b><\/i><\/p>\n<p>Data: 27\/01\/2014, dilluns, d\u201911h a 13.30h (els centres educatius haurien d\u2019arribar a les 09.45h)<\/p>\n<p>Lloc: sala 3 de L\u2019Auditori (Carrer Lepant, 150, Barcelona)<\/p>\n<p>Organitza: Grup de treball Exili, Deportaci\u00f3 i Holocaust, Departament d\u2019Ensenyament i Memorial Democr\u00e0tic de la Generalitat de Catalunya. Amb la col\u00b7laboraci\u00f3 de l&#8217;ESMUC<\/p>\n<p><i><b>Dia Internacional de commemoraci\u00f3 v\u00edctimes Holocaust <\/b><\/i><\/p>\n<p>L\u20191 de novembre del 2005, l\u2019Assemblea General de les Nacions Unides va aprovar la resoluci\u00f3 60\/7 on condemnava sense excepcions qualsevol manifestaci\u00f3 d\u2019intoler\u00e0ncia religiosa, incitaci\u00f3, assetjament o viol\u00e8ncia contra persones o comunitats basada en l\u2019origen \u00e8tnic o les creences religioses, a qualsevol lloc del m\u00f3n. Es designava el dia 27 de gener, aniversari de l\u2019alliberament del camp d\u2019extermini d\u2019 Auschwitz (1945), com el dia Internacional de commemoraci\u00f3 en mem\u00f2ria de les v\u00edctimes de l\u2019Holocaust i instava, de manera urgent, a tots els Estats membres a desenvolupar programes educatius en mem\u00f2ria de la trag\u00e8dia per a la prevenci\u00f3 d\u2019actes de genocidi. Per exemple, aquest any ser\u00e0 el 20\u00e8 aniversari del genocidi de Rwanda, on un mili\u00f3 de Tutsis i milers d\u2019Hutus van ser assassinats.<\/p>\n<p>Cada any l\u2019acte es dedica a un tema concret. Aquest 2014 el motiu s\u00f3n els Itineraris (Journeys). \u00c9s un tema com\u00fa a totes les v\u00edctimes de l\u2019Holocaust els camins for\u00e7ats que van haver de fer. Molts d\u2019aquests viatges van acabar amb la mort (assassinat, deportaci\u00f3, marxes de la mort&#8230;), alguns van acabar amb la superviv\u00e8ncia (resistint-se, amagant-se, refugiant-se&#8230;). Per\u00f2 tamb\u00e9 hi ha d\u2019altres camins fets despr\u00e9s de l\u2019alliberament: viure a d\u2019altres pa\u00efsos o tornar al propi i trobar-se amb els ve\u00efns que, molt probablement, van contribuir a la pr\u00f2pia persecuci\u00f3.<\/p>\n<p>Des del Grup treballem per portar aquest tema als nostres estudiants tot explicant-lo des de la nostra\u00a0 realitat, la nostra pr\u00f2pia hist\u00f2ria. D\u2019aquesta manera, les hist\u00f2ries personals escollides per parlar d\u2019aquest tema tenen molt a veure amb Catalunya. Aquests itineraris que es veuran for\u00e7ades a fer les persones a qui es commemora aquest dia passen per casa nostra i ens permeten endinsar-nos en una realitat m\u00e9s propera i comprendre la implicaci\u00f3 del nostre pa\u00eds en la II Guerra Mundial i l\u2019Holocaust.<\/p>\n<p><i><b><br \/>\nEl Grup de treball Exili, Deportaci\u00f3 i Holocaust <\/b><\/i><\/p>\n<p>El Grup de treball &#8220;Exili, Deportaci\u00f3 i Holocaust&#8221; ha estat impulsat pel Departament d\u2019Ensenyament i el Memorial Democr\u00e0tic de la Generalitat de Catalunya per promoure la transmissi\u00f3 i l&#8217;ensenyament a Catalunya de l\u2019exili, la deportaci\u00f3 i l\u2019Holocaust; per desenvolupar materials, eines i activitats formatives orientades a la comunitat educativa, establint nexes de connexi\u00f3 entre diferents mat\u00e8ries; crear vincles entre institucions i, en general, treballar per a suplir la llacuna que existeix en aquests moments sobre aquests episodis de la hist\u00f2ria europea.<br \/>\n<span style=\"font-size: medium;\"><br \/>\nEls seus membres, investigadors de l\u2019\u00e0mbit universitari i docents de secund\u00e0ria, tenen el prop\u00f2sit de formar ciutadans i ciutadanes en la defensa dels valors democr\u00e0tics, en el respecte pels drets humans i en la preservaci\u00f3 de tota llibertat individual i grupal.\u00a0 M\u00e9s informaci\u00f3 a https:\/\/sites.google.com\/site\/exilideportacioholocaust\/\u00a0 grupdetreballedh@gmail.com<\/span><\/p>\n<p>L\u2019acte del 27\/01\/2014<\/p>\n<p>Aquest acte est\u00e0 pensat com una activitat educativa (pr\u00e8viament cada centre haur\u00e0 treballat a l\u2019aula una hist\u00f2ria de vida que llegir\u00e0 el dia 27 de gener davant la resta de convidats) i, alhora, vol ser un acte d\u2019homenatge i mem\u00f2ria a totes aquelles persones que han estat v\u00edctimes del nacionalsocialisme i\/o de tots aquells r\u00e8gims totalitaris i genocides.<\/p>\n<p>La metodologia:<\/p>\n<p>L\u2019objectiu \u00faltim de qualsevol genocidi \u00e9s esborrar de la mem\u00f2ria col\u00b7lectiva el record de les v\u00edctimes. No n\u2019hi ha hagut prou a prendre\u2019ls els b\u00e9ns i, fins i tot la vida, sin\u00f3 que es tracta d\u2019oblidar-los definitivament. I, sovint, sense ser-ne conscients tots hi col\u00b7laborem, quan nom\u00e9s recordem dades i xifres de morts que, finalment perden el seu valor. Amb les hist\u00f2ries de vida que es presenten es vol retornar la veu i la dignitat que els botxins els van prendre. Nom\u00e9s en s\u00f3n una petita part per\u00f2 volen ser un homenatge a totes aquestes persones, a les seves viv\u00e8ncies, il\u00b7lusions, emocions. Contra l\u2019oblit, hi posem la mem\u00f2ria.<\/p>\n<p><i><b>Organitzaci\u00f3: <\/b><\/i><\/p>\n<p>&nbsp;<\/p>\n<div style=\"margin-left: 40px;\">\n<p><span style=\"font-size: medium;\">09.45h Arribada dels centres escolars. <\/span><\/p>\n<p><span style=\"font-size: medium;\">10.45h Entrada a la sala. <\/span><\/p>\n<p><span style=\"font-size: medium;\">11.00h Inici de l\u2019acte. <\/span><\/p>\n<p><span style=\"font-size: medium;\">11.05h Benvinguda a c\u00e0rrec del Grup de treball, el Memorial Democr\u00e0tic i el Departament <\/span><\/p>\n<p><span style=\"font-size: medium;\">d\u2019Ensenyament. <\/span><\/p>\n<p><span style=\"font-size: medium;\">11.20h Confer\u00e8ncia a c\u00e0rrec de Dory Sontheimer, familiar de v\u00edctimes del nacionalsocialisme <\/span><\/p>\n<p><span style=\"font-size: medium;\">11.50h Concert i Lectura de les Hist\u00f2ries de Vida. <\/span><\/p>\n<p><span style=\"font-size: medium;\">13.15h Cloenda i fi d\u2019acte. <\/span><\/p>\n<\/div>\n<p><span style=\"font-size: medium;\"><br \/>\n<i><b>La conferenciant: <\/b><\/i><\/span><\/p>\n<p>Dory Sontheimer. Va n\u00e9ixer a Barcelona quan ja havia acabat la II Guerra Mundial. Va anar a una escola de monges cat\u00f2liques alemanyes a Barcelona i despr\u00e9s, a la Universitat de Barcelona es va llicenciar en Farm\u00e0cia. Els seus pares eren alemanys i, a casa, parlaven indiferentment en alemany i en castell\u00e0. Sota el franquisme, el catal\u00e0 el va aprendre m\u00e9s tard. De petita, quan preguntava per la resta de la fam\u00edlia, la resposta que rebia sempre era la mateixa, \u201cvan morir a la guerra! Nom\u00e9s quedem nosaltres\u201d i, r\u00e0pidament canviaven de tema de conversa. Quan tenia divuit anys els pares, en secret i amb cautela, li van explicar els seus or\u00edgens jueus. Tot i que, en un primer moment, no va entendre tanta prud\u00e8ncia en la comunicaci\u00f3 ara que coneix la seva hist\u00f2ria ho ent\u00e9n. Recorda que va pensar, menys mal que no eren nazis!<\/p>\n<p><i><b><span style=\"font-size: medium;\">Centres participants: <\/span><\/b><\/i><\/p>\n<table style=\"border-collapse: collapse; border-color: #888888; border-width: 1px;\" border=\"1\" cellspacing=\"0\">\n<tbody>\n<tr>\n<td style=\"width: 147px; height: 31px;\"><span style=\"font-size: medium;\">\u00a0Histories de vida<\/span><\/td>\n<td style=\"width: 137px; height: 31px;\"><span style=\"font-size: medium;\">\u00a0 Centre<\/span><\/td>\n<td style=\"width: 108px; height: 31px;\"><span style=\"font-size: medium;\">\u00a0Localitat <\/span><\/td>\n<td style=\"width: 115px; height: 31px;\"><span style=\"font-size: medium;\">\u00a0Personatges<\/span><\/td>\n<td style=\"width: 140px; height: 31px;\"><span style=\"font-size: medium;\">\u00a0M\u00fasiques<\/span><\/td>\n<td style=\"width: 168px; height: 31px;\"><span style=\"font-size: medium;\">Autors<br \/>\n<\/span><\/td>\n<\/tr>\n<tr>\n<td style=\"width: 147px; height: 20px;\"><span style=\"font-size: medium;\">\u00a0<\/span><\/td>\n<td style=\"width: 137px; height: 20px;\"><span style=\"font-size: medium;\">\u00a0<\/span><\/td>\n<td style=\"width: 108px; height: 20px;\"><span style=\"font-size: medium;\">\u00a0<\/span><\/td>\n<td style=\"width: 115px; height: 20px;\"><span style=\"font-size: medium;\">\u00a0<\/span><\/td>\n<td style=\"width: 140px; height: 20px;\"><span style=\"font-size: medium;\">\u00a0B\u00e9la Bart\u00f3k <\/span><\/td>\n<td style=\"width: 168px; height: 20px;\"><span style=\"font-size: medium;\">\u00a0\u00a0Bolyong\u00e1s <\/span><\/td>\n<\/tr>\n<tr>\n<td style=\"width: 147px; height: 20px;\"><span style=\"font-size: medium;\">\u00a0Rudolph Friemel<\/span><\/td>\n<td style=\"width: 137px; height: 20px;\"><span style=\"font-size: medium;\">\u00a0INS Viladecavalls<\/span><\/td>\n<td style=\"width: 108px; height: 20px;\"><span style=\"font-size: medium;\">\u00a0Viladecavalls <\/span><\/td>\n<td style=\"text-align: center; width: 115px; height: 20px;\"><span style=\"font-size: medium;\">\u00a0 3<\/span><\/td>\n<td style=\"width: 140px; height: 20px;\"><span style=\"font-size: medium;\">\u00a0Ne la\u2019ttalat volna<\/span><\/td>\n<td style=\"width: 168px; height: 20px;\"><span style=\"font-size: medium;\">\u00a0 B\u00e9la Bart\u00f3k <\/span><\/td>\n<\/tr>\n<tr>\n<td style=\"width: 147px; height: 39px;\"><span style=\"font-size: medium;\">\u00a0Fam\u00edlia Hoenigsfeld<\/span><\/td>\n<td style=\"width: 137px; height: 39px;\"><span style=\"font-size: medium;\">\u00a0INS Matadepera<\/span><\/td>\n<td style=\"width: 108px; height: 39px;\"><span style=\"font-size: medium;\">\u00a0Matadepera<\/span><\/td>\n<td style=\"text-align: center; width: 115px; height: 39px;\"><span style=\"font-size: medium;\">\u00a0 3<\/span><\/td>\n<td style=\"width: 140px; height: 39px;\"><span style=\"font-size: medium;\">\u00a0 As der Rebe elimelech<\/span><\/td>\n<td style=\"width: 168px; height: 39px;\"><span style=\"font-size: medium;\">\u00a0Tradicional jueva<\/span><\/td>\n<\/tr>\n<tr>\n<td style=\"width: 147px; height: 39px;\"><span style=\"font-size: medium;\">\u00a0Edmon Gimeno<\/span><\/td>\n<td style=\"width: 137px; height: 39px;\"><span style=\"font-size: medium;\">\u00a0\u00a0INS Lluch i Rafecas<\/span><\/td>\n<td style=\"width: 108px; height: 39px;\"><span style=\"font-size: medium;\">\u00a0Vilanova i la Geltr\u00fa<\/span><\/td>\n<td style=\"text-align: center; width: 115px; height: 39px;\"><span style=\"font-size: medium;\">\u00a04<\/span><\/td>\n<td style=\"width: 140px; height: 39px;\"><span style=\"font-size: medium;\">\u00a0 El cant dels ocells<\/span><\/td>\n<td style=\"width: 168px; height: 39px;\"><span style=\"font-size: medium;\">\u00a0Pau Casals <\/span><\/td>\n<\/tr>\n<tr>\n<td style=\"width: 147px; height: 20px;\"><span style=\"font-size: medium;\">\u00a0Dora Poch<\/span><\/td>\n<td style=\"width: 137px; height: 20px;\"><span style=\"font-size: medium;\">\u00a0INS Arnau Cadell<\/span><\/td>\n<td style=\"width: 108px; height: 20px;\"><span style=\"font-size: medium;\">\u00a0Sant Cugat <\/span><\/td>\n<td style=\"text-align: center; width: 115px; height: 20px;\"><span style=\"font-size: medium;\">\u00a0 4<\/span><\/td>\n<td style=\"width: 140px; height: 20px;\"><span style=\"font-size: medium;\">\u00a0Kredoa<\/span><\/td>\n<td style=\"width: 168px; height: 20px;\"><span style=\"font-size: medium;\">\u00a0Joan Carles Mart\u00ednez <\/span><\/td>\n<\/tr>\n<tr>\n<td style=\"width: 147px; height: 39px;\"><span style=\"font-size: medium;\">\u00a0Jenny Kehr <\/span><\/td>\n<td style=\"width: 137px; height: 39px;\"><span style=\"font-size: medium;\">\u00a0INS Llu\u00eds Vives <\/span><\/td>\n<td style=\"width: 108px; height: 39px;\"><span style=\"font-size: medium;\">\u00a0Barcelona<\/span><\/td>\n<td style=\"text-align: center; width: 115px; height: 39px;\"><span style=\"font-size: medium;\">\u00a02<\/span><\/td>\n<td style=\"width: 140px; height: 39px;\"><span style=\"font-size: medium;\">\u00a0Und Salomon sprach<br \/>\n<\/span><\/td>\n<td style=\"width: 168px; height: 39px;\"><span style=\"font-size: medium;\">\u00a0Volker David Kirchner <\/span><\/td>\n<\/tr>\n<tr>\n<td style=\"width: 147px; height: 19px;\"><span style=\"font-size: medium;\">\u00a0Fam\u00edlia Molho <\/span><\/td>\n<td style=\"width: 137px; height: 19px;\">COL\u00b7LEGI SAGRADA FAM\u00cdLIA-HORTA<\/td>\n<td style=\"width: 108px; height: 19px;\"><span style=\"font-size: medium;\">Barcelona<br \/>\n<\/span><\/td>\n<td style=\"width: 115px; height: 19px;\"><span style=\"font-size: medium;\">2<br \/>\n<\/span><\/td>\n<td style=\"width: 140px; height: 19px;\"><span style=\"font-size: medium;\">\u00a0Du Mejdele<br \/>\n<\/span><\/td>\n<td style=\"width: 168px; height: 19px;\"><span style=\"font-size: medium;\">\u00a0Tradicional jueva<br \/>\n<\/span><\/td>\n<\/tr>\n<tr>\n<td style=\"width: 147px; height: 20px;\"><span style=\"font-size: medium;\">\u00a0Nens Polonesos <\/span><\/td>\n<td style=\"width: 137px; height: 20px;\"><span style=\"font-size: medium;\">\u00a0INS SENTMENAT I IESM BOSC DE MONJU\u00cfC<br \/>\n<\/span><\/td>\n<td style=\"width: 108px; height: 20px;\"><span style=\"font-size: medium;\">Sentmenat<\/span><\/p>\n<p><span style=\"font-size: medium;\">Barcelona<\/span><\/td>\n<td style=\"width: 115px; height: 20px;\"><span style=\"font-size: medium;\">2<\/span><\/p>\n<p><span style=\"font-size: medium;\">2<\/span><\/td>\n<td style=\"width: 140px; height: 20px;\"><span style=\"font-size: medium;\">\u00a0Jome &#8211; Jome<br \/>\n<\/span><\/td>\n<td style=\"width: 168px; height: 20px;\"><span style=\"font-size: medium;\">Tradici<span style=\"font-size: medium;\">o<\/span>nal jueva<br \/>\n<\/span><\/td>\n<\/tr>\n<\/tbody>\n<\/table>\n<p>&nbsp;<\/p>\n<p><i><b>Col\u00b7laboradors: <\/b><\/i><\/p>\n<p>Cor Sant Esteve de Vilaseca. Direcci\u00f3: Charo Garcia<br \/>\nVioloncel: Nabi Cabestany<br \/>\nDirecci\u00f3 art\u00edstica: Joan Carles Mart\u00ednez<br \/>\nEscola Superior de M\u00fasica de Catalunya<br \/>\nL\u2019Auditori<\/p>\n","protected":false},"excerpt":{"rendered":"<p>ACTE PER A ESTUDIANTS AMB MOTIU DEL DIA INTERNACIONAL DE COMMEMORACI\u00d3 A LES V\u00cdCTIMES DE L\u2019HOLOCAUST, 27\/01\/2014<br \/>\nDades de l\u2019acte<br \/>\nData: 27\/01\/2014, dilluns, d\u201911h a 13.30h (els centres educatius haurien d\u2019arribar a les 09.45h)<br \/>\nLloc: sala 3 de L\u2019Auditori (Carrer Lepant, 150, Barcelona)<br \/>\nOrganitza: Grup de treball&hellip;  <a href=\"https:\/\/projectes.xtec.cat\/memoriaieducacio\/activitats\/dia-internacional-victimes-de-lholocaust\/2014-2\/\" title=\"Read 2014\">Llegeix m\u00e9s\u00bb<\/a><\/p>\n","protected":false},"author":3,"featured_media":0,"parent":8489,"menu_order":120,"comment_status":"closed","ping_status":"closed","template":"page-templates\/side-menu.php","meta":{"_bbp_topic_count":0,"_bbp_reply_count":0,"_bbp_total_topic_count":0,"_bbp_total_reply_count":0,"_bbp_voice_count":0,"_bbp_anonymous_reply_count":0,"_bbp_topic_count_hidden":0,"_bbp_reply_count_hidden":0,"_bbp_forum_subforum_count":0,"footnotes":""},"class_list":["post-8989","page","type-page","status-publish","hentry"],"post_mailing_queue_ids":[],"_links":{"self":[{"href":"https:\/\/projectes.xtec.cat\/memoriaieducacio\/wp-json\/wp\/v2\/pages\/8989","targetHints":{"allow":["GET"]}}],"collection":[{"href":"https:\/\/projectes.xtec.cat\/memoriaieducacio\/wp-json\/wp\/v2\/pages"}],"about":[{"href":"https:\/\/projectes.xtec.cat\/memoriaieducacio\/wp-json\/wp\/v2\/types\/page"}],"author":[{"embeddable":true,"href":"https:\/\/projectes.xtec.cat\/memoriaieducacio\/wp-json\/wp\/v2\/users\/3"}],"replies":[{"embeddable":true,"href":"https:\/\/projectes.xtec.cat\/memoriaieducacio\/wp-json\/wp\/v2\/comments?post=8989"}],"version-history":[{"count":2,"href":"https:\/\/projectes.xtec.cat\/memoriaieducacio\/wp-json\/wp\/v2\/pages\/8989\/revisions"}],"predecessor-version":[{"id":8991,"href":"https:\/\/projectes.xtec.cat\/memoriaieducacio\/wp-json\/wp\/v2\/pages\/8989\/revisions\/8991"}],"up":[{"embeddable":true,"href":"https:\/\/projectes.xtec.cat\/memoriaieducacio\/wp-json\/wp\/v2\/pages\/8489"}],"wp:attachment":[{"href":"https:\/\/projectes.xtec.cat\/memoriaieducacio\/wp-json\/wp\/v2\/media?parent=8989"}],"curies":[{"name":"wp","href":"https:\/\/api.w.org\/{rel}","templated":true}]}}