{"id":9108,"date":"2020-12-23T12:04:11","date_gmt":"2020-12-23T11:04:11","guid":{"rendered":"https:\/\/projectes.xtec.cat\/memoriaieducacio\/?page_id=9108"},"modified":"2020-12-27T09:30:50","modified_gmt":"2020-12-27T08:30:50","slug":"01-introduccio","status":"publish","type":"page","link":"https:\/\/projectes.xtec.cat\/memoriaieducacio\/activitats\/itineraris-de-memoria\/buchenwald-weimar-2018\/buchenwald-2\/01-introduccio\/","title":{"rendered":"Introducci\u00f3"},"content":{"rendered":"<p><b>BUCHENWALD 2018<\/b><\/p>\n<p><b>DIARI D\u2019UNA EXPERI\u00c8NCIA<\/b><\/p>\n<p>&nbsp;<\/p>\n<p><span style=\"font-weight: 400;\">Presentem un relat en forma de diari de la formaci\u00f3 realitzada al camp de Buchenwald (durant el juliol de 2018) per un grup de professorat catal\u00e0 de diferents disciplines, interessats en el tema de l\u2019educaci\u00f3 de l\u2019Holocaust, i impartida per la formadora Pamela Castillo Feutchmann.<\/span><\/p>\n<p><span style=\"font-weight: 400;\">No pret\u00e9n ser un text de caire hist\u00f2ric o amb rigor cient\u00edfic, sin\u00f3 un recull subjectiu dels coneixements adquirits i de les experi\u00e8ncies viscudes durant 9 dies d\u2019estada al camp i que volem compartir amb vosaltres.<\/span><\/p>\n<p><a href=\"https:\/\/projectes.xtec.cat\/memoriaieducacio\/wp-content\/uploads\/usu2168\/2020\/12\/01_Co\u0300pia-de-2018-07-78.jpg\"><img loading=\"lazy\" decoding=\"async\" class=\"alignleft wp-image-9100\" src=\"https:\/\/projectes.xtec.cat\/memoriaieducacio\/wp-content\/uploads\/usu2168\/2020\/12\/01_Co\u0300pia-de-2018-07-78.jpg\" alt=\"\" width=\"306\" height=\"229\" srcset=\"https:\/\/projectes.xtec.cat\/memoriaieducacio\/wp-content\/uploads\/usu2168\/2020\/12\/01_Co\u0300pia-de-2018-07-78.jpg 600w, https:\/\/projectes.xtec.cat\/memoriaieducacio\/wp-content\/uploads\/usu2168\/2020\/12\/01_Co\u0300pia-de-2018-07-78-300x225.jpg 300w, https:\/\/projectes.xtec.cat\/memoriaieducacio\/wp-content\/uploads\/usu2168\/2020\/12\/01_Co\u0300pia-de-2018-07-78-200x150.jpg 200w\" sizes=\"auto, (max-width: 306px) 100vw, 306px\" \/><\/a><\/p>\n","protected":false},"excerpt":{"rendered":"<p>BUCHENWALD 2018<br \/>\nDIARI D\u2019UNA EXPERI\u00c8NCIA<br \/>\n&nbsp;<br \/>\nPresentem un relat en forma de diari de la formaci\u00f3 realitzada al camp de Buchenwald (durant el juliol de 2018) per un grup de professorat catal\u00e0 de diferents disciplines, interessats en el tema de l\u2019educaci\u00f3 de l\u2019Holocaust, i impartida per la formadora&hellip;  <a href=\"https:\/\/projectes.xtec.cat\/memoriaieducacio\/activitats\/itineraris-de-memoria\/buchenwald-weimar-2018\/buchenwald-2\/01-introduccio\/\" title=\"Read Introducci\u00f3\">Llegeix m\u00e9s\u00bb<\/a><\/p>\n","protected":false},"author":3,"featured_media":0,"parent":9143,"menu_order":0,"comment_status":"closed","ping_status":"closed","template":"page-templates\/side-menu.php","meta":{"_bbp_topic_count":0,"_bbp_reply_count":0,"_bbp_total_topic_count":0,"_bbp_total_reply_count":0,"_bbp_voice_count":0,"_bbp_anonymous_reply_count":0,"_bbp_topic_count_hidden":0,"_bbp_reply_count_hidden":0,"_bbp_forum_subforum_count":0,"footnotes":""},"class_list":["post-9108","page","type-page","status-publish","hentry"],"post_mailing_queue_ids":[],"_links":{"self":[{"href":"https:\/\/projectes.xtec.cat\/memoriaieducacio\/wp-json\/wp\/v2\/pages\/9108","targetHints":{"allow":["GET"]}}],"collection":[{"href":"https:\/\/projectes.xtec.cat\/memoriaieducacio\/wp-json\/wp\/v2\/pages"}],"about":[{"href":"https:\/\/projectes.xtec.cat\/memoriaieducacio\/wp-json\/wp\/v2\/types\/page"}],"author":[{"embeddable":true,"href":"https:\/\/projectes.xtec.cat\/memoriaieducacio\/wp-json\/wp\/v2\/users\/3"}],"replies":[{"embeddable":true,"href":"https:\/\/projectes.xtec.cat\/memoriaieducacio\/wp-json\/wp\/v2\/comments?post=9108"}],"version-history":[{"count":3,"href":"https:\/\/projectes.xtec.cat\/memoriaieducacio\/wp-json\/wp\/v2\/pages\/9108\/revisions"}],"predecessor-version":[{"id":9286,"href":"https:\/\/projectes.xtec.cat\/memoriaieducacio\/wp-json\/wp\/v2\/pages\/9108\/revisions\/9286"}],"up":[{"embeddable":true,"href":"https:\/\/projectes.xtec.cat\/memoriaieducacio\/wp-json\/wp\/v2\/pages\/9143"}],"wp:attachment":[{"href":"https:\/\/projectes.xtec.cat\/memoriaieducacio\/wp-json\/wp\/v2\/media?parent=9108"}],"curies":[{"name":"wp","href":"https:\/\/api.w.org\/{rel}","templated":true}]}}