{"id":9256,"date":"2020-12-26T19:24:11","date_gmt":"2020-12-26T18:24:11","guid":{"rendered":"https:\/\/projectes.xtec.cat\/memoriaieducacio\/?page_id=9256"},"modified":"2026-02-19T18:10:26","modified_gmt":"2026-02-19T17:10:26","slug":"buchenwald-weimar-2018","status":"publish","type":"page","link":"https:\/\/projectes.xtec.cat\/memoriaieducacio\/activitats\/itineraris-de-memoria\/buchenwald-weimar-2018\/","title":{"rendered":"Buchenwald &#8211; Weimar 2018"},"content":{"rendered":"<div>\n<p class=\"p1\" style=\"text-align: center;\"><span class=\"s1\"><b>Itinerari de mem\u00f2ria Buchenwald-Weimar<\/b><\/span><\/p>\n<table style=\"border-collapse: collapse; width: 100%;\">\n<tbody>\n<tr>\n<td style=\"width: 50%;\">\n<p class=\"p1\">El Grup DEMD ha organitzat una estada de visita d&#8217;espais de mem\u00f2ria i de formaci\u00f3 per a professorat a la zona de Buchenwald-Weimar durant la setmana de l&#8217;1 al 9 de juliol de 2018. L&#8217;activitat s&#8217;ha realitzat amb la col\u00b7laboraci\u00f3 de Pamela Castillo, del Servei Educatiu del Memorial de Buchenwald i la coordinaci\u00f3 de Gemma Simon del Memorial Democr\u00e0tic. Els professores i les professores participants han estat: Rosa Molina (Institut de Matadepera), Jes\u00fas Vela (Institut de Matadepera), Jordi Indiano (Institut de Montmelo), Carles Gil (Col\u00b7legi Santa Marta), Em\u00edlia Oliv\u00e9 (Institut Sant Andreu), N\u00faria Alberdi (Institut Men\u00e9ndez y Pelayo), Sergi Vicente (Institut Mart\u00ed Dot), \u00c0ngels Candela (Institut Salvador Espriu), Montse Palou (Institut XXV Olimp\u00edada), M. Pau Navarro (Esc Moss\u00e8n Jacint Verdaguer), Carolina Rua (Esc Universit\u00e0ria ERAM), Francesca L\u00f3pez (Institut de Montmel\u00f3), Carme Casas (CFA Manuel Sacrist\u00e1n) i Marta Forcano (Col\u00b7legi La Salle Gr\u00e0cia).<\/p>\n<p>Els textos i les fotografies d&#8217;aquest itinerari han estat aportats per tots els participants i la coordinaci\u00f3 i edici\u00f3 ha estat a c\u00e0rrec d&#8217;Em\u00edlia Oliv\u00e9, M. Pau Navarro i Miquel Albert.<\/td>\n<td style=\"width: 50%;\"><strong>PROGRAMA<\/strong><\/p>\n<table style=\"border-collapse: collapse; width: 100%;\">\n<tbody>\n<tr>\n<td style=\"width: 16.8054%;\"><b>Data<\/b><\/td>\n<td style=\"width: 67.947%;\"><b>\u00a0<\/b><b>Lloc estada\/visita<\/b><\/td>\n<\/tr>\n<tr>\n<td style=\"width: 16.8054%;\"><span style=\"font-weight: 400;\">01\/07<\/span><\/td>\n<td style=\"width: 67.947%;\"><span style=\"font-weight: 400;\">Viatge:\u00a0<\/span><span style=\"font-weight: 400;\">Barcelona-Frankfurt\/Nuremberg\u00a0<\/span><span style=\"font-weight: 400;\"> i <\/span><span style=\"font-weight: 400;\">Frankfurt\/Nuremberg-Weimar<\/span><\/td>\n<\/tr>\n<tr>\n<td style=\"width: 16.8054%;\"><span style=\"font-weight: 400;\">02\/07<\/span><\/td>\n<td style=\"width: 67.947%;\"><span style=\"font-weight: 400;\">Weimar &#8211; Erfurt (Visita pres\u00f3 Erfurt)\u00a0 \u00a0<\/span><\/td>\n<\/tr>\n<tr>\n<td style=\"width: 16.8054%;\"><span style=\"font-weight: 400;\">03\/07<\/span><\/td>\n<td style=\"width: 67.947%;\"><span style=\"font-weight: 400;\">Weimar\u00a0<\/span><span style=\"font-weight: 400;\">(Casa museo Schiller)<\/span><\/td>\n<\/tr>\n<tr>\n<td style=\"width: 16.8054%;\"><span style=\"font-weight: 400;\">04\/07<\/span><\/td>\n<td style=\"width: 67.947%;\"><span style=\"font-weight: 400;\">Weimar-Buchenwald (Memorial Buchenwald<\/span><\/td>\n<\/tr>\n<tr>\n<td style=\"width: 16.8054%;\"><span style=\"font-weight: 400;\">05\/07<\/span><\/td>\n<td style=\"width: 67.947%;\"><span style=\"font-weight: 400;\">Buchenwald (Memorial Buchenwald)<\/span><\/td>\n<\/tr>\n<tr>\n<td style=\"width: 16.8054%;\"><span style=\"font-weight: 400;\">06\/07<\/span><\/td>\n<td style=\"width: 67.947%;\"><span style=\"font-weight: 400;\">Buchenwald (Memorial Buchenwald)<\/span><\/td>\n<\/tr>\n<tr>\n<td style=\"width: 16.8054%;\"><span style=\"font-weight: 400;\">07\/07<\/span><\/td>\n<td style=\"width: 67.947%;\"><span style=\"font-weight: 400;\">Memorial Mittelbau-Dora<\/span><\/td>\n<\/tr>\n<tr>\n<td style=\"width: 16.8054%;\"><span style=\"font-weight: 400;\">08\/07<\/span><span style=\"font-weight: 400;\">\u00a0<\/span><\/td>\n<td style=\"width: 67.947%;\"><span style=\"font-weight: 400;\">Buchenwald (Memorial Buchenwald)<\/span><\/td>\n<\/tr>\n<tr>\n<td style=\"width: 16.8054%;\"><span style=\"font-weight: 400;\">09\/07<\/span><\/td>\n<td style=\"width: 67.947%;\"><span style=\"font-weight: 400;\">Tornada a Barcelona<\/span><\/td>\n<\/tr>\n<\/tbody>\n<\/table>\n<\/td>\n<\/tr>\n<\/tbody>\n<\/table>\n<p>Cliqueu a sobre de cada imatge per accedir als textos i recursos sobre cada localitzaci\u00f3:<\/p>\n<\/div>\n<div class=\"row\" style=\"margin-bottom: 1em !important;\">\n<table style=\"border-style: none; height: 398px; width: 992px;\">\n<tbody>\n<tr style=\"height: 270px;\">\n<td style=\"height: 270px; width: 327px;\">\n<p style=\"text-align: center;\"><span style=\"color: #993366;\"><a style=\"color: #993366;\" href=\"https:\/\/projectes.xtec.cat\/memoriaieducacio\/wp-content\/uploads\/usu2168\/2020\/12\/buchenwald.jpg\"><strong>BUCHENWALD<\/strong><\/a><\/span><span style=\"color: #993366;\"><a style=\"color: #993366;\" href=\"https:\/\/projectes.xtec.cat\/memoriaieducacio\/activitats\/itineraris-de-memoria\/buchenwald-weimar-2018\/buchenwald-2\/\"><img loading=\"lazy\" decoding=\"async\" class=\"size-full wp-image-9271 alignnone aligncenter\" src=\"https:\/\/projectes.xtec.cat\/memoriaieducacio\/wp-content\/uploads\/usu2168\/2020\/12\/buchenwald.jpg\" alt=\"\" width=\"300\" height=\"225\" srcset=\"https:\/\/projectes.xtec.cat\/memoriaieducacio\/wp-content\/uploads\/usu2168\/2020\/12\/buchenwald.jpg 300w, https:\/\/projectes.xtec.cat\/memoriaieducacio\/wp-content\/uploads\/usu2168\/2020\/12\/buchenwald-200x150.jpg 200w\" sizes=\"auto, (max-width: 300px) 100vw, 300px\" \/><\/a><\/span><\/p>\n<\/td>\n<td style=\"height: 270px; width: 327px;\">\n<p style=\"text-align: center;\"><a href=\"https:\/\/projectes.xtec.cat\/memoriaieducacio\/wp-content\/uploads\/usu2168\/2020\/12\/Dora-exposicio\u0301.jpg\"><strong><span style=\"color: #993366;\">DORA-MITTELBAU<\/span><\/strong><\/a><a href=\"https:\/\/projectes.xtec.cat\/memoriaieducacio\/activitats\/itineraris-de-memoria\/buchenwald-weimar-2018\/dora-mittelbau\/\"><img loading=\"lazy\" decoding=\"async\" class=\"alignleft size-full wp-image-9259\" src=\"https:\/\/projectes.xtec.cat\/memoriaieducacio\/wp-content\/uploads\/usu2168\/2020\/12\/Dora-exposicio\u0301.jpg\" alt=\"\" width=\"300\" height=\"225\" srcset=\"https:\/\/projectes.xtec.cat\/memoriaieducacio\/wp-content\/uploads\/usu2168\/2020\/12\/Dora-exposicio\u0301.jpg 300w, https:\/\/projectes.xtec.cat\/memoriaieducacio\/wp-content\/uploads\/usu2168\/2020\/12\/Dora-exposicio\u0301-200x150.jpg 200w\" sizes=\"auto, (max-width: 300px) 100vw, 300px\" \/><\/a><\/p>\n<\/td>\n<td style=\"height: 270px; width: 327px;\">\n<p style=\"text-align: center;\"><a href=\"https:\/\/projectes.xtec.cat\/memoriaieducacio\/wp-content\/uploads\/usu2168\/2020\/12\/Aparells11.jpg\"><strong><span style=\"color: #993366;\">ERFURT<\/span><\/strong><\/a><\/p>\n<p style=\"text-align: center;\"><a href=\"https:\/\/projectes.xtec.cat\/memoriaieducacio\/activitats\/itineraris-de-memoria\/buchenwald-weimar-2018\/erfurt\/\"><img loading=\"lazy\" decoding=\"async\" class=\"alignleft wp-image-9262\" src=\"https:\/\/projectes.xtec.cat\/memoriaieducacio\/wp-content\/uploads\/usu2168\/2020\/12\/Aparells11.jpg\" alt=\"\" width=\"300\" height=\"225\" srcset=\"https:\/\/projectes.xtec.cat\/memoriaieducacio\/wp-content\/uploads\/usu2168\/2020\/12\/Aparells11.jpg 300w, https:\/\/projectes.xtec.cat\/memoriaieducacio\/wp-content\/uploads\/usu2168\/2020\/12\/Aparells11-200x150.jpg 200w\" sizes=\"auto, (max-width: 300px) 100vw, 300px\" \/><\/a><\/p>\n<\/td>\n<\/tr>\n<tr style=\"height: 270px;\">\n<td style=\"text-align: center; height: 270px; width: 327px;\"><a href=\"https:\/\/projectes.xtec.cat\/memoriaieducacio\/activitats\/itineraris-de-memoria\/buchenwald-weimar-2018\/weimar\/\"><strong><span style=\"color: #800080;\">WEIMAR<\/span><\/strong><img loading=\"lazy\" decoding=\"async\" class=\"alignleft size-full wp-image-9260\" src=\"https:\/\/projectes.xtec.cat\/memoriaieducacio\/wp-content\/uploads\/usu2168\/2020\/12\/Goethe-Schiller2.jpg\" alt=\"\" width=\"300\" height=\"225\" srcset=\"https:\/\/projectes.xtec.cat\/memoriaieducacio\/wp-content\/uploads\/usu2168\/2020\/12\/Goethe-Schiller2.jpg 300w, https:\/\/projectes.xtec.cat\/memoriaieducacio\/wp-content\/uploads\/usu2168\/2020\/12\/Goethe-Schiller2-200x150.jpg 200w\" sizes=\"auto, (max-width: 300px) 100vw, 300px\" \/><\/a><\/td>\n<td style=\"text-align: center; height: 32px; width: 270px;\"><strong><span style=\"color: #800080;\"><a style=\"color: #800080;\" href=\"https:\/\/projectes.xtec.cat\/memoriaieducacio\/activitats\/itineraris-de-memoria\/buchenwald-weimar-2018\/recomanacions\/\">RECOMANACIONS<\/a><\/span><\/strong><\/p>\n<p><a href=\"https:\/\/projectes.xtec.cat\/memoriaieducacio\/activitats\/itineraris-de-memoria\/buchenwald-weimar-2018\/recomanacions\/\"><img loading=\"lazy\" decoding=\"async\" class=\"alignleft size-full wp-image-9320\" src=\"https:\/\/projectes.xtec.cat\/memoriaieducacio\/wp-content\/uploads\/usu2168\/2020\/12\/recomanacions.jpg\" alt=\"\" width=\"300\" height=\"225\" srcset=\"https:\/\/projectes.xtec.cat\/memoriaieducacio\/wp-content\/uploads\/usu2168\/2020\/12\/recomanacions.jpg 300w, https:\/\/projectes.xtec.cat\/memoriaieducacio\/wp-content\/uploads\/usu2168\/2020\/12\/recomanacions-200x150.jpg 200w\" sizes=\"auto, (max-width: 300px) 100vw, 300px\" \/><\/a><\/td>\n<td style=\"text-align: center; height: 32px; width: 387px;\"><\/td>\n<\/tr>\n<\/tbody>\n<\/table>\n<p>&nbsp;<\/p>\n<\/div>\n","protected":false},"excerpt":{"rendered":"<p>Itinerari de mem\u00f2ria Buchenwald-Weimar<\/p>\n<p>El Grup DEMD ha organitzat una estada de visita d&#8217;espais de mem\u00f2ria i de formaci\u00f3 per a professorat a la zona de Buchenwald-Weimar durant la setmana de l&#8217;1 al 9 de juliol de 2018. L&#8217;activitat s&#8217;ha realitzat amb la col\u00b7laboraci\u00f3 de Pamela&hellip;  <a href=\"https:\/\/projectes.xtec.cat\/memoriaieducacio\/activitats\/itineraris-de-memoria\/buchenwald-weimar-2018\/\" title=\"Read Buchenwald &#8211; Weimar 2018\">Llegeix m\u00e9s\u00bb<\/a><\/p>\n","protected":false},"author":3,"featured_media":0,"parent":9211,"menu_order":0,"comment_status":"closed","ping_status":"closed","template":"page-templates\/side-menu.php","meta":{"_bbp_topic_count":0,"_bbp_reply_count":0,"_bbp_total_topic_count":0,"_bbp_total_reply_count":0,"_bbp_voice_count":0,"_bbp_anonymous_reply_count":0,"_bbp_topic_count_hidden":0,"_bbp_reply_count_hidden":0,"_bbp_forum_subforum_count":0,"footnotes":""},"class_list":["post-9256","page","type-page","status-publish","hentry"],"post_mailing_queue_ids":[],"_links":{"self":[{"href":"https:\/\/projectes.xtec.cat\/memoriaieducacio\/wp-json\/wp\/v2\/pages\/9256","targetHints":{"allow":["GET"]}}],"collection":[{"href":"https:\/\/projectes.xtec.cat\/memoriaieducacio\/wp-json\/wp\/v2\/pages"}],"about":[{"href":"https:\/\/projectes.xtec.cat\/memoriaieducacio\/wp-json\/wp\/v2\/types\/page"}],"author":[{"embeddable":true,"href":"https:\/\/projectes.xtec.cat\/memoriaieducacio\/wp-json\/wp\/v2\/users\/3"}],"replies":[{"embeddable":true,"href":"https:\/\/projectes.xtec.cat\/memoriaieducacio\/wp-json\/wp\/v2\/comments?post=9256"}],"version-history":[{"count":4,"href":"https:\/\/projectes.xtec.cat\/memoriaieducacio\/wp-json\/wp\/v2\/pages\/9256\/revisions"}],"predecessor-version":[{"id":13974,"href":"https:\/\/projectes.xtec.cat\/memoriaieducacio\/wp-json\/wp\/v2\/pages\/9256\/revisions\/13974"}],"up":[{"embeddable":true,"href":"https:\/\/projectes.xtec.cat\/memoriaieducacio\/wp-json\/wp\/v2\/pages\/9211"}],"wp:attachment":[{"href":"https:\/\/projectes.xtec.cat\/memoriaieducacio\/wp-json\/wp\/v2\/media?parent=9256"}],"curies":[{"name":"wp","href":"https:\/\/api.w.org\/{rel}","templated":true}]}}