{"id":9287,"date":"2020-12-27T09:34:34","date_gmt":"2020-12-27T08:34:34","guid":{"rendered":"https:\/\/projectes.xtec.cat\/memoriaieducacio\/?page_id=9287"},"modified":"2020-12-27T10:08:48","modified_gmt":"2020-12-27T09:08:48","slug":"dora-mittelbau","status":"publish","type":"page","link":"https:\/\/projectes.xtec.cat\/memoriaieducacio\/activitats\/itineraris-de-memoria\/buchenwald-weimar-2018\/dora-mittelbau\/","title":{"rendered":"Dora-Mittelbau"},"content":{"rendered":"<p><b>MEMORIAL MITTELBAU-DORA (7\/7\/2018)<\/b><\/p>\n<p><b>Hist\u00f2ria<\/b><\/p>\n<p><span style=\"font-weight: 400;\">Est\u00e0 en actiu del 1943 al 1945, i est\u00e0 en la zona de Zahl, que concentra el major nombre de KL de tota Alemanya. Despr\u00e9s dels bombardejos aliats, traslladen la producci\u00f3 des del B\u00e0ltic (Peenem\u00fcnde) a aquest lloc perqu\u00e8 ja hi havia 2 km de t\u00fanels constru\u00efts (A-B) per guardar queros\u00e8 per avions (1936). Treballs for\u00e7ats pel nacionalsocialisme, dedicats a la ind\u00fastria b\u00e8l\u00b7lica: fabricaci\u00f3 dels m\u00edssils V2 (m\u00e9s de 500 en un mes). Von Braun va ser l\u2019enginyer general del projecte (construcci\u00f3 de les bombes V1 i V2), cient\u00edfic i membre SS. No tots els m\u00edssils funcionaven i la poblaci\u00f3 ho sabia, per\u00f2 la propaganda per part de Goebbels deia que la realitat era un altre: quan funcioni \u201cla vict\u00f2ria ser\u00e0 nostra\u201d.\u00a0<\/span><\/p>\n<p><span style=\"font-weight: 400;\">Presoners a partir de 14 anys i nom\u00e9s homes? El t\u00fanel ten\u00eda 9 entrades; hi caben 2 trens, d\u2019anada i tornada. El t\u00fanels son cil\u00edndrics; els presos han d\u2019igualar el terra equivalent a 14 camps de futbol.<\/span><\/p>\n<p><span style=\"font-weight: 400;\">Els 8 primers mesos viuen i treballen dins dels dos t\u00fanels. Treballaven en torns de 12 hores; 5.000 persones treballen i 5.000 dormen.\u00a0<\/span><\/p>\n<p><span style=\"font-weight: 400;\">Les condicions de vida son molt dures. La temperatura a l\u2019estiu pot arribar a 40\u00ba i a l\u2019hivern a -10\u00ba. L\u2019esperan\u00e7a de vida els primers mesos \u00e9s de 4-6 setmanes.\u00a0<\/span><\/p>\n<p><span style=\"font-weight: 400;\">L\u2019estiu del 1944 construeixen els 40 barracons exteriors que van\u00a0 albergar m\u00e9s de 17 mil presoners. Al principi dependr\u00e0 de Buchenwald, per\u00f2 a partir del 1944 es far\u00e0 un camp independent, del qual passaran a dependre uns 30 camps exteriors (comandos) que fabricaran armament (i seguiran excavant t\u00fanels per tota la zona). Al principi els morts del camp es duien al crematori de Buchenwald, despr\u00e9s els propis presoners van construir el crematori de Dora (darrera del crematori hi ha una fosa amb les de 5000 persones incinerades), on tamb\u00e9 hi vivien en comandos de 4 a 6 presoners (amb habitacions decorades per ells mateixos).\u00a0<\/span><\/p>\n<p><span style=\"font-weight: 400;\">A l\u2019any 1944 es calcula que hi ha 40 mil presoners que treballen al camp, a les f\u00e0briques i tamb\u00e9 a la ciutat que hi ha a poc m\u00e9s de 5 km de la ciutat de Nordhausen (una ciutat\/zona de 60 mil habitants aproximadament). Per tant, aquesta proximitat (de fet des de Dora es veu perfectament la ciutat!) i els 20 mil morts que va \u201cproduir\u201d el camp durant aquests anys era impossible que els habitants de la zona no sabessin de la seva exist\u00e8ncia. Al 1945 arriben els americans i alliberen el camp i criden a 800 persones de la ciutat per veure Dora. Moment\u00e0neament es converteix, com Dachau, en un camp de despla\u00e7ats.<\/span><\/p>\n<p><span style=\"font-weight: 400;\">Aquest mateix any es desmunta el camp perqu\u00e8 la poblaci\u00f3 de la zona \u201croba\u201d els materials dels barracons per les seves pr\u00f2pies construccions; i el 1946 el camp es fa servir com a horts i camps de conreu per a la gent de la zona. A l\u2019Appelplatz s\u2019hi planten patates!! (Per aix\u00f2, durant molt anys ning\u00fa sap res del camp). A aquesta mateixa pla\u00e7a, als anys 60 es comen\u00e7ar\u00e0 a fer un memorial, promogut pel govern regional (no pas per la RDA, que nom\u00e9s est\u00e0 interessat en el camp gran de Buchenwald).<\/span><\/p>\n<p><span style=\"font-weight: 400;\">Davant del crematori\u00a0 hi ha una escultura (inicialment pensada per Auschwitz), per\u00f2 com que va quedar 2a en el concurs la hi van posar aqu\u00ed; un grup escult\u00f2ric de 3 homes i una dona lligats (encara que a Dora no hi havia presoneres). Al 1988 comen\u00e7a a obrir-se el t\u00fanel i visitar-se el t\u00fanel principal, i despr\u00e9s de la caiguda del mur de Berlin es col\u00b7loquen dues plaques recordant gitanos i jueus i es comen\u00e7a a con\u00e8ixer com a paradigma dels \u201ctreballs for\u00e7ats\u201d. Actualment, en un visita el camp hi veiem nom\u00e9s un 3%, i l\u2019entrada actual al t\u00fanel (que medeix 180 metres) no \u00e9s l\u2019entrada original.\u00a0<\/span><\/p>\n<p><b>Exposici\u00f3 a Dora<\/b><span style=\"font-weight: 400;\">\u00a0<\/span><\/p>\n<p><span style=\"font-weight: 400;\">Primers bombardejos a Londres amb avions carregats de les bombes V1 i V2.<\/span><\/p>\n<p><b>Propostes did\u00e0ctiques de treball amb l\u2019alumnat<\/b><\/p>\n<p><span style=\"font-weight: 400;\">(a c\u00e0rrec de Sascha Novothy, professor d\u2019institut)<\/span><\/p>\n<p><span style=\"font-weight: 400;\">El tema de la mem\u00f2ria en l\u2019educaci\u00f3 alemanya es basa en tres principis:<\/span><\/p>\n<ol>\n<li style=\"font-weight: 400;\"><span style=\"font-weight: 400;\">Els llocs de mem\u00f2ria han d\u2019acollir els alumnes en el punt de coneixement en que es troba. No tots s\u2019acosten amb el mateix nivell de coneixements hist\u00f2rics. Venen al camp a partir dels 14 anys; el tema dels camps es tracta a 9\u00e8 grau.<\/span><\/li>\n<li style=\"font-weight: 400;\"><span style=\"font-weight: 400;\">No es pot obligar als alumnes a pensar en una direcci\u00f3. Cal presentar la hist\u00f2ria des de diferents punts de vista, no transmetre ideologia. L\u2019objectiu no \u00e9s fer plorar als alumnes.<\/span><\/li>\n<li style=\"font-weight: 400;\"><span style=\"font-weight: 400;\">Els continguts hist\u00f2rics no comprovats s\u2019han de presentar aix\u00ed, dient que s\u00f3n discutibles, que no es poden comprovar.<\/span><\/li>\n<\/ol>\n<p><span style=\"font-weight: 400;\">Mantenir aquests tres principis \u00e9s dif\u00edcil; les opinions personals s\u2019han d\u2019explicitar com a tals.<\/span><\/p>\n<p><span style=\"font-weight: 400;\">Proposta did\u00e0ctica a treballar amb els alumnes:<\/span><\/p>\n<ol>\n<li style=\"font-weight: 400;\"><span style=\"font-weight: 400;\">Biografia (hist\u00f2ria de vida) i una fotografia. Contextualitzar en una \u201cl\u00ednia del temps\u201d: \u201cabans, durant i despr\u00e9s\u201d, marcant en vermell el temps passat al camp que, tot i poder ser curt, marca tota una vida. Els alumnes que treballen amb aquestes biografies tenen la mateixa edat que els presoners que treballaven al camp, per la qual cosa \u00e9s f\u00e0cil empatitzar amb ells.<\/span><\/li>\n<li style=\"font-weight: 400;\"><span style=\"font-weight: 400;\">M\u00e8tode associatiu: fotos diverses i es deixa que l\u2019alumnat especuli sobre qu\u00e8 creu que \u00e9s un camp.<\/span><\/li>\n<li style=\"font-weight: 400;\"><span style=\"font-weight: 400;\">Demanar l\u2019opini\u00f3 de l\u2019alumnat abans de saber res del camp: s\u2019han de situar sota un dels 3 cartells seg\u00fcents: els camps s\u00f3n cosa del passat; els camps es poden tornar a repetir; amb educaci\u00f3 no tornaran a passar. Hi ha una paret lliure per a poder apuntar la seva posici\u00f3 si no queda reflectida per cap de les anteriors. L\u2019alumnat justifica la seva elecci\u00f3 i el professor\/a fa de moderador\/a. Hi ha alumnes que canvien d\u2019opini\u00f3 despr\u00e9s de la discussi\u00f3.<\/span><\/li>\n<\/ol>\n<p>&nbsp;<\/p>\n<p><a href=\"https:\/\/drive.google.com\/drive\/folders\/12AdtOwVVQhRri5NOXT5lnVKNV1ApUdFx?usp=sharing\">FOTOS I V\u00cdDEOS<\/a><\/p>\n<p>&nbsp;<\/p>\n","protected":false},"excerpt":{"rendered":"<p>MEMORIAL MITTELBAU-DORA (7\/7\/2018)<br \/>\nHist\u00f2ria<br \/>\nEst\u00e0 en actiu del 1943 al 1945, i est\u00e0 en la zona de Zahl, que concentra el major nombre de KL de tota Alemanya. Despr\u00e9s dels bombardejos aliats, traslladen la producci\u00f3 des del B\u00e0ltic (Peenem\u00fcnde) a aquest lloc perqu\u00e8 ja hi havia 2&hellip;  <a href=\"https:\/\/projectes.xtec.cat\/memoriaieducacio\/activitats\/itineraris-de-memoria\/buchenwald-weimar-2018\/dora-mittelbau\/\" title=\"Read Dora-Mittelbau\">Llegeix m\u00e9s\u00bb<\/a><\/p>\n","protected":false},"author":3,"featured_media":0,"parent":9256,"menu_order":0,"comment_status":"closed","ping_status":"closed","template":"page-templates\/side-menu.php","meta":{"_bbp_topic_count":0,"_bbp_reply_count":0,"_bbp_total_topic_count":0,"_bbp_total_reply_count":0,"_bbp_voice_count":0,"_bbp_anonymous_reply_count":0,"_bbp_topic_count_hidden":0,"_bbp_reply_count_hidden":0,"_bbp_forum_subforum_count":0,"footnotes":""},"class_list":["post-9287","page","type-page","status-publish","hentry"],"post_mailing_queue_ids":[],"_links":{"self":[{"href":"https:\/\/projectes.xtec.cat\/memoriaieducacio\/wp-json\/wp\/v2\/pages\/9287","targetHints":{"allow":["GET"]}}],"collection":[{"href":"https:\/\/projectes.xtec.cat\/memoriaieducacio\/wp-json\/wp\/v2\/pages"}],"about":[{"href":"https:\/\/projectes.xtec.cat\/memoriaieducacio\/wp-json\/wp\/v2\/types\/page"}],"author":[{"embeddable":true,"href":"https:\/\/projectes.xtec.cat\/memoriaieducacio\/wp-json\/wp\/v2\/users\/3"}],"replies":[{"embeddable":true,"href":"https:\/\/projectes.xtec.cat\/memoriaieducacio\/wp-json\/wp\/v2\/comments?post=9287"}],"version-history":[{"count":2,"href":"https:\/\/projectes.xtec.cat\/memoriaieducacio\/wp-json\/wp\/v2\/pages\/9287\/revisions"}],"predecessor-version":[{"id":9298,"href":"https:\/\/projectes.xtec.cat\/memoriaieducacio\/wp-json\/wp\/v2\/pages\/9287\/revisions\/9298"}],"up":[{"embeddable":true,"href":"https:\/\/projectes.xtec.cat\/memoriaieducacio\/wp-json\/wp\/v2\/pages\/9256"}],"wp:attachment":[{"href":"https:\/\/projectes.xtec.cat\/memoriaieducacio\/wp-json\/wp\/v2\/media?parent=9287"}],"curies":[{"name":"wp","href":"https:\/\/api.w.org\/{rel}","templated":true}]}}