{"id":9794,"date":"2022-06-17T10:42:04","date_gmt":"2022-06-17T08:42:04","guid":{"rendered":"https:\/\/projectes.xtec.cat\/memoriaieducacio\/?page_id=9794"},"modified":"2023-06-19T20:26:11","modified_gmt":"2023-06-19T18:26:11","slug":"2021-2","status":"publish","type":"page","link":"https:\/\/projectes.xtec.cat\/memoriaieducacio\/activitats\/jornades-dexperiencies-didactiques\/2021-2\/","title":{"rendered":"2021"},"content":{"rendered":"<p><!--more--><\/p>\n<div style=\"text-align: center;\">\n<table style=\"width: 1085px;\">\n<tbody>\n<tr>\n<td style=\"width: 476.047px;\"><a href=\"https:\/\/projectes.xtec.cat\/memoriaieducacio\/wp-content\/uploads\/usu2168\/2021\/07\/titol_400x341_VII_JED_DEMD.jpg\"><img loading=\"lazy\" decoding=\"async\" class=\"alignleft wp-image-9458\" src=\"https:\/\/projectes.xtec.cat\/memoriaieducacio\/wp-content\/uploads\/usu2168\/2021\/07\/titol_400x341_VII_JED_DEMD.jpg\" alt=\"\" width=\"454\" height=\"387\" srcset=\"https:\/\/projectes.xtec.cat\/memoriaieducacio\/wp-content\/uploads\/usu2168\/2021\/07\/titol_400x341_VII_JED_DEMD.jpg 400w, https:\/\/projectes.xtec.cat\/memoriaieducacio\/wp-content\/uploads\/usu2168\/2021\/07\/titol_400x341_VII_JED_DEMD-300x256.jpg 300w\" sizes=\"auto, (max-width: 454px) 100vw, 454px\" \/><\/a><\/td>\n<td style=\"width: 600.953px;\">\n<p style=\"padding-left: 40px; text-align: left;\"><strong>PROGRAMA:<\/strong><br \/>\n<span style=\"font-weight: 400;\">10.00 h. Benvinguda i p<\/span><span style=\"font-weight: 400;\">resentaci\u00f3 de la jornada.\u00a0<\/span><\/p>\n<p style=\"padding-left: 40px; text-align: left;\"><span style=\"font-weight: 400;\">10.10 h. Experi\u00e8ncies i activitats del grup de treball DEMD Ebre: <a href=\"https:\/\/projectes.xtec.cat\/memoriaieducacio\/wp-content\/uploads\/usu2168\/2021\/07\/Jornada-intercanvi-experie\u0300ncies-dida\u0300ctiques-mnemo\u0300ria-histo\u0300rica-DEMD-Ebre-2-de-juliol-2021.pdf\">Activitats 2020-2021 del crup DEMD Ebre<\/a> &#8211; <\/span><span style=\"font-weight: 400;\">\u00a0<a href=\"https:\/\/projectes.xtec.cat\/memoriaieducacio\/wp-content\/uploads\/usu2168\/2021\/07\/MEMO\u0300RIES-DE-LEXILI-I-REPRESSIO\u0301-Teresa-Castello\u0301-1.pdf\" target=\"_blank\" rel=\"noopener noreferrer\">Mem\u00f2ries de l&#8217;exili i repressi\u00f3 (IE Mare de D\u00e9u del Portal)<\/a>\u00a0<\/span><\/p>\n<p style=\"padding-left: 40px; text-align: left;\"><span style=\"font-weight: 400;\">10.30 h. Experi\u00e8ncies i activitats del grup de treball\u00a0 DEMD Tarragona:\u00a0 <a href=\"https:\/\/projectes.xtec.cat\/memoriaieducacio\/wp-content\/uploads\/usu2168\/2021\/07\/1_GRUP-DEMD-TARRAGONA-1.pdf\" target=\"_blank\" rel=\"noopener noreferrer\">Grup DEMD Tarragona<\/a> &#8211; <a href=\"https:\/\/projectes.xtec.cat\/memoriaieducacio\/wp-content\/uploads\/usu2168\/2021\/07\/2_BRIGADES_INTERNACIONALS-1.pdf\" target=\"_blank\" rel=\"noopener noreferrer\">Brigades Inernacionals ( Institut Mart\u00ed l&#8217;Hum\u00e0 i CdA Monestirs del Cister) <\/a><\/span><span style=\"font-weight: 400;\">&#8211; <a href=\"https:\/\/projectes.xtec.cat\/memoriaieducacio\/wp-content\/uploads\/usu2168\/2021\/07\/3_ESPANYOLS_CAMPS_NAZIS-1.pdf\" target=\"_blank\" rel=\"noopener noreferrer\">Espanyols als camps nazis (Institut Montpedr\u00f2s)<\/a><\/span><\/p>\n<p style=\"padding-left: 40px; text-align: left;\"><span style=\"font-weight: 400;\">10.50 h. Coffee-Break amb Quizgame<\/span><\/p>\n<p style=\"padding-left: 40px; text-align: left;\"><span style=\"font-weight: 400;\">11.00 h. Experi\u00e8ncies i activitats del grup de treball DEMD Lleida: <a href=\"https:\/\/projectes.xtec.cat\/memoriaieducacio\/wp-content\/uploads\/usu2168\/2021\/07\/DEMD-\u2013-Lleida-20-21.ppt.pdf\" target=\"_blank\" rel=\"noopener noreferrer\">Activitats 2020-2021 del Grup DEMD Lleida<\/a> &#8211;<\/span><\/p>\n<p style=\"padding-left: 40px; text-align: left;\"><span style=\"font-weight: 400;\">11.20 h. Experi\u00e8ncies i activitats del grup de treball DEMD Alt Empord\u00e0.<\/span><\/p>\n<p style=\"padding-left: 40px; text-align: left;\"><span style=\"font-weight: 400;\">11.40 h. Experi\u00e8ncies i activitats del grup de treball DEMD Sant Cugat: <a href=\"https:\/\/projectes.xtec.cat\/memoriaieducacio\/wp-content\/uploads\/usu2168\/2021\/07\/comic_i_memoria_Presentacio\u0301-memo\u0300ria_compressed-1.pdf\" target=\"_blank\" rel=\"noopener noreferrer\">C\u00f2mic i mem\u00f2ria<\/a>.<\/span><\/p>\n<p style=\"padding-left: 40px; text-align: left;\"><span style=\"font-weight: 400;\">12.00 h. Planificacions i previsions del grup DEMD.\u00a0<\/span><\/p>\n<p style=\"padding-left: 40px; text-align: left;\">12:30 h. Recursos i propostes a l&#8217;abast de tothom<\/p>\n<p style=\"padding-left: 40px; text-align: left;\"><span style=\"font-weight: 400;\">12.45 h. Cloenda.<\/span><\/p>\n<\/td>\n<\/tr>\n<\/tbody>\n<\/table>\n<\/div>\n<div><\/div>\n<div>\n<p><b>Descripci\u00f3 de l\u2019activitat:<\/b><br \/>\n<span style=\"font-weight: 400;\">La jornada es presenta com a lloc de trobada i intercanvi d&#8217;experi\u00e8ncies did\u00e0ctiques dels diversos grups de treball DEMD i de tot el professorat interessat en els temes de mem\u00f2ria.<\/span><br \/>\n<span style=\"font-weight: 400;\">Es planteja oferir recursos i intercanviar activitats als diversos centres que han treballat temes de mem\u00f2ria hist\u00f2rica i serveix com a espai d\u2019exposici\u00f3 de l\u2019activitat realitzada pels grups de treball DEMD durant el curs escolar.<\/span><\/p>\n<p><b>Objectius:<\/b><br \/>\n<span style=\"font-weight: 400;\">&#8211; Presentar metodologies did\u00e0ctiques a partir dels temes de mem\u00f2ria en un context curr\u00edcular fonamentat en l\u2019assoliment de compet\u00e8ncies b\u00e0siques\u00a0\u00a0\u00a0\u00a0\u00a0\u00a0<\/span><br \/>\n<span style=\"font-weight: 400;\">&#8211; Posar en contacte docents de diferents territoris interessats en tem\u00e0tiques de mem\u00f2ria hist\u00f2rica.<\/span><br \/>\n<span style=\"font-weight: 400;\">&#8211; Con\u00e8ixer els espais de mem\u00f2ria a casa nostra o d\u2019altres indrets relacionats amb la hist\u00f2ria contempor\u00e0nia.<\/span><br \/>\n<span style=\"font-weight: 400;\">&#8211; Fomentar i difondre la xarxa de grups DEMD i de centres educatius\u00a0 que treballen la mem\u00f2ria.<\/span><\/p>\n<p><b>Organitzaci\u00f3 i realitzaci\u00f3:<\/b><br \/>\n<span style=\"font-weight: 400;\">L\u2019organitzaci\u00f3 de l\u2019activitat dep\u00e8n dels equips t\u00e8cnics del Servei de Curr\u00edculum de Secund\u00e0ria i Barxillerat i del Servei Educatiu del Memorial Democr\u00e0tic. <\/span><span style=\"font-weight: 400;\">En context de la situaci\u00f3 sanit\u00e0ria la realitzaci\u00f3 de la jornada ser\u00e0 en format de videoconfer\u00e8ncia virtual amb la plataforma Zoom i comptar\u00e0 amb el suport del t\u00e8cnic d\u2019equips audiovisuals del Memorial Democr\u00e0tic.<\/span><\/p>\n<hr \/>\n<\/div>\n<div><strong>EXPERI\u00c8NCIES I ACTIVITATS DES DELS CENTRES<\/strong><\/div>\n<div>\n<hr \/>\n<\/div>\n<div><\/div>\n<div><\/div>\n<div>\n<table style=\"border-style: none; width: 177px;\">\n<tbody>\n<tr>\n<td style=\"width: 173px;\"><a href=\"https:\/\/agora.xtec.cat\/ielloret\/general\/memoria-historica-curs-2020-2021\/\" target=\"_blank\" rel=\"noopener noreferrer\"><img loading=\"lazy\" decoding=\"async\" class=\"alignleft size-full wp-image-9500\" src=\"https:\/\/projectes.xtec.cat\/memoriaieducacio\/wp-content\/uploads\/usu2168\/2021\/07\/IE-Lloret-de-Mar.png\" alt=\"\" width=\"170\" height=\"172\" \/><\/a><\/td>\n<\/tr>\n<\/tbody>\n<\/table>\n<\/div>\n<div><\/div>\n","protected":false},"excerpt":{"rendered":"","protected":false},"author":3,"featured_media":0,"parent":8553,"menu_order":70,"comment_status":"closed","ping_status":"closed","template":"page-templates\/side-menu.php","meta":{"_bbp_topic_count":0,"_bbp_reply_count":0,"_bbp_total_topic_count":0,"_bbp_total_reply_count":0,"_bbp_voice_count":0,"_bbp_anonymous_reply_count":0,"_bbp_topic_count_hidden":0,"_bbp_reply_count_hidden":0,"_bbp_forum_subforum_count":0,"footnotes":""},"class_list":["post-9794","page","type-page","status-publish","hentry"],"post_mailing_queue_ids":[],"_links":{"self":[{"href":"https:\/\/projectes.xtec.cat\/memoriaieducacio\/wp-json\/wp\/v2\/pages\/9794","targetHints":{"allow":["GET"]}}],"collection":[{"href":"https:\/\/projectes.xtec.cat\/memoriaieducacio\/wp-json\/wp\/v2\/pages"}],"about":[{"href":"https:\/\/projectes.xtec.cat\/memoriaieducacio\/wp-json\/wp\/v2\/types\/page"}],"author":[{"embeddable":true,"href":"https:\/\/projectes.xtec.cat\/memoriaieducacio\/wp-json\/wp\/v2\/users\/3"}],"replies":[{"embeddable":true,"href":"https:\/\/projectes.xtec.cat\/memoriaieducacio\/wp-json\/wp\/v2\/comments?post=9794"}],"version-history":[{"count":1,"href":"https:\/\/projectes.xtec.cat\/memoriaieducacio\/wp-json\/wp\/v2\/pages\/9794\/revisions"}],"predecessor-version":[{"id":9795,"href":"https:\/\/projectes.xtec.cat\/memoriaieducacio\/wp-json\/wp\/v2\/pages\/9794\/revisions\/9795"}],"up":[{"embeddable":true,"href":"https:\/\/projectes.xtec.cat\/memoriaieducacio\/wp-json\/wp\/v2\/pages\/8553"}],"wp:attachment":[{"href":"https:\/\/projectes.xtec.cat\/memoriaieducacio\/wp-json\/wp\/v2\/media?parent=9794"}],"curies":[{"name":"wp","href":"https:\/\/api.w.org\/{rel}","templated":true}]}}