{"id":9796,"date":"2022-06-17T11:10:04","date_gmt":"2022-06-17T09:10:04","guid":{"rendered":"https:\/\/projectes.xtec.cat\/memoriaieducacio\/?page_id=9796"},"modified":"2023-06-19T20:24:43","modified_gmt":"2023-06-19T18:24:43","slug":"2022-2","status":"publish","type":"page","link":"https:\/\/projectes.xtec.cat\/memoriaieducacio\/activitats\/jornades-dexperiencies-didactiques\/2022-2\/","title":{"rendered":"2022"},"content":{"rendered":"<p><!--more--><\/p>\n<div style=\"text-align: center;\">\n<table>\n<tbody>\n<tr>\n<td><a href=\"https:\/\/projectes.xtec.cat\/memoriaieducacio\/wp-content\/uploads\/usu2168\/2022\/06\/VIII_JEDMJ_800x800.jpg\"><img loading=\"lazy\" decoding=\"async\" class=\"size-full wp-image-9797 aligncenter\" src=\"https:\/\/projectes.xtec.cat\/memoriaieducacio\/wp-content\/uploads\/usu2168\/2022\/06\/VIII_JEDMJ_800x800.jpg\" alt=\"\" width=\"800\" height=\"800\" srcset=\"https:\/\/projectes.xtec.cat\/memoriaieducacio\/wp-content\/uploads\/usu2168\/2022\/06\/VIII_JEDMJ_800x800.jpg 800w, https:\/\/projectes.xtec.cat\/memoriaieducacio\/wp-content\/uploads\/usu2168\/2022\/06\/VIII_JEDMJ_800x800-300x300.jpg 300w, https:\/\/projectes.xtec.cat\/memoriaieducacio\/wp-content\/uploads\/usu2168\/2022\/06\/VIII_JEDMJ_800x800-150x150.jpg 150w, https:\/\/projectes.xtec.cat\/memoriaieducacio\/wp-content\/uploads\/usu2168\/2022\/06\/VIII_JEDMJ_800x800-768x768.jpg 768w\" sizes=\"auto, (max-width: 800px) 100vw, 800px\" \/><\/a><\/td>\n<td>\n<p style=\"padding-left: 40px; text-align: left;\"><strong>PROGRAMA:<\/strong><br \/>\n<span style=\"font-weight: 400;\"><strong>09:30 h.<\/strong> Benvinguda i presentaci\u00f3 de la jornada a c\u00e0rrec del Sr Vicen\u00e7 Villatoro, director del Memorial Democr\u00e0tic i del Sr. Ramon Grau, subdirector d&#8217;Ordenaci\u00f3 Curricular del Dept. d&#8217;Educaci\u00f3<\/span><\/p>\n<p style=\"padding-left: 40px; text-align: left;\"><span style=\"font-weight: 400;\"><strong>09:45 h.<\/strong> Experi\u00e8ncies i propostes dels grups<\/span><span style=\"font-weight: 400;\"> <a href=\"https:\/\/projectes.xtec.cat\/memoriaieducacio\/wp-content\/uploads\/usu2168\/2022\/07\/DEMD-Ebre-2021-2022.pdf\">DEMD-Ebre 2021-2022<\/a>, <a href=\"https:\/\/projectes.xtec.cat\/memoriaieducacio\/wp-content\/uploads\/usu2168\/2022\/07\/DEMD-Tarragona.pdf\">DEMD Tarragona<\/a><\/span><span style=\"font-weight: 400;\">\u00a0i DEMD Exili, Deportaci\u00f3 i Holocaust de l&#8217;Alt Empord\u00e0\u00a0<\/span><\/p>\n<p style=\"padding-left: 40px; text-align: left;\"><span style=\"font-weight: 400;\">10.30 h. Propostes comissions: &#8211; <a href=\"https:\/\/projectes.xtec.cat\/memoriaieducacio\/wp-content\/uploads\/usu2168\/2022\/07\/COMISSIO\u0301-GE\u0300NERE-I-MEMO\u0300RIA.pdf\">COMISSIO\u0301 GE\u0300NERE I MEMO\u0300RIA<\/a> i comissi\u00f3 de Viatges<\/span><\/p>\n<p style=\"padding-left: 40px; text-align: left;\"><span style=\"font-weight: 400;\">10.45 h.\u00a0 Coffee break<\/span><\/p>\n<p style=\"padding-left: 40px; text-align: left;\"><span style=\"font-weight: 400;\">11.00 h Propostes comissions: &#8211; Comissi\u00f3 d&#8217;Actes i <a href=\"https:\/\/projectes.xtec.cat\/memoriaieducacio\/wp-content\/uploads\/usu2168\/2022\/07\/CLUB-DE-LECTURA-2021-2022.pdf\">CLUB DE LECTURA 2021-2022<\/a><\/span><\/p>\n<p style=\"padding-left: 40px; text-align: left;\"><span style=\"font-weight: 400;\">11:15 Experi\u00e8ncies i activitats del grup de treball <a href=\"https:\/\/projectes.xtec.cat\/memoriaieducacio\/wp-content\/uploads\/usu2168\/2022\/07\/DEMD-Lleida.pdf\">DEMD Lleida<\/a>, <\/span><span style=\"font-weight: 400;\">DEMD Sant Cugat, ICSVO-DEMD i DEMD general<\/span><\/p>\n<p style=\"padding-left: 40px; text-align: left;\"><span style=\"font-weight: 400;\">12.30 h. <\/span>Recursos i propostes:<\/p>\n<p style=\"text-align: left;\">&#8211; <a href=\"https:\/\/projectes.xtec.cat\/memoriaieducacio\/wp-content\/uploads\/usu2168\/2022\/07\/PROJECTE-EDUCATIU-SOLIDARITY-PARK-LA-MEMORIA-DELS-BRIGADISTES.pdf\">PROJECTE EDUCATIU SOLIDARITY PARK LA MEMORIA DELS BRIGADISTES<\/a> S\u00f2nia Garangou (I-E de Lloret)<\/p>\n<p style=\"text-align: left;\">&#8211; <a href=\"https:\/\/projectes.xtec.cat\/memoriaieducacio\/wp-content\/uploads\/usu2168\/2022\/07\/LA-MALETA-DEL-SOLDAT-REPUBLICA\u0300.pdf\">LA MALETA DEL SOLDAT REPUBLICA\u0300<\/a>. Antoni Bardavio (CdA de la Noguera)<\/p>\n<p style=\"text-align: left;\">&#8211; ITINERARI DE MEM\u00d2RIA: LA CULTURA POPULAR I L&#8217;OCI DURANT LA SEGONA REP\u00daBLICA\u00a0 \u00a0(Euro-tomb, Memorial Democr\u00e0tic)<\/p>\n<p style=\"padding-left: 40px; text-align: left;\"><span style=\"font-weight: 400;\">13.30 h. Cloenda.<\/span><\/p>\n<p>&nbsp;<\/p>\n<p style=\"text-align: left;\">\u00a0 \u00a0 \u00a0<a href=\"https:\/\/docs.google.com\/forms\/d\/e\/1FAIpQLSfMizq5uDofploSetrUt68KipkJY36oDDTnu1v66gOrwKOmLw\/viewform\">Formulari d&#8217;inscripci\u00f3<\/a><\/p>\n<p style=\"text-align: left;\"><a href=\"https:\/\/docs.google.com\/presentation\/d\/18X0NHTQTHxPLvBepkyAe5mW3uQo96J-GSlpe4ioYoxE\/edit?usp=sharing\">Presentaci\u00f3 de la VIII Jornada d&#8217;Experi\u00e8ncies Did\u00e0ctiques de Mem\u00f2ria Hist\u00f2rica<\/a><\/p>\n<p>&nbsp;<\/td>\n<\/tr>\n<tr>\n<td><\/td>\n<td>\n<p style=\"padding-left: 40px; text-align: left;\"><strong>\u00a0<\/strong><\/p>\n<\/td>\n<\/tr>\n<\/tbody>\n<\/table>\n<\/div>\n<div><\/div>\n<div><strong>EXPERI\u00c8NCIES I ACTIVITATS DES DELS CENTRES<\/strong><\/div>\n<div><\/div>\n<div>\n<table style=\"border-collapse: collapse; width: 100%;\">\n<tbody>\n<tr>\n<td style=\"width: 25%;\"><a href=\"https:\/\/www.youtube.com\/watch?v=2nRxIPYB-Fk\"><img loading=\"lazy\" decoding=\"async\" class=\"alignleft size-full wp-image-9808\" src=\"https:\/\/projectes.xtec.cat\/memoriaieducacio\/wp-content\/uploads\/usu2168\/2022\/06\/Fem_Memoria_Historica_a_larxiu_i_a_laula.jpg\" alt=\"\" width=\"493\" height=\"370\" srcset=\"https:\/\/projectes.xtec.cat\/memoriaieducacio\/wp-content\/uploads\/usu2168\/2022\/06\/Fem_Memoria_Historica_a_larxiu_i_a_laula.jpg 493w, https:\/\/projectes.xtec.cat\/memoriaieducacio\/wp-content\/uploads\/usu2168\/2022\/06\/Fem_Memoria_Historica_a_larxiu_i_a_laula-300x225.jpg 300w, https:\/\/projectes.xtec.cat\/memoriaieducacio\/wp-content\/uploads\/usu2168\/2022\/06\/Fem_Memoria_Historica_a_larxiu_i_a_laula-200x150.jpg 200w\" sizes=\"auto, (max-width: 493px) 100vw, 493px\" \/><\/a><\/td>\n<td style=\"width: 25%;\"><a href=\"https:\/\/docs.google.com\/presentation\/d\/1HShaumb8MnUujqVOpXTpWhcS48VYYVLQ\/edit?usp=sharing&amp;ouid=100403052309269562621&amp;rtpof=true&amp;sd=true\"><img loading=\"lazy\" decoding=\"async\" class=\"alignleft size-full wp-image-9810\" src=\"https:\/\/projectes.xtec.cat\/memoriaieducacio\/wp-content\/uploads\/usu2168\/2022\/06\/Dictadura_i_Drets_Humans.jpg\" alt=\"\" width=\"841\" height=\"608\" srcset=\"https:\/\/projectes.xtec.cat\/memoriaieducacio\/wp-content\/uploads\/usu2168\/2022\/06\/Dictadura_i_Drets_Humans.jpg 841w, https:\/\/projectes.xtec.cat\/memoriaieducacio\/wp-content\/uploads\/usu2168\/2022\/06\/Dictadura_i_Drets_Humans-300x217.jpg 300w, https:\/\/projectes.xtec.cat\/memoriaieducacio\/wp-content\/uploads\/usu2168\/2022\/06\/Dictadura_i_Drets_Humans-768x555.jpg 768w\" sizes=\"auto, (max-width: 841px) 100vw, 841px\" \/><\/a><\/td>\n<td style=\"width: 25%;\"><a href=\"https:\/\/ressomont-rogenc.cat\/linstitut-a-ballester-ha-treballat-el-cas-del-mont-rogenc-salvador-bru-marco-deportat-a-mauthausen-on-hi-mori\/\"><img loading=\"lazy\" decoding=\"async\" class=\"alignleft size-full wp-image-9812\" src=\"https:\/\/projectes.xtec.cat\/memoriaieducacio\/wp-content\/uploads\/usu2168\/2022\/06\/El_cas_de_SBM.jpg\" alt=\"\" width=\"538\" height=\"395\" srcset=\"https:\/\/projectes.xtec.cat\/memoriaieducacio\/wp-content\/uploads\/usu2168\/2022\/06\/El_cas_de_SBM.jpg 538w, https:\/\/projectes.xtec.cat\/memoriaieducacio\/wp-content\/uploads\/usu2168\/2022\/06\/El_cas_de_SBM-300x220.jpg 300w\" sizes=\"auto, (max-width: 538px) 100vw, 538px\" \/><\/a><\/td>\n<td style=\"width: 25%;\"><a href=\"https:\/\/agora.xtec.cat\/ielloret\/general\/trobada-de-memoria-historica-a-malgrat\/\"><img loading=\"lazy\" decoding=\"async\" class=\"alignleft size-full wp-image-9815\" src=\"https:\/\/projectes.xtec.cat\/memoriaieducacio\/wp-content\/uploads\/usu2168\/2022\/06\/trobada_MH_a_Malgrat.jpg\" alt=\"\" width=\"808\" height=\"590\" srcset=\"https:\/\/projectes.xtec.cat\/memoriaieducacio\/wp-content\/uploads\/usu2168\/2022\/06\/trobada_MH_a_Malgrat.jpg 808w, https:\/\/projectes.xtec.cat\/memoriaieducacio\/wp-content\/uploads\/usu2168\/2022\/06\/trobada_MH_a_Malgrat-300x219.jpg 300w, https:\/\/projectes.xtec.cat\/memoriaieducacio\/wp-content\/uploads\/usu2168\/2022\/06\/trobada_MH_a_Malgrat-768x561.jpg 768w\" sizes=\"auto, (max-width: 808px) 100vw, 808px\" \/><\/a><\/td>\n<\/tr>\n<tr>\n<td style=\"width: 25%;\"><a href=\"https:\/\/solidaritypark.com\/2021\/12\/22\/dossier-didacticprojecte-solidarity-park\/\"><img loading=\"lazy\" decoding=\"async\" class=\"alignleft size-full wp-image-9818\" src=\"https:\/\/projectes.xtec.cat\/memoriaieducacio\/wp-content\/uploads\/usu2168\/2022\/06\/solidarity_park.png\" alt=\"\" width=\"798\" height=\"587\" srcset=\"https:\/\/projectes.xtec.cat\/memoriaieducacio\/wp-content\/uploads\/usu2168\/2022\/06\/solidarity_park.png 798w, https:\/\/projectes.xtec.cat\/memoriaieducacio\/wp-content\/uploads\/usu2168\/2022\/06\/solidarity_park-300x221.png 300w, https:\/\/projectes.xtec.cat\/memoriaieducacio\/wp-content\/uploads\/usu2168\/2022\/06\/solidarity_park-768x565.png 768w\" sizes=\"auto, (max-width: 798px) 100vw, 798px\" \/><\/a><\/td>\n<td style=\"width: 25%;\"><\/td>\n<td style=\"width: 25%;\"><\/td>\n<td style=\"width: 25%;\"><\/td>\n<\/tr>\n<\/tbody>\n<\/table>\n<\/div>\n<div>\n<p><b>Descripci\u00f3 de l\u2019activitat:<\/b><br \/>\n<span style=\"font-weight: 400;\">La jornada es presenta com a lloc de trobada i intercanvi d&#8217;experi\u00e8ncies did\u00e0ctiques dels diversos grups de treball DEMD i de tot el professorat interessat en els temes de mem\u00f2ria.<\/span><br \/>\n<span style=\"font-weight: 400;\">Es planteja oferir recursos i intercanviar activitats als diversos centres que han treballat temes de mem\u00f2ria hist\u00f2rica i serveix com a espai d\u2019exposici\u00f3 de l\u2019activitat realitzada pels grups de treball DEMD durant el curs escolar.<\/span><\/p>\n<p><b>Objectius:<\/b><br \/>\n<span style=\"font-weight: 400;\">&#8211; Presentar metodologies did\u00e0ctiques a partir dels temes de mem\u00f2ria en un context curr\u00edcular fonamentat en l\u2019assoliment de compet\u00e8ncies b\u00e0siques\u00a0\u00a0\u00a0\u00a0\u00a0\u00a0<\/span><br \/>\n<span style=\"font-weight: 400;\">&#8211; Posar en contacte docents de diferents territoris interessats en tem\u00e0tiques de mem\u00f2ria hist\u00f2rica.<\/span><br \/>\n<span style=\"font-weight: 400;\">&#8211; Con\u00e8ixer els espais de mem\u00f2ria a casa nostra o d\u2019altres indrets relacionats amb la hist\u00f2ria contempor\u00e0nia.<\/span><br \/>\n<span style=\"font-weight: 400;\">&#8211; Fomentar i difondre la xarxa de grups DEMD i de centres educatius\u00a0 que treballen la mem\u00f2ria.<\/span><\/p>\n<p><b>Organitzaci\u00f3 i realitzaci\u00f3:<\/b><br \/>\n<span style=\"font-weight: 400;\">L\u2019organitzaci\u00f3 de l\u2019activitat dep\u00e8n dels equips t\u00e8cnics del Servei de Curr\u00edculum de Secund\u00e0ria i Batxillerat i del Servei Educatiu del Memorial Democr\u00e0tic.<\/span><\/p>\n<hr \/>\n<\/div>\n","protected":false},"excerpt":{"rendered":"","protected":false},"author":3,"featured_media":0,"parent":8553,"menu_order":80,"comment_status":"closed","ping_status":"closed","template":"page-templates\/side-menu.php","meta":{"_bbp_topic_count":0,"_bbp_reply_count":0,"_bbp_total_topic_count":0,"_bbp_total_reply_count":0,"_bbp_voice_count":0,"_bbp_anonymous_reply_count":0,"_bbp_topic_count_hidden":0,"_bbp_reply_count_hidden":0,"_bbp_forum_subforum_count":0,"footnotes":""},"class_list":["post-9796","page","type-page","status-publish","hentry"],"post_mailing_queue_ids":[],"_links":{"self":[{"href":"https:\/\/projectes.xtec.cat\/memoriaieducacio\/wp-json\/wp\/v2\/pages\/9796","targetHints":{"allow":["GET"]}}],"collection":[{"href":"https:\/\/projectes.xtec.cat\/memoriaieducacio\/wp-json\/wp\/v2\/pages"}],"about":[{"href":"https:\/\/projectes.xtec.cat\/memoriaieducacio\/wp-json\/wp\/v2\/types\/page"}],"author":[{"embeddable":true,"href":"https:\/\/projectes.xtec.cat\/memoriaieducacio\/wp-json\/wp\/v2\/users\/3"}],"replies":[{"embeddable":true,"href":"https:\/\/projectes.xtec.cat\/memoriaieducacio\/wp-json\/wp\/v2\/comments?post=9796"}],"version-history":[{"count":4,"href":"https:\/\/projectes.xtec.cat\/memoriaieducacio\/wp-json\/wp\/v2\/pages\/9796\/revisions"}],"predecessor-version":[{"id":9845,"href":"https:\/\/projectes.xtec.cat\/memoriaieducacio\/wp-json\/wp\/v2\/pages\/9796\/revisions\/9845"}],"up":[{"embeddable":true,"href":"https:\/\/projectes.xtec.cat\/memoriaieducacio\/wp-json\/wp\/v2\/pages\/8553"}],"wp:attachment":[{"href":"https:\/\/projectes.xtec.cat\/memoriaieducacio\/wp-json\/wp\/v2\/media?parent=9796"}],"curies":[{"name":"wp","href":"https:\/\/api.w.org\/{rel}","templated":true}]}}