{"id":9874,"date":"2022-09-17T08:22:27","date_gmt":"2022-09-17T06:22:27","guid":{"rendered":"https:\/\/projectes.xtec.cat\/memoriaieducacio\/?page_id=9874"},"modified":"2025-06-03T13:21:15","modified_gmt":"2025-06-03T11:21:15","slug":"holocaust","status":"publish","type":"page","link":"https:\/\/projectes.xtec.cat\/memoriaieducacio\/recursos\/holocaust\/","title":{"rendered":"Holocaust"},"content":{"rendered":"<p>&nbsp;<\/p>\n<p>&nbsp;<\/p>\n<table style=\"text-align: center; border-collapse: collapse; border-color: #888888; border-width: 1px; width: 92.3609%; height: 928px;\" border=\"1\" cellspacing=\"0\">\n<tbody>\n<tr style=\"height: 33px;\">\n<td style=\"background-color: #edc7c7; height: 33px; width: 26.209%;\"><b>Webs<\/b><\/td>\n<td style=\"height: 33px; width: 26.209%;\"><a href=\"http:\/\/www.sefarad-israel.es\/\">Centro Sefarad-Israel<\/a><\/td>\n<td style=\"height: 33px; width: 26.3651%;\"><a style=\"color: #2795b6;\" href=\"https:\/\/www.memorialdelashoah.org\/\">M\u00e9morial de la Shoah<\/a><\/td>\n<td style=\"height: 33px; width: 17.6287%;\"><a style=\"color: #2795b6;\" href=\"https:\/\/www.yadvashem.org\/\">Yad Vashem<\/a><\/td>\n<\/tr>\n<tr style=\"height: 32px;\">\n<td style=\"height: 32px; width: 25%;\"><\/td>\n<td style=\"height: 32px; width: 25%;\"><\/td>\n<td style=\"height: 32px; width: 25%;\"><\/td>\n<td style=\"height: 32px; width: 25%;\"><\/td>\n<\/tr>\n<tr style=\"height: 32px;\">\n<td style=\"height: 32px; width: 25%;\"><\/td>\n<td style=\"height: 32px; width: 25%;\"><a href=\"https:\/\/www.museedelaresistanceenligne.org\/eysses\/es\/inicio\">Eysses 1943-1944: una prisi\u00f3n que resisti\u00f3<\/a><\/td>\n<td style=\"height: 32px; width: 25%;\"><a href=\"http:\/\/www.memoriales.net\/cultura\/topografia.htm\">Topograf\u00eda de la memoria<\/a><\/td>\n<td style=\"height: 32px; width: 25%;\"><\/td>\n<\/tr>\n<tr style=\"height: 32px;\">\n<td style=\"height: 32px; width: 25%;\"><\/td>\n<td style=\"height: 32px; width: 25%;\"><\/td>\n<td style=\"height: 32px; width: 25%;\"><\/td>\n<td style=\"height: 32px; width: 25%;\"><\/td>\n<\/tr>\n<tr style=\"height: 163px;\">\n<td style=\"background-color: #edc7c7; height: 163px; width: 26.209%;\"><b>Documents i propostes did\u00e0ctiques<\/b><\/td>\n<td style=\"height: 163px; width: 25%;\"><a href=\"https:\/\/www.ccma.cat\/tv3\/alacarta\/60-minuts\/la-llico\/video\/6217387\/\">The Lesson. Teaching the Holocaust to Germany&#8217;s Gen Z<\/a><\/p>\n<p>TV3. 60 minuts. 01\/05\/2023<\/td>\n<td style=\"height: 163px; width: 25%;\"><\/td>\n<td style=\"height: 163px; width: 25%;\"><\/td>\n<\/tr>\n<tr style=\"height: 32px;\">\n<td style=\"height: 32px; width: 25%;\"><\/td>\n<td style=\"height: 32px; width: 25%;\"><\/td>\n<td style=\"height: 32px; width: 25%;\"><\/td>\n<td style=\"height: 32px; width: 25%;\"><\/td>\n<\/tr>\n<tr style=\"height: 50px;\">\n<td style=\"width: 25%; height: 50px; background-color: #edc7c7;\"><b><br \/>\nFonts documentals<\/b><\/td>\n<td style=\"width: 25%; height: 50px;\"><\/td>\n<td style=\"width: 25%; height: 50px;\"><\/td>\n<td style=\"height: 50px; width: 125%;\"><\/td>\n<\/tr>\n<tr style=\"height: 50px;\">\n<td style=\"width: 25%; height: 50px;\">Tesis doctorals<\/td>\n<td style=\"width: 25%; height: 50px;\"><a href=\"https:\/\/ddd.uab.cat\/pub\/tesis\/2021\/hdl_10803_673838\/lav1de1.pdf\"><em>El camp d&#8217;Agde en el sistema concentracionari franc\u00e8s (1939-1940)<\/em><\/a><\/p>\n<p>Ara\u00f1\u00f3 Vega, Laia (2021).<\/td>\n<td style=\"width: 25%; height: 50px;\"><a href=\"https:\/\/www.tdx.cat\/handle\/10803\/664388#page=1\">La mem\u00f2ria de l\u2019holocaust a l\u2019estat espanyol. Des d\u2019una perspectiva sociol\u00f2gica i una perspectiva hist\u00f2rica<\/a><\/p>\n<p>Sim\u00f3 S\u00e0nchez, Marta (2018)<\/td>\n<td style=\"height: 50px; width: 25%;\"><a href=\"https:\/\/www.tesisenred.net\/handle\/10803\/81073?locale-attribute=es#page=21\">La ficci\u00f3n sobre el Holocausto: silencio, l\u00edmites de representaci\u00f3n y popularizaci\u00f3n en la novela Everything is Illuminated de Jonathan Safran Foer<\/a><\/p>\n<p>Munt\u00e9 Ramos, Rosa \u00c0urea (2011)<\/td>\n<\/tr>\n<tr style=\"height: 206px;\">\n<td style=\"width: 25%; height: 206px;\"><\/td>\n<td style=\"width: 25%; height: 206px;\"><a href=\"https:\/\/www.tdx.cat\/handle\/10803\/4843#page=1\">La literatura concentracion\u00e0ria europea: Joaquim Amat-Piniella<\/a><\/p>\n<p>Serrano Blanquer, David (2003)<\/td>\n<td style=\"width: 25%; height: 206px;\"><\/td>\n<td style=\"width: 25%; height: 206px;\"><\/td>\n<\/tr>\n<tr style=\"height: 221px;\">\n<td style=\"background-color: #edc7c7; height: 218px; width: 25%;\"><strong>Llibres<\/strong><\/td>\n<td style=\"height: 218px; width: 25%;\">Jedwabne. Una hist\u00f2ria universal<\/p>\n<p>David Serrano Blanquer. Ed. Base<\/p>\n<hr \/>\n<p><a href=\"https:\/\/www.nuvol.com\/llibres\/assaig\/jetwabne-a-sang-freda-307394\">Jedwabne a sang freda (N\u00favol)<\/a><\/p>\n<hr \/>\n<p><a href=\"https:\/\/www.lavanguardia.com\/encatala\/20230205\/8729213\/jedwabne-holocaust.html\">Quan els ve\u00efns s\u00f3n el monstre\u00a0 (La Vanguardia)<\/a><\/p>\n<hr \/>\n<\/td>\n<td style=\"height: 218px; width: 25%;\"><\/td>\n<td style=\"height: 218px; width: 25%;\"><\/td>\n<\/tr>\n<tr style=\"height: 32px;\">\n<td style=\"height: 32px; width: 25%;\"><\/td>\n<td style=\"height: 32px; width: 25%;\"><\/td>\n<td style=\"height: 32px; width: 25%;\"><\/td>\n<td style=\"height: 32px; width: 25%;\"><\/td>\n<\/tr>\n<tr style=\"height: 16px;\">\n<td style=\"width: 25%; height: 16px; background-color: #edc7c7;\"><b>Altres<\/b><\/td>\n<td style=\"width: 25%; height: 16px;\"><\/td>\n<td style=\"width: 25%; height: 16px;\"><\/td>\n<td style=\"height: 16px; width: 25%;\"><\/td>\n<\/tr>\n<tr style=\"height: 32px;\">\n<td style=\"height: 32px; width: 25%;\"><\/td>\n<td style=\"height: 32px; width: 25%;\"><\/td>\n<td style=\"height: 32px; width: 25%;\"><\/td>\n<td style=\"height: 32px; width: 25%;\"><\/td>\n<\/tr>\n<\/tbody>\n<\/table>\n<p>&nbsp;<\/p>\n","protected":false},"excerpt":{"rendered":"<p>&nbsp;<br \/>\n&nbsp;<\/p>\n<p>Webs<br \/>\n<a href=\"http:\/\/www.sefarad-israel.es\/\">Centro Sefarad-Israel<\/a><br \/>\n<a style=\"color: #2795b6;\" href=\"https:\/\/www.memorialdelashoah.org\/\">M\u00e9morial de la Shoah<\/a><br \/>\n<a style=\"color: #2795b6;\" href=\"https:\/\/www.yadvashem.org\/\">Yad Vashem<\/a><\/p>\n<p><a href=\"https:\/\/www.museedelaresistanceenligne.org\/eysses\/es\/inicio\">Eysses 1943-1944: una prisi\u00f3n que resisti\u00f3<\/a><br \/>\n<a href=\"http:\/\/www.memoriales.net\/cultura\/topografia.htm\">Topograf\u00eda de la memoria<\/a><\/p>\n<p>Documents i propostes did\u00e0ctiques<br \/>\n<a href=\"https:\/\/www.ccma.cat\/tv3\/alacarta\/60-minuts\/la-llico\/video\/6217387\/\">The Lesson. Teaching the Holocaust to Germany&#8217;s Gen Z<\/a><br \/>\nTV3. 60 minuts. 01\/05\/2023<\/p>\n<p>Fonts documentals<\/p>\n<p>Tesis doctorals<br \/>\n<a href=\"https:\/\/ddd.uab.cat\/pub\/tesis\/2021\/hdl_10803_673838\/lav1de1.pdf\">El camp d&#8217;Agde en el&hellip;  <a href=\"https:\/\/projectes.xtec.cat\/memoriaieducacio\/recursos\/holocaust\/\" title=\"Read Holocaust\">Llegeix m\u00e9s\u00bb<\/a><\/p>\n","protected":false},"author":3,"featured_media":0,"parent":8657,"menu_order":20,"comment_status":"closed","ping_status":"closed","template":"page-templates\/side-menu.php","meta":{"_bbp_topic_count":0,"_bbp_reply_count":0,"_bbp_total_topic_count":0,"_bbp_total_reply_count":0,"_bbp_voice_count":0,"_bbp_anonymous_reply_count":0,"_bbp_topic_count_hidden":0,"_bbp_reply_count_hidden":0,"_bbp_forum_subforum_count":0,"footnotes":""},"class_list":["post-9874","page","type-page","status-publish","hentry"],"post_mailing_queue_ids":[],"_links":{"self":[{"href":"https:\/\/projectes.xtec.cat\/memoriaieducacio\/wp-json\/wp\/v2\/pages\/9874","targetHints":{"allow":["GET"]}}],"collection":[{"href":"https:\/\/projectes.xtec.cat\/memoriaieducacio\/wp-json\/wp\/v2\/pages"}],"about":[{"href":"https:\/\/projectes.xtec.cat\/memoriaieducacio\/wp-json\/wp\/v2\/types\/page"}],"author":[{"embeddable":true,"href":"https:\/\/projectes.xtec.cat\/memoriaieducacio\/wp-json\/wp\/v2\/users\/3"}],"replies":[{"embeddable":true,"href":"https:\/\/projectes.xtec.cat\/memoriaieducacio\/wp-json\/wp\/v2\/comments?post=9874"}],"version-history":[{"count":6,"href":"https:\/\/projectes.xtec.cat\/memoriaieducacio\/wp-json\/wp\/v2\/pages\/9874\/revisions"}],"predecessor-version":[{"id":13430,"href":"https:\/\/projectes.xtec.cat\/memoriaieducacio\/wp-json\/wp\/v2\/pages\/9874\/revisions\/13430"}],"up":[{"embeddable":true,"href":"https:\/\/projectes.xtec.cat\/memoriaieducacio\/wp-json\/wp\/v2\/pages\/8657"}],"wp:attachment":[{"href":"https:\/\/projectes.xtec.cat\/memoriaieducacio\/wp-json\/wp\/v2\/media?parent=9874"}],"curies":[{"name":"wp","href":"https:\/\/api.w.org\/{rel}","templated":true}]}}