{"id":9984,"date":"2022-09-29T17:43:14","date_gmt":"2022-09-29T15:43:14","guid":{"rendered":"https:\/\/projectes.xtec.cat\/memoriaieducacio\/?page_id=9984"},"modified":"2022-11-09T17:41:28","modified_gmt":"2022-11-09T16:41:28","slug":"weisz","status":"publish","type":"page","link":"https:\/\/projectes.xtec.cat\/memoriaieducacio\/materials\/histories-de-vida-i-testimoniatges\/testimoniatges\/weisz\/","title":{"rendered":"An\u00f2nim (policia holand\u00e8s) i Zoni Weisz"},"content":{"rendered":"<p><span style=\"font-size: medium;\"><span style=\"font-family: arial,sans-serif;\"><b>ZONI WEISZ<\/b><br \/>\nEm dic Zoni Weisz. S\u00f3c gitano holand\u00e8s de l\u2019\u00e8tnia roma i tinc 7 anys. Amb la meva mare, el meu pare m\u00fasic i els meus tres germanets, an\u00e0vem voltant pels pobles en la nostra caravana, fins que els nazis van ocupar Holanda el 1940 i van comen\u00e7ar les persecucions. El meu pare va pensar que estar\u00edem m\u00e9s segurs en un pis que en una caravana i ens vam instal\u00b7lar en una casa que havia quedat buida despr\u00e9s de la detenci\u00f3 d\u2019una fam\u00edlia jueva. \u00c9s el maig del 1944. Fa uns dies que hi ha molta viol\u00e8ncia contra tots els gitanos i la policia ha vingut a detenir tota la meva fam\u00edlia. Jo estava a casa de la meva tieta i amb molta por vam c\u00f3rrer al bosc a amagar-nos amb altra gent. Avui, despr\u00e9s d\u2019estar tres dies amagats, la policia ens ha trobat i ens ha portat al camp de Westerbork, d\u2019on estan a punt de sortir els trens cap a Auschwitz. Als vagons, ja plens, he vist els meus pares i germans. Estic terroritzat. Un policia s\u2019ha acostat al meu grup i ens ha dit:\u201dQuan agafi el meu barret, podeu fugir\u201d. No he ent\u00e8s res. Com podem fugir amb tants militars i policies? Llavors he vist un tren normal a l\u2019altra andana i, amb el senyal del barret, enmig de la confusi\u00f3, hem escapat i hem pujat a aquest tren. Sento la veu del meu pare cridant: \u201c Cuideu del meu nen!\u201d. El tren cap a Auschwitz arrenca i tota la meva fam\u00edlia hi va\u2026 S\u00f3c un nen petit ,per\u00f2 m\u2019he fet gran de cop.<\/span><\/span><\/p>\n<p><b>NARRADOR<\/b><br \/>\nZoni Weisz va salvar la vida gr\u00e0cies a l\u2019ajut d\u2019un oficial de policia holand\u00e8s an\u00f2nim que era un membre de la resist\u00e8ncia antinazi i que va fer servir el seu barret com a s\u00edmbol de llibertat. Zoni va fugir amb un petit grup. Van estar amagats pels boscos i van sobreviure gr\u00e0cies al menjar que els donaven els pagesos. Uns mesos m\u00e9s tard va aconseguir arribar a casa dels seus avis . La seva mare i els seus germans petits van ser assassinats a les cambres de gas nazis a Auschwitz i el seu pare va morir al camp de Dora. A l\u2019actualitat, Zoni Weisz viu a Holanda i \u00e9s un destacat horticultor i dissenyador floral.<\/p>\n","protected":false},"excerpt":{"rendered":"<p>ZONI WEISZ<br \/>\nEm dic Zoni Weisz. S\u00f3c gitano holand\u00e8s de l\u2019\u00e8tnia roma i tinc 7 anys. Amb la meva mare, el meu pare m\u00fasic i els meus tres germanets, an\u00e0vem voltant pels pobles en la nostra caravana, fins que els nazis van ocupar Holanda el 1940&hellip;  <a href=\"https:\/\/projectes.xtec.cat\/memoriaieducacio\/materials\/histories-de-vida-i-testimoniatges\/testimoniatges\/weisz\/\" title=\"Read An\u00f2nim (policia holand\u00e8s) i Zoni Weisz\">Llegeix m\u00e9s\u00bb<\/a><\/p>\n","protected":false},"author":3,"featured_media":0,"parent":8651,"menu_order":1,"comment_status":"closed","ping_status":"closed","template":"page-templates\/side-menu.php","meta":{"_bbp_topic_count":0,"_bbp_reply_count":0,"_bbp_total_topic_count":0,"_bbp_total_reply_count":0,"_bbp_voice_count":0,"_bbp_anonymous_reply_count":0,"_bbp_topic_count_hidden":0,"_bbp_reply_count_hidden":0,"_bbp_forum_subforum_count":0,"footnotes":""},"class_list":["post-9984","page","type-page","status-publish","hentry"],"post_mailing_queue_ids":[],"_links":{"self":[{"href":"https:\/\/projectes.xtec.cat\/memoriaieducacio\/wp-json\/wp\/v2\/pages\/9984","targetHints":{"allow":["GET"]}}],"collection":[{"href":"https:\/\/projectes.xtec.cat\/memoriaieducacio\/wp-json\/wp\/v2\/pages"}],"about":[{"href":"https:\/\/projectes.xtec.cat\/memoriaieducacio\/wp-json\/wp\/v2\/types\/page"}],"author":[{"embeddable":true,"href":"https:\/\/projectes.xtec.cat\/memoriaieducacio\/wp-json\/wp\/v2\/users\/3"}],"replies":[{"embeddable":true,"href":"https:\/\/projectes.xtec.cat\/memoriaieducacio\/wp-json\/wp\/v2\/comments?post=9984"}],"version-history":[{"count":3,"href":"https:\/\/projectes.xtec.cat\/memoriaieducacio\/wp-json\/wp\/v2\/pages\/9984\/revisions"}],"predecessor-version":[{"id":9988,"href":"https:\/\/projectes.xtec.cat\/memoriaieducacio\/wp-json\/wp\/v2\/pages\/9984\/revisions\/9988"}],"up":[{"embeddable":true,"href":"https:\/\/projectes.xtec.cat\/memoriaieducacio\/wp-json\/wp\/v2\/pages\/8651"}],"wp:attachment":[{"href":"https:\/\/projectes.xtec.cat\/memoriaieducacio\/wp-json\/wp\/v2\/media?parent=9984"}],"curies":[{"name":"wp","href":"https:\/\/api.w.org\/{rel}","templated":true}]}}