{"id":797,"date":"2015-11-28T21:06:57","date_gmt":"2015-11-28T20:06:57","guid":{"rendered":"http:\/\/agora.xtec.cat\/met\/?page_id=797"},"modified":"2025-11-20T17:16:23","modified_gmt":"2025-11-20T16:16:23","slug":"presentacio","status":"publish","type":"page","link":"https:\/\/projectes.xtec.cat\/met\/el-projecte\/presentacio\/","title":{"rendered":"Presentaci\u00f3"},"content":{"rendered":"<p><a href=\"https:\/\/suno.com\/song\/e3cf344a-2937-433c-8af0-d25e79440ba1\">CAN\u00c7\u00d3 mEduTarraco<\/a><\/p>\r\n<p><b>mEduTarraco \u00e9s una experi\u00e8ncia oberta a la comunitat educativa,<\/b> fam\u00edlies, alumnat, grups d&#8217;amics, etc, poden participar en aquest joc de geolocalitzaci\u00f3 que permet con\u00e8ixer la ciutat de Tarragona.<\/p>\r\n<p><span style=\"font-weight: 400;\">Despr\u00e9s de la bona acollida de les anteriors edicions especialment la del 2023 amb prop de 2000 alumnes participant. <\/span>S&#8217;engega<span style=\"font-weight: 400;\"> ja via formulari <a href=\"https:\/\/forms.gle\/wqsCeuCADXyHmH6f7\">Inscripci\u00f3 oberta!<\/a> perqu\u00e8 els propers mesos de<\/span><b> febrer , mar\u00e7<\/b><span style=\"font-weight: 400;\">,<strong>i abril hi podeu realitzar-lo.<\/strong> El repte de la pand\u00e8mia es va convertir en una oportunitat de trobar altres maneres de desenvolupar el projecte mantenint el mateix objectiu: con\u00e8ixer Tarragona de la m\u00e0 de dispositius m\u00f2bils.<\/span><\/p>\r\n<p><span style=\"font-weight: 400;\">Es va proposar que la data de realitzaci\u00f3 no fos nom\u00e9s un dia sin\u00f3 durant un per\u00edode permetent aix\u00ed una major autonomia als centres per poder decidir el dia\/&#8211;es que organitzativament els convenia m\u00e9s perqu\u00e8 els diferents grups vinguessin a Tarragona .<\/span><\/p>\r\n<p><span style=\"font-weight: 400;\">Amb aquesta finalitat mEduTarraco, en la seva l\u00edni<\/span><span style=\"font-weight: 400;\">a de visi\u00f3 inclusiva i de treball cooperatiu per compet\u00e8ncies que el caracteritza, se suma tamb\u00e9 als\u00a0 eixos del nou curr\u00edculum afavorint una situaci\u00f3 d&#8217;aprenentatge en qu\u00e8 la compet\u00e8ncia digital i el pensament cr\u00edtic prenguin part per desenvolupar ciutadans del futur.<\/span><\/p>\r\n<table>\r\n<tbody>\r\n<tr>\r\n<td style=\"text-align: center;\">\u00a0<\/td>\r\n<td><a href=\"https:\/\/www.diba.cat\/web\/ods\/educacio-de-qualitat\" target=\"_blank\" rel=\"noopener noreferrer\"><img loading=\"lazy\" decoding=\"async\" class=\"alignnone \" src=\"https:\/\/www.diba.cat\/documents\/329519160\/329986455\/S-WEB-Goal-04+cat.png\/d376d87a-0e4e-495a-bcfc-9e746d82f8a5?t=1594922116271\" width=\"118\" height=\"118\" \/><\/a><\/td>\r\n<\/tr>\r\n<\/tbody>\r\n<\/table>\r\n<p><span style=\"font-weight: 400;\">En aquest edici\u00f3 mEduTarraco es desenvolupar\u00e0\u00a0 en dues mo<\/span><span style=\"font-weight: 400;\">dalitats: <\/span><strong><span style=\"text-decoration: underline;\">mEduTarraco 26 ( amb els seus 3 itineraris )<\/span><\/strong> i, a m\u00e9s, <strong>mEduTarraco Medieval, <\/strong><strong style=\"font-family: inherit; font-size: 1em;\">un itinerari nou.\u00a0 <\/strong>mEduTarraco Medieval ha estat realitzat per i per a\u00a0 l&#8217;alumnat <span style=\"font-family: inherit; font-size: 1em;\">durant el curs 23-24.\u00a0<\/span><\/p>\r\n<p><strong>El curs 25-26 es caracteritza per la creaci\u00f3 d&#8217;un nou itinerari: mEduTarraco Port<\/strong>. Aquest itinerari estar\u00e0 elaborat pels mateixos alumnes que crearan reptes i contingut al voltant dels llocs d&#8217;inter\u00e8s. Els centres compataran amb l&#8217;assesorament de l&#8217;equip mEduTarraco mitjan\u00e7ant una activitat formativa que estructurar\u00e0 i culminar\u00e0 en uma jornada per als centres participants en qu\u00e8 provaran l&#8217;itinerari. T&#8217;interessaria participar? <strong><a href=\"https:\/\/aplicacions.gestioeducativa.gencat.cat\/ords\/pls\/soloas\/pk_for_mod_ins.p_for_detall_activitat?p_codi=7090411709&amp;p_curs=2025-2026&amp;p_es_inscr=S\">Inscripcions obertes<\/a><\/strong>\u00a0\u00a0<\/p>\r\n<div style=\"width: 1344px;\" class=\"wp-video\"><!--[if lt IE 9]><script>document.createElement('video');<\/script><![endif]-->\n<video class=\"wp-video-shortcode\" id=\"video-797-1\" width=\"1344\" height=\"768\" preload=\"metadata\" controls=\"controls\"><source type=\"video\/mp4\" src=\"https:\/\/projectes.xtec.cat\/met\/wp-content\/uploads\/usu1743\/2024\/10\/medutarraco-medieval.mp4?_=1\" \/><a href=\"https:\/\/projectes.xtec.cat\/met\/wp-content\/uploads\/usu1743\/2024\/10\/medutarraco-medieval.mp4\">https:\/\/projectes.xtec.cat\/met\/wp-content\/uploads\/usu1743\/2024\/10\/medutarraco-medieval.mp4<\/a><\/video><\/div>\r\n<p>Caracter\u00edstiques del projecte:<\/p>\r\n<ul>\r\n<li style=\"font-weight: 400;\" aria-level=\"1\"><span style=\"font-weight: 400;\">El projecte, en les dues modalitats, es far\u00e0 de <\/span><b>forma as\u00edncrona<\/b><span style=\"font-weight: 400;\">. S&#8217;obrir\u00e0 un per\u00edode dos mesos, des de l\u2019<\/span><b>1 de febrer fins al 30 d&#8217;abril de 2026<\/b><span style=\"font-weight: 400;\">, perqu\u00e8 els usuaris i usu\u00e0ries tri\u00efn la data m\u00e9s convenient per fer el joc.<\/span><\/li>\r\n<li style=\"font-weight: 400;\" aria-level=\"1\"><span style=\"font-weight: 400;\">Es pot sol.licitar la participaci\u00f3 completant un formulari per cada nivell educatiu i modalitat de participaci\u00f3 (ja sigui mEduTarraco en qualsevol dels tres itineraris, o mEduTarraco Medieval o ambdos).<\/span><\/li>\r\n<li style=\"font-weight: 400;\" aria-level=\"1\"><span style=\"font-weight: 400;\">Poden <\/span><b>participar en el projecte totes les persones <\/b><span style=\"font-weight: 400;\">interessades a con\u00e8ixer la ciutat. Els centres educatius poden seguir fent l\u2019activitat amb grups d\u2019alumnes. Se\u2019ls convida a engrescar <\/span><b>la comunitat educativa, fam\u00edlies i ciutadania en general<\/b><span style=\"font-weight: 400;\">,\u00a0 per gaudir de l&#8217;experi\u00e8ncia.<\/span><\/li>\r\n<li style=\"font-weight: 400;\" aria-level=\"1\"><span style=\"font-weight: 400;\">La participaci\u00f3 consistir\u00e0 en <\/span><b>visitar punts emblem\u00e0tics de la ciutat de Tarragona i contestar les preguntes<\/b><span style=\"font-weight: 400;\"> que planteja l\u2019aplicaci\u00f3 MHM.<\/span><\/li>\r\n<li style=\"font-weight: 400;\" aria-level=\"1\"><b>La puntuaci\u00f3 obtinguda<\/b><span style=\"font-weight: 400;\"> en funci\u00f3 de les respostes encertades, es visibilitzar\u00e0 en un<\/span><b> r\u00e0nquing.<\/b><\/li>\r\n<\/ul>\r\n<p>El Projecte mEduTarraco \u00e9s una iniciativa d\u2019un equip de 9 docents de diferents nivells educatius i est\u00e0 coorganitzat pels <a href=\"http:\/\/educacio.gencat.cat\/ca\/departament\/serveis-territorials\/tarragona\/\" target=\"_blank\" rel=\"noopener noreferrer\">Serveis Territorials d\u2019Educaci\u00f3 a Tarragona<\/a>, l<a href=\"https:\/\/www.tarragona.cat\/\" target=\"_blank\" rel=\"noopener noreferrer\">\u2019Ajuntament de Tarragona<\/a> i <a href=\"https:\/\/ciberespiral.org\/\">l&#8217;Associaci\u00f3 Espiral<\/a>. A m\u00e9s compta amb a col\u00b7laboraci\u00f3 del <a href=\"https:\/\/mschools.mobileworldcapital.com\/ca\/\" target=\"_blank\" rel=\"noopener noreferrer\">programa mSchools<\/a>, una iniciativa que impulsa la <a href=\"https:\/\/mobileworldcapital.com\/ca\/\" target=\"_blank\" rel=\"noopener noreferrer\">\u00a0Mobile World Capital Foundation<\/a> i amb el suport d&#8217;emtitats com <a href=\"https:\/\/www.itinerarium.com\/?pagerd_zhngq\" target=\"_blank\" rel=\"noopener noreferrer\">Itinerarium<\/a>, <a href=\"https:\/\/www.urv.cat\/ca\/\" target=\"_blank\" rel=\"noopener noreferrer\">Universitat Rovira i Virgili<\/a>, <a href=\"https:\/\/www.tarragona.cat\/patrimoni\/museu-historia\">Museu d&#8217;Hist\u00f2ria de Tarragona<\/a> i l\u2019<a href=\"https:\/\/www.porttarragona.cat\/ca\/\" target=\"_blank\" rel=\"noopener noreferrer\">Autoritat Portu\u00e0ria de Tarragona.<\/a><\/p>\r\n<p>Els centres educatius es poden <strong>inscriure via aquest <a href=\"https:\/\/forms.gle\/5JpzGa3DGjxB6Kiz8\">FORMULARI<\/a> .<\/strong><\/p>\r\n<p>Per\u00f2 mEduTarraco \u00e9s molt m\u00e9s. \u00c9s un projecte que va cr\u00e9ixer exponencialment a partir del curs 23-24, en 4 eixos que pots veure clicant la imatge::<\/p>\r\n<p><a href=\"https:\/\/www.canva.com\/design\/DAFtf5MtJn0\/A1TAQ5G0czceHi6_HYI-Tg\/view?utm_content=DAFtf5MtJn0&amp;utm_campaign=designshare&amp;utm_medium=link2&amp;utm_source=uniquelinks&amp;utlId=h43dbc6a2bf\"><img loading=\"lazy\" decoding=\"async\" class=\"alignnone size-full wp-image-10078\" src=\"https:\/\/projectes.xtec.cat\/met\/wp-content\/uploads\/usu1743\/2025\/02\/medutgrafica.jpg\" alt=\"\" width=\"753\" height=\"392\" srcset=\"https:\/\/projectes.xtec.cat\/met\/wp-content\/uploads\/usu1743\/2025\/02\/medutgrafica.jpg 753w, https:\/\/projectes.xtec.cat\/met\/wp-content\/uploads\/usu1743\/2025\/02\/medutgrafica-300x156.jpg 300w\" sizes=\"auto, (max-width: 753px) 100vw, 753px\" \/><\/a><\/p>\r\n<p>A partir del curs 25-26 disposarem d&#8217;una nova proposta que permetr\u00e0 crear i disposar d&#8217;un nou itinerari .<\/p>\r\n<p>Amb mEduTarraco creixem plegats!<\/p>\r\n\r\n<figure class=\"wp-block-image size-full\"><a href=\"https:\/\/projectes.xtec.cat\/met\/wp-content\/uploads\/usu1743\/2025\/09\/image.jpeg\"><img loading=\"lazy\" decoding=\"async\" width=\"133\" height=\"124\" class=\"wp-image-10256\" src=\"https:\/\/projectes.xtec.cat\/met\/wp-content\/uploads\/usu1743\/2025\/09\/image.jpeg\" alt=\"\" \/><\/a><\/figure>\r\n<!----comment node----><!--a=1-->","protected":false},"excerpt":{"rendered":"<p><a href=\"https:\/\/suno.com\/song\/e3cf344a-2937-433c-8af0-d25e79440ba1\">CAN\u00c7\u00d3 mEduTarraco<\/a><br \/>\nmEduTarraco \u00e9s una experi\u00e8ncia oberta a la comunitat educativa, fam\u00edlies, alumnat, grups d&#8217;amics, etc, poden participar en aquest joc de geolocalitzaci\u00f3 que permet con\u00e8ixer la ciutat de Tarragona.<br \/>\nDespr\u00e9s de la bona acollida de les anteriors edicions especialment la del 2023 amb prop de&hellip;  <a href=\"https:\/\/projectes.xtec.cat\/met\/el-projecte\/presentacio\/\" title=\"Read Presentaci\u00f3\">Llegeix m\u00e9s\u00bb<\/a><\/p>\n","protected":false},"author":1,"featured_media":0,"parent":806,"menu_order":10,"comment_status":"closed","ping_status":"closed","template":"page-templates\/side-menu.php","meta":{"_bbp_topic_count":0,"_bbp_reply_count":0,"_bbp_total_topic_count":0,"_bbp_total_reply_count":0,"_bbp_voice_count":0,"_bbp_anonymous_reply_count":0,"_bbp_topic_count_hidden":0,"_bbp_reply_count_hidden":0,"_bbp_forum_subforum_count":0,"footnotes":""},"class_list":["post-797","page","type-page","status-publish","hentry"],"post_mailing_queue_ids":[],"_links":{"self":[{"href":"https:\/\/projectes.xtec.cat\/met\/wp-json\/wp\/v2\/pages\/797","targetHints":{"allow":["GET"]}}],"collection":[{"href":"https:\/\/projectes.xtec.cat\/met\/wp-json\/wp\/v2\/pages"}],"about":[{"href":"https:\/\/projectes.xtec.cat\/met\/wp-json\/wp\/v2\/types\/page"}],"author":[{"embeddable":true,"href":"https:\/\/projectes.xtec.cat\/met\/wp-json\/wp\/v2\/users\/1"}],"replies":[{"embeddable":true,"href":"https:\/\/projectes.xtec.cat\/met\/wp-json\/wp\/v2\/comments?post=797"}],"version-history":[{"count":6,"href":"https:\/\/projectes.xtec.cat\/met\/wp-json\/wp\/v2\/pages\/797\/revisions"}],"predecessor-version":[{"id":10316,"href":"https:\/\/projectes.xtec.cat\/met\/wp-json\/wp\/v2\/pages\/797\/revisions\/10316"}],"up":[{"embeddable":true,"href":"https:\/\/projectes.xtec.cat\/met\/wp-json\/wp\/v2\/pages\/806"}],"wp:attachment":[{"href":"https:\/\/projectes.xtec.cat\/met\/wp-json\/wp\/v2\/media?parent=797"}],"curies":[{"name":"wp","href":"https:\/\/api.w.org\/{rel}","templated":true}]}}