{"id":8205,"date":"2018-01-04T16:14:13","date_gmt":"2018-01-04T15:14:13","guid":{"rendered":"http:\/\/projectes.xtec.cat\/met\/?page_id=8205"},"modified":"2023-11-10T21:38:03","modified_gmt":"2023-11-10T20:38:03","slug":"alumnat","status":"publish","type":"page","link":"https:\/\/projectes.xtec.cat\/met\/alumnat\/","title":{"rendered":"Alumnat"},"content":{"rendered":"<p><a href=\"https:\/\/projectes.xtec.cat\/met\/wp-content\/uploads\/usu1743\/2022\/12\/medutarraco5.jpg\"><img loading=\"lazy\" decoding=\"async\" class=\"wp-image-9461 alignleft\" src=\"https:\/\/projectes.xtec.cat\/met\/wp-content\/uploads\/usu1743\/2022\/12\/medutarraco5.jpg\" alt=\"\" width=\"151\" height=\"114\" srcset=\"https:\/\/projectes.xtec.cat\/met\/wp-content\/uploads\/usu1743\/2022\/12\/medutarraco5.jpg 279w, https:\/\/projectes.xtec.cat\/met\/wp-content\/uploads\/usu1743\/2022\/12\/medutarraco5-200x150.jpg 200w\" sizes=\"auto, (max-width: 151px) 100vw, 151px\" \/><\/a>En aquesta secci\u00f3 trobareu tota la informaci\u00f3 b\u00e0sica i necess\u00e0ria per participar en el projecte mEduTarraco.<\/p>\n<p>Desplegueu el men\u00fa Alumnat i escolliu opcions:<\/p>\n<p>&nbsp;<\/p>\n<ul>\n<li><a href=\"https:\/\/projectes.xtec.cat\/met\/materials\/\">Escenaris<\/a> de la plataforma MHM . \ud83d\udcf2<\/li>\n<li><a href=\"https:\/\/projectes.xtec.cat\/met\/instruccions\/\">Instruccions<\/a>. \ud83d\udc81 <a href=\"https:\/\/view.genial.ly\/654cf2f7454d9a001222a5da\/guide-instruccions-medutarraco24\"><img loading=\"lazy\" decoding=\"async\" class=\"alignnone size-full wp-image-9734\" src=\"https:\/\/projectes.xtec.cat\/met\/wp-content\/uploads\/usu1743\/2023\/11\/guia.jpg\" alt=\"\" width=\"270\" height=\"144\" \/><\/a><\/li>\n<li><a href=\"https:\/\/projectes.xtec.cat\/met\/les-eines\/\">Eines<\/a>.\ud83d\udd27<\/li>\n<\/ul>\n<p><iframe loading=\"lazy\" class=\"giphy-embed\" src=\"https:\/\/giphy.com\/embed\/pLnD9BkZIsYpsXdTD7\" width=\"480\" height=\"480\" frameborder=\"0\" allowfullscreen=\"allowfullscreen\"><\/iframe><\/p>\n<p><a href=\"https:\/\/giphy.com\/gifs\/phone-smartphone-telefono-pLnD9BkZIsYpsXdTD7\">via GIPHY<\/a><\/p>\n<p>&nbsp;<\/p>\n<div id=\"gtx-trans\" style=\"position: absolute; left: 12px; top: 199.116px;\">\n<div class=\"gtx-trans-icon\"><\/div>\n<\/div>\n","protected":false},"excerpt":{"rendered":"<p><a href=\"https:\/\/projectes.xtec.cat\/met\/wp-content\/uploads\/usu1743\/2022\/12\/medutarraco5.jpg\"><\/a>En aquesta secci\u00f3 trobareu tota la informaci\u00f3 b\u00e0sica i necess\u00e0ria per participar en el projecte mEduTarraco.<br \/>\nDesplegueu el men\u00fa Alumnat i escolliu opcions:<br \/>\n&nbsp;<\/p>\n<ul>\n<li><a href=\"https:\/\/projectes.xtec.cat\/met\/materials\/\">Escenaris<\/a> de la plataforma MHM . \ud83d\udcf2<\/li>\n<li><a href=\"https:\/\/projectes.xtec.cat\/met\/instruccions\/\">Instruccions<\/a>. \ud83d\udc81 <a href=\"https:\/\/view.genial.ly\/654cf2f7454d9a001222a5da\/guide-instruccions-medutarraco24\"><\/a><\/li>\n<li><a href=\"https:\/\/projectes.xtec.cat\/met\/les-eines\/\">Eines<\/a>.\ud83d\udd27<\/li>\n<\/ul>\n<p><a href=\"https:\/\/giphy.com\/gifs\/phone-smartphone-telefono-pLnD9BkZIsYpsXdTD7\">via GIPHY<\/a><br \/>\n&nbsp;<\/p>\n","protected":false},"author":6,"featured_media":0,"parent":0,"menu_order":0,"comment_status":"closed","ping_status":"closed","template":"page-templates\/side-menu.php","meta":{"_bbp_topic_count":0,"_bbp_reply_count":0,"_bbp_total_topic_count":0,"_bbp_total_reply_count":0,"_bbp_voice_count":0,"_bbp_anonymous_reply_count":0,"_bbp_topic_count_hidden":0,"_bbp_reply_count_hidden":0,"_bbp_forum_subforum_count":0,"footnotes":""},"class_list":["post-8205","page","type-page","status-publish","hentry"],"post_mailing_queue_ids":[],"_links":{"self":[{"href":"https:\/\/projectes.xtec.cat\/met\/wp-json\/wp\/v2\/pages\/8205","targetHints":{"allow":["GET"]}}],"collection":[{"href":"https:\/\/projectes.xtec.cat\/met\/wp-json\/wp\/v2\/pages"}],"about":[{"href":"https:\/\/projectes.xtec.cat\/met\/wp-json\/wp\/v2\/types\/page"}],"author":[{"embeddable":true,"href":"https:\/\/projectes.xtec.cat\/met\/wp-json\/wp\/v2\/users\/6"}],"replies":[{"embeddable":true,"href":"https:\/\/projectes.xtec.cat\/met\/wp-json\/wp\/v2\/comments?post=8205"}],"version-history":[{"count":5,"href":"https:\/\/projectes.xtec.cat\/met\/wp-json\/wp\/v2\/pages\/8205\/revisions"}],"predecessor-version":[{"id":9736,"href":"https:\/\/projectes.xtec.cat\/met\/wp-json\/wp\/v2\/pages\/8205\/revisions\/9736"}],"wp:attachment":[{"href":"https:\/\/projectes.xtec.cat\/met\/wp-json\/wp\/v2\/media?parent=8205"}],"curies":[{"name":"wp","href":"https:\/\/api.w.org\/{rel}","templated":true}]}}