{"id":8212,"date":"2018-01-04T16:23:38","date_gmt":"2018-01-04T15:23:38","guid":{"rendered":"http:\/\/projectes.xtec.cat\/met\/?page_id=8212"},"modified":"2025-01-21T16:31:48","modified_gmt":"2025-01-21T15:31:48","slug":"instruccions","status":"publish","type":"page","link":"https:\/\/projectes.xtec.cat\/met\/instruccions\/","title":{"rendered":"Instruccions"},"content":{"rendered":"<p>Enguany amb mEduTarraco 25 i mEduTarraco Medieval, m\u00e9s punts d&#8217;inter\u00e8s, m\u00e9s diversi\u00f3!!!<\/p>\n<p>Oriientacions per desenvolupar les activitats amb l&#8217;alumnat:<\/p>\n<div style=\"width: 100%;\">\n<div style=\"position: relative; padding-bottom: 56.25%; padding-top: 0; height: 0;\"><iframe loading=\"lazy\" style=\"position: absolute; top: 0; left: 0; width: 100%; height: 100%;\" title=\"INSTRUCCIONS MEDUTARRACO\" src=\"https:\/\/view.genially.com\/678f4f8850330c1673af4d18\" width=\"1200\" height=\"675\" frameborder=\"0\" scrolling=\"yes\" allowfullscreen=\"allowfullscreen\"><\/iframe><\/div>\n<\/div>\n<p>&nbsp;<\/p>\n<p>Video explicatiu:<\/p>\n<p><iframe loading=\"lazy\" title=\"mEduTarraco24\" width=\"500\" height=\"281\" src=\"https:\/\/www.youtube.com\/embed\/V4updjaw7cM?feature=oembed\" frameborder=\"0\" allow=\"accelerometer; autoplay; clipboard-write; encrypted-media; gyroscope; picture-in-picture; web-share\" referrerpolicy=\"strict-origin-when-cross-origin\" allowfullscreen><\/iframe><\/p>\n<p>&nbsp;<\/p>\n<p>&nbsp;<\/p>\n<p>Recordeu:<\/p>\n<ul>\n<li style=\"font-weight: 400;\" aria-level=\"1\"><span style=\"font-weight: 400;\">L\u2019activitat es pot fer individualment o per grups<\/span><\/li>\n<li style=\"font-weight: 400;\" aria-level=\"1\"><span style=\"font-weight: 400;\">Cal concretar amb els alumnes els dispositius m\u00f2bils que s\u2019utilitzaran el dia de l\u2019activitat. \u00c9s recomanable 2 m\u00f2bils per grup i una bateria externa<\/span><\/li>\n<li style=\"font-weight: 400;\" aria-level=\"1\"><span style=\"font-weight: 400;\">Les aplicacions MHM (imprescindible) i Instagram (opcional) necess\u00e0ries per fer les activitats<\/span><\/li>\n<li style=\"font-weight: 400;\" aria-level=\"1\"><span style=\"font-weight: 400;\">\u00c9s recomanable donar d\u2019alta als grups d\u2019alumnes en la plataforma MHM abans del dia de l\u2019activitat i tenir un compte creat a Instagram<\/span><\/li>\n<li style=\"font-weight: 400;\" aria-level=\"1\"><span style=\"font-weight: 400;\">Facilitar que els alumnes puguin dur a terme les activitats previstes als diferents punts d\u2019inter\u00e8s.<\/span><\/li>\n<li style=\"font-weight: 400;\" aria-level=\"1\"><span style=\"font-weight: 400;\">Facilitar un n\u00famero de m\u00f2bil del grup d\u2019alumnes als professors acompanyants<\/span><\/li>\n<li style=\"font-weight: 400;\" aria-level=\"1\"><span style=\"font-weight: 400;\">Es pot crear un grup de whatsapp per a professors i alumnes, per estar en contacte al llarg de tota l\u2019activitat. Es pot enviar la ubicaci\u00f3 en temps real<\/span><\/li>\n<li style=\"font-weight: 400;\" aria-level=\"1\"><span style=\"font-weight: 400;\">Tarragona \u00e9s una ciutat for\u00e7a segura. Tot i aix\u00ed, i com a mesura preventiva, intenteu no deixar objectes de valor a la vista (m\u00f2bils, carteres\u2026)<\/span><\/li>\n<li style=\"font-weight: 400;\" aria-level=\"1\">L\u2019alumnat pot publicar a Instagram fotos seves als llocs d\u2019inter\u00e8s que visitin, amb el hashtag <b style=\"font-family: inherit; font-size: 1em;\">#medutarraco25\u00a0 \u00a0 #medutarracomedieval<\/b><\/li>\n<li aria-level=\"1\">Els punts que formen\u00a0 els itineraris mEduTarraco permeten\u00a0 com per visites m\u00e9s detallades com El Cir, l&#8217;Amfiteatre, la Catedral, Passeig Arqueol\u00f2gic, Antiga Audi\u00e8ncia,etc. Tarragona ofereix parcs i espais per fer pausa i esmorzar o dinar: Parc de Mart, Parc Amfiteatre,etc.<\/li>\n<\/ul>\n<p><a href=\"https:\/\/docs.google.com\/forms\/d\/e\/1FAIpQLSekqHVN6F4ULEJkwp8OE45VCXY9_DXnHfiV67-6U5G6erHF9w\/viewform\">FORMULARI INSCRIPCI\u00d3 PER ALS CENTRES<\/a><\/p>\n<p><a href=\"https:\/\/projectes.xtec.cat\/met\/wp-content\/uploads\/usu1743\/2025\/01\/Green-Bliue-Modern-Gaming-Channel-Youtube-Banner.jpg\"><img loading=\"lazy\" decoding=\"async\" class=\"alignnone size-large wp-image-10036\" src=\"https:\/\/projectes.xtec.cat\/met\/wp-content\/uploads\/usu1743\/2025\/01\/Green-Bliue-Modern-Gaming-Channel-Youtube-Banner-1024x576.jpg\" alt=\"\" width=\"1024\" height=\"576\" srcset=\"https:\/\/projectes.xtec.cat\/met\/wp-content\/uploads\/usu1743\/2025\/01\/Green-Bliue-Modern-Gaming-Channel-Youtube-Banner-1024x576.jpg 1024w, https:\/\/projectes.xtec.cat\/met\/wp-content\/uploads\/usu1743\/2025\/01\/Green-Bliue-Modern-Gaming-Channel-Youtube-Banner-300x169.jpg 300w, https:\/\/projectes.xtec.cat\/met\/wp-content\/uploads\/usu1743\/2025\/01\/Green-Bliue-Modern-Gaming-Channel-Youtube-Banner-768x432.jpg 768w, https:\/\/projectes.xtec.cat\/met\/wp-content\/uploads\/usu1743\/2025\/01\/Green-Bliue-Modern-Gaming-Channel-Youtube-Banner-1536x864.jpg 1536w, https:\/\/projectes.xtec.cat\/met\/wp-content\/uploads\/usu1743\/2025\/01\/Green-Bliue-Modern-Gaming-Channel-Youtube-Banner-2048x1152.jpg 2048w\" sizes=\"auto, (max-width: 1024px) 100vw, 1024px\" \/><\/a><\/p>\n<p>Un cop finalitzeu l&#8217;activitat , podeu omplir els FORMULARIS DE VALORACI\u00d3. Tindreu disponibles dos\u00a0 que podeu consultar aqu\u00ed :<\/p>\n<ul style=\"list-style-type: square;\">\n<li><a href=\"https:\/\/forms.gle\/nXRE94L1LkqUDQj1A\">Formulari Professorat (any 2023)<\/a><\/li>\n<li><a href=\"https:\/\/forms.gle\/CynaDqsexqT6HVr49\">Formulari Alumnat<\/a> 2023(un per grup classe)<\/li>\n<\/ul>\n<p>&nbsp;<\/p>\n","protected":false},"excerpt":{"rendered":"<p>Enguany amb mEduTarraco 25 i mEduTarraco Medieval, m\u00e9s punts d&#8217;inter\u00e8s, m\u00e9s diversi\u00f3!!!<br \/>\nOriientacions per desenvolupar les activitats amb l&#8217;alumnat:<\/p>\n<p>&nbsp;<br \/>\nVideo explicatiu:<\/p>\n<p>&nbsp;<br \/>\n&nbsp;<br \/>\nRecordeu:<\/p>\n<ul>\n<li style=\"font-weight: 400;\" aria-level=\"1\">L\u2019activitat es pot fer individualment o per grups<\/li>\n<li style=\"font-weight: 400;\" aria-level=\"1\">Cal concretar amb els alumnes els dispositius m\u00f2bils que s\u2019utilitzaran el dia de l\u2019activitat.&hellip;  <a href=\"https:\/\/projectes.xtec.cat\/met\/instruccions\/\" title=\"Read Instruccions\">Llegeix m\u00e9s\u00bb<\/a><br \/>\n","protected":false},"author":6,"featured_media":0,"parent":0,"menu_order":0,"comment_status":"closed","ping_status":"closed","template":"","meta":{"_bbp_topic_count":0,"_bbp_reply_count":0,"_bbp_total_topic_count":0,"_bbp_total_reply_count":0,"_bbp_voice_count":0,"_bbp_anonymous_reply_count":0,"_bbp_topic_count_hidden":0,"_bbp_reply_count_hidden":0,"_bbp_forum_subforum_count":0,"footnotes":""},"class_list":["post-8212","page","type-page","status-publish","hentry"],"post_mailing_queue_ids":[],"_links":{"self":[{"href":"https:\/\/projectes.xtec.cat\/met\/wp-json\/wp\/v2\/pages\/8212","targetHints":{"allow":["GET"]}}],"collection":[{"href":"https:\/\/projectes.xtec.cat\/met\/wp-json\/wp\/v2\/pages"}],"about":[{"href":"https:\/\/projectes.xtec.cat\/met\/wp-json\/wp\/v2\/types\/page"}],"author":[{"embeddable":true,"href":"https:\/\/projectes.xtec.cat\/met\/wp-json\/wp\/v2\/users\/6"}],"replies":[{"embeddable":true,"href":"https:\/\/projectes.xtec.cat\/met\/wp-json\/wp\/v2\/comments?post=8212"}],"version-history":[{"count":7,"href":"https:\/\/projectes.xtec.cat\/met\/wp-json\/wp\/v2\/pages\/8212\/revisions"}],"predecessor-version":[{"id":10037,"href":"https:\/\/projectes.xtec.cat\/met\/wp-json\/wp\/v2\/pages\/8212\/revisions\/10037"}],"wp:attachment":[{"href":"https:\/\/projectes.xtec.cat\/met\/wp-json\/wp\/v2\/media?parent=8212"}],"curies":[{"name":"wp","href":"https:\/\/api.w.org\/{rel}","templated":true}]}}