{"id":8240,"date":"2018-01-04T16:37:24","date_gmt":"2018-01-04T15:37:24","guid":{"rendered":"http:\/\/projectes.xtec.cat\/met\/?page_id=8240"},"modified":"2020-03-05T10:46:52","modified_gmt":"2020-03-05T09:46:52","slug":"referencies","status":"publish","type":"page","link":"https:\/\/projectes.xtec.cat\/met\/referencies\/","title":{"rendered":"Refer\u00e8ncies"},"content":{"rendered":"<p>Relaci\u00f3 de webs de refer\u00e8ncia per al projecte<\/p>\n<table>\n<tbody>\n<tr>\n<td><a href=\"https:\/\/www.youtube.com\/watch?v=ZAQubB4u97Q&amp;t=1s\" target=\"_blank\" rel=\"noopener noreferrer\">V\u00eddeo mdeuTarraco edici\u00f3 2018<\/a><\/td>\n<\/tr>\n<tr>\n<td><a href=\"https:\/\/www.youtube.com\/watch?time_continue=1&amp;v=3sYtcIYeQto\" target=\"_blank\" rel=\"noopener noreferrer\">V\u00eddeo Tarraconada\u00a0 edici\u00f3 2017<\/a><\/td>\n<\/tr>\n<tr>\n<td><a href=\"http:\/\/www.imageen.net\/tarraco\/\" target=\"_blank\" rel=\"noopener noreferrer\">Imageen<\/a><\/td>\n<\/tr>\n<tr>\n<td><a href=\"http:\/\/www.wmcproject.org\/tarragona\/\" target=\"_blank\" rel=\"noopener noreferrer\">Web Tarraconada 2017<\/a><\/td>\n<\/tr>\n<tr>\n<td><a href=\"http:\/\/xtec.gencat.cat\/ca\/recursos\/projxarxa\/videos-projectes\/barcelonada\/\" target=\"_blank\" rel=\"noopener noreferrer\">V\u00eddeo Barcelonada edici\u00f3 2015<\/a><\/td>\n<\/tr>\n<tr>\n<td><a href=\"http:\/\/www.tressisens.net\/WQtarraconins\/wq\/wqtarraconins\/\" target=\"_blank\" rel=\"noopener noreferrer\">Aq\u00fceductes i termes romanes a Europa<\/a>. Webquest<\/td>\n<\/tr>\n<\/tbody>\n<\/table>\n<p>&nbsp;<\/p>\n<table style=\"width: 355px;\">\n<tbody>\n<tr>\n<td style=\"width: 121px;\"><\/td>\n<td style=\"width: 226px;\"><a href=\"http:\/\/mhm.mobileworldcapital.com\/ca\" target=\"_blank\" rel=\"noopener noreferrer\">Plataforma MHM<\/a><\/td>\n<\/tr>\n<tr>\n<td style=\"width: 121px;\"><\/td>\n<td style=\"width: 226px;\"><a href=\"http:\/\/blocs.xtec.cat\/mhmap\/tutorials\/\" target=\"_blank\" rel=\"noopener noreferrer\">Tutorials del MHM<\/a><\/td>\n<\/tr>\n<tr>\n<td style=\"width: 121px;\"><\/td>\n<td style=\"width: 226px;\"><\/td>\n<\/tr>\n<\/tbody>\n<\/table>\n<p>&nbsp;<\/p>\n","protected":false},"excerpt":{"rendered":"<p>Relaci\u00f3 de webs de refer\u00e8ncia per al projecte<\/p>\n<p><a href=\"https:\/\/www.youtube.com\/watch?v=ZAQubB4u97Q&amp;t=1s\" target=\"_blank\" rel=\"noopener noreferrer\">V\u00eddeo mdeuTarraco edici\u00f3 2018<\/a><\/p>\n<p><a href=\"https:\/\/www.youtube.com\/watch?time_continue=1&amp;v=3sYtcIYeQto\" target=\"_blank\" rel=\"noopener noreferrer\">V\u00eddeo Tarraconada\u00a0 edici\u00f3 2017<\/a><\/p>\n<p><a href=\"http:\/\/www.imageen.net\/tarraco\/\" target=\"_blank\" rel=\"noopener noreferrer\">Imageen<\/a><\/p>\n<p><a href=\"http:\/\/www.wmcproject.org\/tarragona\/\" target=\"_blank\" rel=\"noopener noreferrer\">Web Tarraconada 2017<\/a><\/p>\n<p><a href=\"http:\/\/xtec.gencat.cat\/ca\/recursos\/projxarxa\/videos-projectes\/barcelonada\/\" target=\"_blank\" rel=\"noopener noreferrer\">V\u00eddeo Barcelonada edici\u00f3 2015<\/a><\/p>\n<p><a href=\"http:\/\/www.tressisens.net\/WQtarraconins\/wq\/wqtarraconins\/\" target=\"_blank\" rel=\"noopener noreferrer\">Aq\u00fceductes i termes&hellip;  <a href=\"https:\/\/projectes.xtec.cat\/met\/referencies\/\" title=\"Read Refer\u00e8ncies\">Llegeix m\u00e9s\u00bb<\/a><\/p>\n","protected":false},"author":6,"featured_media":0,"parent":0,"menu_order":0,"comment_status":"closed","ping_status":"closed","template":"","meta":{"_bbp_topic_count":0,"_bbp_reply_count":0,"_bbp_total_topic_count":0,"_bbp_total_reply_count":0,"_bbp_voice_count":0,"_bbp_anonymous_reply_count":0,"_bbp_topic_count_hidden":0,"_bbp_reply_count_hidden":0,"_bbp_forum_subforum_count":0,"footnotes":""},"class_list":["post-8240","page","type-page","status-publish","hentry"],"post_mailing_queue_ids":[],"_links":{"self":[{"href":"https:\/\/projectes.xtec.cat\/met\/wp-json\/wp\/v2\/pages\/8240","targetHints":{"allow":["GET"]}}],"collection":[{"href":"https:\/\/projectes.xtec.cat\/met\/wp-json\/wp\/v2\/pages"}],"about":[{"href":"https:\/\/projectes.xtec.cat\/met\/wp-json\/wp\/v2\/types\/page"}],"author":[{"embeddable":true,"href":"https:\/\/projectes.xtec.cat\/met\/wp-json\/wp\/v2\/users\/6"}],"replies":[{"embeddable":true,"href":"https:\/\/projectes.xtec.cat\/met\/wp-json\/wp\/v2\/comments?post=8240"}],"version-history":[{"count":3,"href":"https:\/\/projectes.xtec.cat\/met\/wp-json\/wp\/v2\/pages\/8240\/revisions"}],"predecessor-version":[{"id":8881,"href":"https:\/\/projectes.xtec.cat\/met\/wp-json\/wp\/v2\/pages\/8240\/revisions\/8881"}],"wp:attachment":[{"href":"https:\/\/projectes.xtec.cat\/met\/wp-json\/wp\/v2\/media?parent=8240"}],"curies":[{"name":"wp","href":"https:\/\/api.w.org\/{rel}","templated":true}]}}