{"id":8428,"date":"2018-02-15T10:10:08","date_gmt":"2018-02-15T09:10:08","guid":{"rendered":"http:\/\/projectes.xtec.cat\/met\/?page_id=8428"},"modified":"2022-11-09T08:40:09","modified_gmt":"2022-11-09T07:40:09","slug":"objectius","status":"publish","type":"page","link":"https:\/\/projectes.xtec.cat\/met\/objectius\/","title":{"rendered":"Objectius"},"content":{"rendered":"<p>&nbsp;<\/p>\n<p>Els objectius d&#8217;aquest projecte s\u00f3n:<\/p>\n<ul>\n<li style=\"font-weight: 400;\"><span style=\"font-weight: 400;\">Facilitar l\u2019autonomia de l\u2019alumnat.<\/span><\/li>\n<li style=\"font-weight: 400;\"><span style=\"font-weight: 400;\">Millorar la compet\u00e8ncia digital dels estudiants.<\/span><\/li>\n<li style=\"font-weight: 400;\"><span style=\"font-weight: 400;\">Resoldre problemes en grups cooperatius.<\/span><\/li>\n<li style=\"font-weight: 400;\"><span style=\"font-weight: 400;\">Compartir coneixement en la Xarxa.<\/span><\/li>\n<li style=\"font-weight: 400;\"><span style=\"font-weight: 400;\">Participar activament en entorns interactius d\u2019aprenentatge. <\/span><\/li>\n<li style=\"font-weight: 400;\"><span style=\"font-weight: 400;\">Con\u00e8ixer \u00a0els llocs d\u2019inter\u00e8s de la ciutat (patrimonials, culturals, socials..).<\/span><\/li>\n<li style=\"font-weight: 400;\"><span style=\"font-weight: 400;\">Localitzar qualsevol punt de la ciutat amb els mitjans cl\u00e0ssics (mapes, br\u00faixola..).<\/span><\/li>\n<li style=\"font-weight: 400;\"><span style=\"font-weight: 400;\">Dissenyar rutes geolocaitzades amb els punts triats de la ciutat. <\/span><\/li>\n<li style=\"font-weight: 400;\"><span style=\"font-weight: 400;\">Familiaritzar-se amb l\u2018\u00fas de les darreres tecnologies .<\/span><\/li>\n<li style=\"font-weight: 400;\"><span style=\"font-weight: 400;\">Moure\u2019s per la ciutat fent servir el transport adient.<\/span><\/li>\n<li style=\"font-weight: 400;\"><span style=\"font-weight: 400;\">Formar criteri en la utilitzaci\u00f3 dels dispositius m\u00f2bils i de les aplicacions.<\/span><\/li>\n<li style=\"font-weight: 400;\"><span style=\"font-weight: 400;\">Fomentar el civisme i bons h\u00e0bits ciutadans.<\/span><\/li>\n<li style=\"font-weight: 400;\"><span style=\"font-weight: 400;\">Construir nou coneixement personal mitjan\u00e7ant estrat\u00e8gies de tractament de la informaci\u00f3 amb el suport d\u2019aplicacions digitals.<\/span><\/li>\n<li style=\"font-weight: 400;\"><span style=\"font-weight: 400;\">Valorar la necessitat de treballar en entorns digitals segurs.<\/span><\/li>\n<li style=\"font-weight: 400;\"><span style=\"font-weight: 400;\">Facilitar el canvi en les formes de producci\u00f3, difusi\u00f3 i consum del coneixement i la cultura.<\/span><\/li>\n<\/ul>\n<p>&nbsp;<\/p>\n","protected":false},"excerpt":{"rendered":"<p>&nbsp;<br \/>\nEls objectius d&#8217;aquest projecte s\u00f3n:<\/p>\n<ul>\n<li style=\"font-weight: 400;\">Facilitar l\u2019autonomia de l\u2019alumnat.<\/li>\n<li style=\"font-weight: 400;\">Millorar la compet\u00e8ncia digital dels estudiants.<\/li>\n<li style=\"font-weight: 400;\">Resoldre problemes en grups cooperatius.<\/li>\n<li style=\"font-weight: 400;\">Compartir coneixement en la Xarxa.<\/li>\n<li style=\"font-weight: 400;\">Participar activament en entorns interactius d\u2019aprenentatge. <\/li>\n<li style=\"font-weight: 400;\">Con\u00e8ixer \u00a0els llocs d\u2019inter\u00e8s de la ciutat&hellip;  <a href=\"https:\/\/projectes.xtec.cat\/met\/objectius\/\" title=\"Read Objectius\">Llegeix m\u00e9s\u00bb<\/a><br \/>\n","protected":false},"author":6,"featured_media":0,"parent":0,"menu_order":0,"comment_status":"closed","ping_status":"closed","template":"","meta":{"_bbp_topic_count":0,"_bbp_reply_count":0,"_bbp_total_topic_count":0,"_bbp_total_reply_count":0,"_bbp_voice_count":0,"_bbp_anonymous_reply_count":0,"_bbp_topic_count_hidden":0,"_bbp_reply_count_hidden":0,"_bbp_forum_subforum_count":0,"footnotes":""},"class_list":["post-8428","page","type-page","status-publish","hentry"],"post_mailing_queue_ids":[],"_links":{"self":[{"href":"https:\/\/projectes.xtec.cat\/met\/wp-json\/wp\/v2\/pages\/8428","targetHints":{"allow":["GET"]}}],"collection":[{"href":"https:\/\/projectes.xtec.cat\/met\/wp-json\/wp\/v2\/pages"}],"about":[{"href":"https:\/\/projectes.xtec.cat\/met\/wp-json\/wp\/v2\/types\/page"}],"author":[{"embeddable":true,"href":"https:\/\/projectes.xtec.cat\/met\/wp-json\/wp\/v2\/users\/6"}],"replies":[{"embeddable":true,"href":"https:\/\/projectes.xtec.cat\/met\/wp-json\/wp\/v2\/comments?post=8428"}],"version-history":[{"count":3,"href":"https:\/\/projectes.xtec.cat\/met\/wp-json\/wp\/v2\/pages\/8428\/revisions"}],"predecessor-version":[{"id":9447,"href":"https:\/\/projectes.xtec.cat\/met\/wp-json\/wp\/v2\/pages\/8428\/revisions\/9447"}],"wp:attachment":[{"href":"https:\/\/projectes.xtec.cat\/met\/wp-json\/wp\/v2\/media?parent=8428"}],"curies":[{"name":"wp","href":"https:\/\/api.w.org\/{rel}","templated":true}]}}