{"id":8439,"date":"2018-02-16T16:34:14","date_gmt":"2018-02-16T15:34:14","guid":{"rendered":"http:\/\/projectes.xtec.cat\/met\/?page_id=8439"},"modified":"2020-02-10T09:01:20","modified_gmt":"2020-02-10T08:01:20","slug":"competencies","status":"publish","type":"page","link":"https:\/\/projectes.xtec.cat\/met\/competencies\/","title":{"rendered":"Compet\u00e8ncies"},"content":{"rendered":"<p>La principal compet\u00e8ncia b\u00e0sica de caire metod\u00f2logic \u00e9s la d<strong>\u2019aprendre a aprendre<\/strong> present tant a nivell de prim\u00e0ria com a secund\u00e0ria. Els permetr\u00e0 seguir aprenent de forma aut\u00f2noma d\u2019acord amb els propis objectius i necessitats aix\u00ed com guiar\u00e0 les accions i el desenvolupament de totes les altres compet\u00e8ncies b\u00e0siques que incloem tot seguit:<\/p>\n<p>&nbsp;<\/p>\n<table>\n<tbody>\n<tr>\n<td colspan=\"2\">\n<h2><b>Compet\u00e8ncies b\u00e0siques de l\u2019\u00e0mbit social<\/b><\/h2>\n<p>&nbsp;<\/td>\n<\/tr>\n<tr>\n<td><b>Dimensi\u00f3 cultural i art\u00edstica<\/b><\/td>\n<td><\/td>\n<\/tr>\n<tr>\n<td>Compet\u00e8ncia \u00a08<\/td>\n<td><span style=\"font-weight: 400;\">Analitzar les manifestacions culturals i relacionar-les amb els seus creadors i la seva \u00e8poca, per interpretar les diverses cosmovisions i la seva finalitat.<\/span><\/td>\n<\/tr>\n<tr>\n<td><span style=\"font-weight: 400;\">Compet\u00e8ncia 9<\/span><\/td>\n<td><span style=\"font-weight: 400;\">Valorar el patrimoni cultural com a her\u00e8ncia rebuda del passat, per defensar-ne la conservaci\u00f3 i afavorir que les generacions futures se l\u2019apropi\u00efn<\/span><\/td>\n<\/tr>\n<tr>\n<td><span style=\"font-weight: 400;\">Compet\u00e8ncia 10<\/span><\/td>\n<td><span style=\"font-weight: 400;\">Valorar les expressions culturals pr\u00f2pies, per afavorir la construcci\u00f3 de la identitat personal dins d\u2019un m\u00f3n global i divers.<\/span><\/td>\n<\/tr>\n<tr>\n<td colspan=\"2\">\n<h2><b>Compet\u00e8ncies b\u00e0siques de l\u2019\u00e0mbit digital<\/b><\/h2>\n<p>&nbsp;<\/td>\n<\/tr>\n<tr>\n<td><b>Dimensi\u00f3 instruments i aplicacions<\/b><\/td>\n<td><\/td>\n<\/tr>\n<tr>\n<td><span style=\"font-weight: 400;\">Compet\u00e8ncia 3<\/span><\/td>\n<td><span style=\"font-weight: 400;\">Utilitzar les aplicacions b\u00e0siques d\u2019edici\u00f3 d\u2019imatge fixa, so i imatge en moviment per a produccions de documents digitals.<\/span><\/td>\n<\/tr>\n<tr>\n<td><b>Dimensi\u00f3 de tractament de la informaci\u00f3 i organitzaci\u00f3 dels entorns de treball i aprenentatge<\/b><\/td>\n<td><\/td>\n<\/tr>\n<tr>\n<td><span style=\"font-weight: 400;\">Compet\u00e8ncia 4<\/span><\/td>\n<td><span style=\"font-weight: 400;\">Cercar, contrastar i seleccionar informaci\u00f3 digital adequada per al treball a realitzar, tot considerant diverses fonts i mitjans digitals.<\/span><\/td>\n<\/tr>\n<tr>\n<td><b>Dimensi\u00f3 comunicaci\u00f3 interpersonal i col\u00b7laboraci\u00f3<\/b><\/td>\n<td><\/td>\n<\/tr>\n<tr>\n<td><span style=\"font-weight: 400;\">Compet\u00e8ncia 7<\/span><\/td>\n<td><span style=\"font-weight: 400;\"> Participar en entorns de comunicaci\u00f3 interpersonal i publicacions virtuals per compartir informaci\u00f3.<\/span><\/td>\n<\/tr>\n<tr>\n<td><span style=\"font-weight: 400;\">Compet\u00e8ncia 8<\/span><\/td>\n<td><span style=\"font-weight: 400;\">Realitzar activitats en grup tot utilitzant eines i entorns virtuals de treball col\u00b7laboratiu.<\/span><\/td>\n<\/tr>\n<tr>\n<td colspan=\"2\">\n<h2><b>Compet\u00e8ncies b\u00e0siques de l\u2019\u00e0mbit ling\u00fc\u00edstic<\/b><\/h2>\n<p>&nbsp;<\/td>\n<\/tr>\n<tr>\n<td><b>Dimensi\u00f3 comprensi\u00f3 lectora<\/b><\/td>\n<td><\/td>\n<\/tr>\n<tr>\n<td><span style=\"font-weight: 400;\">Compet\u00e8ncia 2<\/span><\/td>\n<td><span style=\"font-weight: 400;\">Aplicar estrat\u00e8gies de comprensi\u00f3 per obtenir informaci\u00f3, interpretar i valorar el contingut d\u2019acord amb la tipologia i la complexitat del text i el prop\u00f2sit de la lectura.<\/span><\/td>\n<\/tr>\n<tr>\n<td><span style=\"font-weight: 400;\">Compet\u00e8ncia 3<\/span><\/td>\n<td><span style=\"font-weight: 400;\">Utilitzar, per comprendre un text, l\u2019estructura i el format de cada g\u00e8nere textual i el component sem\u00e0ntic de les paraules i de les estructures morfosint\u00e0ctiques m\u00e9s habituals<\/span><\/td>\n<\/tr>\n<tr>\n<td colspan=\"2\">\n<h2><b>Compet\u00e8ncies b\u00e0siques de l\u2019\u00e0mbit de cultura i valors<\/b><\/h2>\n<p>&nbsp;<\/td>\n<\/tr>\n<tr>\n<td><b>Dimensi\u00f3 sociocultural<\/b><\/td>\n<td><\/td>\n<\/tr>\n<tr>\n<td><span style=\"font-weight: 400;\">Compet\u00e8ncia 7<\/span><\/td>\n<td><span style=\"font-weight: 400;\">Comprendre i valorar el nostre m\u00f3n a partir de les arrels culturals que l\u2019han configurat<\/span><\/td>\n<\/tr>\n<\/tbody>\n<\/table>\n<p>M\u00e9s informaci\u00f3:<\/p>\n<p><a href=\"http:\/\/xtec.gencat.cat\/ca\/curriculum\/primaria\/competencies-basiques-ambits\/\" target=\"_blank\" rel=\"noopener noreferrer\">Compet\u00e8ncies b\u00e0siques prim\u00e0ria<\/a><\/p>\n<p><a href=\"http:\/\/xtec.gencat.cat\/ca\/curriculum\/eso\/curriculum\/\" target=\"_blank\" rel=\"noopener noreferrer\">Compet\u00e8ncies b\u00e0siques secund\u00e0ria<\/a><\/p>\n<p>&nbsp;<\/p>\n","protected":false},"excerpt":{"rendered":"<p>La principal compet\u00e8ncia b\u00e0sica de caire metod\u00f2logic \u00e9s la d\u2019aprendre a aprendre present tant a nivell de prim\u00e0ria com a secund\u00e0ria. Els permetr\u00e0 seguir aprenent de forma aut\u00f2noma d\u2019acord amb els propis objectius i necessitats aix\u00ed com guiar\u00e0 les accions i el desenvolupament de totes&hellip;  <a href=\"https:\/\/projectes.xtec.cat\/met\/competencies\/\" title=\"Read Compet\u00e8ncies\">Llegeix m\u00e9s\u00bb<\/a><\/p>\n","protected":false},"author":6,"featured_media":0,"parent":0,"menu_order":0,"comment_status":"closed","ping_status":"closed","template":"","meta":{"_bbp_topic_count":0,"_bbp_reply_count":0,"_bbp_total_topic_count":0,"_bbp_total_reply_count":0,"_bbp_voice_count":0,"_bbp_anonymous_reply_count":0,"_bbp_topic_count_hidden":0,"_bbp_reply_count_hidden":0,"_bbp_forum_subforum_count":0,"footnotes":""},"class_list":["post-8439","page","type-page","status-publish","hentry"],"post_mailing_queue_ids":[],"_links":{"self":[{"href":"https:\/\/projectes.xtec.cat\/met\/wp-json\/wp\/v2\/pages\/8439","targetHints":{"allow":["GET"]}}],"collection":[{"href":"https:\/\/projectes.xtec.cat\/met\/wp-json\/wp\/v2\/pages"}],"about":[{"href":"https:\/\/projectes.xtec.cat\/met\/wp-json\/wp\/v2\/types\/page"}],"author":[{"embeddable":true,"href":"https:\/\/projectes.xtec.cat\/met\/wp-json\/wp\/v2\/users\/6"}],"replies":[{"embeddable":true,"href":"https:\/\/projectes.xtec.cat\/met\/wp-json\/wp\/v2\/comments?post=8439"}],"version-history":[{"count":3,"href":"https:\/\/projectes.xtec.cat\/met\/wp-json\/wp\/v2\/pages\/8439\/revisions"}],"predecessor-version":[{"id":8829,"href":"https:\/\/projectes.xtec.cat\/met\/wp-json\/wp\/v2\/pages\/8439\/revisions\/8829"}],"wp:attachment":[{"href":"https:\/\/projectes.xtec.cat\/met\/wp-json\/wp\/v2\/media?parent=8439"}],"curies":[{"name":"wp","href":"https:\/\/api.w.org\/{rel}","templated":true}]}}