{"id":8481,"date":"2018-02-20T12:10:31","date_gmt":"2018-02-20T11:10:31","guid":{"rendered":"http:\/\/projectes.xtec.cat\/met\/?page_id=8481"},"modified":"2023-02-03T23:33:36","modified_gmt":"2023-02-03T22:33:36","slug":"credits","status":"publish","type":"page","link":"https:\/\/projectes.xtec.cat\/met\/credits\/","title":{"rendered":"Preguntes freq\u00fcents"},"content":{"rendered":"<p>&nbsp;<\/p>\n<p><a href=\"https:\/\/projectes.xtec.cat\/met\/wp-content\/uploads\/usu1743\/2023\/02\/medutarraco10.jpg\"><img loading=\"lazy\" decoding=\"async\" class=\"size-full wp-image-9516 alignleft\" src=\"https:\/\/projectes.xtec.cat\/met\/wp-content\/uploads\/usu1743\/2023\/02\/medutarraco10.jpg\" alt=\"\" width=\"306\" height=\"421\" srcset=\"https:\/\/projectes.xtec.cat\/met\/wp-content\/uploads\/usu1743\/2023\/02\/medutarraco10.jpg 306w, https:\/\/projectes.xtec.cat\/met\/wp-content\/uploads\/usu1743\/2023\/02\/medutarraco10-218x300.jpg 218w\" sizes=\"auto, (max-width: 306px) 100vw, 306px\" \/><\/a><\/p>\n<div>&#8211; <strong>S\u00f3c docent i voldria que el meu alumnat faci l&#8217;activitat , haig d&#8217;avisar a alg\u00fa?<\/strong><\/div>\n<div><\/div>\n<div>Tens un <a href=\"https:\/\/docs.google.com\/forms\/d\/e\/1FAIpQLSdAeomD7xjr1-4WSZYQAZDdZ8psYT4JNGnKFNnFydofSD5LqQ\/viewform\"><strong>formulari<\/strong><\/a> a la web perqu\u00e8 registris el grup o grups d&#8217;alumnes que desitgeu participar en mEduTarraco. Omple&#8217;l i <strong>comparteix des de les vostres xarxes material audiovisual de l&#8217;experi\u00e8ncia<\/strong>. D&#8217;aquesta manera podrem contactar amb vosaltres i fer millor seguiment . A m\u00e9s cada edici\u00f3 els patrocinadors col.laboren amb premis com per exemple\u00a0 llibres, tallers, motxilles, gorres&#8230; per a l&#8217;alumnat i centres participants.<\/div>\n<div>Haver omplert el formulari us d\u00f3na\u00a0 opci\u00f3 a rebre&#8217;ls.<\/div>\n<div><\/div>\n<div><strong>&#8211; Hi ha algun nombre m\u00ednim o m\u00e0xim de participants? Podem venir amb un grup petit (un grup flexible, AIS , etc) ?<\/strong><\/div>\n<div><\/div>\n<div>No hi ha ni nombre m\u00e0xim ni m\u00ednim d&#8217;alumnat. mEduTarraco la pot fer un grup de 4 alumnes amb el seu professor o 37 alumnes amb els seus professors acompanyants.<\/div>\n<div>Com que \u00e9s una activitat que es realitza de forma col.laborativa , es recomana distribuir l&#8217;alumnat en grups de 3 a 5 alumnes per fer l&#8217;activitat\u00a0 aut\u00f2nomament amb \u00e8xit\u00a0 . Cada grup consensua el nom del grup que registraran a l&#8217;app MHM pr\u00e8via a l&#8217;inici de l&#8217;activitat i entre els membres del grup decideixen la ruta a seguir d&#8217;acord als punts de l&#8217;escenari que tri\u00efn\u00a0 perqu\u00e8 entre tots puguin donar resposta al repte que a cada punt d&#8217;inter\u00e8s se&#8217;ls hi plantejar\u00e0.<\/div>\n<div><\/div>\n<div><strong>&#8211; Al meu centre ens agradaria poder venir m\u00e9s d&#8217;un grup\/nivell per\u00f2 no creiem que puguem tenir tants docents disponibles per acompanyar a l&#8217;alumnat, qu\u00e8 podem fer?<\/strong><\/div>\n<div><\/div>\n<div>Hi ha centres que conviden per acompanyar a l&#8217;alumnat a familiars i tutors de l&#8217;alumnat , personal PAS, alumnat en pr\u00e0ctiques, professorat jubilat&#8230;<\/div>\n<div><\/div>\n<div><strong>-Tinc alumnat amb problemes de mobilitat, poden fer l&#8217;activitat?<\/strong><\/div>\n<div><\/div>\n<div>S\u00ed, aquesta activitat de descoberta de la ciutat de Tarragona \u00e9s inclusiva i per tant \u00e9s apta per a tothom. Us recomanar\u00edem tri\u00e9ssiu l&#8217;itinerari 1 perqu\u00e8 els punts estan m\u00e9s a prop per\u00f2 si veieu que les dist\u00e0ncies entre els punts d&#8217;inter\u00e8s no s\u00f3n cap handicap , doncs endavant amb els altres dos escenaris.<\/div>\n<div><\/div>\n<div><\/div>\n<div><strong>-Poden participar alumnes estrangers?<\/strong><\/div>\n<div><\/div>\n<div>S\u00ed, de fet a la darrera edici\u00f3 alumnat juntament amb el seu professorat grec, portugu\u00e8s i roman\u00e9s que visitava l&#8217;IE Portal de Batea en un projecte Erasmus\u00a0 , van \u00e9sser acompanyats de l&#8217;alumnat de l&#8217;Institut Escola per realitzar mEduTarraco a Tarragona integrant tecnologies m\u00f2bils\u00a0 .<\/div>\n<div><\/div>\n<div><\/div>\n<p><b>&#8211; Quin tipus de dispositiu tecnol\u00f2gic cal portar?<\/b><\/p>\n<div>Cada centre s&#8217;organitza amb els seus dispositius,tauletes , m\u00f2bils de l&#8217;alumnat , del professorat, etc<\/div>\n<div><b>&#8211; Hi ha connexi\u00f3 a Internet a trav\u00e9s de Wi-Fi p\u00fablica?<\/b><\/div>\n<div>Tarragona disposa de Wi-Fi p\u00fablica, per\u00f2 el funcionament correcte no el podem garantir.<\/div>\n<div><b>&#8211; Hi ha disponibilitat per fer l&#8217;activitat aquell dia?<\/b><\/div>\n<div>Veiem que us heu inscrit per venir el\u00a023-02-2023, per tant, com que mEduTarraco est\u00e0 obert des de l&#8217;1 de febrer, ahir, fins al 30 d&#8217;abril, cap problema. Aix\u00f2 s\u00ed, cal que tingueu\u00a0l&#8217;app MHM baixada als dispositius i, si podeu donar d&#8217;alta a les persones usu\u00e0ries que faran l&#8217;itinerari, millor, guanyareu temps. Com hem dit, a\u00a0<a href=\"https:\/\/projectes.xtec.cat\/met\/\" target=\"_blank\" rel=\"noopener noreferrer\" data-saferedirecturl=\"https:\/\/www.google.com\/url?q=https:\/\/projectes.xtec.cat\/met\/&amp;source=gmail&amp;ust=1675542178964000&amp;usg=AOvVaw13JbxUqn-43ZtU3ka569f1\">https:\/\/projectes.xtec.cat\/<wbr \/>met\/<\/a>\u00a0veureu a la barra lateral esquerra una m\u00e0 que apunta a l&#8217;enlla\u00e7 amb les instruccions.<\/div>\n<div><\/div>\n<div><b>&#8211; A on comen\u00e7a i acaba la ruta?<\/b><\/div>\n<div><\/div>\n<div>Essent alumnat de prim\u00e0ria, el m\u00e9s recomanable \u00e9s entrar a l&#8217;Escenari 1, perqu\u00e8 les dist\u00e0ncies de l&#8217;itinerari i les preguntes competencials del joc s\u00f3n m\u00e9s assequibles. Quan entreu a l&#8217;app MHM, veureu 3 escenaris &#8220;destacats&#8221; de mEduTarraco (Logo amb 1, 2, 3). Cal que esteu a Tarragona per tal que s&#8217;activi autom\u00e0ticament el Joc de Preguntes de cada punt d&#8217;inter\u00e8s, per\u00f2 s\u00ed que podreu veure les icones de &#8220;punt d&#8217;inter\u00e8s&#8221; i la situaci\u00f3 geogr\u00e0fica de cada punt. Podeu comen\u00e7ar i acabar on vulgueu, no hi ha un itinerari preestablert. Habitualment, a l&#8217;Escenari 1 es comen\u00e7a per la Pla\u00e7a de la Font on hi ha l&#8217;Ajuntament. Despr\u00e9s podeu rec\u00f3rrer els punts d&#8217;inter\u00e8s que vulgueu, no cal fer-los tots. A mesura que aneu visitant i contestant les preguntes, aneu sumant punts al r\u00e0nquing, fet que motiva especialment a l&#8217;alumnat (i tamb\u00e9 al professorat) \ud83d\ude42<\/div>\n<div><\/div>\n<div><b>&#8211; Hi ha algun espai per esmorzar amb W.C.?<\/b><\/div>\n<div><\/div>\n<div>Normalment, les escoles que ens visiten fan la parada per esmorzar al Camp de Mart. All\u00ed hi ha espais i serveis p\u00fablics, que funcionen habitualment. En edicions anteriors han aprofitat el parc de l&#8217;amfiteatre per dinar i esperar l&#8217;arribada de l&#8217;autob\u00fas que els recollia sota l&#8217;hotel Imperial Tarraco.<\/div>\n<div><b>&#8211; Quant dura aproximadament l&#8217;activitat?<\/b><\/div>\n<div><\/div>\n<div>No hi ha un temps establert. Dep\u00e8n de la quantitat de punts d&#8217;inter\u00e8s que vulgueu visitar de l&#8217;Escenari. Els centres acostumen a invertir 1,5 &#8211; 2 hores en fer un recorregut significatiu de cadascun dels 3 escenaris.<\/div>\n<div>Us recomanem que us &#8220;dibuixeu&#8221; pr\u00e8viament la ruta que voleu fer amb l&#8217;alumnat, \u00e9s a dir, dins l&#8217;Escenari, quins punts voleu que visitin, habitualment en grups de 5-6 alumnes.<\/div>\n<div>Si pogu\u00e9ssiu venir a Tarragona els\/les mestres, almenys una persona, abans de venir amb l&#8217;alumnat, millor. .<\/div>\n<div>\n<p><b>&#8211; A quina ubicaci\u00f3 ens pot deixar l&#8217;autocar?<\/b><\/p>\n<div>Si feu l&#8217;Escenari 1 i comenceu per la Pl. de la Font, el millor lloc on pot aturar moment\u00e0niament el bus per tal que baixeu \u00e9s a la parada d&#8217;autobusos que hi ha a la Pla\u00e7a de la UNESCO (<a href=\"https:\/\/goo.gl\/maps\/KoTCgpC7symmwS5t6\" target=\"_blank\" rel=\"noopener noreferrer\" data-saferedirecturl=\"https:\/\/www.google.com\/url?q=https:\/\/goo.gl\/maps\/KoTCgpC7symmwS5t6&amp;source=gmail&amp;ust=1675542178964000&amp;usg=AOvVaw3-GA8MxclOY_EaLiBXXe0-\">Maps<\/a>). D&#8217;all\u00ed a la Pl de la Font hi ha 5&#8242; caminant, com a molt.\u00a0 All\u00ed mateix un pot recollir.<\/div>\n<div>Tamb\u00e9 acostumen a aturar autobusos, al capdamunt de l&#8217;Av Catalunya, Portal del Roser (<a href=\"https:\/\/goo.gl\/maps\/cdmUYMPSciFpLnT76\" target=\"_blank\" rel=\"noopener noreferrer\" data-saferedirecturl=\"https:\/\/www.google.com\/url?q=https:\/\/goo.gl\/maps\/cdmUYMPSciFpLnT76&amp;source=gmail&amp;ust=1675542178964000&amp;usg=AOvVaw3_w0udvwj9gENMm2jsDJe9\">Maps<\/a>). Des d&#8217;all\u00ed, la Pl de la Font \u00e9s tamb\u00e9 molt a prop.<\/div>\n<div><\/div>\n<\/div>\n<div><strong>&#8211; Puc realitzar l&#8217;activitat m\u00e9s d&#8217;un dia?<\/strong><\/div>\n<div><\/div>\n<div>Cada centre tria el dia que vindr\u00e0 a Tarragona a fer-la entre els mesos de febrer, mar\u00e7 i abril . Aix\u00f2 implica una llibertat de poder tornar a repetir l&#8217;activitat, realitzar un altre dels 3 escenaris que mEduTarraco us ofereix o convidar a altres grups\/nivells del vostre centre a realitzar-la.<\/div>\n<div><\/div>\n<div><strong>&#8211; Com puc incloure mEduTarraco en la meva pr\u00e0ctica di\u00e0ria a l&#8217;aula?<\/strong><\/div>\n<div><\/div>\n<div>Hi haur\u00e0 qui preferir\u00e0 fer mEduTarraco com activitat pr\u00e8via a les vacances de setmana santa o qui preferir\u00e0 fer-ho en tornar de vacances. Hi haur\u00e0 qui presentar\u00e0 mEduTarraco com a tasca pr\u00e8via , d&#8217;introducci\u00f3 al treball a classe, o qui ho far\u00e0 com a cloenda del treball a classe.<\/div>\n<div><\/div>\n<div><strong>&#8211; Quins \u00e0mbits\/temes\u00a0 s\u00f3n presents en els reptes de mEduTarraco?<\/strong><\/div>\n<div><\/div>\n<div>ODS, STEAM, matem\u00e0tic-cient\u00edfic, ling\u00fc\u00edstic (majorit\u00e0riament en llengua catalana per\u00f2 hi ha alguns reptes en angl\u00e8s tamb\u00e9), sociocultural , geogr\u00e0fic i hist\u00f2ric<\/div>\n<div><\/div>\n<div>&#8211;<strong> I si necessito contactar amb algun membre de l&#8217;organitzaci\u00f3 perqu\u00e8 tinc algun dubte o necessitat in situ\u00a0 ?<\/strong><\/div>\n<div><\/div>\n<div>\n<div>Sobre el funcionament de mEduTarraco, les instruccions, informacions, guies, etc, us recomanem que mireu la web del projecte\u00a0<a href=\"https:\/\/projectes.xtec.cat\/met\/\" target=\"_blank\" rel=\"noopener noreferrer\" data-saferedirecturl=\"https:\/\/www.google.com\/url?q=https:\/\/projectes.xtec.cat\/met\/&amp;source=gmail&amp;ust=1675542178964000&amp;usg=AOvVaw13JbxUqn-43ZtU3ka569f1\">https:\/\/projectes.<wbr \/>xtec.cat\/met\/<\/a>. No obstant, si teniu qualsevol dubte, contacteu amb nosaltres, via correu a: <strong>medutarraco@gmail.com<\/strong><\/div>\n<div><\/div>\n<\/div>\n<div>En cas d&#8217;urg\u00e8ncia al m\u00f2bil 696609078 ( trucades, whatsapp&#8230;)<\/div>\n<p>&nbsp;<\/p>\n","protected":false},"excerpt":{"rendered":"<p>&nbsp;<br \/>\n<a href=\"https:\/\/projectes.xtec.cat\/met\/wp-content\/uploads\/usu1743\/2023\/02\/medutarraco10.jpg\"><\/a><br \/>\n&#8211; S\u00f3c docent i voldria que el meu alumnat faci l&#8217;activitat , haig d&#8217;avisar a alg\u00fa?<\/p>\n<p>Tens un <a href=\"https:\/\/docs.google.com\/forms\/d\/e\/1FAIpQLSdAeomD7xjr1-4WSZYQAZDdZ8psYT4JNGnKFNnFydofSD5LqQ\/viewform\">formulari<\/a> a la web perqu\u00e8 registris el grup o grups d&#8217;alumnes que desitgeu participar en mEduTarraco. Omple&#8217;l i comparteix des de les vostres xarxes material audiovisual&hellip;  <a href=\"https:\/\/projectes.xtec.cat\/met\/credits\/\" title=\"Read Preguntes freq\u00fcents\">Llegeix m\u00e9s\u00bb<\/a><\/p>\n","protected":false},"author":6,"featured_media":0,"parent":0,"menu_order":0,"comment_status":"closed","ping_status":"closed","template":"","meta":{"_bbp_topic_count":0,"_bbp_reply_count":0,"_bbp_total_topic_count":0,"_bbp_total_reply_count":0,"_bbp_voice_count":0,"_bbp_anonymous_reply_count":0,"_bbp_topic_count_hidden":0,"_bbp_reply_count_hidden":0,"_bbp_forum_subforum_count":0,"footnotes":""},"class_list":["post-8481","page","type-page","status-publish","hentry"],"post_mailing_queue_ids":[],"_links":{"self":[{"href":"https:\/\/projectes.xtec.cat\/met\/wp-json\/wp\/v2\/pages\/8481","targetHints":{"allow":["GET"]}}],"collection":[{"href":"https:\/\/projectes.xtec.cat\/met\/wp-json\/wp\/v2\/pages"}],"about":[{"href":"https:\/\/projectes.xtec.cat\/met\/wp-json\/wp\/v2\/types\/page"}],"author":[{"embeddable":true,"href":"https:\/\/projectes.xtec.cat\/met\/wp-json\/wp\/v2\/users\/6"}],"replies":[{"embeddable":true,"href":"https:\/\/projectes.xtec.cat\/met\/wp-json\/wp\/v2\/comments?post=8481"}],"version-history":[{"count":3,"href":"https:\/\/projectes.xtec.cat\/met\/wp-json\/wp\/v2\/pages\/8481\/revisions"}],"predecessor-version":[{"id":9518,"href":"https:\/\/projectes.xtec.cat\/met\/wp-json\/wp\/v2\/pages\/8481\/revisions\/9518"}],"wp:attachment":[{"href":"https:\/\/projectes.xtec.cat\/met\/wp-json\/wp\/v2\/media?parent=8481"}],"curies":[{"name":"wp","href":"https:\/\/api.w.org\/{rel}","templated":true}]}}