{"id":8607,"date":"2018-11-05T16:57:12","date_gmt":"2018-11-05T15:57:12","guid":{"rendered":"http:\/\/projectes.xtec.cat\/met\/?page_id=8607"},"modified":"2023-10-26T11:39:54","modified_gmt":"2023-10-26T09:39:54","slug":"noticies","status":"publish","type":"page","link":"https:\/\/projectes.xtec.cat\/met\/noticies\/","title":{"rendered":"Not\u00edcies"},"content":{"rendered":"<p><a href=\"https:\/\/projectes.xtec.cat\/met\/wp-content\/uploads\/usu1743\/2023\/10\/Screenshot_20231026_112637_Samsung-Internet.jpg\"><img loading=\"lazy\" decoding=\"async\" class=\"alignnone size-large wp-image-9721\" src=\"https:\/\/projectes.xtec.cat\/met\/wp-content\/uploads\/usu1743\/2023\/10\/Screenshot_20231026_112637_Samsung-Internet-700x1024.jpg\" alt=\"\" width=\"700\" height=\"1024\" srcset=\"https:\/\/projectes.xtec.cat\/met\/wp-content\/uploads\/usu1743\/2023\/10\/Screenshot_20231026_112637_Samsung-Internet-700x1024.jpg 700w, https:\/\/projectes.xtec.cat\/met\/wp-content\/uploads\/usu1743\/2023\/10\/Screenshot_20231026_112637_Samsung-Internet-205x300.jpg 205w, https:\/\/projectes.xtec.cat\/met\/wp-content\/uploads\/usu1743\/2023\/10\/Screenshot_20231026_112637_Samsung-Internet-768x1124.jpg 768w, https:\/\/projectes.xtec.cat\/met\/wp-content\/uploads\/usu1743\/2023\/10\/Screenshot_20231026_112637_Samsung-Internet-1049x1536.jpg 1049w, https:\/\/projectes.xtec.cat\/met\/wp-content\/uploads\/usu1743\/2023\/10\/Screenshot_20231026_112637_Samsung-Internet.jpg 1080w\" sizes=\"auto, (max-width: 700px) 100vw, 700px\" \/><\/a><\/p>\n<p>Diari de Tarragona 2023- mEduTarraco Medieval<\/p>\n<p><a href=\"https:\/\/www.diaridetarragona.com\/tarragona\/regresar-a-la-edad-media-movil-en-mano-NB17344779\">https:\/\/www.diaridetarragona.com\/tarragona\/regresar-a-la-edad-media-movil-en-mano-NB17344779<\/a><\/p>\n<p>&nbsp;<\/p>\n<p><a href=\"https:\/\/projectes.xtec.cat\/met\/wp-content\/uploads\/usu1743\/2021\/04\/medutarraco21-covid-edition.png\"><img loading=\"lazy\" decoding=\"async\" class=\"size-full wp-image-9197 aligncenter\" src=\"https:\/\/projectes.xtec.cat\/met\/wp-content\/uploads\/usu1743\/2021\/04\/medutarraco21-covid-edition.png\" alt=\"\" width=\"600\" height=\"200\" srcset=\"https:\/\/projectes.xtec.cat\/met\/wp-content\/uploads\/usu1743\/2021\/04\/medutarraco21-covid-edition.png 600w, https:\/\/projectes.xtec.cat\/met\/wp-content\/uploads\/usu1743\/2021\/04\/medutarraco21-covid-edition-300x100.png 300w\" sizes=\"auto, (max-width: 600px) 100vw, 600px\" \/><\/a><\/p>\n<p>Diari de Tarragona 2023- mEduTarraco Medieval<\/p>\n<p>https:\/\/www.diaridetarragona.com\/tarragona\/regresar-a-la-edad-media-movil-en-mano-NB17344779<\/p>\n<table style=\"height: 806px; width: 782px;\">\n<tbody>\n<tr style=\"height: 31px;\">\n<td style=\"height: 31px; width: 269px;\"><em><strong>TV3 Comarques<\/strong><\/em><\/p>\n<p><em><strong>Mobile History Map<\/strong><\/em><\/p>\n<p><strong><em>Ara Criatures<\/em><\/strong><\/td>\n<td style=\"height: 31px; width: 505px;\"><a href=\"https:\/\/tarragona.lasalle.cat\/download\/videos\/Telenot%C3%ADcies%20comarques%20-%2021_05_2021%20.mp4\">Video<\/a><\/p>\n<p><a href=\"https:\/\/www.youtube.com\/watch?v=NHDzAEdgiDE\">Video presentaci\u00f3 mEduTarraco<\/a><\/p>\n<p><a href=\"https:\/\/criatures.ara.cat\/activitats-familiars\/voleu-coneixer-ciutat-tarragona_1_3914050.html\" target=\"_blank\" rel=\"noopener noreferrer\">Voleu coneixer la ciutat de Tarragona?<\/a><\/td>\n<\/tr>\n<tr style=\"height: 31px;\">\n<td style=\"height: 31px; width: 269px;\"><strong><em>M\u00f2bils.Edu<\/em><\/strong><\/td>\n<td style=\"height: 31px; width: 505px;\"><a href=\"https:\/\/agora.xtec.cat\/mobilsedu\/general\/projecte-medutarraco\/\" target=\"_blank\" rel=\"noopener noreferrer\">Projecte mEduTarraco<\/a><\/td>\n<\/tr>\n<tr style=\"height: 31px;\">\n<td style=\"height: 31px; width: 269px;\"><strong><em>Edu365<\/em><\/strong><\/td>\n<td style=\"height: 31px; width: 505px;\"><a href=\"http:\/\/www.edu365.cat\/\" target=\"_blank\" rel=\"noopener noreferrer\">Agenda Edu365<\/a><\/td>\n<\/tr>\n<tr style=\"height: 31px;\">\n<td style=\"height: 31px; width: 269px;\"><strong><em>Portal Fam\u00edlies<\/em><\/strong><\/td>\n<td style=\"height: 31px; width: 505px;\"><a href=\"http:\/\/educacio.gencat.cat\/ca\/arees-actuacio\/families\/\" target=\"_blank\" rel=\"noopener noreferrer\">Destacats<\/a><\/td>\n<\/tr>\n<tr style=\"height: 31px;\">\n<td style=\"height: 31px; width: 269px;\"><strong><em>Facebook Facultat de Ci\u00e8ncies de l&#8217;Educaci\u00f3 i Psicologia URV<\/em><\/strong><\/td>\n<td style=\"height: 31px; width: 505px;\"><a href=\"https:\/\/m.facebook.com\/fcep.urv\/\" target=\"_blank\" rel=\"noopener noreferrer\">Post<\/a><\/td>\n<\/tr>\n<tr style=\"height: 31px;\">\n<td style=\"height: 31px; width: 269px;\"><strong><em>Instagram FCEP URV<\/em><\/strong><\/td>\n<td style=\"height: 31px; width: 505px;\"><a href=\"https:\/\/www.instagram.com\/fcep.urv\/?hl=es\" target=\"_blank\" rel=\"noopener noreferrer\">Post<\/a><\/td>\n<\/tr>\n<tr style=\"height: 31px;\">\n<td style=\"height: 31px; width: 269px;\"><strong><em>Diari Mes<\/em><\/strong><\/td>\n<td style=\"height: 31px; width: 505px;\"><a href=\"https:\/\/www.diarimes.com\/noticies\/tarragona\/2021\/04\/01\/comenca_una_nova_edicio_del_projecte_medutarraco_per_coneixer_ciutat_manera_ludica_101372_1091.html\" target=\"_blank\" rel=\"noopener noreferrer\">Comen\u00e7a una nova edici\u00f3 de l&#8217;meduTarraco<\/a><\/td>\n<\/tr>\n<tr style=\"height: 31px;\">\n<td style=\"height: 31px; width: 269px;\"><strong><em>R\u00e0dio Ciutat de Tarragona<\/em><\/strong><\/td>\n<td style=\"height: 31px; width: 505px;\"><a href=\"https:\/\/rctgn.cat\/peces-informatives\/demarcacio-tarragona\/camp-de-tarragona-demarcacio-tarragona\/tarragones\/tarragona-municipis\/educacio-obre-la-3a-edicio-del-projecte-medutarraco\/\" target=\"_blank\" rel=\"noopener noreferrer\">Projecte mEduTarraco<\/a><\/td>\n<\/tr>\n<tr style=\"height: 31px;\">\n<td style=\"height: 31px; width: 269px;\"><strong><em>TAC12<\/em><\/strong><\/td>\n<td style=\"height: 31px; width: 505px;\"><a href=\"https:\/\/tac12.tv\/tarragona\" target=\"_blank\" rel=\"noopener noreferrer\">Reportatge<\/a><\/td>\n<\/tr>\n<tr style=\"height: 31px;\">\n<td style=\"height: 31px; width: 269px;\"><strong><em>L&#8217;opci\u00f3.cat<\/em><\/strong><\/td>\n<td style=\"height: 31px; width: 505px;\"><a href=\"https:\/\/www.lopcio.cat\/noticia\/135595\/educacio-obre-la-3a-edicio-del-projecte-medutarraco-enguany-adrecada-a-tota-la-ciutadania\" target=\"_blank\" rel=\"noopener noreferrer\">Obre la 3a edici\u00f3 del projecte medutarraco<\/a><\/td>\n<\/tr>\n<tr style=\"height: 31px;\">\n<td style=\"height: 31px; width: 269px;\"><strong><em>Ona La Torre a la carta<\/em><\/strong><\/td>\n<td style=\"height: 31px; width: 505px;\"><a href=\"http:\/\/onalatorre.alacarta.cat\/informatiu-ona-la-torre\/noticia\/lescola-antoni-roig-se-suma-al-projecte-medutarraco\" target=\"_blank\" rel=\"noopener noreferrer\">L&#8217;escola Antoni Roig se suma al projecte medutarraco<\/a><\/td>\n<\/tr>\n<tr style=\"height: 31px;\">\n<td style=\"height: 31px; width: 269px;\"><strong><em>Circ de la Cultura<\/em><\/strong><\/td>\n<td style=\"height: 31px; width: 505px;\"><a href=\"https:\/\/www.circdelacultura.com\/acte\/80326\/medutarraco-covid-edition-joc-de-geolocalitzacio-solidari-per-descobrir-tarragona\" target=\"_blank\" rel=\"noopener noreferrer\">mEduTarraco Covid edition. Joc de geolocalitzaci\u00f3 solidari per descobrir Tarragona<\/a><\/td>\n<\/tr>\n<tr style=\"height: 31px;\">\n<td style=\"height: 31px; width: 269px;\"><strong><em>La ciutat.cat<\/em><\/strong><\/td>\n<td style=\"height: 31px; width: 505px;\"><a href=\"https:\/\/laciutat.cat\/laciutatdetarragona\/lajuntament-de-tarragona-participa-al-projecte-medutarraco\" target=\"_blank\" rel=\"noopener noreferrer\">L&#8217;ajuntament de Tarragona participa al projecte mEduTarraco<\/a><\/td>\n<\/tr>\n<tr style=\"height: 31px;\">\n<td style=\"height: 31px; width: 269px;\"><strong><em>Tarragona.cat. Agenda ajuntament<\/em><\/strong><\/td>\n<td style=\"height: 31px; width: 505px;\"><a href=\"https:\/\/agenda.tarragona.cat\/agenda\/medutarraco-covid-edition-joc-de-geolocalitzacio-solidari-per-descobrir-tarragona?UID=b072fcd9-b59d-4c51-bde8-8a3b450c669e\" target=\"_blank\" rel=\"noopener noreferrer\">Agenda<\/a><\/td>\n<\/tr>\n<tr style=\"height: 31px;\">\n<td style=\"height: 31px; width: 269px;\"><strong><em>Lo Campus Diari<\/em><\/strong><\/td>\n<td style=\"height: 31px; width: 505px;\"><a href=\"http:\/\/locampusdiari.com\/arxius\/50402\" target=\"_blank\" rel=\"noopener noreferrer\">projecte mEduTarraco<\/a><\/td>\n<\/tr>\n<tr style=\"height: 31px;\">\n<td style=\"height: 31px; width: 269px;\"><strong><em>La Guia de Reus<\/em><\/strong><\/td>\n<td style=\"height: 31px; width: 505px;\"><a href=\"https:\/\/www.laguiadereus.com\/educacio-obre-la-3a-edicio-del-projecte-medutarraco-enguany-adrecada-a-tota-la-ciutadania\/\" target=\"_blank\" rel=\"noopener noreferrer\">Educaci\u00f3 obre l&#8217;edici\u00f3 del projecte mEduTarraco a la ciutadania<\/a><\/td>\n<\/tr>\n<tr style=\"height: 31px;\">\n<td style=\"height: 31px; width: 269px;\"><strong><em>Pla m\u00f2bils.edu<\/em><\/strong><\/td>\n<td style=\"height: 31px; width: 505px;\"><a href=\"https:\/\/agora.xtec.cat\/mobilsedu\/general\/projecte-medutarraco\/\" target=\"_blank\" rel=\"noopener noreferrer\">projecte<\/a><\/td>\n<\/tr>\n<tr style=\"height: 31px;\">\n<td style=\"height: 31px; width: 269px;\"><strong><em>Catalonia Talent<\/em><\/strong><\/td>\n<td style=\"height: 31px; width: 505px;\"><a href=\"https:\/\/www.cataloniatalent.cat\/cat\/noticia\/comenca-el-medutarraco-descobrir-la-ciutat-a-traves-del-mobil?fbclid=IwAR2vSm8Ld4lKYiP6imEZFa7_Nhja0SbBbMS34uZzk55XdeawE8zaCE1GMPo\" target=\"_blank\" rel=\"noopener noreferrer\">Comen\u00e7a el projecte medutarraco, descobrir la ciutat a trav\u00e9s del m\u00f2bil<\/a><\/td>\n<\/tr>\n<tr style=\"height: 31px;\">\n<td style=\"height: 31px; width: 269px;\"><strong><em>La Republica<\/em><\/strong><\/td>\n<td style=\"height: 31px; width: 505px;\"><a href=\"https:\/\/www.larepublica.cat\/minut-a-minut\/aprendre-pel-carrer-un-projecte-educatiu-permet-coneixer-tarragona-a-alumnes-i-families-amb-el-mobil-2\/\" target=\"_blank\" rel=\"noopener noreferrer\">Aprendre pel carrer<\/a><\/td>\n<\/tr>\n<tr style=\"height: 31px;\">\n<td style=\"height: 31px; width: 269px;\"><em><strong>Mobile World Capital<\/strong><\/em><\/td>\n<td style=\"height: 31px; width: 505px;\"><a href=\"https:\/\/mobileworldcapital.com\/ca\/pressrelease\/nova-edicio-de-medutarraco-una-activitat-familiar-i-educativa-per-coneixer-la-ciutat-de-tarragona\/\" target=\"_blank\" rel=\"noopener noreferrer\">Una activitat familiar<\/a><\/td>\n<\/tr>\n<tr style=\"height: 31px;\">\n<td style=\"height: 31px; width: 269px;\"><em><strong>Naci\u00f3 Digital<\/strong><\/em><\/td>\n<td style=\"height: 31px; width: 505px;\"><a href=\"https:\/\/www.naciodigital.cat\/tarragona\/noticia\/41102\/aprendre-carrer-projecte-educatiu-permet-coneixer-tarragona-alumnes-families-amb-mobil\" target=\"_blank\" rel=\"noopener noreferrer\">Con\u00e8ixer Tarragona amb les fam\u00edlies<\/a><\/td>\n<\/tr>\n<tr style=\"height: 31px;\">\n<td style=\"height: 31px; width: 269px;\"><strong><em>Tarragona digital<\/em><\/strong><\/td>\n<td style=\"height: 31px; width: 505px;\"><a href=\"https:\/\/tarragonadigital.com\/tarragona\/projecte-educatiu-coneixer-tarragona-alumnes-mobil\" target=\"_blank\" rel=\"noopener noreferrer\">Con\u00e8ixer Tarragona amb el m\u00f2bil<\/a><\/td>\n<\/tr>\n<tr style=\"height: 31px;\">\n<td style=\"height: 31px; width: 269px;\"><em><strong>Govern.cat<\/strong><\/em><\/td>\n<td style=\"height: 31px; width: 505px;\"><a href=\"https:\/\/govern.cat\/salapremsa\/notes-premsa\/402703\/educacio-obre-3a-edicio-del-projecte-medutarraco-enguany-adrecada-tota-ciutadania\" target=\"_blank\" rel=\"noopener noreferrer\">Projecte adre\u00e7at a tota la ciutadania<\/a><\/td>\n<\/tr>\n<\/tbody>\n<\/table>\n<p>&nbsp;<\/p>\n<p>&nbsp;<\/p>\n<p><strong>EDICI\u00d3 2020 (AJORNADA A CAUSA DEL CONFINAMENT)<\/strong><\/p>\n<p><strong>EDICI\u00d3 2019<\/strong><\/p>\n<table>\n<tbody>\n<tr>\n<td>Diari de Tarragona<\/td>\n<td><a href=\"https:\/\/www.diaridetarragona.com\/tarragona\/Lea-la-portada-del-Diari-de-este-jueves-07032019-20190306-0088.html\" target=\"_blank\" rel=\"noopener noreferrer\">Un juego de pistas con el m\u00f3bil abre la ciudad a los jovenes<\/a><\/td>\n<\/tr>\n<tr>\n<td>Diari Digital URV<\/td>\n<td><a href=\"http:\/\/diaridigital.urv.cat\/es\/estudiantes-de-pedagogia-colaboran-en-la-formacion-de-profesorado-y-la-organizacion-del-proyecto-de-georreferenciacion-medu-tarraco\/\" target=\"_blank\" rel=\"noopener noreferrer\">Estudiants del grau de Pedagogia de la URV col\u00b7laboren amb el projecte mEduTarraco<\/a><\/td>\n<\/tr>\n<tr>\n<td>Diari Digital Tarragona 21<\/td>\n<td><a href=\"http:\/\/diaridigital.tarragona21.com\/la-urv-col%C2%B7labora-en-la-formacio-de-professorat-i-lorganitzacio-del-projecte-de-georeferenciacio-medu-tarraco\/\" target=\"_blank\" rel=\"noopener noreferrer\">La URV col\u00b7labora en la formaci\u00f3 de professorat i l\u2019organitzaci\u00f3 del projecte de georeferenciaci\u00f3 mEduTarraco<\/a><\/td>\n<\/tr>\n<\/tbody>\n<\/table>\n<p><strong>EDICI\u00d3 2018<\/strong><\/p>\n<table>\n<tbody>\n<tr>\n<td>Diari de Tarragona<\/td>\n<td><a href=\"https:\/\/www.diaridetarragona.com\/tarragona\/Mas-de-700-alumnos-toman-la-ciudad-movil-en-mano-20180308-0027.html\" target=\"_blank\" rel=\"noopener noreferrer\">M\u00e1s de 700 alumnos toman la ciudad m\u00f3vil en mano<\/a><\/td>\n<\/tr>\n<tr>\n<td>Diari M\u00e9s<\/td>\n<td><a href=\"http:\/\/www.diarimes.com\/noticies\/tarragona\/2018\/03\/08\/mes_700_alumnes_descobreixen_ciutat_jugant_amb_tecnologia_35088_1091.html\" target=\"_blank\" rel=\"noopener noreferrer\">M\u00e9s de 700 alumnes &#8216;descobreixen&#8217; la ciutat jugant amb la tecnologia<\/a><\/td>\n<\/tr>\n<tr>\n<td>TAC12<\/td>\n<td><a href=\"http:\/\/www.tac12.tv\/tarragona\/arxiu-tarragona\/item\/2801-800-alumnes-han-participat-al-projecte-de-georeferenciacio-i-tecnologia-mobil\" target=\"_blank\" rel=\"noopener noreferrer\">800 alumnes han participat al projecte de georeferenciaci\u00f3 i tecnologia m\u00f2bil<\/a><\/td>\n<\/tr>\n<tr>\n<td>Diari Digital URV<\/td>\n<td><a href=\"http:\/\/diaridigital.urv.cat\/alumnes-de-pedagogia-de-la-urv-collaboren-amb-el-projecte-medutarraco\/\" target=\"_blank\" rel=\"noopener noreferrer\">Estudiants del grau de Pedagogia de la URV col\u00b7laboren amb el projecte mEduTarraco<\/a><\/td>\n<\/tr>\n<tr>\n<td>Diari Digital Tarragona 21<\/td>\n<td><a href=\"http:\/\/diaridigital.tarragona21.com\/mes-de-700-alumnes-de-primaria-i-secundaria-coneixen-tarragona-mitjancant-la-tecnologia-mobil-i-la-georeferenciacio\/\" target=\"_blank\" rel=\"noopener noreferrer\">M\u00e9s de 700 alumnes de prim\u00e0ria i secund\u00e0ria coneixen Tarragona mitjan\u00e7ant la tecnologia m\u00f2bil i la georeferenciaci\u00f3<\/a><\/td>\n<\/tr>\n<\/tbody>\n<\/table>\n<p>&nbsp;<\/p>\n","protected":false},"excerpt":{"rendered":"<p><a href=\"https:\/\/projectes.xtec.cat\/met\/wp-content\/uploads\/usu1743\/2023\/10\/Screenshot_20231026_112637_Samsung-Internet.jpg\"><\/a><br \/>\nDiari de Tarragona 2023- mEduTarraco Medieval<br \/>\n<a href=\"https:\/\/www.diaridetarragona.com\/tarragona\/regresar-a-la-edad-media-movil-en-mano-NB17344779\">https:\/\/www.diaridetarragona.com\/tarragona\/regresar-a-la-edad-media-movil-en-mano-NB17344779<\/a><br \/>\n&nbsp;<br \/>\n<a href=\"https:\/\/projectes.xtec.cat\/met\/wp-content\/uploads\/usu1743\/2021\/04\/medutarraco21-covid-edition.png\"><\/a><br \/>\nDiari de Tarragona 2023- mEduTarraco Medieval<br \/>\nhttps:\/\/www.diaridetarragona.com\/tarragona\/regresar-a-la-edad-media-movil-en-mano-NB17344779<\/p>\n<p>TV3 Comarques<br \/>\nMobile History Map<br \/>\nAra Criatures<br \/>\n<a href=\"https:\/\/tarragona.lasalle.cat\/download\/videos\/Telenot%C3%ADcies%20comarques%20-%2021_05_2021%20.mp4\">Video<\/a><br \/>\n<a href=\"https:\/\/www.youtube.com\/watch?v=NHDzAEdgiDE\">Video presentaci\u00f3 mEduTarraco<\/a><br \/>\n<a href=\"https:\/\/criatures.ara.cat\/activitats-familiars\/voleu-coneixer-ciutat-tarragona_1_3914050.html\" target=\"_blank\" rel=\"noopener noreferrer\">Voleu coneixer la ciutat de Tarragona?<\/a><\/p>\n<p>M\u00f2bils.Edu<br \/>\n<a href=\"https:\/\/agora.xtec.cat\/mobilsedu\/general\/projecte-medutarraco\/\" target=\"_blank\" rel=\"noopener noreferrer\">Projecte mEduTarraco<\/a><\/p>\n<p>Edu365<br \/>\n<a href=\"http:\/\/www.edu365.cat\/\" target=\"_blank\" rel=\"noopener noreferrer\">Agenda Edu365<\/a><\/p>\n<p>Portal Fam\u00edlies<br \/>\n<a href=\"http:\/\/educacio.gencat.cat\/ca\/arees-actuacio\/families\/\" target=\"_blank\" rel=\"noopener&hellip;  <a href=\"https:\/\/projectes.xtec.cat\/met\/noticies\/\" title=\"Read Not\u00edcies\">Llegeix m\u00e9s\u00bb<\/a><\/p>\n","protected":false},"author":6,"featured_media":0,"parent":0,"menu_order":0,"comment_status":"closed","ping_status":"closed","template":"","meta":{"_bbp_topic_count":0,"_bbp_reply_count":0,"_bbp_total_topic_count":0,"_bbp_total_reply_count":0,"_bbp_voice_count":0,"_bbp_anonymous_reply_count":0,"_bbp_topic_count_hidden":0,"_bbp_reply_count_hidden":0,"_bbp_forum_subforum_count":0,"footnotes":""},"class_list":["post-8607","page","type-page","status-publish","hentry"],"post_mailing_queue_ids":[],"_links":{"self":[{"href":"https:\/\/projectes.xtec.cat\/met\/wp-json\/wp\/v2\/pages\/8607","targetHints":{"allow":["GET"]}}],"collection":[{"href":"https:\/\/projectes.xtec.cat\/met\/wp-json\/wp\/v2\/pages"}],"about":[{"href":"https:\/\/projectes.xtec.cat\/met\/wp-json\/wp\/v2\/types\/page"}],"author":[{"embeddable":true,"href":"https:\/\/projectes.xtec.cat\/met\/wp-json\/wp\/v2\/users\/6"}],"replies":[{"embeddable":true,"href":"https:\/\/projectes.xtec.cat\/met\/wp-json\/wp\/v2\/comments?post=8607"}],"version-history":[{"count":7,"href":"https:\/\/projectes.xtec.cat\/met\/wp-json\/wp\/v2\/pages\/8607\/revisions"}],"predecessor-version":[{"id":9724,"href":"https:\/\/projectes.xtec.cat\/met\/wp-json\/wp\/v2\/pages\/8607\/revisions\/9724"}],"wp:attachment":[{"href":"https:\/\/projectes.xtec.cat\/met\/wp-json\/wp\/v2\/media?parent=8607"}],"curies":[{"name":"wp","href":"https:\/\/api.w.org\/{rel}","templated":true}]}}