{"id":8975,"date":"2021-02-16T18:41:02","date_gmt":"2021-02-16T17:41:02","guid":{"rendered":"http:\/\/projectes.xtec.cat\/met\/?page_id=8975"},"modified":"2021-02-23T20:50:08","modified_gmt":"2021-02-23T19:50:08","slug":"edicio-2020","status":"publish","type":"page","link":"https:\/\/projectes.xtec.cat\/met\/edicio-2020\/","title":{"rendered":"Edici\u00f3 2020"},"content":{"rendered":"<p>Comercos participants<\/p>\n<p>En aquesta edici\u00f3 compt\u00e0vem amb la col\u00b7laboraci\u00f3 dels seg\u00fcents establiments comercials donant suport a la descoberta del Personatge Enigm\u00e0tic tarragon\u00ed, malgrat, finalment, es va ajornar per la pand\u00e8mia. Agra\u00efm el suport de:<\/p>\n<ul>\n<li>Cereria Corderet<\/li>\n<li>Estanc carrer Merceria<\/li>\n<li>Esports Catedral<\/li>\n<li>Llibreria Adser\u00e0<\/li>\n<li>Llibreria La capona<\/li>\n<li>Farm\u00e0cia Domingo<\/li>\n<li>Minimum-Casa Figueras<\/li>\n<li>Pastisseria Conde<\/li>\n<li>R\u00e0dio Bray<\/li>\n<li>Antiguitats Capri<\/li>\n<li>Moto Club<\/li>\n<li>E lloro de la Negrita<\/li>\n<li>Quiosc El Miracle<\/li>\n<li>Jugueteria Gasc\u00f3<\/li>\n<li>Efectos Navales Ortiz ENOSA<\/li>\n<li>Queviures Can Domenech<\/li>\n<li>Pinturas Matoga<\/li>\n<li>Shiva Music<\/li>\n<li>Granja Dib\u00e0<\/li>\n<\/ul>\n","protected":false},"excerpt":{"rendered":"<p>Comercos participants<br \/>\nEn aquesta edici\u00f3 compt\u00e0vem amb la col\u00b7laboraci\u00f3 dels seg\u00fcents establiments comercials donant suport a la descoberta del Personatge Enigm\u00e0tic tarragon\u00ed, malgrat, finalment, es va ajornar per la pand\u00e8mia. Agra\u00efm el suport de:<\/p>\n<ul>\n<li>Cereria Corderet<\/li>\n<li>Estanc carrer Merceria<\/li>\n<li>Esports Catedral<\/li>\n<li>Llibreria Adser\u00e0<\/li>\n<li>Llibreria La capona<\/li>\n<li>Farm\u00e0cia Domingo<\/li>\n<li>Minimum-Casa Figueras<\/li>\n<li>Pastisseria Conde<\/li>\n<li>R\u00e0dio Bray<\/li>\n<li>Antiguitats Capri<\/li>\n<li>Moto&hellip;  <a href=\"https:\/\/projectes.xtec.cat\/met\/edicio-2020\/\" title=\"Read Edici\u00f3 2020\">Llegeix m\u00e9s\u00bb<\/a><br \/>\n","protected":false},"author":6,"featured_media":0,"parent":0,"menu_order":0,"comment_status":"closed","ping_status":"closed","template":"","meta":{"_bbp_topic_count":0,"_bbp_reply_count":0,"_bbp_total_topic_count":0,"_bbp_total_reply_count":0,"_bbp_voice_count":0,"_bbp_anonymous_reply_count":0,"_bbp_topic_count_hidden":0,"_bbp_reply_count_hidden":0,"_bbp_forum_subforum_count":0,"footnotes":""},"class_list":["post-8975","page","type-page","status-publish","hentry"],"post_mailing_queue_ids":[],"_links":{"self":[{"href":"https:\/\/projectes.xtec.cat\/met\/wp-json\/wp\/v2\/pages\/8975","targetHints":{"allow":["GET"]}}],"collection":[{"href":"https:\/\/projectes.xtec.cat\/met\/wp-json\/wp\/v2\/pages"}],"about":[{"href":"https:\/\/projectes.xtec.cat\/met\/wp-json\/wp\/v2\/types\/page"}],"author":[{"embeddable":true,"href":"https:\/\/projectes.xtec.cat\/met\/wp-json\/wp\/v2\/users\/6"}],"replies":[{"embeddable":true,"href":"https:\/\/projectes.xtec.cat\/met\/wp-json\/wp\/v2\/comments?post=8975"}],"version-history":[{"count":3,"href":"https:\/\/projectes.xtec.cat\/met\/wp-json\/wp\/v2\/pages\/8975\/revisions"}],"predecessor-version":[{"id":9071,"href":"https:\/\/projectes.xtec.cat\/met\/wp-json\/wp\/v2\/pages\/8975\/revisions\/9071"}],"wp:attachment":[{"href":"https:\/\/projectes.xtec.cat\/met\/wp-json\/wp\/v2\/media?parent=8975"}],"curies":[{"name":"wp","href":"https:\/\/api.w.org\/{rel}","templated":true}]}}