{"id":9120,"date":"2021-04-17T16:50:37","date_gmt":"2021-04-17T14:50:37","guid":{"rendered":"http:\/\/projectes.xtec.cat\/met\/?page_id=9120"},"modified":"2022-12-11T20:47:55","modified_gmt":"2022-12-11T19:47:55","slug":"servei-comunitari","status":"publish","type":"page","link":"https:\/\/projectes.xtec.cat\/met\/servei-comunitari\/","title":{"rendered":"Servei Comunitari 2022- SALUT MENTAL"},"content":{"rendered":"<p><a href=\"https:\/\/projectes.xtec.cat\/met\/wp-content\/uploads\/usu1743\/2021\/04\/Captura-de-Pantalla-2021-04-17-a-les-17.36.22.png\"><img loading=\"lazy\" decoding=\"async\" class=\"size-large wp-image-9129 aligncenter\" src=\"https:\/\/projectes.xtec.cat\/met\/wp-content\/uploads\/usu1743\/2021\/04\/Captura-de-Pantalla-2021-04-17-a-les-17.36.22-1024x577.png\" alt=\"\" width=\"1024\" height=\"577\" srcset=\"https:\/\/projectes.xtec.cat\/met\/wp-content\/uploads\/usu1743\/2021\/04\/Captura-de-Pantalla-2021-04-17-a-les-17.36.22-1024x577.png 1024w, https:\/\/projectes.xtec.cat\/met\/wp-content\/uploads\/usu1743\/2021\/04\/Captura-de-Pantalla-2021-04-17-a-les-17.36.22-300x169.png 300w, https:\/\/projectes.xtec.cat\/met\/wp-content\/uploads\/usu1743\/2021\/04\/Captura-de-Pantalla-2021-04-17-a-les-17.36.22-768x433.png 768w, https:\/\/projectes.xtec.cat\/met\/wp-content\/uploads\/usu1743\/2021\/04\/Captura-de-Pantalla-2021-04-17-a-les-17.36.22.png 1064w\" sizes=\"auto, (max-width: 1024px) 100vw, 1024px\" \/><\/a><\/p>\n<p>El projecte de georeferenciaci\u00f3 mEduTarraco s&#8217;ha treballat per tal que pugui esdevenir un model transferible de <a href=\"http:\/\/xtec.gencat.cat\/ca\/comunitat\/serveicomunitari\/\" target=\"_blank\" rel=\"noopener noreferrer\">Servei Comunitari<\/a>. Per aquest motiu es van elaborar una s\u00e8rie de materials perqu\u00e8 pogu\u00e9s oferir-se com un recurs m\u00e9s lligat a la tem\u00e0tica de la Salut Mental que protagonitzava la passada edici\u00f3 de la Marat\u00f3 de TV3 .<\/p>\n<p>Aquest curs 22-23 la tem\u00e0tica t\u00e9 a veure amb la salut cardiovascular. Trobareu tota la informaci\u00f3 a la web de <a href=\"https:\/\/www.ccma.cat\/tv3\/marato\/\">la\u00a0 Marat\u00f3<\/a>.\ud83d\udc9f<\/p>\n<p>El Servei Comunitari per a l&#8217;alumnat de secund\u00e0ria obligat\u00f2ria, \u00e9s una acci\u00f3 educativa, en el marc del curr\u00edculum obligatori, que vol promoure que els alumnes experimentin i protagonitzin accions de comprom\u00eds c\u00edvic, aprenguin en l&#8217;exercici actiu de la ciutadania, i posin en joc els seus coneixements i capacitats al servei de la comunitat.<\/p>\n<p>Per aquest motiu es posa a disposici\u00f3 dels centres la Guia Pr\u00e0ctica de Servei Comunitari mEduTarraco.<\/p>\n<p>A\u00a0 m\u00e9s a m\u00e9s, en aquesta guia trobareu propostes concretes per treballar mEduTarraco a l\u2019aula. Activitats pr\u00e8vies, durant i posteriors a la realitzaci\u00f3 del Joc per Tarragona.<\/p>\n<p>Aquesta Guia Did\u00e0ctica proporciona:<\/p>\n<blockquote>\n<ol>\n<li><span style=\"color: #000000;\"><span style=\"color: #000000;\"><span style=\"color: #000000;\">Una s\u00e8rie d&#8217;accions pautades per a l&#8217;el\u00b7laboraci\u00f3 de continguts georeferenciats pel propi alumnat que desenvolupen la compet\u00e8ncia digital: recerca, edici\u00f3 d&#8217;imatges i textos i digitalitzaci\u00f3 dels processos que hi intervenen.<\/span><\/span><\/span><\/li>\n<li><span style=\"color: #000000;\"><span style=\"color: #000000;\"><span style=\"color: #000000;\">Un Projecte col\u00b7laboratiu inclusiu i solidari al voltant de la ciutat de Tarragona i dels ODS per a 5\u00e8, 6\u00e8, ESO, Cicles Formatius i Batxillerat. La tem\u00e0tica de l\u2019edici\u00f3 del curs 21-22 de La Marat\u00f3 de TV3 i Catalunya R\u00e0dio al voltant de La Salut Mental.<\/span><\/span><\/span><\/li>\n<li><span style=\"color: #000000;\">Una proposta de Servei Comunitari dins de l\u2019\u00e0mbit del Patrimoni Cultural. Els alumnes de 3r i 4t d\u2019ESO prendran una opci\u00f3 de comprom\u00eds vers la comunitat dedicant-hi temps i esfor\u00e7 per la millora de la societat i cultura catalana participant en el primer acte solidari de la Marat\u00f3. Es promou un treball en xarxa amb diferents agents del territori: Fundaci\u00f3 La Marat\u00f3 de TV3 i Catalunya R\u00e0dio, museus, entitats de joventut, esport i lleure, institucions i entitats ben\u00e8fiques i relacionades amb la tem\u00e0tica de la Marat\u00f3. El projecte mEduTarraco combina processos d\u2019aprenentatge amb processos de servei a la comunitat. Estem davant una proposta que busca treballar les necessitats reals dels ciutadans des del respecte, la inclusi\u00f3, l&#8217;autogesti\u00f3, el pensament cr\u00edtic i els valors ciutadans. Els elements emblem\u00e0tics que ens ofereix la ciutat de Tarragona permeten que l\u2019alumnat faci un servei que:<\/span><\/li>\n<\/ol>\n<ul>\n<li><span style=\"color: #000000;\">Pret\u00e9n donar resposta a les necessitats socials i emergents i atendre les necessitats reals i sentides per la comunitat.<\/span><\/li>\n<li><span style=\"color: #000000;\">Persegueix la millora constant, elaborant propostes.<\/span><\/li>\n<li><span style=\"color: #000000;\">Es transfereix a la realitat en forma d\u2019acci\u00f3 solid\u00e0ria.<\/span><\/li>\n<\/ul>\n<\/blockquote>\n<p>&nbsp;<\/p>\n<p>Us facilitem la <a href=\"https:\/\/docs.google.com\/document\/d\/1VcRzcyVwbWo5Sej8aVUu6ge3JTFeiobhMWQH_NRHDtE\/edit\" target=\"_blank\" rel=\"noopener\">Guia Pr\u00e0ctica de Servei Comunitari mEduTarraco22<\/a> <span style=\"font-weight: 400;\">i us compartim el <a href=\"https:\/\/docs.google.com\/document\/d\/1iS9I1TeflCJF90bRxGFzFbIzCN_Iztny0VFPmy3OlGo\/edit?usp=sharing\" target=\"_blank\" rel=\"noopener\">Model Transferible de Servei Comunitari 2022.<\/a><\/span><\/p>\n<p>&nbsp;<\/p>\n","protected":false},"excerpt":{"rendered":"<p><a href=\"https:\/\/projectes.xtec.cat\/met\/wp-content\/uploads\/usu1743\/2021\/04\/Captura-de-Pantalla-2021-04-17-a-les-17.36.22.png\"><\/a><br \/>\nEl projecte de georeferenciaci\u00f3 mEduTarraco s&#8217;ha treballat per tal que pugui esdevenir un model transferible de <a href=\"http:\/\/xtec.gencat.cat\/ca\/comunitat\/serveicomunitari\/\" target=\"_blank\" rel=\"noopener noreferrer\">Servei Comunitari<\/a>. Per aquest motiu es van elaborar una s\u00e8rie de materials perqu\u00e8 pogu\u00e9s oferir-se com un recurs m\u00e9s lligat a la tem\u00e0tica de&hellip;  <a href=\"https:\/\/projectes.xtec.cat\/met\/servei-comunitari\/\" title=\"Read Servei Comunitari 2022- SALUT MENTAL\">Llegeix m\u00e9s\u00bb<\/a><\/p>\n","protected":false},"author":6,"featured_media":0,"parent":0,"menu_order":0,"comment_status":"closed","ping_status":"closed","template":"","meta":{"_bbp_topic_count":0,"_bbp_reply_count":0,"_bbp_total_topic_count":0,"_bbp_total_reply_count":0,"_bbp_voice_count":0,"_bbp_anonymous_reply_count":0,"_bbp_topic_count_hidden":0,"_bbp_reply_count_hidden":0,"_bbp_forum_subforum_count":0,"footnotes":""},"class_list":["post-9120","page","type-page","status-publish","hentry"],"post_mailing_queue_ids":[],"_links":{"self":[{"href":"https:\/\/projectes.xtec.cat\/met\/wp-json\/wp\/v2\/pages\/9120","targetHints":{"allow":["GET"]}}],"collection":[{"href":"https:\/\/projectes.xtec.cat\/met\/wp-json\/wp\/v2\/pages"}],"about":[{"href":"https:\/\/projectes.xtec.cat\/met\/wp-json\/wp\/v2\/types\/page"}],"author":[{"embeddable":true,"href":"https:\/\/projectes.xtec.cat\/met\/wp-json\/wp\/v2\/users\/6"}],"replies":[{"embeddable":true,"href":"https:\/\/projectes.xtec.cat\/met\/wp-json\/wp\/v2\/comments?post=9120"}],"version-history":[{"count":4,"href":"https:\/\/projectes.xtec.cat\/met\/wp-json\/wp\/v2\/pages\/9120\/revisions"}],"predecessor-version":[{"id":9469,"href":"https:\/\/projectes.xtec.cat\/met\/wp-json\/wp\/v2\/pages\/9120\/revisions\/9469"}],"wp:attachment":[{"href":"https:\/\/projectes.xtec.cat\/met\/wp-json\/wp\/v2\/media?parent=9120"}],"curies":[{"name":"wp","href":"https:\/\/api.w.org\/{rel}","templated":true}]}}