{"id":9353,"date":"2022-01-14T11:47:04","date_gmt":"2022-01-14T10:47:04","guid":{"rendered":"https:\/\/projectes.xtec.cat\/met\/?page_id=9353"},"modified":"2022-01-14T12:10:14","modified_gmt":"2022-01-14T11:10:14","slug":"edicio-2021","status":"publish","type":"page","link":"https:\/\/projectes.xtec.cat\/met\/edicio-2021\/","title":{"rendered":"Edici\u00f3 2021"},"content":{"rendered":"<p><iframe loading=\"lazy\" title=\"Con\u00e8ixer la ciutat a trav\u00e9s del m\u00f2bil: mEduTarraco\" width=\"500\" height=\"281\" src=\"https:\/\/www.youtube.com\/embed\/05H8cvgeuwY?feature=oembed\" frameborder=\"0\" allow=\"accelerometer; autoplay; clipboard-write; encrypted-media; gyroscope; picture-in-picture; web-share\" referrerpolicy=\"strict-origin-when-cross-origin\" allowfullscreen><\/iframe><\/p>\n<p>.<\/p>\n","protected":false},"excerpt":{"rendered":"<p>.<\/p>\n","protected":false},"author":6,"featured_media":0,"parent":0,"menu_order":0,"comment_status":"closed","ping_status":"closed","template":"","meta":{"_bbp_topic_count":0,"_bbp_reply_count":0,"_bbp_total_topic_count":0,"_bbp_total_reply_count":0,"_bbp_voice_count":0,"_bbp_anonymous_reply_count":0,"_bbp_topic_count_hidden":0,"_bbp_reply_count_hidden":0,"_bbp_forum_subforum_count":0,"footnotes":""},"class_list":["post-9353","page","type-page","status-publish","hentry"],"post_mailing_queue_ids":[],"_links":{"self":[{"href":"https:\/\/projectes.xtec.cat\/met\/wp-json\/wp\/v2\/pages\/9353","targetHints":{"allow":["GET"]}}],"collection":[{"href":"https:\/\/projectes.xtec.cat\/met\/wp-json\/wp\/v2\/pages"}],"about":[{"href":"https:\/\/projectes.xtec.cat\/met\/wp-json\/wp\/v2\/types\/page"}],"author":[{"embeddable":true,"href":"https:\/\/projectes.xtec.cat\/met\/wp-json\/wp\/v2\/users\/6"}],"replies":[{"embeddable":true,"href":"https:\/\/projectes.xtec.cat\/met\/wp-json\/wp\/v2\/comments?post=9353"}],"version-history":[{"count":2,"href":"https:\/\/projectes.xtec.cat\/met\/wp-json\/wp\/v2\/pages\/9353\/revisions"}],"predecessor-version":[{"id":9358,"href":"https:\/\/projectes.xtec.cat\/met\/wp-json\/wp\/v2\/pages\/9353\/revisions\/9358"}],"wp:attachment":[{"href":"https:\/\/projectes.xtec.cat\/met\/wp-json\/wp\/v2\/media?parent=9353"}],"curies":[{"name":"wp","href":"https:\/\/api.w.org\/{rel}","templated":true}]}}