{"id":9683,"date":"2023-10-21T21:12:23","date_gmt":"2023-10-21T19:12:23","guid":{"rendered":"https:\/\/projectes.xtec.cat\/met\/?page_id=9683"},"modified":"2025-10-27T11:24:26","modified_gmt":"2025-10-27T10:24:26","slug":"medieval","status":"publish","type":"page","link":"https:\/\/projectes.xtec.cat\/met\/medieval\/","title":{"rendered":"MEDIEVAL"},"content":{"rendered":"<p><a href=\"https:\/\/projectes.xtec.cat\/met\/wp-content\/uploads\/usu1743\/2023\/10\/medutarrado_medieval__1_-removebg-preview.png\"><img loading=\"lazy\" decoding=\"async\" class=\"wp-image-9684 alignleft\" src=\"https:\/\/projectes.xtec.cat\/met\/wp-content\/uploads\/usu1743\/2023\/10\/medutarrado_medieval__1_-removebg-preview.png\" alt=\"\" width=\"456\" height=\"456\" srcset=\"https:\/\/projectes.xtec.cat\/met\/wp-content\/uploads\/usu1743\/2023\/10\/medutarrado_medieval__1_-removebg-preview.png 500w, https:\/\/projectes.xtec.cat\/met\/wp-content\/uploads\/usu1743\/2023\/10\/medutarrado_medieval__1_-removebg-preview-300x300.png 300w, https:\/\/projectes.xtec.cat\/met\/wp-content\/uploads\/usu1743\/2023\/10\/medutarrado_medieval__1_-removebg-preview-150x150.png 150w\" sizes=\"auto, (max-width: 456px) 100vw, 456px\" \/><\/a><\/p>\n<p>Projecte de georeferenciaci\u00f3 que promou el treball col.laboratiu inclusiu i el protagonisme de l&#8217;alumnat en el propi aprenentatge a trav\u00e9s de la creaci\u00f3 de continguts .Mitjan\u00e7ant un treball en xarxa entre els centres educatius i Institut Municipal d&#8217;Educaci\u00f3 de Tarragona, Patronat, l&#8217;equip mEduTarraco i Museus locals es crearan situacions d&#8217;aprenentatge multidisciplinars , contextualitzades en la Tarragona menys coneguda: Tarragona Medieval. Es facilitar\u00e0 una formaci\u00f3 de 30 hores per als docents que inclour\u00e0 una Jornada final de l&#8217;alumnat comprovant la idone\u00eftat que entre tots hauran creat al voltant dels punts d&#8217;inter\u00e9s de la Tarragona Medieval.<\/p>\n<p>Si vols con\u00e8ixer els <strong>centres participants<\/strong> pots accedir al <a href=\"https:\/\/projectes.xtec.cat\/met\/centres-participants-2\/\"><strong>mapa<\/strong><\/a>.<\/p>\n<p>meduTarraco Medieval va ser presentat als centres al setembre del 2023 , si no hi vas poder assistir o tens curiosistat en <strong>con\u00e8ixer el projecte amb m\u00e9s detall<\/strong> entra <strong><a href=\"https:\/\/projectes.xtec.cat\/met\/reflexions-presentacio\/\">aqu\u00ed.<\/a><\/strong><\/p>\n<p>Voleu con\u00e8ixer de m\u00e0 dels creadors de mEduTarraco Medieval l&#8217;opini\u00f3 i valoraci\u00f3 d&#8217;aquesta experi\u00e8ncia? Mireu el video<\/p>\n<p><iframe loading=\"lazy\" title=\"mEdu Tarraco Medieval\" width=\"500\" height=\"281\" src=\"https:\/\/www.youtube.com\/embed\/PKX-PpPJ0j4?feature=oembed\" frameborder=\"0\" allow=\"accelerometer; autoplay; clipboard-write; encrypted-media; gyroscope; picture-in-picture; web-share\" referrerpolicy=\"strict-origin-when-cross-origin\" allowfullscreen><\/iframe><\/p>\n","protected":false},"excerpt":{"rendered":"<p><a href=\"https:\/\/projectes.xtec.cat\/met\/wp-content\/uploads\/usu1743\/2023\/10\/medutarrado_medieval__1_-removebg-preview.png\"><\/a><br \/>\nProjecte de georeferenciaci\u00f3 que promou el treball col.laboratiu inclusiu i el protagonisme de l&#8217;alumnat en el propi aprenentatge a trav\u00e9s de la creaci\u00f3 de continguts .Mitjan\u00e7ant un treball en xarxa entre els centres educatius i Institut Municipal d&#8217;Educaci\u00f3 de Tarragona, Patronat, l&#8217;equip mEduTarraco i&hellip;  <a href=\"https:\/\/projectes.xtec.cat\/met\/medieval\/\" title=\"Read MEDIEVAL\">Llegeix m\u00e9s\u00bb<\/a><\/p>\n","protected":false},"author":12,"featured_media":0,"parent":0,"menu_order":0,"comment_status":"closed","ping_status":"closed","template":"","meta":{"_bbp_topic_count":0,"_bbp_reply_count":0,"_bbp_total_topic_count":0,"_bbp_total_reply_count":0,"_bbp_voice_count":0,"_bbp_anonymous_reply_count":0,"_bbp_topic_count_hidden":0,"_bbp_reply_count_hidden":0,"_bbp_forum_subforum_count":0,"footnotes":""},"class_list":["post-9683","page","type-page","status-publish","hentry"],"post_mailing_queue_ids":[],"_links":{"self":[{"href":"https:\/\/projectes.xtec.cat\/met\/wp-json\/wp\/v2\/pages\/9683","targetHints":{"allow":["GET"]}}],"collection":[{"href":"https:\/\/projectes.xtec.cat\/met\/wp-json\/wp\/v2\/pages"}],"about":[{"href":"https:\/\/projectes.xtec.cat\/met\/wp-json\/wp\/v2\/types\/page"}],"author":[{"embeddable":true,"href":"https:\/\/projectes.xtec.cat\/met\/wp-json\/wp\/v2\/users\/12"}],"replies":[{"embeddable":true,"href":"https:\/\/projectes.xtec.cat\/met\/wp-json\/wp\/v2\/comments?post=9683"}],"version-history":[{"count":4,"href":"https:\/\/projectes.xtec.cat\/met\/wp-json\/wp\/v2\/pages\/9683\/revisions"}],"predecessor-version":[{"id":10286,"href":"https:\/\/projectes.xtec.cat\/met\/wp-json\/wp\/v2\/pages\/9683\/revisions\/10286"}],"wp:attachment":[{"href":"https:\/\/projectes.xtec.cat\/met\/wp-json\/wp\/v2\/media?parent=9683"}],"curies":[{"name":"wp","href":"https:\/\/api.w.org\/{rel}","templated":true}]}}