{"id":9691,"date":"2023-10-22T16:17:25","date_gmt":"2023-10-22T14:17:25","guid":{"rendered":"https:\/\/projectes.xtec.cat\/met\/?page_id=9691"},"modified":"2025-10-27T11:28:59","modified_gmt":"2025-10-27T10:28:59","slug":"reflexions-presentacio","status":"publish","type":"page","link":"https:\/\/projectes.xtec.cat\/met\/reflexions-presentacio\/","title":{"rendered":"Introducci\u00f3"},"content":{"rendered":"<p><a href=\"https:\/\/projectes.xtec.cat\/met\/wp-content\/uploads\/usu1743\/2023\/11\/mEduTarraco-Medieval-3.pdf\">Presentaci\u00f3 mEduTarraco Medieval<\/a><\/p>\n<p><a href=\"https:\/\/docs.google.com\/presentation\/d\/1PqhXk0GvMsi-GAyuf-9wNfAunPOFV3rJDmZ2S2Nb5W4\/edit?usp=sharing\"><img loading=\"lazy\" decoding=\"async\" class=\"wp-image-9748 aligncenter\" src=\"https:\/\/projectes.xtec.cat\/met\/wp-content\/uploads\/usu1743\/2023\/11\/portada-presentacio.jpg\" alt=\"\" width=\"491\" height=\"283\" srcset=\"https:\/\/projectes.xtec.cat\/met\/wp-content\/uploads\/usu1743\/2023\/11\/portada-presentacio.jpg 729w, https:\/\/projectes.xtec.cat\/met\/wp-content\/uploads\/usu1743\/2023\/11\/portada-presentacio-300x173.jpg 300w\" sizes=\"auto, (max-width: 491px) 100vw, 491px\" \/><\/a><\/p>\n<p>A partir de la sessi\u00f3 de presentaci\u00f3 que va desenvolupar-se el passat 26 de setembre de 2023,<strong> 19 centres educatius van demostrar el seu comprom\u00eds envers el projecte MEDUTARRACO MEDIEVAL<\/strong><\/p>\n<p><a href=\"https:\/\/projectes.xtec.cat\/met\/wp-content\/uploads\/usu1743\/2023\/09\/IMG-20230927-WA0005.jpg\"><img loading=\"lazy\" decoding=\"async\" class=\"wp-image-9657 aligncenter\" src=\"https:\/\/projectes.xtec.cat\/met\/wp-content\/uploads\/usu1743\/2023\/09\/IMG-20230927-WA0005-1024x768.jpg\" alt=\"\" width=\"399\" height=\"299\" srcset=\"https:\/\/projectes.xtec.cat\/met\/wp-content\/uploads\/usu1743\/2023\/09\/IMG-20230927-WA0005-1024x768.jpg 1024w, https:\/\/projectes.xtec.cat\/met\/wp-content\/uploads\/usu1743\/2023\/09\/IMG-20230927-WA0005-300x225.jpg 300w, https:\/\/projectes.xtec.cat\/met\/wp-content\/uploads\/usu1743\/2023\/09\/IMG-20230927-WA0005-768x576.jpg 768w, https:\/\/projectes.xtec.cat\/met\/wp-content\/uploads\/usu1743\/2023\/09\/IMG-20230927-WA0005-1536x1152.jpg 1536w, https:\/\/projectes.xtec.cat\/met\/wp-content\/uploads\/usu1743\/2023\/09\/IMG-20230927-WA0005-200x150.jpg 200w, https:\/\/projectes.xtec.cat\/met\/wp-content\/uploads\/usu1743\/2023\/09\/IMG-20230927-WA0005.jpg 1600w\" sizes=\"auto, (max-width: 399px) 100vw, 399px\" \/><\/a><\/p>\n<p>El projecte es desenvolupa seguint la infografia a la que podreu accedir a trav\u00e9s del codi QR::<\/p>\n<p><a href=\"https:\/\/projectes.xtec.cat\/met\/wp-content\/uploads\/usu1743\/2023\/10\/QRtiger-1.png\"><img loading=\"lazy\" decoding=\"async\" class=\"wp-image-9670 aligncenter\" src=\"https:\/\/projectes.xtec.cat\/met\/wp-content\/uploads\/usu1743\/2023\/10\/QRtiger-1.png\" alt=\"\" width=\"217\" height=\"217\" srcset=\"https:\/\/projectes.xtec.cat\/met\/wp-content\/uploads\/usu1743\/2023\/10\/QRtiger-1.png 500w, https:\/\/projectes.xtec.cat\/met\/wp-content\/uploads\/usu1743\/2023\/10\/QRtiger-1-300x300.png 300w, https:\/\/projectes.xtec.cat\/met\/wp-content\/uploads\/usu1743\/2023\/10\/QRtiger-1-150x150.png 150w\" sizes=\"auto, (max-width: 217px) 100vw, 217px\" \/><\/a>:<\/p>\n<p>Durant la sessi\u00f3 van sorgir uns dubtes que es van recollir i mirar de respondre :<\/p>\n<ul>\n<li aria-level=\"1\"><b>Qu\u00e8 necessito per treballar-ho a l&#8217;aula?<\/b><\/li>\n<li style=\"font-weight: 400;\" aria-level=\"1\"><span style=\"font-weight: 400;\">Temps. Tot i que no podem resoldre els problemes derivats de la manca de temps, la formaci\u00f3 presencial \u00e9s una ocasi\u00f3 per poder treballar en el Projecte de forma col\u00b7laborativa. \u00c9s un espai on poder reflexionar, compartir idees\u00a0 i metodologies per aplicar la situaci\u00f3 d&#8217;aprenentatge.\u00a0<\/span><\/li>\n<li style=\"font-weight: 400;\" aria-level=\"1\"><span style=\"font-weight: 400;\">Informaci\u00f3 hist\u00f2rica i documental. La formaci\u00f3 facilitar\u00e0 bibliografia i altres fonts de recursos documentals i gr\u00e0fics, relacionats amb l&#8217;Edat Mitjana. Volem fer constar que el Projecte \u00e9s interdisciplinar, tot i que est\u00e0 basat en aquest per\u00edode hist\u00f2ric.\u00a0<\/span><\/li>\n<li style=\"font-weight: 400;\" aria-level=\"1\"><span style=\"font-weight: 400;\">Quant a ordinadors i altres dispositius, no tenim cap possibilitat de facilitar-vos recursos d&#8217;aquesta tipologia.\u00a0<\/span><\/li>\n<\/ul>\n<p>&nbsp;<\/p>\n<ul>\n<li><b>Qu\u00e8 espero de la formaci\u00f3?<\/b><\/li>\n<li style=\"font-weight: 400;\" aria-level=\"1\"><span style=\"font-weight: 400;\">Hores d&#8217;innovaci\u00f3. Passem aquesta demanda a inst\u00e0ncies superiors, per trobar el reconeixement m\u00e9s adient.<\/span><\/li>\n<li style=\"font-weight: 400;\" aria-level=\"1\"><span style=\"font-weight: 400;\">Preguntes competencials, aplicaci\u00f3, acompanyament i metodologia. Tots\u00a0 aquests aspectes ser\u00e1n recollits a la formaci\u00f3. Recordeu tamb\u00e9 que tindreu un acompanyament\u00a0 per parte de la Judith de l&#8217;IMET i dels formadors de l&#8217;equip.<\/span><\/li>\n<\/ul>\n<p>&nbsp;<\/p>\n<ul>\n<li><b>Qu\u00e8 afegiria al projecte?<\/b><\/li>\n<li style=\"font-weight: 400;\" aria-level=\"1\"><span style=\"font-weight: 400;\">Joc de pistes. Aquesta modalitat no permet sumar punts i fer un r\u00e0nquing, almenys amb l\u2019aplicaci\u00f3 MHM.<\/span><\/li>\n<li style=\"font-weight: 400;\" aria-level=\"1\"><span style=\"font-weight: 400;\">Societat feudal i personatges. S\u00f3n temes que es poden treballar en alguns dels punts proposats.\u00a0<\/span><\/li>\n<\/ul>\n<p><span style=\"font-weight: 400;\">Estem acabant d&#8217;assignar els punts a treballar amb el vostre alumnat i per fer-ho ens cal concretar amb quin nivell educatiu desenvolupareu el projecte . Tenim docents d&#8217;Escoles, Instituts i instituts Escola i cada docent ens ha d&#8217;indicar amb quin nivell hi participar\u00e0. La propera setmana enviarem un email que ens permetr\u00e0 facilitar-vos la llista definitiva i els punts corresponents a cada centre donat que tenim 31 punts i els desenvolupareu en 2 nivells d&#8217;acord amb l&#8217;alumnat\u00a0 que el portar\u00e0 a terme. Aix\u00f2 facilitar\u00e0 la creaci\u00f3 de 2 itineraris a partir dels llocs d&#8217;inter\u00e9s que es caracteritzaran per dos nivells de complexitat , medieval b\u00e0sic i medieval avan\u00e7at\u00a0<\/span><\/p>\n<p><span style=\"font-weight: 400;\">Us demanarem tamb\u00e9 les vostres dades (nom, cognoms , NIF i email) perqu\u00e8 des del CRP <\/span>del Tarragon\u00e8s us puguin matricular a la Grup de Treball lligat al Projecte i que us permetr\u00e0 certificar 30 hores . P<span style=\"font-family: inherit; font-size: 1em;\">el que fa a les sessions de treball conjunt realitzarem una formaci\u00f3 a partir de gener que ser\u00e0 h\u00edbrida, presencial i virtual, s\u00edncrona i as\u00edncrona que permeti el treball en equip dels docents i el treball aut\u00f2nom amb el seu grup classe.En aquesta formaci\u00f3 tindreu acc\u00e9s als recursos i materials que us facilitaran el treball i permetran el seguiment i acompanyament des d&#8217;Odissea.<\/span><\/p>\n<p>&nbsp;<\/p>\n","protected":false},"excerpt":{"rendered":"<p><a href=\"https:\/\/projectes.xtec.cat\/met\/wp-content\/uploads\/usu1743\/2023\/11\/mEduTarraco-Medieval-3.pdf\">Presentaci\u00f3 mEduTarraco Medieval<\/a><br \/>\n<a href=\"https:\/\/docs.google.com\/presentation\/d\/1PqhXk0GvMsi-GAyuf-9wNfAunPOFV3rJDmZ2S2Nb5W4\/edit?usp=sharing\"><\/a><br \/>\nA partir de la sessi\u00f3 de presentaci\u00f3 que va desenvolupar-se el passat 26 de setembre de 2023, 19 centres educatius van demostrar el seu comprom\u00eds envers el projecte MEDUTARRACO MEDIEVAL<br \/>\n<a href=\"https:\/\/projectes.xtec.cat\/met\/wp-content\/uploads\/usu1743\/2023\/09\/IMG-20230927-WA0005.jpg\"><\/a><br \/>\nEl projecte es desenvolupa seguint la infografia a la que podreu&hellip;  <a href=\"https:\/\/projectes.xtec.cat\/met\/reflexions-presentacio\/\" title=\"Read Introducci\u00f3\">Llegeix m\u00e9s\u00bb<\/a><\/p>\n","protected":false},"author":12,"featured_media":0,"parent":0,"menu_order":0,"comment_status":"closed","ping_status":"closed","template":"","meta":{"_bbp_topic_count":0,"_bbp_reply_count":0,"_bbp_total_topic_count":0,"_bbp_total_reply_count":0,"_bbp_voice_count":0,"_bbp_anonymous_reply_count":0,"_bbp_topic_count_hidden":0,"_bbp_reply_count_hidden":0,"_bbp_forum_subforum_count":0,"footnotes":""},"class_list":["post-9691","page","type-page","status-publish","hentry"],"post_mailing_queue_ids":[],"_links":{"self":[{"href":"https:\/\/projectes.xtec.cat\/met\/wp-json\/wp\/v2\/pages\/9691","targetHints":{"allow":["GET"]}}],"collection":[{"href":"https:\/\/projectes.xtec.cat\/met\/wp-json\/wp\/v2\/pages"}],"about":[{"href":"https:\/\/projectes.xtec.cat\/met\/wp-json\/wp\/v2\/types\/page"}],"author":[{"embeddable":true,"href":"https:\/\/projectes.xtec.cat\/met\/wp-json\/wp\/v2\/users\/12"}],"replies":[{"embeddable":true,"href":"https:\/\/projectes.xtec.cat\/met\/wp-json\/wp\/v2\/comments?post=9691"}],"version-history":[{"count":6,"href":"https:\/\/projectes.xtec.cat\/met\/wp-json\/wp\/v2\/pages\/9691\/revisions"}],"predecessor-version":[{"id":9753,"href":"https:\/\/projectes.xtec.cat\/met\/wp-json\/wp\/v2\/pages\/9691\/revisions\/9753"}],"wp:attachment":[{"href":"https:\/\/projectes.xtec.cat\/met\/wp-json\/wp\/v2\/media?parent=9691"}],"curies":[{"name":"wp","href":"https:\/\/api.w.org\/{rel}","templated":true}]}}