{"id":9762,"date":"2023-12-02T19:44:14","date_gmt":"2023-12-02T18:44:14","guid":{"rendered":"https:\/\/projectes.xtec.cat\/met\/?page_id=9762"},"modified":"2023-12-02T19:44:14","modified_gmt":"2023-12-02T18:44:14","slug":"edicio-2022","status":"publish","type":"page","link":"https:\/\/projectes.xtec.cat\/met\/edicions-anteriors\/edicio-2022\/","title":{"rendered":"Edici\u00f3 2022"},"content":{"rendered":"<p>mEdutarraco en l&#8217;edici\u00f3 del curs 21-22 , va presentar-se amb una novetat que va ser molt ben rebuda: col.laborar amb la Marat\u00f3 de TV3.<\/p>\n<p><a href=\"https:\/\/mhm.mobileworldcapital.com\/medutarraco\">Enlla\u00e7 a l&#8217;app MHM<\/a><\/p>\n<p>En ser la tem\u00e0tica de la marat\u00f3 &#8220;la salut mental&#8221; es va publicar un document corresponent de Servei Comunitari perqu\u00e8 pogu\u00e9s permetre al professorat participant en medutarraco22 , ajudar-lo i col.laborar en la seva pr\u00e0ctica.<\/p>\n<p>M\u00e9s informaci\u00f3: <a href=\"https:\/\/projectes.xtec.cat\/met\/servei-comunitari\/\">https:\/\/projectes.xtec.cat\/met\/servei-comunitari\/\u00a0<\/a><\/p>\n<p>Podeu descarregar-vos els materials al respecte de\u00a0la\u00a0<a href=\"https:\/\/docs.google.com\/document\/d\/1VcRzcyVwbWo5Sej8aVUu6ge3JTFeiobhMWQH_NRHDtE\/edit\" target=\"_blank\" rel=\"noopener\">Guia Pr\u00e0ctica de Servei Comunitari mEduTarraco22<\/a> i\u00a0 del <a href=\"https:\/\/docs.google.com\/document\/d\/1iS9I1TeflCJF90bRxGFzFbIzCN_Iztny0VFPmy3OlGo\/edit?usp=sharing\" target=\"_blank\" rel=\"noopener\">Model Transferible de Servei Comunitari 2022.<\/a><\/p>\n<p>Vam tenir durant aquesta edici\u00f3 de mEduTarraco22, pres\u00e8ncia als mitjans de comunicaci\u00f3: https:\/\/www.diaridetarragona.com\/tarragona\/Descubrir-Tarragona-sin-soltar-el-movil-el-reto-posible-20220317-0069.html<\/p>\n<p>Vam comptar amb participants internacionals gr\u00e0cies a alumnes d&#8217;Erasmus de l&#8217;IE Mare de Deu del Portal.<\/p>\n<p><iframe loading=\"lazy\" title=\"Institut Escola Mare de D\u00e9u del Portal participa a mEduTarraco22\" width=\"500\" height=\"375\" src=\"https:\/\/www.youtube.com\/embed\/ws6iJWdGVog?feature=oembed\" frameborder=\"0\" allow=\"accelerometer; autoplay; clipboard-write; encrypted-media; gyroscope; picture-in-picture; web-share\" referrerpolicy=\"strict-origin-when-cross-origin\" allowfullscreen><\/iframe><\/p>\n","protected":false},"excerpt":{"rendered":"<p>mEdutarraco en l&#8217;edici\u00f3 del curs 21-22 , va presentar-se amb una novetat que va ser molt ben rebuda: col.laborar amb la Marat\u00f3 de TV3.<br \/>\n<a href=\"https:\/\/mhm.mobileworldcapital.com\/medutarraco\">Enlla\u00e7 a l&#8217;app MHM<\/a><br \/>\nEn ser la tem\u00e0tica de la marat\u00f3 &#8220;la salut mental&#8221; es va publicar un document corresponent de Servei&hellip;  <a href=\"https:\/\/projectes.xtec.cat\/met\/edicions-anteriors\/edicio-2022\/\" title=\"Read Edici\u00f3 2022\">Llegeix m\u00e9s\u00bb<\/a><\/p>\n","protected":false},"author":12,"featured_media":0,"parent":8598,"menu_order":0,"comment_status":"closed","ping_status":"closed","template":"","meta":{"_bbp_topic_count":0,"_bbp_reply_count":0,"_bbp_total_topic_count":0,"_bbp_total_reply_count":0,"_bbp_voice_count":0,"_bbp_anonymous_reply_count":0,"_bbp_topic_count_hidden":0,"_bbp_reply_count_hidden":0,"_bbp_forum_subforum_count":0,"footnotes":""},"class_list":["post-9762","page","type-page","status-publish","hentry"],"post_mailing_queue_ids":[],"_links":{"self":[{"href":"https:\/\/projectes.xtec.cat\/met\/wp-json\/wp\/v2\/pages\/9762","targetHints":{"allow":["GET"]}}],"collection":[{"href":"https:\/\/projectes.xtec.cat\/met\/wp-json\/wp\/v2\/pages"}],"about":[{"href":"https:\/\/projectes.xtec.cat\/met\/wp-json\/wp\/v2\/types\/page"}],"author":[{"embeddable":true,"href":"https:\/\/projectes.xtec.cat\/met\/wp-json\/wp\/v2\/users\/12"}],"replies":[{"embeddable":true,"href":"https:\/\/projectes.xtec.cat\/met\/wp-json\/wp\/v2\/comments?post=9762"}],"version-history":[{"count":1,"href":"https:\/\/projectes.xtec.cat\/met\/wp-json\/wp\/v2\/pages\/9762\/revisions"}],"predecessor-version":[{"id":9763,"href":"https:\/\/projectes.xtec.cat\/met\/wp-json\/wp\/v2\/pages\/9762\/revisions\/9763"}],"up":[{"embeddable":true,"href":"https:\/\/projectes.xtec.cat\/met\/wp-json\/wp\/v2\/pages\/8598"}],"wp:attachment":[{"href":"https:\/\/projectes.xtec.cat\/met\/wp-json\/wp\/v2\/media?parent=9762"}],"curies":[{"name":"wp","href":"https:\/\/api.w.org\/{rel}","templated":true}]}}