{"id":8236,"date":"2022-03-07T12:49:24","date_gmt":"2022-03-07T11:49:24","guid":{"rendered":"https:\/\/projectes.xtec.cat\/mex-mataro\/?page_id=8236"},"modified":"2026-01-30T10:36:59","modified_gmt":"2026-01-30T09:36:59","slug":"presentacio-xarxa","status":"publish","type":"page","link":"https:\/\/projectes.xtec.cat\/mex-mataro\/qui-som\/presentacio-xarxa\/","title":{"rendered":"Presentaci\u00f3 xarxa &#8211; 7 de mar\u00e7 de 2019"},"content":{"rendered":"\n<p class=\"has-white-color has-ast-global-color-0-background-color has-text-color has-background has-link-color has-medium-font-size wp-elements-c4a8f13bb2167e63682f1d708dea8735\"><strong>Resum de la reuni\u00f3 del 7 de mar\u00e7 de 2019. SE de Matar\u00f3.<\/strong><\/p>\n\n\n<section id=\"h.7b4e8ed46aec889c_256\" class=\"yaqOZd\">\n<div class=\"mYVXT\">\n<div class=\"LS81yb VICjCf\" tabindex=\"-1\">\n<div class=\"hJDwNd-AhqUyc-uQSCkd purZT-AhqUyc-II5mzb pSzOP-AhqUyc-qWD73c JNdkSc\">\n<div class=\"JNdkSc-SmKAyb\">\n<div class=\"\">\n<div class=\"oKdM2c Kzv0Me\">\n<div id=\"h.7b4e8ed46aec889c_259\" class=\"hJDwNd-AhqUyc-uQSCkd jXK9ad D2fZ2 OjCsFc wHaque GNzUNc\">\n<div class=\"jXK9ad-SmKAyb\">\n<div class=\"tyJCtd mGzaTb baZpAe\">\n<h4 class=\"CDt4Ke zfr3Q\" dir=\"ltr\"><strong><span style=\"font-size: revert; background-color: rgba(0, 0, 0, 0);\">Desenvolupament de la trobada<\/span><\/strong><\/h4>\n<p class=\"CDt4Ke zfr3Q\" dir=\"ltr\"><strong><span style=\"font-size: revert; background-color: rgba(0, 0, 0, 0);\">1) Benvinguda.<\/span><\/strong><\/p>\n<\/div>\n<\/div>\n<\/div>\n<\/div>\n<\/div>\n<\/div>\n<\/div>\n<\/div>\n<\/div>\n<\/section>\n<section id=\"h.7b4e8ed46aec889c_260\" class=\"yaqOZd\">\n<div class=\"mYVXT\">\n<div class=\"LS81yb VICjCf\" tabindex=\"-1\">\n<div class=\"hJDwNd-AhqUyc-uQSCkd purZT-AhqUyc-II5mzb pSzOP-AhqUyc-qWD73c JNdkSc\">\n<div class=\"JNdkSc-SmKAyb\">\n<div class=\"\">\n<div class=\"oKdM2c Kzv0Me\">\n<div id=\"h.7b4e8ed46aec889c_263\" class=\"hJDwNd-AhqUyc-uQSCkd jXK9ad D2fZ2 OjCsFc wHaque GNzUNc\">\n<div class=\"jXK9ad-SmKAyb\">\n<div class=\"tyJCtd mGzaTb baZpAe\">\n<p class=\"CDt4Ke zfr3Q\" dir=\"ltr\">Es presenta el proc\u00e9s fet fins ara per la creaci\u00f3 de la xarxa.<\/p>\n<p class=\"CDt4Ke zfr3Q\" dir=\"ltr\"><strong>2) Es presenta el composici\u00f3 del GRUP BASE que s&#8217;encarregar\u00e0 de dinamitzar i coordinar les actuacions de la xarxa i dels grups de treball actius:<\/strong><\/p>\n<ul>\n<li class=\"CDt4Ke zfr3Q\" dir=\"ltr\">Alba Oliveras. Inspecci\u00f3 de Matar\u00f3.<\/li>\n<li class=\"CDt4Ke zfr3Q\" dir=\"ltr\">Albert Barnils. Servei Educatiu CRP.<\/li>\n<li class=\"CDt4Ke zfr3Q\" dir=\"ltr\">Bintou Jarju. Servei Educatiu LIC.<\/li>\n<li class=\"CDt4Ke zfr3Q\" dir=\"ltr\">Carina Torres. Institut Les Cinc S\u00e9nies.<\/li>\n<li class=\"CDt4Ke zfr3Q\" dir=\"ltr\">Elvira Carri\u00f3. Institut Laia l&#8217;Arquera.<\/li>\n<li class=\"CDt4Ke zfr3Q\" dir=\"ltr\">Joan Llorens. Escola Josep M.Peram\u00e0s.<\/li>\n<li class=\"CDt4Ke zfr3Q\" dir=\"ltr\">Josep G\u00f3mez. Inspecci\u00f3 de Matar\u00f3.<\/li>\n<li class=\"CDt4Ke zfr3Q\" dir=\"ltr\">Maria Berm\u00fadez. Ajuntament de Matar\u00f3.<\/li>\n<li class=\"CDt4Ke zfr3Q\" dir=\"ltr\">Marta Bistuer. Escola Germanes Bertomeu.<\/li>\n<li class=\"CDt4Ke zfr3Q\" dir=\"ltr\">Pere Salvador. Inspecci\u00f3 de Matar\u00f3.<\/li>\n<li class=\"CDt4Ke zfr3Q\" dir=\"ltr\">Quima Guti\u00e9rrez. Escola Bressol La Ll\u00e0ntia.<\/li>\n<li class=\"CDt4Ke zfr3Q\" dir=\"ltr\">Sabina Bosch. Servei Educatiu EAP.<\/li>\n<li class=\"CDt4Ke zfr3Q\" dir=\"ltr\">Sergi Luque. Escola Cam\u00ed del Cros.<\/li>\n<li class=\"CDt4Ke zfr3Q\" dir=\"ltr\">Sisa L\u00f3pez. Serveis Educatius<\/li>\n<li class=\"CDt4Ke zfr3Q\" dir=\"ltr\">Susana Teruel. Escola Torre Llauder.<\/li>\n<li class=\"CDt4Ke zfr3Q\" dir=\"ltr\">Teresa Comas. Institut Miquel Biada.<\/li>\n<li class=\"CDt4Ke zfr3Q\" dir=\"ltr\">Teresa Sensada. Escola El Tur\u00f3.<\/li>\n<\/ul>\n<p class=\"CDt4Ke zfr3Q\" dir=\"ltr\"><strong>3) Es presenta el <span class=\" aw5Odc\"><a class=\"XqQF9c\" href=\"https:\/\/drive.google.com\/file\/d\/1LAjw9PwVeaMsq_rwl9dmpHqDJbgviORw\/view?usp=sharing\" target=\"_blank\" rel=\"noopener\">document fundacional <\/a><\/span>de la xarxa amb les 4 l\u00ednies d&#8217;actuaci\u00f3 que es proposen comen\u00e7ar a desenvolupar:<\/strong><\/p>\n<p class=\"CDt4Ke zfr3Q\" dir=\"ltr\">1. Estudiar la situaci\u00f3 de <strong>l\u2019escolaritzaci\u00f3 equilibrada<\/strong> de Matar\u00f3 per poder dissenyar propostes que permetin avan\u00e7ar en aquesta direcci\u00f3. Referent: Sergi Luque <span class=\" aw5Odc\"><a class=\"XqQF9c\" href=\"mailto:sluque3@xtec.cat\" target=\"_blank\" rel=\"noopener\"><strong>sluque3@xtec.cat<\/strong><\/a><\/span><\/p>\n<p class=\"CDt4Ke zfr3Q\" dir=\"ltr\">2. Potenciar <strong>jornades d\u2019intercanvi i altres activitats<\/strong> que facilitin als professionals millorar les actuacions a les aules. Referent: Sisa L\u00f3pez: <span class=\" aw5Odc\"><a class=\"XqQF9c\" href=\"mailto:hlopez3@xtec.cat\" target=\"_blank\" rel=\"noopener\"><strong>hlopez3@xtec.cat<\/strong><\/a><\/span><\/p>\n<p class=\"CDt4Ke zfr3Q\" dir=\"ltr\">3. Refor\u00e7ar el <strong>lideratge<\/strong> compartit de les direccions en la seva tasca de definir i executar projectes educatius de centre de qualitat. Referent: Carina Torres <span class=\" aw5Odc\"><a class=\"XqQF9c\" href=\"mailto:ctorre27@xtec.cat\" target=\"_blank\" rel=\"noopener\"><strong>ctorre27@xtec.cat<\/strong><\/a><\/span><\/p>\n<p class=\"CDt4Ke zfr3Q\" dir=\"ltr\">4. Enfortir la coordinaci\u00f3 entre centres educatius i altres serveis en la seva tasca socioeducativa. Referent: Elvira Carri\u00f3 <span class=\" aw5Odc\"><a class=\"XqQF9c\" href=\"mailto:ecarrio@xtec.cat\" target=\"_blank\" rel=\"noopener\"><strong>ecarrio@xtec.cat<\/strong><\/a><\/span><\/p>\n<p class=\"CDt4Ke zfr3Q\" dir=\"ltr\">Cada grup es constituir\u00e0 i desenvolupar\u00e0 les seves pr\u00f2pies din\u00e0miques i calendari.<\/p>\n<p class=\"CDt4Ke zfr3Q\" dir=\"ltr\">A partir de la presentaci\u00f3 de cada l\u00ednia d&#8217;actuaci\u00f3, s&#8217;inicia un proc\u00e9s participatiu recollint les aportacions dels assistents en relaci\u00f3 a la identificaci\u00f3 de les necessitats i les potencialitats en cadascun dels quatre \u00e0mbits dels grups de treball. Es far\u00e0 una recollida de les contribucions i una devoluci\u00f3 de les aportacions als assistents.<\/p>\n<p class=\"CDt4Ke zfr3Q\" dir=\"ltr\"><strong>4) Es presenten tres experi\u00e8ncies de tres centres de la ciutat:<\/strong><\/p>\n<ul>\n<li class=\"CDt4Ke zfr3Q\" dir=\"ltr\"><strong>Escola Torre Llauder.<\/strong> Quim Qu\u00edlez i Susana Teruel. <span class=\" aw5Odc\"><a class=\"XqQF9c\" href=\"https:\/\/www.google.com\/url?q=https:\/\/drive.google.com\/file\/d\/1sdMhGbaMs5E2SnZUjqyWoSZdeZCHdZfc\/view?usp%3Dsharing&amp;sa=D&amp;source=editors&amp;ust=1617797216866000&amp;usg=AFQjCNGF1SlOA7Zgdppv1mLNrX-zRNZh5w\" target=\"_blank\" rel=\"noopener\"><strong>Criteris de centre del treball de l&#8217;expressi\u00f3 escrita<\/strong><\/a><\/span>.<\/li>\n<li class=\"CDt4Ke zfr3Q\" dir=\"ltr\"><strong>Institut Miquel Biada<\/strong>. F\u00e0tima Prat. <span class=\" aw5Odc\"><a class=\"XqQF9c\" href=\"https:\/\/drive.google.com\/file\/d\/1HjKYsFhL6bcuMWJ9NFQCDr-usf7IAoiV\/view?usp=sharing\" target=\"_blank\" rel=\"noopener\"><strong>El sistema d&#8217;indicadors propis del centre<\/strong><\/a><\/span>.<\/li>\n<li class=\"CDt4Ke zfr3Q\" dir=\"ltr\"><strong>Col\u00b7legi Mare de D\u00e9u de Lourdes.<\/strong>\u00a0Joan Tard\u00e0.\u00a0<span class=\" aw5Odc\"><a class=\"XqQF9c\" href=\"https:\/\/drive.google.com\/drive\/folders\/12b1ts7Irs1jwF1GSCPHhghShuHyfZG3g?usp=sharing\" target=\"_blank\" rel=\"noopener\"><strong>Eines d&#8217;avaluaci\u00f3 del centre<\/strong><\/a><\/span>.<\/li>\n<\/ul>\n<p class=\"CDt4Ke zfr3Q\" dir=\"ltr\">S&#8217;agraeixen les contribucions presentades i els materials presentats es posen a disposici\u00f3 dels assistents.<\/p>\n<p class=\"CDt4Ke zfr3Q\" dir=\"ltr\"><strong>5) Es presenta la proposta de fer un concurs per la selecci\u00f3 del logo de la xarxa. <\/strong><\/p>\n<p class=\"CDt4Ke zfr3Q\" dir=\"ltr\">Es proposa que hi participin tots els alumnes m\u00e9s grans dels centres d\u2019escoles bressol, de prim\u00e0ria i d&#8217;ESO. Cada centre far\u00e0 una selecci\u00f3 dels treballs presentats i el GRUP BASE de la xarxa far\u00e0 la selecci\u00f3 del logo que identificar\u00e0 la xarxa. Properament es far\u00e0 arribar als centres instruccions m\u00e9s concretes de l&#8217;organitzaci\u00f3 del concurs. El proc\u00e9s ha d\u2019estar acabat a mitjans de maig.<\/p>\n<p class=\"CDt4Ke zfr3Q\" dir=\"ltr\"><strong>6) Es recullen les propostes dels assistents per seleccionar el nom i acr\u00f2nim de la xarxa.<\/strong><\/p>\n<h4 dir=\"ltr\">\u00a0<\/h4>\n<h4 class=\"CDt4Ke zfr3Q\" dir=\"ltr\"><strong>A continuaci\u00f3 es reuneix el grup impulsor<\/strong><\/h4>\n<p class=\"CDt4Ke zfr3Q\" dir=\"ltr\">Acords:<\/p>\n<p class=\"CDt4Ke zfr3Q\" dir=\"ltr\">1) Farem un resum de les aportacions dels assistents en cadascuna les quatre l\u00ednies d&#8217;actuaci\u00f3 que farem arribar al referent de cada grup perqu\u00e8 puguin iniciar el proc\u00e9s de composici\u00f3 dels grups amb la identificaci\u00f3 de necessitats i potencialitats que s\u2019ha recollit de cada grup amb les aportacions dels assistents.<\/p>\n<p class=\"CDt4Ke zfr3Q\" dir=\"ltr\">2) Acordem que aquest grup de coordinaci\u00f3 es dir\u00e0 <strong>GRUP BASE<\/strong>.<\/p>\n<p class=\"CDt4Ke zfr3Q\" dir=\"ltr\">3) Acordem la tria del nom de la xarxa a partir de les propostes presentades a la sessi\u00f3 anterior: <strong>MATAR\u00d3 EDUCA en XARXA &#8211; MEX<\/strong><\/p>\n<p class=\"CDt4Ke zfr3Q\" dir=\"ltr\">4) Iniciarem el proc\u00e9s de posada en funcionament de la web de la xarxa.<\/p>\n<p class=\"CDt4Ke zfr3Q\" dir=\"ltr\">5) Qu\u00e8 demanem a les direccions dels centres i als assistents que facin ara en els seus \u00e0mbits respectius?<\/p>\n<ul class=\"n8H08c UVNKR\">\n<li class=\"TYR86d wXCUfe zfr3Q\">\n<ul class=\"n8H08c UVNKR\">\n<li class=\"TYR86d wXCUfe zfr3Q\" dir=\"ltr\">\n<p class=\"CDt4Ke zfr3Q\" dir=\"ltr\">Fer la difusi\u00f3 de la constituci\u00f3 de Matar\u00f3 Educa en Xarxa als claustres i consells escolars (direccions).<\/p>\n<\/li>\n<li class=\"TYR86d wXCUfe zfr3Q\" dir=\"ltr\">\n<p class=\"CDt4Ke zfr3Q\" dir=\"ltr\">Fer difusi\u00f3 del document fundacional en tots els \u00e0mbits on intervenim (direccions i tots).<\/p>\n<\/li>\n<li class=\"TYR86d wXCUfe zfr3Q\" dir=\"ltr\">\n<p class=\"CDt4Ke zfr3Q\" dir=\"ltr\">Organitzar en els centres el concurs pel disseny del logo entre els alumnes del centre (direccions).<\/p>\n<\/li>\n<li class=\"TYR86d wXCUfe zfr3Q\" dir=\"ltr\">\n<p class=\"CDt4Ke zfr3Q\" dir=\"ltr\">Proposar directament a les persones que es consideri adequades per la participaci\u00f3 en algun dels 4 \u00e0mbits acordats i fer arribar els noms i correu electr\u00f2nic als referents (direccions i tots).<\/p>\n<\/li>\n<li class=\"TYR86d wXCUfe zfr3Q\" dir=\"ltr\">\n<p class=\"CDt4Ke zfr3Q\" dir=\"ltr\">Recollir les aportacions de cada grup (referents).<\/p>\n<\/li>\n<li class=\"TYR86d wXCUfe zfr3Q\" dir=\"ltr\">\n<p class=\"CDt4Ke zfr3Q\" dir=\"ltr\">Preparar la primera trobada de cada grup (referents)<\/p>\n<\/li>\n<\/ul>\n<\/li>\n<\/ul>\n<p class=\"CDt4Ke zfr3Q\" dir=\"ltr\">Matar\u00f3, 7 de mar\u00e7 de 2019<\/p>\n<\/div>\n<\/div>\n<\/div>\n<\/div>\n<\/div>\n<\/div>\n<\/div>\n<\/div>\n<\/div>\n<\/section>","protected":false},"excerpt":{"rendered":"<p>Resum de la reuni\u00f3 del 7 de mar\u00e7 de 2019. SE de Matar\u00f3. Desenvolupament de la trobada 1) Benvinguda. Es [&hellip;]<\/p>\n","protected":false},"author":1,"featured_media":0,"parent":8242,"menu_order":0,"comment_status":"closed","ping_status":"closed","template":"","meta":{"_bbp_topic_count":0,"_bbp_reply_count":0,"_bbp_total_topic_count":0,"_bbp_total_reply_count":0,"_bbp_voice_count":0,"_bbp_anonymous_reply_count":0,"_bbp_topic_count_hidden":0,"_bbp_reply_count_hidden":0,"_bbp_forum_subforum_count":0,"site-sidebar-layout":"default","site-content-layout":"","ast-site-content-layout":"default","site-content-style":"default","site-sidebar-style":"default","ast-global-header-display":"","ast-banner-title-visibility":"","ast-main-header-display":"","ast-hfb-above-header-display":"","ast-hfb-below-header-display":"","ast-hfb-mobile-header-display":"","site-post-title":"","ast-breadcrumbs-content":"","ast-featured-img":"","footer-sml-layout":"","theme-transparent-header-meta":"default","adv-header-id-meta":"","stick-header-meta":"","header-above-stick-meta":"","header-main-stick-meta":"","header-below-stick-meta":"","astra-migrate-meta-layouts":"set","ast-page-background-enabled":"default","ast-page-background-meta":{"desktop":{"background-color":"var(--ast-global-color-4)","background-image":"","background-repeat":"repeat","background-position":"center center","background-size":"auto","background-attachment":"scroll","background-type":"","background-media":"","overlay-type":"","overlay-color":"","overlay-opacity":"","overlay-gradient":""},"tablet":{"background-color":"","background-image":"","background-repeat":"repeat","background-position":"center center","background-size":"auto","background-attachment":"scroll","background-type":"","background-media":"","overlay-type":"","overlay-color":"","overlay-opacity":"","overlay-gradient":""},"mobile":{"background-color":"","background-image":"","background-repeat":"repeat","background-position":"center center","background-size":"auto","background-attachment":"scroll","background-type":"","background-media":"","overlay-type":"","overlay-color":"","overlay-opacity":"","overlay-gradient":""}},"ast-content-background-meta":{"desktop":{"background-color":"var(--ast-global-color-5)","background-image":"","background-repeat":"repeat","background-position":"center center","background-size":"auto","background-attachment":"scroll","background-type":"","background-media":"","overlay-type":"","overlay-color":"","overlay-opacity":"","overlay-gradient":""},"tablet":{"background-color":"var(--ast-global-color-5)","background-image":"","background-repeat":"repeat","background-position":"center center","background-size":"auto","background-attachment":"scroll","background-type":"","background-media":"","overlay-type":"","overlay-color":"","overlay-opacity":"","overlay-gradient":""},"mobile":{"background-color":"var(--ast-global-color-5)","background-image":"","background-repeat":"repeat","background-position":"center center","background-size":"auto","background-attachment":"scroll","background-type":"","background-media":"","overlay-type":"","overlay-color":"","overlay-opacity":"","overlay-gradient":""}},"footnotes":""},"class_list":["post-8236","page","type-page","status-publish","hentry"],"post_mailing_queue_ids":[],"_links":{"self":[{"href":"https:\/\/projectes.xtec.cat\/mex-mataro\/wp-json\/wp\/v2\/pages\/8236","targetHints":{"allow":["GET"]}}],"collection":[{"href":"https:\/\/projectes.xtec.cat\/mex-mataro\/wp-json\/wp\/v2\/pages"}],"about":[{"href":"https:\/\/projectes.xtec.cat\/mex-mataro\/wp-json\/wp\/v2\/types\/page"}],"author":[{"embeddable":true,"href":"https:\/\/projectes.xtec.cat\/mex-mataro\/wp-json\/wp\/v2\/users\/1"}],"replies":[{"embeddable":true,"href":"https:\/\/projectes.xtec.cat\/mex-mataro\/wp-json\/wp\/v2\/comments?post=8236"}],"version-history":[{"count":6,"href":"https:\/\/projectes.xtec.cat\/mex-mataro\/wp-json\/wp\/v2\/pages\/8236\/revisions"}],"predecessor-version":[{"id":8795,"href":"https:\/\/projectes.xtec.cat\/mex-mataro\/wp-json\/wp\/v2\/pages\/8236\/revisions\/8795"}],"up":[{"embeddable":true,"href":"https:\/\/projectes.xtec.cat\/mex-mataro\/wp-json\/wp\/v2\/pages\/8242"}],"wp:attachment":[{"href":"https:\/\/projectes.xtec.cat\/mex-mataro\/wp-json\/wp\/v2\/media?parent=8236"}],"curies":[{"name":"wp","href":"https:\/\/api.w.org\/{rel}","templated":true}]}}