{"id":8266,"date":"2022-03-17T10:49:35","date_gmt":"2022-03-17T09:49:35","guid":{"rendered":"https:\/\/projectes.xtec.cat\/mex-mataro\/?page_id=8266"},"modified":"2026-01-30T10:32:32","modified_gmt":"2026-01-30T09:32:32","slug":"concurs-disseny-logo","status":"publish","type":"page","link":"https:\/\/projectes.xtec.cat\/mex-mataro\/qui-som\/concurs-disseny-logo\/","title":{"rendered":"Hist\u00f2ria: Concurs de disseny del logo"},"content":{"rendered":"\n<p class=\"has-text-align-center has-white-color has-ast-global-color-0-background-color has-text-color has-background has-link-color has-medium-font-size wp-elements-6e69c3663a59926543d444f2da1116eb\"><strong>BASES DEL CONCURS<\/strong><\/p>\n\n\n<p><strong>Base 1. Objecte de la convocat\u00f2ria\u00a0<\/strong><\/p>\n<p><span style=\"font-weight: 400;\">1.1. Disseny del logotip destinat a ser la imatge representativa de la xarxa educativa <\/span><b>Matar\u00f3 Educa en Xarxa-MEX<\/b><span style=\"font-weight: 400;\"> en tota la difusi\u00f3 d\u2019informaci\u00f3, a trav\u00e9s del web i d\u2019altres documents i elements f\u00edsics.\u00a0<\/span><\/p>\n<p><strong>Base 2. Participants\u00a0<\/strong><\/p>\n<p><span style=\"font-weight: 400;\">2.1. Podran participar tots els alumnes escolaritzats als centres educatius de Matar\u00f3 que estiguin cursant el darrer curs d\u2019Escola Bressol, el 6\u00e8 curs d\u2019Educaci\u00f3 Prim\u00e0ria o 4t curs d\u2019Ensenyament Secundari Obligatori. En el cas dels centres educatius que tinguin alumnes de tots els cursos, hauran de triar un dels grups. En el cas de centres d\u2019oferta en creixement, podran participar-hi els seus alumnes del curs superior.<\/span><\/p>\n<p><span style=\"font-weight: 400;\">2.2. Les propostes podran realitzar-se de forma individual o en un grup d\u2019alumnes.\u00a0<\/span><\/p>\n<p><span style=\"font-weight: 400;\">2.3. Cada participant o grup podr\u00e0 presentar nom\u00e9s una proposta.\u00a0<\/span><\/p>\n<p><strong>Base 3. Requisits i condicions t\u00e8cniques\u00a0<\/strong><\/p>\n<p><span style=\"font-weight: 400;\">3.1. Es recomana que la proposta de logotip pugui reflectir algun tret d\u2019identitat relacionat amb l\u2019educaci\u00f3, el treball en equip i de Matar\u00f3.\u00a0<\/span><\/p>\n<p><span style=\"font-weight: 400;\">3.2. Els dissenys hauran de ser originals. Els participants hauran d\u2019assegurar que el disseny de la seva proposta \u00e9s fruit de la seva creativitat personal i que no s\u2019han infringit els drets d\u2019autor d\u2019altres persones i\/o entitats.\u00a0<\/span><\/p>\n<p><span style=\"font-weight: 400;\">3.3. \u00c9s aconsellable la utilitzaci\u00f3 de colors que siguin f\u00e0cilment traslladables a escala de grisos per facilitar la realitzaci\u00f3 tant en color com en blanc i negre. Es recomana l\u2019\u00fas de, com a m\u00e0xim, 3 o 4 colors.\u00a0<\/span><\/p>\n<p><span style=\"font-weight: 400;\">3.4. La t\u00e8cnica ser\u00e0 lliure. Tanmateix, els participants hauran de tenir en compte que el disseny presentat, i que resulti guanyador del concurs, ser\u00e0 despr\u00e9s reprodu\u00eft en diferents formats i materials.\u00a0<\/span><\/p>\n<p><span style=\"font-weight: 400;\">3.5. Els dissenys podran ser presentats en format anal\u00f2gic o en format digital. En el cas que es presentin en format anal\u00f2gic, la seva mida ser\u00e0 tipus A6 (148 mm x 105 mm). En cas que el disseny sigui digital, els arxius han de ser en format de resoluci\u00f3 fixa (.png o, .tiff) amb la m\u00e0xima resoluci\u00f3 possible.\u00a0<\/span><\/p>\n<p><span style=\"font-weight: 400;\">3.6. El disseny ha d&#8217;anar acompanyat de la tipografia detallada (font i mida).<\/span><\/p>\n<p><span style=\"font-weight: 400;\">3.7. Quedaran exclosos tots aquells dissenys que tinguin connotacions sexistes, xen\u00f2fobes, racistes, hom\u00f2fobes i ofensives contra persones i institucions.\u00a0<\/span><\/p>\n<p><span style=\"font-weight: 400;\">3.8. Els dissenys presentats podran no ser retornats a les persones candidates. Per aquest motiu, es recomana que les persones participants se&#8217;n guardin una c\u00f2pia abans del lliurament de l\u2019original.\u00a0<\/span><\/p>\n<p><strong>Base 4. Propietat Intel\u00b7lectual i drets de reproducci\u00f3\u00a0<\/strong><\/p>\n<p><span style=\"font-weight: 400;\">4.1. La propietat del logotip guanyador ser\u00e0 cedida al Centre de Recursos Pedag\u00f2gics del Maresme I &#8211; Matar\u00f3. Aquest servei del Departament d\u2019Educaci\u00f3 de la Generalitat de Catalunya es reserva tots els drets de propietat i d\u2019\u00fas de la proposta guanyadora.\u00a0<\/span><\/p>\n<p><span style=\"font-weight: 400;\">4.2. El Centre de Recursos Pedag\u00f2gics del Maresme I es reserva el dret de reproducci\u00f3 a trav\u00e9s dels mitjans que consideri oportuns, el dret de modificar el logotip amb l\u2019objectiu d\u2019optimitzar-lo per a la seva posterior impressi\u00f3, el d\u2019adaptar el logotip sempre que les condicions del material o objecte sobre el qual es vagi a reproduir no permetin fer-ho de manera completa i tamb\u00e9 podr\u00e0 fer \u00fas per separat dels elements del logotip.<\/span><\/p>\n<p><strong>Base 5. Presentaci\u00f3\u00a0<\/strong><\/p>\n<p><span style=\"font-weight: 400;\">5.1. Cada centre decidir\u00e0 un jurat intern per fer la selecci\u00f3 de propostes que presentar\u00e0 al jurat general de Matar\u00f3. Cada centre podr\u00e0 presentar un nombre igual o inferior al nombre de grups del nivell d\u2019alumnes que hi participin.\u00a0<\/span><\/p>\n<p><span style=\"font-weight: 400;\">5.2. El termini de presentaci\u00f3 de treball seleccionat a cada centre al jurat general de Matar\u00f3 ser\u00e0 fins al 15 de maig de 2019. El centre les far\u00e0 arribar al Centre de Recursos Pedag\u00f2gics de Matar\u00f3, Pla\u00e7a Onofre Arnau, 32, planta baixa de Matar\u00f3 (08301) i en format digital a: <\/span><a href=\"mailto:mataroeducaenxarxa@gmail.com\"><span style=\"font-weight: 400;\">mataroeducaenxarxa@gmail.com<\/span><\/a><span style=\"font-weight: 400;\">. Els formats lliurats f\u00edsicament seran presentats en un sobre, que haur\u00e0 d\u2019incloure un full amb el nom del centre i el nom dels alumnes dels treballs seleccionats. Els formats lliurats digitalment inclouran un nom d\u2019arxiu amb nom d\u2019alumne i centre.\u00a0<\/span><\/p>\n<p><strong>Base 6. Jurat seleccionador i votaci\u00f3 de les propostes\u00a0<\/strong><\/p>\n<p><span style=\"font-weight: 400;\">6.1. Els membres del jurat general de la ciutat seran les persones que formen part del Grup Base de Matar\u00f3 Educa en Xarxa-MEX.\u00a0<\/span><\/p>\n<p><strong>Base 7. Resoluci\u00f3\u00a0<\/strong><\/p>\n<p><span style=\"font-weight: 400;\">7.1. Es comunicar\u00e0, per correu electr\u00f2nic a tots els centres educatius de Matar\u00f3, el logotip guanyador aix\u00ed com la persona\/es creadora del mateix.\u00a0<\/span><\/p>\n<p><span style=\"font-weight: 400;\">7.2. El resultat es publicar\u00e0 a la p\u00e0gina web del Centre de Recursos Pedag\u00f2gics\u00a0 (<\/span><a href=\"https:\/\/sites.google.com\/a\/xtec.cat\/semataro\/\"><span style=\"font-weight: 400;\">https:\/\/sites.google.com\/a\/xtec.cat\/semataro\/<\/span><\/a><span style=\"font-weight: 400;\">) i en els altres suports que el jurat consideri adequats per donar a con\u00e8ixer el resultat del concurs.\u00a0<\/span><\/p>\n<p><span style=\"font-weight: 400;\">7.3. El jurat es reserva el dret de suspendre, ampliar o modificar aquest concurs i fins i tot la seva possible anul\u00b7laci\u00f3, sempre que hi hagi una causa justificada. Es compromet a comunicar amb antelaci\u00f3 suficient les noves bases, condicions o, si escau, l\u2019anul\u00b7laci\u00f3 definitiva del concurs, sense que aix\u00f2 comporti cap tipus de responsabilitat per al jurat ni cap tipus d\u2019indemnitzaci\u00f3 per a les persones participants.<\/span><\/p>\n<p><strong>Base 8. Premi\u00a0<\/strong><\/p>\n<p><span style=\"font-weight: 400;\">8.1. El treball seleccionat ser\u00e0 reconegut amb un diploma de reconeixement i un obsequi de record.<\/span><\/p>\n<p><strong>Base 9. Acceptaci\u00f3 de les bases\u00a0<\/strong><\/p>\n<p><span style=\"font-weight: 400;\">9.1. La participaci\u00f3 en el concurs representa impl\u00edcitament l\u2019acceptaci\u00f3 de totes les bases aix\u00ed com tamb\u00e9 la fallada del jurat.\u00a0<\/span><\/p>\n<p><span style=\"font-weight: 400;\">Qualsevol cas no previst en les presents bases ser\u00e0 resolt pel jurat.<\/span><\/p>\n<p>\u00a0<\/p>\n<p><span style=\"font-weight: 400;\">Matar\u00f3, 25 de mar\u00e7 de 2019<\/span><\/p>\n<p><span style=\"font-weight: 400;\">Equip base <\/span><b>Matar\u00f3 Educa en Xarxa-MEX.<\/b><\/p>\n<p>\u00a0<\/p>\n<p><b>IMATGES FINALISTES<\/b><\/p>\n<p><a href=\"https:\/\/projectes.xtec.cat\/mex-mataro\/wp-content\/uploads\/usu2290\/2023\/03\/EmbeddedImage-1.jpg\"><img loading=\"lazy\" decoding=\"async\" class=\"alignnone wp-image-8393\" src=\"https:\/\/projectes.xtec.cat\/mex-mataro\/wp-content\/uploads\/usu2290\/2023\/03\/EmbeddedImage-1-1024x760.jpg\" alt=\"\" width=\"319\" height=\"237\" srcset=\"https:\/\/projectes.xtec.cat\/mex-mataro\/wp-content\/uploads\/usu2290\/2023\/03\/EmbeddedImage-1-1024x760.jpg 1024w, https:\/\/projectes.xtec.cat\/mex-mataro\/wp-content\/uploads\/usu2290\/2023\/03\/EmbeddedImage-1-300x223.jpg 300w, https:\/\/projectes.xtec.cat\/mex-mataro\/wp-content\/uploads\/usu2290\/2023\/03\/EmbeddedImage-1-768x570.jpg 768w, https:\/\/projectes.xtec.cat\/mex-mataro\/wp-content\/uploads\/usu2290\/2023\/03\/EmbeddedImage-1-200x150.jpg 200w, https:\/\/projectes.xtec.cat\/mex-mataro\/wp-content\/uploads\/usu2290\/2023\/03\/EmbeddedImage-1.jpg 1181w\" sizes=\"auto, (max-width: 319px) 100vw, 319px\" \/><\/a><a href=\"https:\/\/projectes.xtec.cat\/mex-mataro\/wp-content\/uploads\/usu2290\/2023\/03\/EmbeddedImage.jpg\"><img loading=\"lazy\" decoding=\"async\" class=\"alignnone wp-image-8397\" src=\"https:\/\/projectes.xtec.cat\/mex-mataro\/wp-content\/uploads\/usu2290\/2023\/03\/EmbeddedImage.jpg\" alt=\"\" width=\"280\" height=\"280\" srcset=\"https:\/\/projectes.xtec.cat\/mex-mataro\/wp-content\/uploads\/usu2290\/2023\/03\/EmbeddedImage.jpg 500w, https:\/\/projectes.xtec.cat\/mex-mataro\/wp-content\/uploads\/usu2290\/2023\/03\/EmbeddedImage-300x300.jpg 300w, https:\/\/projectes.xtec.cat\/mex-mataro\/wp-content\/uploads\/usu2290\/2023\/03\/EmbeddedImage-150x150.jpg 150w\" sizes=\"auto, (max-width: 280px) 100vw, 280px\" \/><\/a> <a href=\"https:\/\/projectes.xtec.cat\/mex-mataro\/wp-content\/uploads\/usu2290\/2023\/03\/IMG_20230206_121011963.jpg\"><img loading=\"lazy\" decoding=\"async\" class=\"alignnone wp-image-8398\" src=\"https:\/\/projectes.xtec.cat\/mex-mataro\/wp-content\/uploads\/usu2290\/2023\/03\/IMG_20230206_121011963-1024x864.jpg\" alt=\"\" width=\"290\" height=\"245\" srcset=\"https:\/\/projectes.xtec.cat\/mex-mataro\/wp-content\/uploads\/usu2290\/2023\/03\/IMG_20230206_121011963-1024x864.jpg 1024w, https:\/\/projectes.xtec.cat\/mex-mataro\/wp-content\/uploads\/usu2290\/2023\/03\/IMG_20230206_121011963-300x253.jpg 300w, https:\/\/projectes.xtec.cat\/mex-mataro\/wp-content\/uploads\/usu2290\/2023\/03\/IMG_20230206_121011963-768x648.jpg 768w, https:\/\/projectes.xtec.cat\/mex-mataro\/wp-content\/uploads\/usu2290\/2023\/03\/IMG_20230206_121011963.jpg 1176w\" sizes=\"auto, (max-width: 290px) 100vw, 290px\" \/><\/a><\/p>\n<p><a href=\"https:\/\/projectes.xtec.cat\/mex-mataro\/wp-content\/uploads\/usu2290\/2023\/03\/EmbeddedImage-2.png\"><img loading=\"lazy\" decoding=\"async\" class=\"alignnone wp-image-8394\" src=\"https:\/\/projectes.xtec.cat\/mex-mataro\/wp-content\/uploads\/usu2290\/2023\/03\/EmbeddedImage-2-1024x1024.png\" alt=\"\" width=\"246\" height=\"246\" srcset=\"https:\/\/projectes.xtec.cat\/mex-mataro\/wp-content\/uploads\/usu2290\/2023\/03\/EmbeddedImage-2-1024x1024.png 1024w, https:\/\/projectes.xtec.cat\/mex-mataro\/wp-content\/uploads\/usu2290\/2023\/03\/EmbeddedImage-2-300x300.png 300w, https:\/\/projectes.xtec.cat\/mex-mataro\/wp-content\/uploads\/usu2290\/2023\/03\/EmbeddedImage-2-150x150.png 150w, https:\/\/projectes.xtec.cat\/mex-mataro\/wp-content\/uploads\/usu2290\/2023\/03\/EmbeddedImage-2-768x768.png 768w, https:\/\/projectes.xtec.cat\/mex-mataro\/wp-content\/uploads\/usu2290\/2023\/03\/EmbeddedImage-2.png 1280w\" sizes=\"auto, (max-width: 246px) 100vw, 246px\" \/><\/a> <a href=\"https:\/\/projectes.xtec.cat\/mex-mataro\/wp-content\/uploads\/usu2290\/2023\/03\/EmbeddedImage-1.png\">\u00a0 \u00a0 \u00a0<img loading=\"lazy\" decoding=\"async\" class=\"alignnone wp-image-8395\" src=\"https:\/\/projectes.xtec.cat\/mex-mataro\/wp-content\/uploads\/usu2290\/2023\/03\/EmbeddedImage-1-1024x899.png\" alt=\"\" width=\"289\" height=\"254\" srcset=\"https:\/\/projectes.xtec.cat\/mex-mataro\/wp-content\/uploads\/usu2290\/2023\/03\/EmbeddedImage-1-1024x899.png 1024w, https:\/\/projectes.xtec.cat\/mex-mataro\/wp-content\/uploads\/usu2290\/2023\/03\/EmbeddedImage-1-300x263.png 300w, https:\/\/projectes.xtec.cat\/mex-mataro\/wp-content\/uploads\/usu2290\/2023\/03\/EmbeddedImage-1-768x674.png 768w, https:\/\/projectes.xtec.cat\/mex-mataro\/wp-content\/uploads\/usu2290\/2023\/03\/EmbeddedImage-1.png 1280w\" sizes=\"auto, (max-width: 289px) 100vw, 289px\" \/>\u00a0 \u00a0 \u00a0 <\/a><a href=\"https:\/\/projectes.xtec.cat\/mex-mataro\/wp-content\/uploads\/usu2290\/2023\/03\/EmbeddedImage.png\"><img loading=\"lazy\" decoding=\"async\" class=\"alignnone wp-image-8396\" src=\"https:\/\/projectes.xtec.cat\/mex-mataro\/wp-content\/uploads\/usu2290\/2023\/03\/EmbeddedImage-1024x810.png\" alt=\"\" width=\"318\" height=\"252\" srcset=\"https:\/\/projectes.xtec.cat\/mex-mataro\/wp-content\/uploads\/usu2290\/2023\/03\/EmbeddedImage-1024x810.png 1024w, https:\/\/projectes.xtec.cat\/mex-mataro\/wp-content\/uploads\/usu2290\/2023\/03\/EmbeddedImage-300x237.png 300w, https:\/\/projectes.xtec.cat\/mex-mataro\/wp-content\/uploads\/usu2290\/2023\/03\/EmbeddedImage-768x608.png 768w, https:\/\/projectes.xtec.cat\/mex-mataro\/wp-content\/uploads\/usu2290\/2023\/03\/EmbeddedImage.png 1280w\" sizes=\"auto, (max-width: 318px) 100vw, 318px\" \/><\/a><\/p>\n<p>\u00a0<\/p>\n<p>\u00a0<\/p>","protected":false},"excerpt":{"rendered":"<p>BASES DEL CONCURS Base 1. Objecte de la convocat\u00f2ria\u00a0 1.1. Disseny del logotip destinat a ser la imatge representativa de [&hellip;]<\/p>\n","protected":false},"author":1,"featured_media":0,"parent":8242,"menu_order":0,"comment_status":"closed","ping_status":"closed","template":"","meta":{"_bbp_topic_count":0,"_bbp_reply_count":0,"_bbp_total_topic_count":0,"_bbp_total_reply_count":0,"_bbp_voice_count":0,"_bbp_anonymous_reply_count":0,"_bbp_topic_count_hidden":0,"_bbp_reply_count_hidden":0,"_bbp_forum_subforum_count":0,"site-sidebar-layout":"default","site-content-layout":"","ast-site-content-layout":"default","site-content-style":"default","site-sidebar-style":"default","ast-global-header-display":"","ast-banner-title-visibility":"","ast-main-header-display":"","ast-hfb-above-header-display":"","ast-hfb-below-header-display":"","ast-hfb-mobile-header-display":"","site-post-title":"","ast-breadcrumbs-content":"","ast-featured-img":"","footer-sml-layout":"","theme-transparent-header-meta":"default","adv-header-id-meta":"","stick-header-meta":"","header-above-stick-meta":"","header-main-stick-meta":"","header-below-stick-meta":"","astra-migrate-meta-layouts":"set","ast-page-background-enabled":"default","ast-page-background-meta":{"desktop":{"background-color":"var(--ast-global-color-4)","background-image":"","background-repeat":"repeat","background-position":"center center","background-size":"auto","background-attachment":"scroll","background-type":"","background-media":"","overlay-type":"","overlay-color":"","overlay-opacity":"","overlay-gradient":""},"tablet":{"background-color":"","background-image":"","background-repeat":"repeat","background-position":"center center","background-size":"auto","background-attachment":"scroll","background-type":"","background-media":"","overlay-type":"","overlay-color":"","overlay-opacity":"","overlay-gradient":""},"mobile":{"background-color":"","background-image":"","background-repeat":"repeat","background-position":"center center","background-size":"auto","background-attachment":"scroll","background-type":"","background-media":"","overlay-type":"","overlay-color":"","overlay-opacity":"","overlay-gradient":""}},"ast-content-background-meta":{"desktop":{"background-color":"var(--ast-global-color-5)","background-image":"","background-repeat":"repeat","background-position":"center center","background-size":"auto","background-attachment":"scroll","background-type":"","background-media":"","overlay-type":"","overlay-color":"","overlay-opacity":"","overlay-gradient":""},"tablet":{"background-color":"var(--ast-global-color-5)","background-image":"","background-repeat":"repeat","background-position":"center center","background-size":"auto","background-attachment":"scroll","background-type":"","background-media":"","overlay-type":"","overlay-color":"","overlay-opacity":"","overlay-gradient":""},"mobile":{"background-color":"var(--ast-global-color-5)","background-image":"","background-repeat":"repeat","background-position":"center center","background-size":"auto","background-attachment":"scroll","background-type":"","background-media":"","overlay-type":"","overlay-color":"","overlay-opacity":"","overlay-gradient":""}},"footnotes":""},"class_list":["post-8266","page","type-page","status-publish","hentry"],"post_mailing_queue_ids":[],"_links":{"self":[{"href":"https:\/\/projectes.xtec.cat\/mex-mataro\/wp-json\/wp\/v2\/pages\/8266","targetHints":{"allow":["GET"]}}],"collection":[{"href":"https:\/\/projectes.xtec.cat\/mex-mataro\/wp-json\/wp\/v2\/pages"}],"about":[{"href":"https:\/\/projectes.xtec.cat\/mex-mataro\/wp-json\/wp\/v2\/types\/page"}],"author":[{"embeddable":true,"href":"https:\/\/projectes.xtec.cat\/mex-mataro\/wp-json\/wp\/v2\/users\/1"}],"replies":[{"embeddable":true,"href":"https:\/\/projectes.xtec.cat\/mex-mataro\/wp-json\/wp\/v2\/comments?post=8266"}],"version-history":[{"count":3,"href":"https:\/\/projectes.xtec.cat\/mex-mataro\/wp-json\/wp\/v2\/pages\/8266\/revisions"}],"predecessor-version":[{"id":8791,"href":"https:\/\/projectes.xtec.cat\/mex-mataro\/wp-json\/wp\/v2\/pages\/8266\/revisions\/8791"}],"up":[{"embeddable":true,"href":"https:\/\/projectes.xtec.cat\/mex-mataro\/wp-json\/wp\/v2\/pages\/8242"}],"wp:attachment":[{"href":"https:\/\/projectes.xtec.cat\/mex-mataro\/wp-json\/wp\/v2\/media?parent=8266"}],"curies":[{"name":"wp","href":"https:\/\/api.w.org\/{rel}","templated":true}]}}