{"id":8723,"date":"2026-01-28T13:27:18","date_gmt":"2026-01-28T12:27:18","guid":{"rendered":"https:\/\/projectes.xtec.cat\/mex-mataro\/?page_id=8723"},"modified":"2026-01-30T12:47:10","modified_gmt":"2026-01-30T11:47:10","slug":"oec-observacio-entre-centres","status":"publish","type":"page","link":"https:\/\/projectes.xtec.cat\/mex-mataro\/oec-observacio-entre-centres\/","title":{"rendered":"OEC: Observaci\u00f3 Entre Centres"},"content":{"rendered":"\n<p>Des de la L2 de la MEX, Matar\u00f3 Educa en Xarxa, us volem convidar a formar part d\u2019una experi\u00e8ncia \u00fanica i innovadora de col\u00b7laboraci\u00f3&nbsp;entre centres&nbsp;educatius. Aquest curs 25-26, iniciem&nbsp;un&nbsp;<strong>pilotatge amb 6&nbsp;centres<\/strong>, que tindran l\u2019oportunitat d\u2019experimentar el poder transformador de&nbsp;<strong>l\u2019observaci\u00f3&nbsp;entre&nbsp;iguals<\/strong>, acompanyats pel CRP.<\/p>\n\n\n\n<p class=\"has-white-color has-ast-global-color-0-background-color has-text-color has-background has-link-color has-medium-font-size wp-elements-ee871563e179d29aa921a25e00c15e03\"><strong>MEX: Compartir per construir, l&#8217;observaci\u00f3&nbsp;entre centres<\/strong>.<\/p>\n\n\n\n<p><\/p>\n\n\n\n<p>No es tracta nom\u00e9s de visitar altres&nbsp;centres&nbsp;educatius, sin\u00f3 de construir coneixement compartit, de donar i rebre&nbsp;<strong>feedback fonamentat<\/strong>, d\u2019identificar bones pr\u00e0ctiques i, sobretot, de transformar-les en&nbsp;<strong>millores concretes per a cada&nbsp;centre<\/strong>. Tot plegat en un entorn de confian\u00e7a, respecte i aprenentatge mutu.<\/p>\n\n\n\n<p>Inclour\u00e0:<\/p>\n\n\n\n<ul class=\"wp-block-list\">\n<li>Sessi\u00f3 formativa&nbsp;en&nbsp;observaci\u00f3&nbsp;entre centres&nbsp;per part de l&#8217;equip d&#8217;en David Duran de la UAB<\/li>\n\n\n\n<li>&nbsp;Sessi\u00f3 de preobservaci\u00f3&nbsp;entre&nbsp;els dos&nbsp;centres<\/li>\n\n\n\n<li>Observaci\u00f3&nbsp;entre centres<\/li>\n\n\n\n<li>Sessi\u00f3&nbsp;de feedback constructiu&nbsp;entre&nbsp;els dos&nbsp;centres&nbsp;&nbsp;<\/li>\n\n\n\n<li>Sessi\u00f3 d&#8217;elaboraci\u00f3 d\u2019una s\u00edntesi reflexiva&nbsp;(de l&#8217;experi\u00e8ncia d&#8217;observar i de la transfer\u00e8ncia al&nbsp;centre)<\/li>\n\n\n\n<li>Sessi\u00f3 per compartir les s\u00edntesi reflexives<\/li>\n\n\n\n<li>Acompanyament&nbsp;d\u2019un&nbsp;t\u00e8cnic del CRP&nbsp;durant tot el proc\u00e9s)<\/li>\n<\/ul>\n\n\n\n<p><a href=\"https:\/\/docs.google.com\/forms\/d\/e\/1FAIpQLSc6Z7sM3_m4_AdTMPm-hUHM4IYjFy3kR6Ke9s9Bpdf3whdFew\/viewform?usp=header\" target=\"_blank\" rel=\"noreferrer noopener\">FORMULARI DE PARTICIPACI\u00d3<\/a>&nbsp; (data l\u00edmit 29 de juny)<\/p>\n\n\n\n<p>Inspirats en experi\u00e8ncies com el programa \u201cObservaci\u00f3&nbsp;i Aprenentatge&nbsp;entre Centres\u201d de les Illes Balears, us convidem a llegir aquest&nbsp;<a href=\"https:\/\/drive.google.com\/file\/d\/15RSkZxH7QtOThYu7MwUKjY8ONilUxYGU\/view?usp=sharing\" target=\"_blank\" rel=\"noreferrer noopener\">article de refer\u00e8ncia<\/a>&nbsp;que ha orientat la nostra proposta i mostra l\u2019impacte real d\u2019aquest tipus d\u2019iniciatives.<\/p>\n\n\n\n<p><strong>Comencem&nbsp;dijous 9&nbsp;d\u2019octubre, us animeu?<\/strong><\/p>\n\n\n\n<p>Equip de la L2 de la MEX<\/p>\n","protected":false},"excerpt":{"rendered":"<p>Des de la L2 de la MEX, Matar\u00f3 Educa en Xarxa, us volem convidar a formar part d\u2019una experi\u00e8ncia \u00fanica [&hellip;]<\/p>\n","protected":false},"author":1,"featured_media":0,"parent":0,"menu_order":0,"comment_status":"closed","ping_status":"close","template":"","meta":{"_bbp_topic_count":0,"_bbp_reply_count":0,"_bbp_total_topic_count":0,"_bbp_total_reply_count":0,"_bbp_voice_count":0,"_bbp_anonymous_reply_count":0,"_bbp_topic_count_hidden":0,"_bbp_reply_count_hidden":0,"_bbp_forum_subforum_count":0,"site-sidebar-layout":"default","site-content-layout":"","ast-site-content-layout":"default","site-content-style":"default","site-sidebar-style":"default","ast-global-header-display":"","ast-banner-title-visibility":"","ast-main-header-display":"","ast-hfb-above-header-display":"","ast-hfb-below-header-display":"","ast-hfb-mobile-header-display":"","site-post-title":"","ast-breadcrumbs-content":"","ast-featured-img":"","footer-sml-layout":"","theme-transparent-header-meta":"","adv-header-id-meta":"","stick-header-meta":"","header-above-stick-meta":"","header-main-stick-meta":"","header-below-stick-meta":"","astra-migrate-meta-layouts":"set","ast-page-background-enabled":"default","ast-page-background-meta":{"desktop":{"background-color":"var(--ast-global-color-4)","background-image":"","background-repeat":"repeat","background-position":"center center","background-size":"auto","background-attachment":"scroll","background-type":"","background-media":"","overlay-type":"","overlay-color":"","overlay-opacity":"","overlay-gradient":""},"tablet":{"background-color":"","background-image":"","background-repeat":"repeat","background-position":"center center","background-size":"auto","background-attachment":"scroll","background-type":"","background-media":"","overlay-type":"","overlay-color":"","overlay-opacity":"","overlay-gradient":""},"mobile":{"background-color":"","background-image":"","background-repeat":"repeat","background-position":"center center","background-size":"auto","background-attachment":"scroll","background-type":"","background-media":"","overlay-type":"","overlay-color":"","overlay-opacity":"","overlay-gradient":""}},"ast-content-background-meta":{"desktop":{"background-color":"var(--ast-global-color-5)","background-image":"","background-repeat":"repeat","background-position":"center center","background-size":"auto","background-attachment":"scroll","background-type":"","background-media":"","overlay-type":"","overlay-color":"","overlay-opacity":"","overlay-gradient":""},"tablet":{"background-color":"var(--ast-global-color-5)","background-image":"","background-repeat":"repeat","background-position":"center center","background-size":"auto","background-attachment":"scroll","background-type":"","background-media":"","overlay-type":"","overlay-color":"","overlay-opacity":"","overlay-gradient":""},"mobile":{"background-color":"var(--ast-global-color-5)","background-image":"","background-repeat":"repeat","background-position":"center center","background-size":"auto","background-attachment":"scroll","background-type":"","background-media":"","overlay-type":"","overlay-color":"","overlay-opacity":"","overlay-gradient":""}},"footnotes":""},"class_list":["post-8723","page","type-page","status-publish","hentry"],"post_mailing_queue_ids":[],"_links":{"self":[{"href":"https:\/\/projectes.xtec.cat\/mex-mataro\/wp-json\/wp\/v2\/pages\/8723","targetHints":{"allow":["GET"]}}],"collection":[{"href":"https:\/\/projectes.xtec.cat\/mex-mataro\/wp-json\/wp\/v2\/pages"}],"about":[{"href":"https:\/\/projectes.xtec.cat\/mex-mataro\/wp-json\/wp\/v2\/types\/page"}],"author":[{"embeddable":true,"href":"https:\/\/projectes.xtec.cat\/mex-mataro\/wp-json\/wp\/v2\/users\/1"}],"replies":[{"embeddable":true,"href":"https:\/\/projectes.xtec.cat\/mex-mataro\/wp-json\/wp\/v2\/comments?post=8723"}],"version-history":[{"count":4,"href":"https:\/\/projectes.xtec.cat\/mex-mataro\/wp-json\/wp\/v2\/pages\/8723\/revisions"}],"predecessor-version":[{"id":8837,"href":"https:\/\/projectes.xtec.cat\/mex-mataro\/wp-json\/wp\/v2\/pages\/8723\/revisions\/8837"}],"wp:attachment":[{"href":"https:\/\/projectes.xtec.cat\/mex-mataro\/wp-json\/wp\/v2\/media?parent=8723"}],"curies":[{"name":"wp","href":"https:\/\/api.w.org\/{rel}","templated":true}]}}