{"id":10485,"date":"2020-04-30T11:37:25","date_gmt":"2020-04-30T09:37:25","guid":{"rendered":"http:\/\/projectes.xtec.cat\/mobilitatfp\/?page_id=10485"},"modified":"2022-03-11T13:03:05","modified_gmt":"2022-03-11T12:03:05","slug":"metodologia","status":"publish","type":"page","link":"https:\/\/projectes.xtec.cat\/mobilitatfp\/metodologia\/","title":{"rendered":"METODOLOGIA"},"content":{"rendered":"<p style=\"text-align: justify;\"><a href=\"https:\/\/projectes.xtec.cat\/mobilitatfp\/wp-content\/uploads\/usu1833\/2022\/03\/metodologia.png\"><img loading=\"lazy\" decoding=\"async\" class=\"wp-image-12859 alignleft\" src=\"https:\/\/projectes.xtec.cat\/mobilitatfp\/wp-content\/uploads\/usu1833\/2022\/03\/metodologia.png\" alt=\"\" width=\"303\" height=\"276\" srcset=\"https:\/\/projectes.xtec.cat\/mobilitatfp\/wp-content\/uploads\/usu1833\/2022\/03\/metodologia.png 652w, https:\/\/projectes.xtec.cat\/mobilitatfp\/wp-content\/uploads\/usu1833\/2022\/03\/metodologia-300x273.png 300w\" sizes=\"auto, (max-width: 303px) 100vw, 303px\" \/><\/a><\/p>\n<p>&nbsp;<\/p>\n<p style=\"text-align: left;\">El Programa s\u2019organitza en xarxes de treball de diferent nivell en funci\u00f3 de l\u2019experi\u00e8ncia del centre en la gesti\u00f3 de projectes internacionals. El treball de les xarxes s\u2019estructura en el marc d\u2019un curs semi presencial de formaci\u00f3 del professorat amb sessions de formaci\u00f3 presencial i treball i telem\u00e0tic. La comunicaci\u00f3 amb els centres participants s\u2019articula a trav\u00e9s d\u2019un campus virtual Moodle.<\/p>\n<p style=\"text-align: left;\">L\u2019assessorament, la dinamitzaci\u00f3 i la supervisi\u00f3 de les activitats \u00e9s a c\u00e0rrec d\u2019un equip format per professorat i t\u00e8cnics experts en programes de mobilitat internacional del Servei de Programes i Projectes de Foment dels Ensenyaments Professionals.<\/p>\n<p>&nbsp;<\/p>\n<p style=\"text-align: justify;\">Les tem\u00e0tiques tractades en les diferents reunions s\u00f3n:<\/p>\n<p style=\"text-align: justify;\"><a href=\"https:\/\/projectes.xtec.cat\/mobilitatfp\/wp-content\/uploads\/usu1833\/2020\/04\/FLETXApeque.png\"><img loading=\"lazy\" decoding=\"async\" class=\"alignnone wp-image-10377\" src=\"https:\/\/projectes.xtec.cat\/mobilitatfp\/wp-content\/uploads\/usu1833\/2020\/04\/FLETXApeque.png\" alt=\"\" width=\"15\" height=\"15\" \/><\/a> La internacionalitzaci\u00f3 de la Formaci\u00f3 Professional.<\/p>\n<p style=\"text-align: justify;\"><a href=\"https:\/\/projectes.xtec.cat\/mobilitatfp\/wp-content\/uploads\/usu1833\/2020\/04\/FLETXApeque.png\"><img loading=\"lazy\" decoding=\"async\" class=\"alignnone wp-image-10377\" src=\"https:\/\/projectes.xtec.cat\/mobilitatfp\/wp-content\/uploads\/usu1833\/2020\/04\/FLETXApeque.png\" alt=\"\" width=\"15\" height=\"15\" \/><\/a> Sistemes de qualitat en la mobilitat internacional.<\/p>\n<p style=\"text-align: justify;\"><a href=\"https:\/\/projectes.xtec.cat\/mobilitatfp\/wp-content\/uploads\/usu1833\/2020\/04\/FLETXApeque.png\"><img loading=\"lazy\" decoding=\"async\" class=\"alignnone wp-image-10377\" src=\"https:\/\/projectes.xtec.cat\/mobilitatfp\/wp-content\/uploads\/usu1833\/2020\/04\/FLETXApeque.png\" alt=\"\" width=\"15\" height=\"15\" \/><\/a> Projectes de mobilitat KA1: tipus, sol\u00b7licitud i gesti\u00f3.<\/p>\n<p style=\"text-align: justify;\"><a href=\"https:\/\/projectes.xtec.cat\/mobilitatfp\/wp-content\/uploads\/usu1833\/2020\/04\/FLETXApeque.png\"><img loading=\"lazy\" decoding=\"async\" class=\"alignnone wp-image-10377\" src=\"https:\/\/projectes.xtec.cat\/mobilitatfp\/wp-content\/uploads\/usu1833\/2020\/04\/FLETXApeque.png\" alt=\"\" width=\"15\" height=\"15\" \/><\/a> Mobilitats d\u2019alumnat en estudis. Metodologia ECVET.<\/p>\n<p style=\"text-align: justify;\"><a href=\"https:\/\/projectes.xtec.cat\/mobilitatfp\/wp-content\/uploads\/usu1833\/2020\/04\/FLETXApeque.png\"><img loading=\"lazy\" decoding=\"async\" class=\"alignnone wp-image-10377\" src=\"https:\/\/projectes.xtec.cat\/mobilitatfp\/wp-content\/uploads\/usu1833\/2020\/04\/FLETXApeque.png\" alt=\"\" width=\"15\" height=\"15\" \/><\/a> Mobilitat d\u2019alumnat en DUAL.<\/p>\n<p style=\"text-align: justify;\"><a href=\"https:\/\/projectes.xtec.cat\/mobilitatfp\/wp-content\/uploads\/usu1833\/2020\/04\/FLETXApeque.png\"><img loading=\"lazy\" decoding=\"async\" class=\"alignnone wp-image-10377\" src=\"https:\/\/projectes.xtec.cat\/mobilitatfp\/wp-content\/uploads\/usu1833\/2020\/04\/FLETXApeque.png\" alt=\"\" width=\"15\" height=\"15\" \/><\/a> Sol\u00b7licitud de la Carta de Mobilitat d\u2019FP.<\/p>\n<p style=\"text-align: justify;\"><a href=\"https:\/\/projectes.xtec.cat\/mobilitatfp\/wp-content\/uploads\/usu1833\/2020\/04\/FLETXApeque.png\"><img loading=\"lazy\" decoding=\"async\" class=\"alignnone wp-image-10377\" src=\"https:\/\/projectes.xtec.cat\/mobilitatfp\/wp-content\/uploads\/usu1833\/2020\/04\/FLETXApeque.png\" alt=\"\" width=\"15\" height=\"15\" \/><\/a> Sol\u00b7licitud de la Carta Erasmus d\u2019Educaci\u00f3 Superior.<\/p>\n<p style=\"text-align: justify;\"><a href=\"https:\/\/projectes.xtec.cat\/mobilitatfp\/wp-content\/uploads\/usu1833\/2020\/04\/FLETXApeque.png\"><img loading=\"lazy\" decoding=\"async\" class=\"alignnone wp-image-10377\" src=\"https:\/\/projectes.xtec.cat\/mobilitatfp\/wp-content\/uploads\/usu1833\/2020\/04\/FLETXApeque.png\" alt=\"\" width=\"15\" height=\"15\" \/><\/a> Projectes de cooperaci\u00f3 KA2: tipus, sol\u00b7licitud i gesti\u00f3.<\/p>\n<p style=\"text-align: justify;\"><a href=\"https:\/\/projectes.xtec.cat\/mobilitatfp\/wp-content\/uploads\/usu1833\/2020\/04\/FLETXApeque.png\"><img loading=\"lazy\" decoding=\"async\" class=\"alignnone wp-image-10377\" src=\"https:\/\/projectes.xtec.cat\/mobilitatfp\/wp-content\/uploads\/usu1833\/2020\/04\/FLETXApeque.png\" alt=\"\" width=\"15\" height=\"15\" \/><\/a> Programes i xarxes de cooperaci\u00f3. Recerca de socis.<\/p>\n<p style=\"text-align: justify;\">En curs preveu el lliurament d\u2019una mem\u00f2ria final i la realitzaci\u00f3 d\u2019una enquesta de valoraci\u00f3 amb l\u2019objectiu de valorar el programa, recopilar suggeriments per a la seg\u00fcent edici\u00f3, recollir informaci\u00f3 sobre els projectes de centres participants i preparar la Jornada de cloenda.<\/p>\n","protected":false},"excerpt":{"rendered":"<p><a href=\"https:\/\/projectes.xtec.cat\/mobilitatfp\/wp-content\/uploads\/usu1833\/2022\/03\/metodologia.png\"><\/a><br \/>\n&nbsp;<br \/>\nEl Programa s\u2019organitza en xarxes de treball de diferent nivell en funci\u00f3 de l\u2019experi\u00e8ncia del centre en la gesti\u00f3 de projectes internacionals. El treball de les xarxes s\u2019estructura en el marc d\u2019un curs semi presencial de formaci\u00f3 del professorat amb sessions de formaci\u00f3 presencial&hellip;  <a href=\"https:\/\/projectes.xtec.cat\/mobilitatfp\/metodologia\/\" title=\"Read METODOLOGIA\">Llegeix m\u00e9s\u00bb<\/a><\/p>\n","protected":false},"author":216,"featured_media":0,"parent":0,"menu_order":0,"comment_status":"closed","ping_status":"closed","template":"","meta":{"_bbp_topic_count":0,"_bbp_reply_count":0,"_bbp_total_topic_count":0,"_bbp_total_reply_count":0,"_bbp_voice_count":0,"_bbp_anonymous_reply_count":0,"_bbp_topic_count_hidden":0,"_bbp_reply_count_hidden":0,"_bbp_forum_subforum_count":0,"footnotes":""},"class_list":["post-10485","page","type-page","status-publish","hentry"],"post_mailing_queue_ids":[],"_links":{"self":[{"href":"https:\/\/projectes.xtec.cat\/mobilitatfp\/wp-json\/wp\/v2\/pages\/10485","targetHints":{"allow":["GET"]}}],"collection":[{"href":"https:\/\/projectes.xtec.cat\/mobilitatfp\/wp-json\/wp\/v2\/pages"}],"about":[{"href":"https:\/\/projectes.xtec.cat\/mobilitatfp\/wp-json\/wp\/v2\/types\/page"}],"author":[{"embeddable":true,"href":"https:\/\/projectes.xtec.cat\/mobilitatfp\/wp-json\/wp\/v2\/users\/216"}],"replies":[{"embeddable":true,"href":"https:\/\/projectes.xtec.cat\/mobilitatfp\/wp-json\/wp\/v2\/comments?post=10485"}],"version-history":[{"count":4,"href":"https:\/\/projectes.xtec.cat\/mobilitatfp\/wp-json\/wp\/v2\/pages\/10485\/revisions"}],"predecessor-version":[{"id":12869,"href":"https:\/\/projectes.xtec.cat\/mobilitatfp\/wp-json\/wp\/v2\/pages\/10485\/revisions\/12869"}],"wp:attachment":[{"href":"https:\/\/projectes.xtec.cat\/mobilitatfp\/wp-json\/wp\/v2\/media?parent=10485"}],"curies":[{"name":"wp","href":"https:\/\/api.w.org\/{rel}","templated":true}]}}