{"id":10559,"date":"2020-05-11T08:45:57","date_gmt":"2020-05-11T06:45:57","guid":{"rendered":"http:\/\/projectes.xtec.cat\/mobilitatfp\/?page_id=10559"},"modified":"2022-03-11T13:01:48","modified_gmt":"2022-03-11T12:01:48","slug":"projectes-2","status":"publish","type":"page","link":"https:\/\/projectes.xtec.cat\/mobilitatfp\/projectes-2\/","title":{"rendered":"PROJECTES EUROPEUS"},"content":{"rendered":"<p>&nbsp;<\/p>\n<p style=\"text-align: justify;\"><a href=\"https:\/\/projectes.xtec.cat\/mobilitatfp\/wp-content\/uploads\/usu1833\/2022\/03\/xarxes.png\"><img loading=\"lazy\" decoding=\"async\" class=\"wp-image-12862 alignleft\" src=\"https:\/\/projectes.xtec.cat\/mobilitatfp\/wp-content\/uploads\/usu1833\/2022\/03\/xarxes.png\" alt=\"\" width=\"378\" height=\"323\" srcset=\"https:\/\/projectes.xtec.cat\/mobilitatfp\/wp-content\/uploads\/usu1833\/2022\/03\/xarxes.png 939w, https:\/\/projectes.xtec.cat\/mobilitatfp\/wp-content\/uploads\/usu1833\/2022\/03\/xarxes-300x256.png 300w, https:\/\/projectes.xtec.cat\/mobilitatfp\/wp-content\/uploads\/usu1833\/2022\/03\/xarxes-768x655.png 768w\" sizes=\"auto, (max-width: 378px) 100vw, 378px\" \/><\/a><\/p>\n<p>&nbsp;<\/p>\n<p>&nbsp;<\/p>\n<p style=\"text-align: left;\">La Direcci\u00f3 General de Formaci\u00f3 Professional participa en diversos projectes educatius europeus per a la innovaci\u00f3 i la millora de la qualitat de la formaci\u00f3 professional inicial. Tots aquests projectes, en el marc de diferents programes europeus, tenen la seva pr\u00f2pia singularitat que es caracteritza per: la transnacionalitat, la innovaci\u00f3, el valor afegit europeu i la sostenibilitat.<\/p>\n","protected":false},"excerpt":{"rendered":"<p>&nbsp;<br \/>\n<a href=\"https:\/\/projectes.xtec.cat\/mobilitatfp\/wp-content\/uploads\/usu1833\/2022\/03\/xarxes.png\"><\/a><br \/>\n&nbsp;<br \/>\n&nbsp;<br \/>\nLa Direcci\u00f3 General de Formaci\u00f3 Professional participa en diversos projectes educatius europeus per a la innovaci\u00f3 i la millora de la qualitat de la formaci\u00f3 professional inicial. Tots aquests projectes, en el marc de diferents programes europeus, tenen la seva pr\u00f2pia singularitat que es&hellip;  <a href=\"https:\/\/projectes.xtec.cat\/mobilitatfp\/projectes-2\/\" title=\"Read PROJECTES EUROPEUS\">Llegeix m\u00e9s\u00bb<\/a><\/p>\n","protected":false},"author":12,"featured_media":0,"parent":0,"menu_order":0,"comment_status":"closed","ping_status":"closed","template":"","meta":{"_bbp_topic_count":0,"_bbp_reply_count":0,"_bbp_total_topic_count":0,"_bbp_total_reply_count":0,"_bbp_voice_count":0,"_bbp_anonymous_reply_count":0,"_bbp_topic_count_hidden":0,"_bbp_reply_count_hidden":0,"_bbp_forum_subforum_count":0,"footnotes":""},"class_list":["post-10559","page","type-page","status-publish","hentry"],"post_mailing_queue_ids":[],"_links":{"self":[{"href":"https:\/\/projectes.xtec.cat\/mobilitatfp\/wp-json\/wp\/v2\/pages\/10559","targetHints":{"allow":["GET"]}}],"collection":[{"href":"https:\/\/projectes.xtec.cat\/mobilitatfp\/wp-json\/wp\/v2\/pages"}],"about":[{"href":"https:\/\/projectes.xtec.cat\/mobilitatfp\/wp-json\/wp\/v2\/types\/page"}],"author":[{"embeddable":true,"href":"https:\/\/projectes.xtec.cat\/mobilitatfp\/wp-json\/wp\/v2\/users\/12"}],"replies":[{"embeddable":true,"href":"https:\/\/projectes.xtec.cat\/mobilitatfp\/wp-json\/wp\/v2\/comments?post=10559"}],"version-history":[{"count":4,"href":"https:\/\/projectes.xtec.cat\/mobilitatfp\/wp-json\/wp\/v2\/pages\/10559\/revisions"}],"predecessor-version":[{"id":12866,"href":"https:\/\/projectes.xtec.cat\/mobilitatfp\/wp-json\/wp\/v2\/pages\/10559\/revisions\/12866"}],"wp:attachment":[{"href":"https:\/\/projectes.xtec.cat\/mobilitatfp\/wp-json\/wp\/v2\/media?parent=10559"}],"curies":[{"name":"wp","href":"https:\/\/api.w.org\/{rel}","templated":true}]}}