{"id":10795,"date":"2020-07-17T11:46:10","date_gmt":"2020-07-17T09:46:10","guid":{"rendered":"http:\/\/projectes.xtec.cat\/mobilitatfp\/?page_id=10795"},"modified":"2020-07-17T11:46:10","modified_gmt":"2020-07-17T09:46:10","slug":"alumnes-de-leoi-i-de-linstitut-la-garrotxa-fan-un-intercanvi","status":"publish","type":"page","link":"https:\/\/projectes.xtec.cat\/mobilitatfp\/alumnes-de-leoi-i-de-linstitut-la-garrotxa-fan-un-intercanvi\/","title":{"rendered":"Alumnes de l\u2019EOI i de l\u2019institut La Garrotxa fan un intercanvi"},"content":{"rendered":"<p><a href=\"https:\/\/projectes.xtec.cat\/mobilitatfp\/wp-content\/uploads\/usu1833\/2020\/07\/Captura-de-pantalla-2020-07-17-a-las-11.42.03.png\"><img loading=\"lazy\" decoding=\"async\" class=\"alignnone  wp-image-10796\" src=\"https:\/\/projectes.xtec.cat\/mobilitatfp\/wp-content\/uploads\/usu1833\/2020\/07\/Captura-de-pantalla-2020-07-17-a-las-11.42.03.png\" alt=\"\" width=\"424\" height=\"274\" srcset=\"https:\/\/projectes.xtec.cat\/mobilitatfp\/wp-content\/uploads\/usu1833\/2020\/07\/Captura-de-pantalla-2020-07-17-a-las-11.42.03.png 800w, https:\/\/projectes.xtec.cat\/mobilitatfp\/wp-content\/uploads\/usu1833\/2020\/07\/Captura-de-pantalla-2020-07-17-a-las-11.42.03-300x194.png 300w, https:\/\/projectes.xtec.cat\/mobilitatfp\/wp-content\/uploads\/usu1833\/2020\/07\/Captura-de-pantalla-2020-07-17-a-las-11.42.03-768x495.png 768w\" sizes=\"auto, (max-width: 424px) 100vw, 424px\" \/><\/a><\/p>\n<p style=\"text-align: justify;\">Els alumnes de l\u2019institut La Garrotxa i els de l\u2019Escola Oficial d\u2019Idiomes van unir-se el passat 5 de febrer per fer un intercanvi en el marc del programa \u201cFP+EOI Together\u201d. La trobada va servir per con\u00e8ixer-se millor mentre parlaven, jugaven i cantaven en angl\u00e8s. El proper mes de setembre els centres educatius rebran la informaci\u00f3 per poder apuntar-se a la seg\u00fcent edici\u00f3 del programa\u00a0 \u201cFP+EOI Together\u201d (curs 2020-2021).<\/p>\n","protected":false},"excerpt":{"rendered":"<p><a href=\"https:\/\/projectes.xtec.cat\/mobilitatfp\/wp-content\/uploads\/usu1833\/2020\/07\/Captura-de-pantalla-2020-07-17-a-las-11.42.03.png\"><\/a><br \/>\nEls alumnes de l\u2019institut La Garrotxa i els de l\u2019Escola Oficial d\u2019Idiomes van unir-se el passat 5 de febrer per fer un intercanvi en el marc del programa \u201cFP+EOI Together\u201d. La trobada va servir per con\u00e8ixer-se millor mentre parlaven, jugaven i cantaven en angl\u00e8s.&hellip;  <a href=\"https:\/\/projectes.xtec.cat\/mobilitatfp\/alumnes-de-leoi-i-de-linstitut-la-garrotxa-fan-un-intercanvi\/\" title=\"Read Alumnes de l\u2019EOI i de l\u2019institut La Garrotxa fan un intercanvi\">Llegeix m\u00e9s\u00bb<\/a><\/p>\n","protected":false},"author":216,"featured_media":0,"parent":0,"menu_order":0,"comment_status":"closed","ping_status":"closed","template":"","meta":{"_bbp_topic_count":0,"_bbp_reply_count":0,"_bbp_total_topic_count":0,"_bbp_total_reply_count":0,"_bbp_voice_count":0,"_bbp_anonymous_reply_count":0,"_bbp_topic_count_hidden":0,"_bbp_reply_count_hidden":0,"_bbp_forum_subforum_count":0,"footnotes":""},"class_list":["post-10795","page","type-page","status-publish","hentry"],"post_mailing_queue_ids":[],"_links":{"self":[{"href":"https:\/\/projectes.xtec.cat\/mobilitatfp\/wp-json\/wp\/v2\/pages\/10795","targetHints":{"allow":["GET"]}}],"collection":[{"href":"https:\/\/projectes.xtec.cat\/mobilitatfp\/wp-json\/wp\/v2\/pages"}],"about":[{"href":"https:\/\/projectes.xtec.cat\/mobilitatfp\/wp-json\/wp\/v2\/types\/page"}],"author":[{"embeddable":true,"href":"https:\/\/projectes.xtec.cat\/mobilitatfp\/wp-json\/wp\/v2\/users\/216"}],"replies":[{"embeddable":true,"href":"https:\/\/projectes.xtec.cat\/mobilitatfp\/wp-json\/wp\/v2\/comments?post=10795"}],"version-history":[{"count":1,"href":"https:\/\/projectes.xtec.cat\/mobilitatfp\/wp-json\/wp\/v2\/pages\/10795\/revisions"}],"predecessor-version":[{"id":10797,"href":"https:\/\/projectes.xtec.cat\/mobilitatfp\/wp-json\/wp\/v2\/pages\/10795\/revisions\/10797"}],"wp:attachment":[{"href":"https:\/\/projectes.xtec.cat\/mobilitatfp\/wp-json\/wp\/v2\/media?parent=10795"}],"curies":[{"name":"wp","href":"https:\/\/api.w.org\/{rel}","templated":true}]}}