{"id":10957,"date":"2020-11-24T12:34:23","date_gmt":"2020-11-24T11:34:23","guid":{"rendered":"http:\/\/projectes.xtec.cat\/mobilitatfp\/?page_id=10957"},"modified":"2024-11-05T13:33:07","modified_gmt":"2024-11-05T12:33:07","slug":"fpeois-together","status":"publish","type":"page","link":"https:\/\/projectes.xtec.cat\/mobilitatfp\/fpeois-together\/","title":{"rendered":"Projecte FP &#038; EOI TOGETHER"},"content":{"rendered":"<p><a href=\"https:\/\/projectes.xtec.cat\/mobilitatfp\/wp-content\/uploads\/usu1833\/2023\/10\/Logo-FP-EOI.png\"><img loading=\"lazy\" decoding=\"async\" class=\"size-full wp-image-13905 aligncenter\" src=\"https:\/\/projectes.xtec.cat\/mobilitatfp\/wp-content\/uploads\/usu1833\/2023\/10\/Logo-FP-EOI.png\" alt=\"\" width=\"331\" height=\"298\" srcset=\"https:\/\/projectes.xtec.cat\/mobilitatfp\/wp-content\/uploads\/usu1833\/2023\/10\/Logo-FP-EOI.png 331w, https:\/\/projectes.xtec.cat\/mobilitatfp\/wp-content\/uploads\/usu1833\/2023\/10\/Logo-FP-EOI-300x270.png 300w\" sizes=\"auto, (max-width: 331px) 100vw, 331px\" \/><\/a><strong><span style=\"color: #761810;\">Qu\u00e8 \u00e9s FP &amp; EOI TOGETHER?<\/span><\/strong><\/p>\n<p style=\"text-align: left; color: #761810;\">El Projecte FP &amp; EOI TOGETHER \u00e9s una iniciativa de la Direcci\u00f3 General de Formaci\u00f3 Professional que pret\u00e9n posar en contacte centres de cicles formatius, art\u00edstics i esportius amb les EOI d\u2019un mateix territori a fi de desenvolupar un projecte de forma conjunta <span style=\"font-weight: 400;\">amb els seg\u00fcents objectius:<\/span><\/p>\n<ul>\n<li>Millorar les compet\u00e8ncies comunicatives en lleng\u00fces estrangeres de l\u2019alumnat d\u2019FP a fi d&#8217;ajudar-los en la seva inserci\u00f3 laboral.<\/li>\n<li>Potenciar les col\u00b7laboracions entre els centres educatius implicats.<\/li>\n<li>Difondre les ofertes formatives dels centres d&#8217;FP, esportius i escoles d&#8217;art i les EOIs.<\/li>\n<li>Promoure la participaci\u00f3 en projectes de mobilitat en l\u2019alumnat d\u2019FP.<\/li>\n<\/ul>\n<p><strong><span style=\"color: #761810;\">Participants<\/span><\/strong><\/p>\n<p>El programa est\u00e0 obert a qualsevol centre d\u2019FP, Escola d\u2019Art o Superior Art\u00edstica i Escola Oficial d&#8217;Idiomes del Departament d&#8217;Educaci\u00f3 i Formaci\u00f3 Professional.<\/p>\n","protected":false},"excerpt":{"rendered":"<p><a href=\"https:\/\/projectes.xtec.cat\/mobilitatfp\/wp-content\/uploads\/usu1833\/2023\/10\/Logo-FP-EOI.png\"><\/a>Qu\u00e8 \u00e9s FP &amp; EOI TOGETHER?<br \/>\nEl Projecte FP &amp; EOI TOGETHER \u00e9s una iniciativa de la Direcci\u00f3 General de Formaci\u00f3 Professional que pret\u00e9n posar en contacte centres de cicles formatius, art\u00edstics i esportius amb les EOI d\u2019un mateix territori a fi de desenvolupar un&hellip;  <a href=\"https:\/\/projectes.xtec.cat\/mobilitatfp\/fpeois-together\/\" title=\"Read Projecte FP &#038; EOI TOGETHER\">Llegeix m\u00e9s\u00bb<\/a><\/p>\n","protected":false},"author":216,"featured_media":0,"parent":0,"menu_order":0,"comment_status":"closed","ping_status":"closed","template":"","meta":{"_bbp_topic_count":0,"_bbp_reply_count":0,"_bbp_total_topic_count":0,"_bbp_total_reply_count":0,"_bbp_voice_count":0,"_bbp_anonymous_reply_count":0,"_bbp_topic_count_hidden":0,"_bbp_reply_count_hidden":0,"_bbp_forum_subforum_count":0,"footnotes":""},"class_list":["post-10957","page","type-page","status-publish","hentry"],"post_mailing_queue_ids":[],"_links":{"self":[{"href":"https:\/\/projectes.xtec.cat\/mobilitatfp\/wp-json\/wp\/v2\/pages\/10957","targetHints":{"allow":["GET"]}}],"collection":[{"href":"https:\/\/projectes.xtec.cat\/mobilitatfp\/wp-json\/wp\/v2\/pages"}],"about":[{"href":"https:\/\/projectes.xtec.cat\/mobilitatfp\/wp-json\/wp\/v2\/types\/page"}],"author":[{"embeddable":true,"href":"https:\/\/projectes.xtec.cat\/mobilitatfp\/wp-json\/wp\/v2\/users\/216"}],"replies":[{"embeddable":true,"href":"https:\/\/projectes.xtec.cat\/mobilitatfp\/wp-json\/wp\/v2\/comments?post=10957"}],"version-history":[{"count":8,"href":"https:\/\/projectes.xtec.cat\/mobilitatfp\/wp-json\/wp\/v2\/pages\/10957\/revisions"}],"predecessor-version":[{"id":13906,"href":"https:\/\/projectes.xtec.cat\/mobilitatfp\/wp-json\/wp\/v2\/pages\/10957\/revisions\/13906"}],"wp:attachment":[{"href":"https:\/\/projectes.xtec.cat\/mobilitatfp\/wp-json\/wp\/v2\/media?parent=10957"}],"curies":[{"name":"wp","href":"https:\/\/api.w.org\/{rel}","templated":true}]}}